{"id":5059,"date":"2023-06-05T14:28:51","date_gmt":"2023-06-05T18:28:51","guid":{"rendered":"https:\/\/mcc2022.wpengine.com\/?page_id=5059"},"modified":"2024-04-11T13:23:30","modified_gmt":"2024-04-11T17:23:30","slug":"portails","status":"publish","type":"page","link":"https:\/\/mcc.ca\/fr\/portails\/","title":{"rendered":"Portails du CMC"},"content":{"rendered":"\t\t<div data-elementor-type=\"wp-page\" data-elementor-id=\"5059\" class=\"elementor elementor-5059 elementor-4847\" data-elementor-post-type=\"page\">\n\t\t\t\t\t\t<section class=\"elementor-section elementor-top-section elementor-element elementor-element-8af905c elementor-section-boxed elementor-section-height-default elementor-section-height-default\" data-id=\"8af905c\" data-element_type=\"section\" data-e-type=\"section\">\n\t\t\t\t\t\t<div class=\"elementor-container elementor-column-gap-default\">\n\t\t\t\t\t<div class=\"elementor-column elementor-col-100 elementor-top-column elementor-element elementor-element-2e63cd7\" data-id=\"2e63cd7\" data-element_type=\"column\" data-e-type=\"column\" data-settings=\"{&quot;background_background&quot;:&quot;classic&quot;}\">\n\t\t\t<div class=\"elementor-widget-wrap elementor-element-populated\">\n\t\t\t\t\t\t<div class=\"elementor-element elementor-element-e401e68 elementor-widget elementor-widget-heading\" data-id=\"e401e68\" data-element_type=\"widget\" data-e-type=\"widget\" data-widget_type=\"heading.default\">\n\t\t\t\t<div class=\"elementor-widget-container\">\n\t\t\t\t\t<h2 class=\"elementor-heading-title elementor-size-default\">inscriptionmed.ca<\/h2>\t\t\t\t<\/div>\n\t\t\t\t<\/div>\n\t\t\t\t<div class=\"elementor-element elementor-element-3cd37de elementor-widget elementor-widget-text-editor\" data-id=\"3cd37de\" data-element_type=\"widget\" data-e-type=\"widget\" data-widget_type=\"text-editor.default\">\n\t\t\t\t<div class=\"elementor-widget-container\">\n\t\t\t\t\t\t\t\t\t<p>Acc\u00e9dez \u00e0 des services utiles \u00e0 l\u2019intention des candidats et des m\u00e9decins, comme la soumission de demandes de v\u00e9rification de documents, l\u2019inscription aux examens du Conseil m\u00e9dical du Canada\u00a0(CMC), la consultation et le partage de documents et de r\u00e9sultats d\u2019examen, la demande d\u2019un rapport d\u2019\u00e9valuation des dipl\u00f4mes d\u2019\u00e9tudes, la demande d\u2019inscription \u00e0 titre de Licenci\u00e9 du Conseil m\u00e9dical du Canada, ainsi que le d\u00e9p\u00f4t d\u2019une demande d\u2019inscription m\u00e9dicale.<\/p>\t\t\t\t\t\t\t\t<\/div>\n\t\t\t\t<\/div>\n\t\t\t\t<div class=\"elementor-element elementor-element-9fba12a elementor-widget elementor-widget-button\" data-id=\"9fba12a\" data-element_type=\"widget\" data-e-type=\"widget\" data-widget_type=\"button.default\">\n\t\t\t\t<div class=\"elementor-widget-container\">\n\t\t\t\t\t\t\t\t\t<div class=\"elementor-button-wrapper\">\n\t\t\t\t\t<a class=\"elementor-button elementor-button-link elementor-size-md\" href=\"https:\/\/portail.inscriptionmed.ca\/Account\/InitialLogin\">\n\t\t\t\t\t\t<span class=\"elementor-button-content-wrapper\">\n\t\t\t\t\t\t\t\t\t<span class=\"elementor-button-text\">Connectez-vous \u00e0 inscriptionmed.ca<\/span>\n\t\t\t\t\t<\/span>\n\t\t\t\t\t<\/a>\n\t\t\t\t<\/div>\n\t\t\t\t\t\t\t\t<\/div>\n\t\t\t\t<\/div>\n\t\t\t\t\t<\/div>\n\t\t<\/div>\n\t\t\t\t\t<\/div>\n\t\t<\/section>\n\t\t\t\t<section class=\"elementor-section elementor-top-section elementor-element elementor-element-36341e1 elementor-section-boxed elementor-section-height-default elementor-section-height-default\" data-id=\"36341e1\" data-element_type=\"section\" data-e-type=\"section\">\n\t\t\t\t\t\t<div class=\"elementor-container elementor-column-gap-default\">\n\t\t\t\t\t<div class=\"elementor-column elementor-col-33 elementor-top-column elementor-element elementor-element-dabacf4\" data-id=\"dabacf4\" data-element_type=\"column\" data-e-type=\"column\" data-settings=\"{&quot;background_background&quot;:&quot;classic&quot;}\">\n\t\t\t<div class=\"elementor-widget-wrap elementor-element-populated\">\n\t\t\t\t\t\t<div class=\"elementor-element elementor-element-92c58ef elementor-widget elementor-widget-heading\" data-id=\"92c58ef\" data-element_type=\"widget\" data-e-type=\"widget\" data-widget_type=\"heading.default\">\n\t\t\t\t<div class=\"elementor-widget-container\">\n\t\t\t\t\t<h2 class=\"elementor-heading-title elementor-size-default\">Portail de tests de pratique<\/h2>\t\t\t\t<\/div>\n\t\t\t\t<\/div>\n\t\t\t\t<div class=\"elementor-element elementor-element-68566e4 elementor-widget elementor-widget-text-editor\" data-id=\"68566e4\" data-element_type=\"widget\" data-e-type=\"widget\" data-widget_type=\"text-editor.default\">\n\t\t\t\t<div class=\"elementor-widget-container\">\n\t\t\t\t\t\t\t\t\t<p>Achetez les produits pr\u00e9paratoires pour vous pr\u00e9parer \u00e0 l\u2019examen d\u2019aptitude du CMC, partie\u00a0I.<\/p>\t\t\t\t\t\t\t\t<\/div>\n\t\t\t\t<\/div>\n\t\t\t\t<div class=\"elementor-element elementor-element-38a735e elementor-widget elementor-widget-button\" data-id=\"38a735e\" data-element_type=\"widget\" data-e-type=\"widget\" data-widget_type=\"button.default\">\n\t\t\t\t<div class=\"elementor-widget-container\">\n\t\t\t\t\t\t\t\t\t<div class=\"elementor-button-wrapper\">\n\t\t\t\t\t<a class=\"elementor-button elementor-button-link elementor-size-md\" href=\"https:\/\/identity.mcc.ca\/account\/login?returnUrl=%2Fconnect%2Fauthorize%2Fcallback%3Fclient_id%3DMcc.Mts.Web%26redirect_uri%3Dhttps%253A%252F%252Ftest.mcc.ca%252Fredirect.html%253Flanguage%3Den%26response_type%3Did_token%2520token%26scope%3Dopenid%2520profile%2520mts-api%2520tde-api%2520payment-api%2520mcc-common%2520mts-web%26state%3Df32ed7cd8ee94c1e873694e00b0d598b%26nonce%3D4f474deca8c9437d806a32df3783453e%26ui_locales%3Den\">\n\t\t\t\t\t\t<span class=\"elementor-button-content-wrapper\">\n\t\t\t\t\t\t\t\t\t<span class=\"elementor-button-text\">Connectez-vous<\/span>\n\t\t\t\t\t<\/span>\n\t\t\t\t\t<\/a>\n\t\t\t\t<\/div>\n\t\t\t\t\t\t\t\t<\/div>\n\t\t\t\t<\/div>\n\t\t\t\t\t<\/div>\n\t\t<\/div>\n\t\t\t\t<div class=\"elementor-column elementor-col-33 elementor-top-column elementor-element elementor-element-b0eac39\" data-id=\"b0eac39\" data-element_type=\"column\" data-e-type=\"column\" data-settings=\"{&quot;background_background&quot;:&quot;classic&quot;}\">\n\t\t\t<div class=\"elementor-widget-wrap elementor-element-populated\">\n\t\t\t\t\t\t<div class=\"elementor-element elementor-element-26e5190 elementor-widget elementor-widget-heading\" data-id=\"26e5190\" data-element_type=\"widget\" data-e-type=\"widget\" data-widget_type=\"heading.default\">\n\t\t\t\t<div class=\"elementor-widget-container\">\n\t\t\t\t\t<h2 class=\"elementor-heading-title elementor-size-default\">inscriptionmed.ca pour les organisations<\/h2>\t\t\t\t<\/div>\n\t\t\t\t<\/div>\n\t\t\t\t<div class=\"elementor-element elementor-element-3638cd4 elementor-widget elementor-widget-text-editor\" data-id=\"3638cd4\" data-element_type=\"widget\" data-e-type=\"widget\" data-widget_type=\"text-editor.default\">\n\t\t\t\t<div class=\"elementor-widget-container\">\n\t\t\t\t\t\t\t\t\t<p>En tant qu\u2019utilisateur inscrit, vous pourrez acc\u00e9der facilement et en toute s\u00e9curit\u00e9 aux titres de comp\u00e9tences en m\u00e9decine, ainsi que consulter l\u2019\u00e9tat de vos demandes et inscriptions, les r\u00e9sultats d\u2019examen et d\u2019autres documents partag\u00e9s avec vous par le biais d\u2019inscriptionmed.ca<\/p>\t\t\t\t\t\t\t\t<\/div>\n\t\t\t\t<\/div>\n\t\t\t\t<div class=\"elementor-element elementor-element-dcca637 elementor-widget elementor-widget-button\" data-id=\"dcca637\" data-element_type=\"widget\" data-e-type=\"widget\" data-widget_type=\"button.default\">\n\t\t\t\t<div class=\"elementor-widget-container\">\n\t\t\t\t\t\t\t\t\t<div class=\"elementor-button-wrapper\">\n\t\t\t\t\t<a class=\"elementor-button elementor-button-link elementor-size-md\" href=\"https:\/\/org.inscriptionmed.ca\/Account\/Login\">\n\t\t\t\t\t\t<span class=\"elementor-button-content-wrapper\">\n\t\t\t\t\t\t\t\t\t<span class=\"elementor-button-text\">Connectez-vous<\/span>\n\t\t\t\t\t<\/span>\n\t\t\t\t\t<\/a>\n\t\t\t\t<\/div>\n\t\t\t\t\t\t\t\t<\/div>\n\t\t\t\t<\/div>\n\t\t\t\t\t<\/div>\n\t\t<\/div>\n\t\t\t\t<div class=\"elementor-column elementor-col-33 elementor-top-column elementor-element elementor-element-f8a9fe3\" data-id=\"f8a9fe3\" data-element_type=\"column\" data-e-type=\"column\" data-settings=\"{&quot;background_background&quot;:&quot;classic&quot;}\">\n\t\t\t<div class=\"elementor-widget-wrap elementor-element-populated\">\n\t\t\t\t\t\t<div class=\"elementor-element elementor-element-aa0fe50 elementor-widget elementor-widget-heading\" data-id=\"aa0fe50\" data-element_type=\"widget\" data-e-type=\"widget\" data-widget_type=\"heading.default\">\n\t\t\t\t<div class=\"elementor-widget-container\">\n\t\t\t\t\t<h2 class=\"elementor-heading-title elementor-size-default\">Service d\u2019acc\u00e8s aux fichiers pour les organisations<\/h2>\t\t\t\t<\/div>\n\t\t\t\t<\/div>\n\t\t\t\t<div class=\"elementor-element elementor-element-9f16d19 elementor-widget elementor-widget-text-editor\" data-id=\"9f16d19\" data-element_type=\"widget\" data-e-type=\"widget\" data-widget_type=\"text-editor.default\">\n\t\t\t\t<div class=\"elementor-widget-container\">\n\t\t\t\t\t\t\t\t\t<p>Si votre organisation n\u2019est pas inscrite aupr\u00e8s du CMC, cr\u00e9ez un compte pour acc\u00e9der en toute s\u00e9curit\u00e9 aux fichiers transf\u00e9r\u00e9s par le biais d\u2019inscriptionmed.ca<\/p>\t\t\t\t\t\t\t\t<\/div>\n\t\t\t\t<\/div>\n\t\t\t\t<div class=\"elementor-element elementor-element-f01108c elementor-widget elementor-widget-button\" data-id=\"f01108c\" data-element_type=\"widget\" data-e-type=\"widget\" data-widget_type=\"button.default\">\n\t\t\t\t<div class=\"elementor-widget-container\">\n\t\t\t\t\t\t\t\t\t<div class=\"elementor-button-wrapper\">\n\t\t\t\t\t<a class=\"elementor-button elementor-button-link elementor-size-md\" href=\"https:\/\/fileaccess.physiciansapply.ca\/Account\/Login\">\n\t\t\t\t\t\t<span class=\"elementor-button-content-wrapper\">\n\t\t\t\t\t\t\t\t\t<span class=\"elementor-button-text\">Connectez-vous<\/span>\n\t\t\t\t\t<\/span>\n\t\t\t\t\t<\/a>\n\t\t\t\t<\/div>\n\t\t\t\t\t\t\t\t<\/div>\n\t\t\t\t<\/div>\n\t\t\t\t\t<\/div>\n\t\t<\/div>\n\t\t\t\t\t<\/div>\n\t\t<\/section>\n\t\t\t\t<section class=\"elementor-section elementor-top-section elementor-element elementor-element-e4da1fc elementor-section-boxed elementor-section-height-default elementor-section-height-default\" data-id=\"e4da1fc\" data-element_type=\"section\" data-e-type=\"section\">\n\t\t\t\t\t\t<div class=\"elementor-container elementor-column-gap-default\">\n\t\t\t\t\t<div class=\"elementor-column elementor-col-100 elementor-top-column elementor-element elementor-element-ba37eb6\" data-id=\"ba37eb6\" data-element_type=\"column\" data-e-type=\"column\" data-settings=\"{&quot;background_background&quot;:&quot;classic&quot;}\">\n\t\t\t<div class=\"elementor-widget-wrap elementor-element-populated\">\n\t\t\t\t\t\t<div class=\"elementor-element elementor-element-bb9f41c elementor-widget elementor-widget-heading\" data-id=\"bb9f41c\" data-element_type=\"widget\" data-e-type=\"widget\" data-widget_type=\"heading.default\">\n\t\t\t\t<div class=\"elementor-widget-container\">\n\t\t\t\t\t<h2 class=\"elementor-heading-title elementor-size-default\">Registre national des m\u00e9decins pour les organisations<\/h2>\t\t\t\t<\/div>\n\t\t\t\t<\/div>\n\t\t\t\t<div class=\"elementor-element elementor-element-72ead0e elementor-widget elementor-widget-text-editor\" data-id=\"72ead0e\" data-element_type=\"widget\" data-e-type=\"widget\" data-widget_type=\"text-editor.default\">\n\t\t\t\t<div class=\"elementor-widget-container\">\n\t\t\t\t\t\t\t\t\t<p>En tant qu\u2019utilisateur inscrit repr\u00e9sentant un ordre des m\u00e9decins, acc\u00e9dez \u00e0 des donn\u00e9es centralis\u00e9es sur les m\u00e9decins de partout au Canada.<\/p>\t\t\t\t\t\t\t\t<\/div>\n\t\t\t\t<\/div>\n\t\t\t\t<div class=\"elementor-element elementor-element-05a9ad9 elementor-widget elementor-widget-button\" data-id=\"05a9ad9\" data-element_type=\"widget\" data-e-type=\"widget\" data-widget_type=\"button.default\">\n\t\t\t\t<div class=\"elementor-widget-container\">\n\t\t\t\t\t\t\t\t\t<div class=\"elementor-button-wrapper\">\n\t\t\t\t\t<a class=\"elementor-button elementor-button-link elementor-size-md\" href=\"https:\/\/nrp.registrenationaldesmedecins.ca\/Home\/Dashboard\" target=\"_blank\">\n\t\t\t\t\t\t<span class=\"elementor-button-content-wrapper\">\n\t\t\t\t\t\t\t\t\t<span class=\"elementor-button-text\">Connectez-vous <\/span>\n\t\t\t\t\t<\/span>\n\t\t\t\t\t<\/a>\n\t\t\t\t<\/div>\n\t\t\t\t\t\t\t\t<\/div>\n\t\t\t\t<\/div>\n\t\t\t\t\t<\/div>\n\t\t<\/div>\n\t\t\t\t\t<\/div>\n\t\t<\/section>\n\t\t\t\t<section class=\"elementor-section elementor-top-section elementor-element elementor-element-18df4c4 elementor-section-full_width elementor-section-height-default elementor-section-height-default\" data-id=\"18df4c4\" data-element_type=\"section\" data-e-type=\"section\">\n\t\t\t\t\t\t<div class=\"elementor-container elementor-column-gap-default\">\n\t\t\t\t\t<div class=\"elementor-column elementor-col-100 elementor-top-column elementor-element elementor-element-16f4239\" data-id=\"16f4239\" data-element_type=\"column\" data-e-type=\"column\">\n\t\t\t<div class=\"elementor-widget-wrap elementor-element-populated\">\n\t\t\t\t\t\t<div class=\"elementor-element elementor-element-9f6a888 elementor-widget elementor-widget-template\" data-id=\"9f6a888\" data-element_type=\"widget\" data-e-type=\"widget\" data-widget_type=\"template.default\">\n\t\t\t\t<div class=\"elementor-widget-container\">\n\t\t\t\t\t\t\t<div class=\"elementor-template\">\n\t\t\t\t\t<div data-elementor-type=\"section\" data-elementor-id=\"10157\" class=\"elementor elementor-10157 elementor-10154 elementor-10154\" data-elementor-post-type=\"elementor_library\">\n\t\t\t\t\t<section class=\"elementor-section elementor-top-section elementor-element elementor-element-4ce329c elementor-section-boxed elementor-section-height-default elementor-section-height-default\" data-id=\"4ce329c\" data-element_type=\"section\" data-e-type=\"section\" data-settings=\"{&quot;background_background&quot;:&quot;gradient&quot;}\">\n\t\t\t\t\t\t\t<div class=\"elementor-background-overlay\"><\/div>\n\t\t\t\t\t\t\t<div class=\"elementor-container elementor-column-gap-default\">\n\t\t\t\t\t<div class=\"elementor-column elementor-col-100 elementor-top-column elementor-element elementor-element-23dcd1b\" data-id=\"23dcd1b\" data-element_type=\"column\" data-e-type=\"column\">\n\t\t\t<div class=\"elementor-widget-wrap elementor-element-populated\">\n\t\t\t\t\t\t<div class=\"elementor-element elementor-element-6246be1 elementor-widget elementor-widget-heading\" data-id=\"6246be1\" data-element_type=\"widget\" data-e-type=\"widget\" data-widget_type=\"heading.default\">\n\t\t\t\t<div class=\"elementor-widget-container\">\n\t\t\t\t\t<h2 class=\"elementor-heading-title elementor-size-default\">Contactez notre \u00e9quipe pour obtenir de l\u2019aide et des r\u00e9ponses \u00e0 vos questions.<\/h2>\t\t\t\t<\/div>\n\t\t\t\t<\/div>\n\t\t\t\t<div class=\"elementor-element elementor-element-0253388 elementor-widget__width-inherit elementor-align-center elementor-widget elementor-widget-button\" data-id=\"0253388\" data-element_type=\"widget\" data-e-type=\"widget\" data-widget_type=\"button.default\">\n\t\t\t\t<div class=\"elementor-widget-container\">\n\t\t\t\t\t\t\t\t\t<div class=\"elementor-button-wrapper\">\n\t\t\t\t\t<a class=\"elementor-button elementor-button-link elementor-size-md\" href=\"\/fr\/pour-nous-joindre\/\">\n\t\t\t\t\t\t<span class=\"elementor-button-content-wrapper\">\n\t\t\t\t\t\t\t\t\t<span class=\"elementor-button-text\">Contactez nous<\/span>\n\t\t\t\t\t<\/span>\n\t\t\t\t\t<\/a>\n\t\t\t\t<\/div>\n\t\t\t\t\t\t\t\t<\/div>\n\t\t\t\t<\/div>\n\t\t\t\t\t<\/div>\n\t\t<\/div>\n\t\t\t\t\t<\/div>\n\t\t<\/section>\n\t\t\t\t<\/div>\n\t\t\t\t<\/div>\n\t\t\t\t\t\t<\/div>\n\t\t\t\t<\/div>\n\t\t\t\t\t<\/div>\n\t\t<\/div>\n\t\t\t\t\t<\/div>\n\t\t<\/section>\n\t\t\t\t<\/div>\n\t\t","protected":false},"excerpt":{"rendered":"<p>inscriptionmed.ca Acc\u00e9dez \u00e0 des services utiles \u00e0 l\u2019intention des candidats et des m\u00e9decins, comme la soumission de demandes de v\u00e9rification de documents, l\u2019inscription aux examens du Conseil m\u00e9dical du Canada\u00a0(CMC), la consultation et le partage de documents et de r\u00e9sultats d\u2019examen, la demande d\u2019un rapport d\u2019\u00e9valuation des dipl\u00f4mes d\u2019\u00e9tudes, la demande d\u2019inscription \u00e0 titre de [&hellip;]<\/p>\n","protected":false},"author":13,"featured_media":0,"parent":0,"menu_order":61,"comment_status":"closed","ping_status":"closed","template":"","meta":{"_acf_changed":false,"content-type":"","_relevanssi_hide_post":"","_relevanssi_hide_content":"","_relevanssi_pin_for_all":"","_relevanssi_pin_keywords":"","_relevanssi_unpin_keywords":"","_relevanssi_related_keywords":"","_relevanssi_related_include_ids":"","_relevanssi_related_exclude_ids":"","_relevanssi_related_no_append":"","_relevanssi_related_not_related":"","_relevanssi_related_posts":"3897","_relevanssi_noindex_reason":"","footnotes":""},"class_list":["post-5059","page","type-page","status-publish","hentry"],"acf":{"inherit_intro_image":true,"page_intro_text":"Connectez-vous aux services du CMC.","page_intro_image":{"ID":13948,"id":13948,"title":"Image de la banni\u00e8re du permis d'exercice","filename":"Physician-office-banner-image-1200x600-1.jpg","filesize":268517,"url":"https:\/\/mcc.ca\/wp-content\/uploads\/Physician-office-banner-image-1200x600-1.jpg","link":"https:\/\/mcc.ca\/fr\/titres-de-competences-et-services\/parcours-vers-lobtention-du-permis-dexercice\/customer-service-executives-working-25-2\/","alt":"Decorative background image of physician reading a report or journal in his office","author":"26","description":"Decorative background image of physician reading a report or journal in his office","caption":"","name":"customer-service-executives-working-25-2","status":"inherit","uploaded_to":13700,"date":"2024-01-09 18:25:03","modified":"2024-01-26 18:58:41","menu_order":0,"mime_type":"image\/jpeg","type":"image","subtype":"jpeg","icon":"https:\/\/mcc.ca\/wp-includes\/images\/media\/default.png","width":1200,"height":600,"sizes":{"thumbnail":"https:\/\/mcc.ca\/wp-content\/uploads\/Physician-office-banner-image-1200x600-1-150x150.jpg","thumbnail-width":150,"thumbnail-height":150,"medium":"https:\/\/mcc.ca\/wp-content\/uploads\/Physician-office-banner-image-1200x600-1-300x150.jpg","medium-width":300,"medium-height":150,"medium_large":"https:\/\/mcc.ca\/wp-content\/uploads\/Physician-office-banner-image-1200x600-1-768x384.jpg","medium_large-width":768,"medium_large-height":384,"large":"https:\/\/mcc.ca\/wp-content\/uploads\/Physician-office-banner-image-1200x600-1-1024x512.jpg","large-width":800,"large-height":400,"1536x1536":"https:\/\/mcc.ca\/wp-content\/uploads\/Physician-office-banner-image-1200x600-1.jpg","1536x1536-width":1200,"1536x1536-height":600,"2048x2048":"https:\/\/mcc.ca\/wp-content\/uploads\/Physician-office-banner-image-1200x600-1.jpg","2048x2048-width":1200,"2048x2048-height":600,"gform-image-choice-sm":"https:\/\/mcc.ca\/wp-content\/uploads\/Physician-office-banner-image-1200x600-1.jpg","gform-image-choice-sm-width":300,"gform-image-choice-sm-height":150,"gform-image-choice-md":"https:\/\/mcc.ca\/wp-content\/uploads\/Physician-office-banner-image-1200x600-1.jpg","gform-image-choice-md-width":400,"gform-image-choice-md-height":200,"gform-image-choice-lg":"https:\/\/mcc.ca\/wp-content\/uploads\/Physician-office-banner-image-1200x600-1.jpg","gform-image-choice-lg-width":600,"gform-image-choice-lg-height":300}}},"aioseo_notices":[],"_links":{"self":[{"href":"https:\/\/mcc.ca\/fr\/wp-json\/wp\/v2\/pages\/5059","targetHints":{"allow":["GET"]}}],"collection":[{"href":"https:\/\/mcc.ca\/fr\/wp-json\/wp\/v2\/pages"}],"about":[{"href":"https:\/\/mcc.ca\/fr\/wp-json\/wp\/v2\/types\/page"}],"author":[{"embeddable":true,"href":"https:\/\/mcc.ca\/fr\/wp-json\/wp\/v2\/users\/13"}],"replies":[{"embeddable":true,"href":"https:\/\/mcc.ca\/fr\/wp-json\/wp\/v2\/comments?post=5059"}],"version-history":[{"count":0,"href":"https:\/\/mcc.ca\/fr\/wp-json\/wp\/v2\/pages\/5059\/revisions"}],"wp:attachment":[{"href":"https:\/\/mcc.ca\/fr\/wp-json\/wp\/v2\/media?parent=5059"}],"curies":[{"name":"wp","href":"https:\/\/api.w.org\/{rel}","templated":true}]}}