{"id":4843,"date":"2023-04-25T17:05:41","date_gmt":"2023-04-25T21:05:41","guid":{"rendered":"https:\/\/mcc2022.wpengine.com\/?page_id=4843"},"modified":"2026-04-09T14:48:33","modified_gmt":"2026-04-09T18:48:33","slug":"pour-nous-joindre","status":"publish","type":"page","link":"https:\/\/mcc.ca\/fr\/pour-nous-joindre\/","title":{"rendered":"Pour nous joindre"},"content":{"rendered":"\t\t<div data-elementor-type=\"wp-page\" data-elementor-id=\"4843\" class=\"elementor elementor-4843 elementor-4587\" data-elementor-post-type=\"page\">\n\t\t\t\t\t\t<section class=\"elementor-section elementor-top-section elementor-element elementor-element-9506b33 elementor-section-boxed elementor-section-height-default elementor-section-height-default\" data-id=\"9506b33\" data-element_type=\"section\" data-e-type=\"section\">\n\t\t\t\t\t\t<div class=\"elementor-container elementor-column-gap-default\">\n\t\t\t\t\t<div class=\"elementor-column elementor-col-33 elementor-top-column elementor-element elementor-element-df65e53\" data-id=\"df65e53\" data-element_type=\"column\" data-e-type=\"column\" data-settings=\"{&quot;background_background&quot;:&quot;classic&quot;}\">\n\t\t\t<div class=\"elementor-widget-wrap elementor-element-populated\">\n\t\t\t\t\t\t<div class=\"elementor-element elementor-element-c01efdd elementor-view-default elementor-widget elementor-widget-icon\" data-id=\"c01efdd\" data-element_type=\"widget\" data-e-type=\"widget\" data-widget_type=\"icon.default\">\n\t\t\t\t<div class=\"elementor-widget-container\">\n\t\t\t\t\t\t\t<div class=\"elementor-icon-wrapper\">\n\t\t\t<div class=\"elementor-icon\">\n\t\t\t<i aria-hidden=\"true\" class=\"fal fa-comments\"><\/i>\t\t\t<\/div>\n\t\t<\/div>\n\t\t\t\t\t\t<\/div>\n\t\t\t\t<\/div>\n\t\t\t\t<div class=\"elementor-element elementor-element-cf7ed6c elementor-widget elementor-widget-heading\" data-id=\"cf7ed6c\" data-element_type=\"widget\" data-e-type=\"widget\" data-widget_type=\"heading.default\">\n\t\t\t\t<div class=\"elementor-widget-container\">\n\t\t\t\t\t<h2 class=\"elementor-heading-title elementor-size-default\">Clavardage en direct avec l\u2019\u00e9quipe du CMC<\/h2>\t\t\t\t<\/div>\n\t\t\t\t<\/div>\n\t\t\t\t<div class=\"elementor-element elementor-element-c2c9d09 elementor-widget elementor-widget-text-editor\" data-id=\"c2c9d09\" data-element_type=\"widget\" data-e-type=\"widget\" data-widget_type=\"text-editor.default\">\n\t\t\t\t<div class=\"elementor-widget-container\">\n\t\t\t\t\t\t\t\t\t<p>Du lundi au vendredi de 9 h 30 \u00e0 midi et de 13 h \u00e0 16 h, heure de l\u2019Est (HE)<\/p>\t\t\t\t\t\t\t\t<\/div>\n\t\t\t\t<\/div>\n\t\t\t\t<div class=\"elementor-element elementor-element-bcc8106 open-talkdesk-chat elementor-widget elementor-widget-text-editor\" data-id=\"bcc8106\" data-element_type=\"widget\" data-e-type=\"widget\" data-widget_type=\"text-editor.default\">\n\t\t\t\t<div class=\"elementor-widget-container\">\n\t\t\t\t\t\t\t\t\t<span style=\"color: #2e717c;\"><i class=\"fas fa-chevron-right\" aria-hidden=\"true\"><\/i> <a href=\"#\">Clavardage<\/a><\/span>\t\t\t\t\t\t\t\t<\/div>\n\t\t\t\t<\/div>\n\t\t\t\t\t<\/div>\n\t\t<\/div>\n\t\t\t\t<div class=\"elementor-column elementor-col-33 elementor-top-column elementor-element elementor-element-757361f\" data-id=\"757361f\" data-element_type=\"column\" data-e-type=\"column\" data-settings=\"{&quot;background_background&quot;:&quot;classic&quot;}\">\n\t\t\t<div class=\"elementor-widget-wrap elementor-element-populated\">\n\t\t\t\t\t\t<div class=\"elementor-element elementor-element-3c2a07a elementor-view-default elementor-widget elementor-widget-icon\" data-id=\"3c2a07a\" data-element_type=\"widget\" data-e-type=\"widget\" data-widget_type=\"icon.default\">\n\t\t\t\t<div class=\"elementor-widget-container\">\n\t\t\t\t\t\t\t<div class=\"elementor-icon-wrapper\">\n\t\t\t<div class=\"elementor-icon\">\n\t\t\t<i aria-hidden=\"true\" class=\"fal fa-phone-alt\"><\/i>\t\t\t<\/div>\n\t\t<\/div>\n\t\t\t\t\t\t<\/div>\n\t\t\t\t<\/div>\n\t\t\t\t<div class=\"elementor-element elementor-element-c2203d1 elementor-widget elementor-widget-heading\" data-id=\"c2203d1\" data-element_type=\"widget\" data-e-type=\"widget\" data-widget_type=\"heading.default\">\n\t\t\t\t<div class=\"elementor-widget-container\">\n\t\t\t\t\t<h2 class=\"elementor-heading-title elementor-size-default\">Contactez notre bureau de service<\/h2>\t\t\t\t<\/div>\n\t\t\t\t<\/div>\n\t\t\t\t<div class=\"elementor-element elementor-element-934864d elementor-widget elementor-widget-text-editor\" data-id=\"934864d\" data-element_type=\"widget\" data-e-type=\"widget\" data-widget_type=\"text-editor.default\">\n\t\t\t\t<div class=\"elementor-widget-container\">\n\t\t\t\t\t\t\t\t\t<p>Questions sur les examens et les demandes de v\u00e9rification \u00e0 la source :<br \/><a href=\"tel:1-613-520-2240\">1-613-520-2240<\/a><\/p><p><strong>Horaire<br \/><\/strong>Du lundi au jeudi : <br \/>de 9 h 30 \u00e0 midi et de 13 h \u00e0 16 h 30 (HE)<br \/><span style=\"background-color: var( --e-global-color-bf7e5bf );\">Le vendredi : <br \/>de 9 h 30 \u00e0 midi et <\/span><span style=\"background-color: var( --e-global-color-bf7e5bf );\">de 13 h \u00e0 16 h (HE)<\/span><\/p>\t\t\t\t\t\t\t\t<\/div>\n\t\t\t\t<\/div>\n\t\t\t\t\t<\/div>\n\t\t<\/div>\n\t\t\t\t<div class=\"elementor-column elementor-col-33 elementor-top-column elementor-element elementor-element-28f8366\" data-id=\"28f8366\" data-element_type=\"column\" data-e-type=\"column\" data-settings=\"{&quot;background_background&quot;:&quot;classic&quot;}\">\n\t\t\t<div class=\"elementor-widget-wrap elementor-element-populated\">\n\t\t\t\t\t\t<div class=\"elementor-element elementor-element-7808486 elementor-view-default elementor-widget elementor-widget-icon\" data-id=\"7808486\" data-element_type=\"widget\" data-e-type=\"widget\" data-widget_type=\"icon.default\">\n\t\t\t\t<div class=\"elementor-widget-container\">\n\t\t\t\t\t\t\t<div class=\"elementor-icon-wrapper\">\n\t\t\t<div class=\"elementor-icon\">\n\t\t\t<i aria-hidden=\"true\" class=\"fal fa-envelope\"><\/i>\t\t\t<\/div>\n\t\t<\/div>\n\t\t\t\t\t\t<\/div>\n\t\t\t\t<\/div>\n\t\t\t\t<div class=\"elementor-element elementor-element-7a35ba5 elementor-widget elementor-widget-heading\" data-id=\"7a35ba5\" data-element_type=\"widget\" data-e-type=\"widget\" data-widget_type=\"heading.default\">\n\t\t\t\t<div class=\"elementor-widget-container\">\n\t\t\t\t\t<h2 class=\"elementor-heading-title elementor-size-default\">Par courriel <\/h2>\t\t\t\t<\/div>\n\t\t\t\t<\/div>\n\t\t\t\t<div class=\"elementor-element elementor-element-7d5eacf elementor-widget elementor-widget-text-editor\" data-id=\"7d5eacf\" data-element_type=\"widget\" data-e-type=\"widget\" data-widget_type=\"text-editor.default\">\n\t\t\t\t<div class=\"elementor-widget-container\">\n\t\t\t\t\t\t\t\t\t<p>Examens, demandes de v\u00e9rification \u00e0 la source, renseignements g\u00e9n\u00e9raux\u00a0:<br \/><span style=\"color: #2e717c;\"><i class=\"fas fa-chevron-right\" aria-hidden=\"true\"><\/i> <a href=\"mailto:service@mcc.ca\">service@mcc.ca<\/a><\/span><\/p><p><b>Renseignements aux m\u00e9dias\u00a0:<\/b><br \/><span style=\"color: #2e717c;\"><i class=\"fas fa-chevron-right\" aria-hidden=\"true\"><\/i> <a href=\"mailto:media@mcc.ca\">media@mcc.ca<\/a><\/span><\/p>\t\t\t\t\t\t\t\t<\/div>\n\t\t\t\t<\/div>\n\t\t\t\t\t<\/div>\n\t\t<\/div>\n\t\t\t\t\t<\/div>\n\t\t<\/section>\n\t\t\t\t<section class=\"elementor-section elementor-top-section elementor-element elementor-element-525a4d0 elementor-section-boxed elementor-section-height-default elementor-section-height-default\" data-id=\"525a4d0\" data-element_type=\"section\" data-e-type=\"section\">\n\t\t\t\t\t\t<div class=\"elementor-container elementor-column-gap-default\">\n\t\t\t\t\t<div class=\"elementor-column elementor-col-50 elementor-top-column elementor-element elementor-element-9a1f0d0\" data-id=\"9a1f0d0\" data-element_type=\"column\" data-e-type=\"column\" data-settings=\"{&quot;background_background&quot;:&quot;classic&quot;}\">\n\t\t\t<div class=\"elementor-widget-wrap elementor-element-populated\">\n\t\t\t\t\t\t<div class=\"elementor-element elementor-element-4e187d0 elementor-view-default elementor-widget elementor-widget-icon\" data-id=\"4e187d0\" data-element_type=\"widget\" data-e-type=\"widget\" data-widget_type=\"icon.default\">\n\t\t\t\t<div class=\"elementor-widget-container\">\n\t\t\t\t\t\t\t<div class=\"elementor-icon-wrapper\">\n\t\t\t<div class=\"elementor-icon\">\n\t\t\t<i aria-hidden=\"true\" class=\"fal fa-map-marker-alt\"><\/i>\t\t\t<\/div>\n\t\t<\/div>\n\t\t\t\t\t\t<\/div>\n\t\t\t\t<\/div>\n\t\t\t\t<section class=\"elementor-section elementor-inner-section elementor-element elementor-element-34d7abc elementor-section-boxed elementor-section-height-default elementor-section-height-default\" data-id=\"34d7abc\" data-element_type=\"section\" data-e-type=\"section\">\n\t\t\t\t\t\t<div class=\"elementor-container elementor-column-gap-default\">\n\t\t\t\t\t<div class=\"elementor-column elementor-col-50 elementor-inner-column elementor-element elementor-element-83c45ff\" data-id=\"83c45ff\" data-element_type=\"column\" data-e-type=\"column\">\n\t\t\t<div class=\"elementor-widget-wrap elementor-element-populated\">\n\t\t\t\t\t\t<div class=\"elementor-element elementor-element-817dd46 elementor-widget elementor-widget-heading\" data-id=\"817dd46\" data-element_type=\"widget\" data-e-type=\"widget\" data-widget_type=\"heading.default\">\n\t\t\t\t<div class=\"elementor-widget-container\">\n\t\t\t\t\t<h2 class=\"elementor-heading-title elementor-size-default\">Adresse<br>\npostale<\/h2>\t\t\t\t<\/div>\n\t\t\t\t<\/div>\n\t\t\t\t<div class=\"elementor-element elementor-element-3ea5e17 elementor-widget elementor-widget-text-editor\" data-id=\"3ea5e17\" data-element_type=\"widget\" data-e-type=\"widget\" data-widget_type=\"text-editor.default\">\n\t\t\t\t<div class=\"elementor-widget-container\">\n\t\t\t\t\t\t\t\t\t<p>Le Conseil m\u00e9dical du Canada<br \/>1021, place Thomas Spratt<br \/>Ottawa, ON Canada K1G 5L5<\/p>\t\t\t\t\t\t\t\t<\/div>\n\t\t\t\t<\/div>\n\t\t\t\t\t<\/div>\n\t\t<\/div>\n\t\t\t\t<div class=\"elementor-column elementor-col-50 elementor-inner-column elementor-element elementor-element-0e8222d\" data-id=\"0e8222d\" data-element_type=\"column\" data-e-type=\"column\">\n\t\t\t<div class=\"elementor-widget-wrap elementor-element-populated\">\n\t\t\t\t\t\t<div class=\"elementor-element elementor-element-0eeb1a3 elementor-widget elementor-widget-heading\" data-id=\"0eeb1a3\" data-element_type=\"widget\" data-e-type=\"widget\" data-widget_type=\"heading.default\">\n\t\t\t\t<div class=\"elementor-widget-container\">\n\t\t\t\t\t<h2 class=\"elementor-heading-title elementor-size-default\">Renseignements \ng\u00e9n\u00e9raux<\/h2>\t\t\t\t<\/div>\n\t\t\t\t<\/div>\n\t\t\t\t<div class=\"elementor-element elementor-element-7a98bfd elementor-widget elementor-widget-text-editor\" data-id=\"7a98bfd\" data-element_type=\"widget\" data-e-type=\"widget\" data-widget_type=\"text-editor.default\">\n\t\t\t\t<div class=\"elementor-widget-container\">\n\t\t\t\t\t\t\t\t\tT\u00e9l. : <a href=\"tel:1-613-521-6012\">1-613-521-6012<\/a>\nT\u00e9l\u00e9copieur : 1-613-248-5234\t\t\t\t\t\t\t\t<\/div>\n\t\t\t\t<\/div>\n\t\t\t\t\t<\/div>\n\t\t<\/div>\n\t\t\t\t\t<\/div>\n\t\t<\/section>\n\t\t\t\t\t<\/div>\n\t\t<\/div>\n\t\t\t\t<div class=\"elementor-column elementor-col-50 elementor-top-column elementor-element elementor-element-7abf939\" data-id=\"7abf939\" data-element_type=\"column\" data-e-type=\"column\" data-settings=\"{&quot;background_background&quot;:&quot;classic&quot;}\">\n\t\t\t<div class=\"elementor-widget-wrap elementor-element-populated\">\n\t\t\t\t\t\t<div class=\"elementor-element elementor-element-cb798a8 elementor-view-default elementor-widget elementor-widget-icon\" data-id=\"cb798a8\" data-element_type=\"widget\" data-e-type=\"widget\" data-widget_type=\"icon.default\">\n\t\t\t\t<div class=\"elementor-widget-container\">\n\t\t\t\t\t\t\t<div class=\"elementor-icon-wrapper\">\n\t\t\t<div class=\"elementor-icon\">\n\t\t\t<i aria-hidden=\"true\" class=\"fal fa-stethoscope\"><\/i>\t\t\t<\/div>\n\t\t<\/div>\n\t\t\t\t\t\t<\/div>\n\t\t\t\t<\/div>\n\t\t\t\t<div class=\"elementor-element elementor-element-07a776c elementor-widget elementor-widget-heading\" data-id=\"07a776c\" data-element_type=\"widget\" data-e-type=\"widget\" data-widget_type=\"heading.default\">\n\t\t\t\t<div class=\"elementor-widget-container\">\n\t\t\t\t\t<h2 class=\"elementor-heading-title elementor-size-default\">Soutien aux DIM<\/h2>\t\t\t\t<\/div>\n\t\t\t\t<\/div>\n\t\t\t\t<div class=\"elementor-element elementor-element-dd7a0a8 elementor-widget elementor-widget-text-editor\" data-id=\"dd7a0a8\" data-element_type=\"widget\" data-e-type=\"widget\" data-widget_type=\"text-editor.default\">\n\t\t\t\t<div class=\"elementor-widget-container\">\n\t\t\t\t\t\t\t\t\t<p><span data-teams=\"true\">Vous souhaitez obtenir un permis d&rsquo;exercice au Canada? Nous sommes l\u00e0 pour vous aider! D\u00e9couvrez les parcours, les ressources et le soutien con\u00e7us pour les dipl\u00f4m\u00e9s internationaux en m\u00e9decine.<\/span><\/p>\t\t\t\t\t\t\t\t<\/div>\n\t\t\t\t<\/div>\n\t\t\t\t<div class=\"elementor-element elementor-element-57f39b3 elementor-widget elementor-widget-text-editor\" data-id=\"57f39b3\" data-element_type=\"widget\" data-e-type=\"widget\" data-widget_type=\"text-editor.default\">\n\t\t\t\t<div class=\"elementor-widget-container\">\n\t\t\t\t\t\t\t\t\t<span style=\"color: #2e717c;\"><i class=\"fas fa-chevron-right\" aria-hidden=\"true\"><\/i> <a href=\"http:\/\/mcc.ca\/fr\/titres-de-competences-et-services\/parcours-vers-lobtention-du-permis-dexercice\/parcours-a-lintention-des-diplomes-internationaux-en-medecine\/\">Explorez les parcours<\/a>\t\t\t\t\t\t\t\t<\/div>\n\t\t\t\t<\/div>\n\t\t\t\t\t<\/div>\n\t\t<\/div>\n\t\t\t\t\t<\/div>\n\t\t<\/section>\n\t\t\t\t<section class=\"elementor-section elementor-top-section elementor-element elementor-element-637bfa0 elementor-section-boxed elementor-section-height-default elementor-section-height-default\" data-id=\"637bfa0\" data-element_type=\"section\" data-e-type=\"section\">\n\t\t\t\t\t\t<div class=\"elementor-container elementor-column-gap-default\">\n\t\t\t\t\t<div class=\"elementor-column elementor-col-100 elementor-top-column elementor-element elementor-element-38c7783\" data-id=\"38c7783\" data-element_type=\"column\" data-e-type=\"column\">\n\t\t\t<div class=\"elementor-widget-wrap elementor-element-populated\">\n\t\t\t\t\t\t<div class=\"elementor-element elementor-element-64faa47 elementor-widget elementor-widget-text-editor\" data-id=\"64faa47\" data-element_type=\"widget\" data-e-type=\"widget\" data-widget_type=\"text-editor.default\">\n\t\t\t\t<div class=\"elementor-widget-container\">\n\t\t\t\t\t\t\t\t\t<blockquote><h4 style=\"text-align: center;\">Nos services de clavardage et d\u2019assistance sont ferm\u00e9s les jours f\u00e9ri\u00e9s.<\/h4><\/blockquote>\t\t\t\t\t\t\t\t<\/div>\n\t\t\t\t<\/div>\n\t\t\t\t\t<\/div>\n\t\t<\/div>\n\t\t\t\t\t<\/div>\n\t\t<\/section>\n\t\t\t\t<\/div>\n\t\t","protected":false},"excerpt":{"rendered":"<p>Clavardage en direct avec l\u2019\u00e9quipe du CMC Du lundi au vendredi de 9 h 30 \u00e0 midi et de 13 h \u00e0 16 h, heure de l\u2019Est (HE) Clavardage Contactez notre bureau de service Questions sur les examens et les demandes de v\u00e9rification \u00e0 la source :1-613-520-2240 HoraireDu lundi au jeudi : de 9 h [&hellip;]<\/p>\n","protected":false},"author":3,"featured_media":0,"parent":0,"menu_order":49,"comment_status":"closed","ping_status":"closed","template":"","meta":{"_acf_changed":false,"content-type":"","_relevanssi_hide_post":"","_relevanssi_hide_content":"","_relevanssi_pin_for_all":"","_relevanssi_pin_keywords":"","_relevanssi_unpin_keywords":"","_relevanssi_related_keywords":"","_relevanssi_related_include_ids":"","_relevanssi_related_exclude_ids":"","_relevanssi_related_no_append":"","_relevanssi_related_not_related":"","_relevanssi_related_posts":"3897","_relevanssi_noindex_reason":"","footnotes":""},"class_list":["post-4843","page","type-page","status-publish","hentry"],"acf":{"inherit_intro_image":true,"page_intro_image":{"ID":9922,"id":9922,"title":"Image de la banni\u00e8re du CMC","filename":"banner-bg-MCC-building-2.jpg","filesize":53405,"url":"https:\/\/mcc.ca\/wp-content\/uploads\/banner-bg-MCC-building-2.jpg","link":"https:\/\/mcc.ca\/fr\/a-propos-de-nous\/banner-bg-mcc-building-2-2\/","alt":"Decorative video cover image of the Medical Council of Canada building","author":"3","description":"","caption":"","name":"banner-bg-mcc-building-2-2","status":"inherit","uploaded_to":10160,"date":"2023-08-16 17:27:31","modified":"2024-01-26 19:16:52","menu_order":0,"mime_type":"image\/jpeg","type":"image","subtype":"jpeg","icon":"https:\/\/mcc.ca\/wp-includes\/images\/media\/default.png","width":1200,"height":600,"sizes":{"thumbnail":"https:\/\/mcc.ca\/wp-content\/uploads\/banner-bg-MCC-building-2-150x150.jpg","thumbnail-width":150,"thumbnail-height":150,"medium":"https:\/\/mcc.ca\/wp-content\/uploads\/banner-bg-MCC-building-2-300x150.jpg","medium-width":300,"medium-height":150,"medium_large":"https:\/\/mcc.ca\/wp-content\/uploads\/banner-bg-MCC-building-2-768x384.jpg","medium_large-width":768,"medium_large-height":384,"large":"https:\/\/mcc.ca\/wp-content\/uploads\/banner-bg-MCC-building-2-1024x512.jpg","large-width":800,"large-height":400,"1536x1536":"https:\/\/mcc.ca\/wp-content\/uploads\/banner-bg-MCC-building-2.jpg","1536x1536-width":1200,"1536x1536-height":600,"2048x2048":"https:\/\/mcc.ca\/wp-content\/uploads\/banner-bg-MCC-building-2.jpg","2048x2048-width":1200,"2048x2048-height":600,"gform-image-choice-sm":"https:\/\/mcc.ca\/wp-content\/uploads\/banner-bg-MCC-building-2.jpg","gform-image-choice-sm-width":300,"gform-image-choice-sm-height":150,"gform-image-choice-md":"https:\/\/mcc.ca\/wp-content\/uploads\/banner-bg-MCC-building-2.jpg","gform-image-choice-md-width":400,"gform-image-choice-md-height":200,"gform-image-choice-lg":"https:\/\/mcc.ca\/wp-content\/uploads\/banner-bg-MCC-building-2.jpg","gform-image-choice-lg-width":600,"gform-image-choice-lg-height":300}},"page_intro_text":"Contactez notre \u00e9quipe pour obtenir de l\u2019aide et des r\u00e9ponses \u00e0 vos questions."},"aioseo_notices":[],"_links":{"self":[{"href":"https:\/\/mcc.ca\/fr\/wp-json\/wp\/v2\/pages\/4843","targetHints":{"allow":["GET"]}}],"collection":[{"href":"https:\/\/mcc.ca\/fr\/wp-json\/wp\/v2\/pages"}],"about":[{"href":"https:\/\/mcc.ca\/fr\/wp-json\/wp\/v2\/types\/page"}],"author":[{"embeddable":true,"href":"https:\/\/mcc.ca\/fr\/wp-json\/wp\/v2\/users\/3"}],"replies":[{"embeddable":true,"href":"https:\/\/mcc.ca\/fr\/wp-json\/wp\/v2\/comments?post=4843"}],"version-history":[{"count":3,"href":"https:\/\/mcc.ca\/fr\/wp-json\/wp\/v2\/pages\/4843\/revisions"}],"predecessor-version":[{"id":30301,"href":"https:\/\/mcc.ca\/fr\/wp-json\/wp\/v2\/pages\/4843\/revisions\/30301"}],"wp:attachment":[{"href":"https:\/\/mcc.ca\/fr\/wp-json\/wp\/v2\/media?parent=4843"}],"curies":[{"name":"wp","href":"https:\/\/api.w.org\/{rel}","templated":true}]}}