{"id":30700,"date":"2026-04-27T13:49:21","date_gmt":"2026-04-27T17:49:21","guid":{"rendered":"https:\/\/mcc.ca\/?page_id=30700"},"modified":"2026-04-27T15:51:01","modified_gmt":"2026-04-27T19:51:01","slug":"ressources-gratuites-pour-lexamen-de-la-cne","status":"publish","type":"page","link":"https:\/\/mcc.ca\/fr\/ressources-gratuites\/ressources-gratuites-pour-lexamen-de-la-cne\/","title":{"rendered":"Ressources gratuites pour l\u2019examen de la CNE"},"content":{"rendered":"\t\t<div data-elementor-type=\"wp-page\" data-elementor-id=\"30700\" class=\"elementor elementor-30700 elementor-30699\" data-elementor-post-type=\"page\">\n\t\t\t\t\t\t<section class=\"elementor-section elementor-top-section elementor-element elementor-element-5e60615 elementor-section-boxed elementor-section-height-default elementor-section-height-default\" data-id=\"5e60615\" data-element_type=\"section\" data-e-type=\"section\">\n\t\t\t\t\t\t<div class=\"elementor-container elementor-column-gap-default\">\n\t\t\t\t\t<div class=\"elementor-column elementor-col-100 elementor-top-column elementor-element elementor-element-f520a4a\" data-id=\"f520a4a\" data-element_type=\"column\" data-e-type=\"column\">\n\t\t\t<div class=\"elementor-widget-wrap elementor-element-populated\">\n\t\t\t\t\t\t<div class=\"elementor-element elementor-element-e2112d3 elementor-widget elementor-widget-heading\" data-id=\"e2112d3\" data-element_type=\"widget\" data-e-type=\"widget\" data-widget_type=\"heading.default\">\n\t\t\t\t<div class=\"elementor-widget-container\">\n\t\t\t\t\t<h2 class=\"elementor-heading-title elementor-size-default\">\u00c0 propos de ces ressources<\/h2>\t\t\t\t<\/div>\n\t\t\t\t<\/div>\n\t\t\t\t<section class=\"elementor-section elementor-inner-section elementor-element elementor-element-90a5919 elementor-section-boxed elementor-section-height-default elementor-section-height-default\" data-id=\"90a5919\" data-element_type=\"section\" data-e-type=\"section\">\n\t\t\t\t\t\t<div class=\"elementor-container elementor-column-gap-wider\">\n\t\t\t\t\t<div class=\"elementor-column elementor-col-100 elementor-inner-column elementor-element elementor-element-6c2c208\" data-id=\"6c2c208\" data-element_type=\"column\" data-e-type=\"column\">\n\t\t\t<div class=\"elementor-widget-wrap elementor-element-populated\">\n\t\t\t\t\t\t<div class=\"elementor-element elementor-element-9e1237b elementor-widget elementor-widget-text-editor\" data-id=\"9e1237b\" data-element_type=\"widget\" data-e-type=\"widget\" data-widget_type=\"text-editor.default\">\n\t\t\t\t<div class=\"elementor-widget-container\">\n\t\t\t\t\t\t\t\t\t<p>Ces ressources gratuites sont con\u00e7ues pour vous aider \u00e0 comprendre le format de l\u2019examen de la Collaboration nationale en mati\u00e8re d\u2019\u00e9valuation (CNE) et \u00e0 savoir \u00e0 quoi vous attendre le jour de l\u2019examen.<\/p><p>Les vid\u00e9os offrent des conseils pratiques pour vous orienter dans les stations d\u2019examen clinique objectif structur\u00e9 (ECOS) et pour travailler efficacement avec des participants standardis\u00e9s (PS), y compris des sc\u00e9narios courants auxquels les candidats peuvent \u00eatre confront\u00e9s.<\/p><p>Les exemples de cas donnent un aper\u00e7u de la structure des stations et des m\u00e9thodes d\u2019\u00e9valuation, et peuvent \u00eatre utilis\u00e9s pour des exercices pratiques avec vos pairs.<\/p>\t\t\t\t\t\t\t\t<\/div>\n\t\t\t\t<\/div>\n\t\t\t\t\t<\/div>\n\t\t<\/div>\n\t\t\t\t\t<\/div>\n\t\t<\/section>\n\t\t\t\t\t<\/div>\n\t\t<\/div>\n\t\t\t\t\t<\/div>\n\t\t<\/section>\n\t\t\t\t<section class=\"elementor-section elementor-top-section elementor-element elementor-element-572efb4 elementor-section-boxed elementor-section-height-default elementor-section-height-default\" data-id=\"572efb4\" data-element_type=\"section\" data-e-type=\"section\" data-settings=\"{&quot;background_background&quot;:&quot;classic&quot;}\">\n\t\t\t\t\t\t<div class=\"elementor-container elementor-column-gap-default\">\n\t\t\t\t\t<div class=\"elementor-column elementor-col-100 elementor-top-column elementor-element elementor-element-97bbaf8\" data-id=\"97bbaf8\" data-element_type=\"column\" data-e-type=\"column\">\n\t\t\t<div class=\"elementor-widget-wrap elementor-element-populated\">\n\t\t\t\t\t\t<div class=\"elementor-element elementor-element-9528cbb elementor-widget elementor-widget-heading\" data-id=\"9528cbb\" data-element_type=\"widget\" data-e-type=\"widget\" data-widget_type=\"heading.default\">\n\t\t\t\t<div class=\"elementor-widget-container\">\n\t\t\t\t\t<h2 class=\"elementor-heading-title elementor-size-default\">Vid\u00e9os<\/h2>\t\t\t\t<\/div>\n\t\t\t\t<\/div>\n\t\t\t\t<div class=\"elementor-element elementor-element-31ce234 elementor-widget__width-initial elementor-widget-laptop__width-initial elementor-widget elementor-widget-text-editor\" data-id=\"31ce234\" data-element_type=\"widget\" data-e-type=\"widget\" data-widget_type=\"text-editor.default\">\n\t\t\t\t<div class=\"elementor-widget-container\">\n\t\t\t\t\t\t\t\t\t<p>D\u00e9couvrez ce \u00e0 quoi vous attendre le jour de l\u2019examen et l\u2019approche \u00e0 adopter pour les stations d\u2019ECOS, notamment en mati\u00e8re de communication efficace avec les participants standardis\u00e9s.<\/p>\t\t\t\t\t\t\t\t<\/div>\n\t\t\t\t<\/div>\n\t\t\t\t\t<\/div>\n\t\t<\/div>\n\t\t\t\t\t<\/div>\n\t\t<\/section>\n\t\t\t\t<section class=\"elementor-section elementor-top-section elementor-element elementor-element-626b942 elementor-section-boxed elementor-section-height-default elementor-section-height-default\" data-id=\"626b942\" data-element_type=\"section\" data-e-type=\"section\" data-settings=\"{&quot;background_background&quot;:&quot;classic&quot;}\">\n\t\t\t\t\t\t<div class=\"elementor-container elementor-column-gap-default\">\n\t\t\t\t\t<div class=\"elementor-column elementor-col-50 elementor-top-column elementor-element elementor-element-aeb6408\" data-id=\"aeb6408\" data-element_type=\"column\" data-e-type=\"column\">\n\t\t\t<div class=\"elementor-widget-wrap elementor-element-populated\">\n\t\t\t\t\t\t<div class=\"elementor-element elementor-element-e2fb864 elementor-widget elementor-widget-heading\" data-id=\"e2fb864\" data-element_type=\"widget\" data-e-type=\"widget\" data-widget_type=\"heading.default\">\n\t\t\t\t<div class=\"elementor-widget-container\">\n\t\t\t\t\t<h4 class=\"elementor-heading-title elementor-size-default\">Vid\u00e9o 1<\/h4>\t\t\t\t<\/div>\n\t\t\t\t<\/div>\n\t\t\t\t<div class=\"elementor-element elementor-element-60cd86f elementor-widget elementor-widget-heading\" data-id=\"60cd86f\" data-element_type=\"widget\" data-e-type=\"widget\" data-widget_type=\"heading.default\">\n\t\t\t\t<div class=\"elementor-widget-container\">\n\t\t\t\t\t<h3 class=\"elementor-heading-title elementor-size-default\">Comprendre le d\u00e9roulement d\u2019une station d\u2019ECOS<\/h3>\t\t\t\t<\/div>\n\t\t\t\t<\/div>\n\t\t\t\t\t<\/div>\n\t\t<\/div>\n\t\t\t\t<div class=\"elementor-column elementor-col-50 elementor-top-column elementor-element elementor-element-fce25b1\" data-id=\"fce25b1\" data-element_type=\"column\" data-e-type=\"column\">\n\t\t\t<div class=\"elementor-widget-wrap elementor-element-populated\">\n\t\t\t\t\t\t<div class=\"elementor-element elementor-element-debd1b7 elementor-widget elementor-widget-video\" data-id=\"debd1b7\" data-element_type=\"widget\" data-e-type=\"widget\" data-settings=\"{&quot;youtube_url&quot;:&quot;https:\\\/\\\/youtu.be\\\/qmE0Bbvv_CE&quot;,&quot;show_image_overlay&quot;:&quot;yes&quot;,&quot;image_overlay&quot;:{&quot;url&quot;:&quot;https:\\\/\\\/mcc.ca\\\/wp-content\\\/uploads\\\/Navigating-the-OSCE-cover-image-1280x720-1.jpg&quot;,&quot;id&quot;:30891,&quot;size&quot;:&quot;&quot;,&quot;alt&quot;:&quot;&quot;,&quot;source&quot;:&quot;library&quot;},&quot;cc_load_policy&quot;:&quot;yes&quot;,&quot;video_type&quot;:&quot;youtube&quot;,&quot;controls&quot;:&quot;yes&quot;}\" data-widget_type=\"video.default\">\n\t\t\t\t<div class=\"elementor-widget-container\">\n\t\t\t\t\t\t\t<div class=\"elementor-wrapper elementor-open-inline\">\n\t\t\t<div class=\"elementor-video\"><\/div>\t\t\t\t<div class=\"elementor-custom-embed-image-overlay\" style=\"background-image: url(https:\/\/mcc.ca\/wp-content\/uploads\/Navigating-the-OSCE-cover-image-1280x720-1.jpg);\">\n\t\t\t\t\t\t\t\t\t\t\t\t\t\t\t\t<div class=\"elementor-custom-embed-play\" role=\"button\" aria-label=\"Lire la vid\u00e9o\" tabindex=\"0\">\n\t\t\t\t\t\t\t<i aria-hidden=\"true\" class=\"fas fa-play\"><\/i>\t\t\t\t\t\t<\/div>\n\t\t\t\t\t\t\t\t\t<\/div>\n\t\t\t\t\t<\/div>\n\t\t\t\t\t\t<\/div>\n\t\t\t\t<\/div>\n\t\t\t\t\t<\/div>\n\t\t<\/div>\n\t\t\t\t\t<\/div>\n\t\t<\/section>\n\t\t\t\t<section class=\"elementor-section elementor-top-section elementor-element elementor-element-e0b56c7 elementor-section-boxed elementor-section-height-default elementor-section-height-default\" data-id=\"e0b56c7\" data-element_type=\"section\" data-e-type=\"section\" data-settings=\"{&quot;background_background&quot;:&quot;classic&quot;}\">\n\t\t\t\t\t\t<div class=\"elementor-container elementor-column-gap-default\">\n\t\t\t\t\t<div class=\"elementor-column elementor-col-50 elementor-top-column elementor-element elementor-element-907ac64\" data-id=\"907ac64\" data-element_type=\"column\" data-e-type=\"column\">\n\t\t\t<div class=\"elementor-widget-wrap elementor-element-populated\">\n\t\t\t\t\t\t<div class=\"elementor-element elementor-element-3d31af2 elementor-widget elementor-widget-heading\" data-id=\"3d31af2\" data-element_type=\"widget\" data-e-type=\"widget\" data-widget_type=\"heading.default\">\n\t\t\t\t<div class=\"elementor-widget-container\">\n\t\t\t\t\t<h4 class=\"elementor-heading-title elementor-size-default\">Vid\u00e9o 2<\/h4>\t\t\t\t<\/div>\n\t\t\t\t<\/div>\n\t\t\t\t<div class=\"elementor-element elementor-element-0c83333 elementor-widget elementor-widget-heading\" data-id=\"0c83333\" data-element_type=\"widget\" data-e-type=\"widget\" data-widget_type=\"heading.default\">\n\t\t\t\t<div class=\"elementor-widget-container\">\n\t\t\t\t\t<h3 class=\"elementor-heading-title elementor-size-default\">Communiquer avec les PS\u200b<\/h3>\t\t\t\t<\/div>\n\t\t\t\t<\/div>\n\t\t\t\t\t<\/div>\n\t\t<\/div>\n\t\t\t\t<div class=\"elementor-column elementor-col-50 elementor-top-column elementor-element elementor-element-ced399f\" data-id=\"ced399f\" data-element_type=\"column\" data-e-type=\"column\">\n\t\t\t<div class=\"elementor-widget-wrap elementor-element-populated\">\n\t\t\t\t\t\t<div class=\"elementor-element elementor-element-fe08b3c elementor-widget elementor-widget-video\" data-id=\"fe08b3c\" data-element_type=\"widget\" data-e-type=\"widget\" data-settings=\"{&quot;youtube_url&quot;:&quot;https:\\\/\\\/youtu.be\\\/2eJi7wi7jvw&quot;,&quot;show_image_overlay&quot;:&quot;yes&quot;,&quot;image_overlay&quot;:{&quot;url&quot;:&quot;https:\\\/\\\/mcc.ca\\\/wp-content\\\/uploads\\\/Communicating-with-SPs-cover-image-1280x720-1.jpg&quot;,&quot;id&quot;:30896,&quot;size&quot;:&quot;&quot;,&quot;alt&quot;:&quot;&quot;,&quot;source&quot;:&quot;library&quot;},&quot;cc_load_policy&quot;:&quot;yes&quot;,&quot;video_type&quot;:&quot;youtube&quot;,&quot;controls&quot;:&quot;yes&quot;}\" data-widget_type=\"video.default\">\n\t\t\t\t<div class=\"elementor-widget-container\">\n\t\t\t\t\t\t\t<div class=\"elementor-wrapper elementor-open-inline\">\n\t\t\t<div class=\"elementor-video\"><\/div>\t\t\t\t<div class=\"elementor-custom-embed-image-overlay\" style=\"background-image: url(https:\/\/mcc.ca\/wp-content\/uploads\/Communicating-with-SPs-cover-image-1280x720-1.jpg);\">\n\t\t\t\t\t\t\t\t\t\t\t\t\t\t\t\t<div class=\"elementor-custom-embed-play\" role=\"button\" aria-label=\"Lire la vid\u00e9o\" tabindex=\"0\">\n\t\t\t\t\t\t\t<i aria-hidden=\"true\" class=\"fas fa-play\"><\/i>\t\t\t\t\t\t<\/div>\n\t\t\t\t\t\t\t\t\t<\/div>\n\t\t\t\t\t<\/div>\n\t\t\t\t\t\t<\/div>\n\t\t\t\t<\/div>\n\t\t\t\t\t<\/div>\n\t\t<\/div>\n\t\t\t\t\t<\/div>\n\t\t<\/section>\n\t\t\t\t<section class=\"elementor-section elementor-top-section elementor-element elementor-element-4471043 elementor-section-boxed elementor-section-height-default elementor-section-height-default\" data-id=\"4471043\" data-element_type=\"section\" data-e-type=\"section\">\n\t\t\t\t\t\t<div class=\"elementor-container elementor-column-gap-default\">\n\t\t\t\t\t<div class=\"elementor-column elementor-col-100 elementor-top-column elementor-element elementor-element-e529fd2\" data-id=\"e529fd2\" data-element_type=\"column\" data-e-type=\"column\">\n\t\t\t<div class=\"elementor-widget-wrap elementor-element-populated\">\n\t\t\t\t\t\t<div class=\"elementor-element elementor-element-8336fc4 elementor-widget elementor-widget-heading\" data-id=\"8336fc4\" data-element_type=\"widget\" data-e-type=\"widget\" data-widget_type=\"heading.default\">\n\t\t\t\t<div class=\"elementor-widget-container\">\n\t\t\t\t\t<h2 class=\"elementor-heading-title elementor-size-default\">Exemples de cas<\/h2>\t\t\t\t<\/div>\n\t\t\t\t<\/div>\n\t\t\t\t<section class=\"elementor-section elementor-inner-section elementor-element elementor-element-5928967 elementor-section-boxed elementor-section-height-default elementor-section-height-default\" data-id=\"5928967\" data-element_type=\"section\" data-e-type=\"section\">\n\t\t\t\t\t\t<div class=\"elementor-container elementor-column-gap-wider\">\n\t\t\t\t\t<div class=\"elementor-column elementor-col-100 elementor-inner-column elementor-element elementor-element-ab68ece\" data-id=\"ab68ece\" data-element_type=\"column\" data-e-type=\"column\">\n\t\t\t<div class=\"elementor-widget-wrap elementor-element-populated\">\n\t\t\t\t\t\t<div class=\"elementor-element elementor-element-c706f46 elementor-widget elementor-widget-text-editor\" data-id=\"c706f46\" data-element_type=\"widget\" data-e-type=\"widget\" data-widget_type=\"text-editor.default\">\n\t\t\t\t<div class=\"elementor-widget-container\">\n\t\t\t\t\t\t\t\t\t<p>Explorez des exemples de cas de l\u2019examen de la CNE tels que pr\u00e9sent\u00e9s aux participants standardis\u00e9s et utilisez-les pour des exercices de mise en situation avec des pairs.<\/p>\t\t\t\t\t\t\t\t<\/div>\n\t\t\t\t<\/div>\n\t\t\t\t\t<\/div>\n\t\t<\/div>\n\t\t\t\t\t<\/div>\n\t\t<\/section>\n\t\t\t\t\t<\/div>\n\t\t<\/div>\n\t\t\t\t\t<\/div>\n\t\t<\/section>\n\t\t\t\t<section class=\"elementor-section elementor-top-section elementor-element elementor-element-f6a01eb elementor-section-boxed elementor-section-height-default elementor-section-height-default\" data-id=\"f6a01eb\" data-element_type=\"section\" data-e-type=\"section\">\n\t\t\t\t\t\t<div class=\"elementor-container elementor-column-gap-default\">\n\t\t\t\t\t<div class=\"elementor-column elementor-col-100 elementor-top-column elementor-element elementor-element-a5a8fbe\" data-id=\"a5a8fbe\" data-element_type=\"column\" data-e-type=\"column\">\n\t\t\t<div class=\"elementor-widget-wrap elementor-element-populated\">\n\t\t\t\t\t\t<section class=\"elementor-section elementor-inner-section elementor-element elementor-element-72e6b28 elementor-section-boxed elementor-section-height-default elementor-section-height-default\" data-id=\"72e6b28\" data-element_type=\"section\" data-e-type=\"section\">\n\t\t\t\t\t\t<div class=\"elementor-container elementor-column-gap-default\">\n\t\t\t\t\t<div class=\"elementor-column elementor-col-33 elementor-inner-column elementor-element elementor-element-e375f22\" data-id=\"e375f22\" data-element_type=\"column\" data-e-type=\"column\">\n\t\t\t<div class=\"elementor-widget-wrap elementor-element-populated\">\n\t\t\t\t\t\t<div class=\"elementor-element elementor-element-7381912 listing-heading elementor-widget elementor-widget-heading\" data-id=\"7381912\" data-element_type=\"widget\" data-e-type=\"widget\" data-widget_type=\"heading.default\">\n\t\t\t\t<div class=\"elementor-widget-container\">\n\t\t\t\t\t<h3 class=\"elementor-heading-title elementor-size-default\"><a href=\"https:\/\/mcc.ca\/wp-content\/uploads\/Examen-de-la-CNE-etude-de-cas-Thomas.pdf\">\u00c9tude de cas <br>Sandrine Thomas <i class=\"fas fa-chevron-right\" aria-hidden=\"true\"><\/i><\/a><\/h3>\t\t\t\t<\/div>\n\t\t\t\t<\/div>\n\t\t\t\t\t<\/div>\n\t\t<\/div>\n\t\t\t\t<div class=\"elementor-column elementor-col-33 elementor-inner-column elementor-element elementor-element-81e144f\" data-id=\"81e144f\" data-element_type=\"column\" data-e-type=\"column\">\n\t\t\t<div class=\"elementor-widget-wrap elementor-element-populated\">\n\t\t\t\t\t\t<div class=\"elementor-element elementor-element-33ed4f6 listing-heading elementor-widget elementor-widget-heading\" data-id=\"33ed4f6\" data-element_type=\"widget\" data-e-type=\"widget\" data-widget_type=\"heading.default\">\n\t\t\t\t<div class=\"elementor-widget-container\">\n\t\t\t\t\t<h3 class=\"elementor-heading-title elementor-size-default\"><a href=\"https:\/\/mcc.ca\/wp-content\/uploads\/Examen-de-la-CNE-etude-de-cas-Simms.pdf\">\u00c9tude de cas<br>Jacob Simms <i class=\"fas fa-chevron-right\" aria-hidden=\"true\"><\/i><\/a><\/h3>\t\t\t\t<\/div>\n\t\t\t\t<\/div>\n\t\t\t\t\t<\/div>\n\t\t<\/div>\n\t\t\t\t<div class=\"elementor-column elementor-col-33 elementor-inner-column elementor-element elementor-element-f0db24e\" data-id=\"f0db24e\" data-element_type=\"column\" data-e-type=\"column\">\n\t\t\t<div class=\"elementor-widget-wrap elementor-element-populated\">\n\t\t\t\t\t\t<div class=\"elementor-element elementor-element-df02c37 listing-heading elementor-widget elementor-widget-heading\" data-id=\"df02c37\" data-element_type=\"widget\" data-e-type=\"widget\" data-widget_type=\"heading.default\">\n\t\t\t\t<div class=\"elementor-widget-container\">\n\t\t\t\t\t<h3 class=\"elementor-heading-title elementor-size-default\"><a href=\"https:\/\/mcc.ca\/wp-content\/uploads\/Examen-de-la-CNE-etude-de-cas-Mortensen.pdf\">\u00c9tude de cas <br>Stan Mortensen <i class=\"fas fa-chevron-right\" aria-hidden=\"true\"><\/i><\/a><\/h3>\t\t\t\t<\/div>\n\t\t\t\t<\/div>\n\t\t\t\t\t<\/div>\n\t\t<\/div>\n\t\t\t\t\t<\/div>\n\t\t<\/section>\n\t\t\t\t\t<\/div>\n\t\t<\/div>\n\t\t\t\t\t<\/div>\n\t\t<\/section>\n\t\t\t\t<\/div>\n\t\t","protected":false},"excerpt":{"rendered":"<p>\u00c0 propos de ces ressources Ces ressources gratuites sont con\u00e7ues pour vous aider \u00e0 comprendre le format de l\u2019examen de la Collaboration nationale en mati\u00e8re d\u2019\u00e9valuation (CNE) et \u00e0 savoir \u00e0 quoi vous attendre le jour de l\u2019examen. Les vid\u00e9os offrent des conseils pratiques pour vous orienter dans les stations d\u2019examen clinique objectif structur\u00e9 (ECOS) [&hellip;]<\/p>\n","protected":false},"author":28,"featured_media":0,"parent":29982,"menu_order":6,"comment_status":"closed","ping_status":"closed","template":"","meta":{"_acf_changed":false,"content-type":"","_relevanssi_hide_post":"","_relevanssi_hide_content":"","_relevanssi_pin_for_all":"","_relevanssi_pin_keywords":"","_relevanssi_unpin_keywords":"","_relevanssi_related_keywords":"","_relevanssi_related_include_ids":"","_relevanssi_related_exclude_ids":"","_relevanssi_related_no_append":"","_relevanssi_related_not_related":"","_relevanssi_related_posts":"3897","_relevanssi_noindex_reason":"","footnotes":""},"class_list":["post-30700","page","type-page","status-publish","hentry"],"acf":{"inherit_intro_image":true,"page_intro_text":"Des outils pratiques pour vous aider \u00e0 comprendre l\u2019examen de la CNE et \u00e0 vous y pr\u00e9parer.","page_intro_image":{"ID":30869,"id":30869,"title":"Customer service executives working","filename":"NAC-Exam-banner-image-2026-1200x600-2.jpg","filesize":91994,"url":"https:\/\/mcc.ca\/wp-content\/uploads\/NAC-Exam-banner-image-2026-1200x600-2.jpg","link":"https:\/\/mcc.ca\/fr\/ressources-gratuites\/ressources-gratuites-pour-lexamen-de-la-cne\/customer-service-executives-working-26-2\/","alt":"","author":"26","description":"","caption":"Customer service executives working at office","name":"customer-service-executives-working-26-2","status":"inherit","uploaded_to":30700,"date":"2026-04-24 14:38:58","modified":"2026-04-24 14:39:30","menu_order":0,"mime_type":"image\/jpeg","type":"image","subtype":"jpeg","icon":"https:\/\/mcc.ca\/wp-includes\/images\/media\/default.png","width":1200,"height":600,"sizes":{"thumbnail":"https:\/\/mcc.ca\/wp-content\/uploads\/NAC-Exam-banner-image-2026-1200x600-2-150x150.jpg","thumbnail-width":150,"thumbnail-height":150,"medium":"https:\/\/mcc.ca\/wp-content\/uploads\/NAC-Exam-banner-image-2026-1200x600-2-300x150.jpg","medium-width":300,"medium-height":150,"medium_large":"https:\/\/mcc.ca\/wp-content\/uploads\/NAC-Exam-banner-image-2026-1200x600-2-768x384.jpg","medium_large-width":768,"medium_large-height":384,"large":"https:\/\/mcc.ca\/wp-content\/uploads\/NAC-Exam-banner-image-2026-1200x600-2-1024x512.jpg","large-width":800,"large-height":400,"1536x1536":"https:\/\/mcc.ca\/wp-content\/uploads\/NAC-Exam-banner-image-2026-1200x600-2.jpg","1536x1536-width":1200,"1536x1536-height":600,"2048x2048":"https:\/\/mcc.ca\/wp-content\/uploads\/NAC-Exam-banner-image-2026-1200x600-2.jpg","2048x2048-width":1200,"2048x2048-height":600,"gform-image-choice-sm":"https:\/\/mcc.ca\/wp-content\/uploads\/NAC-Exam-banner-image-2026-1200x600-2.jpg","gform-image-choice-sm-width":300,"gform-image-choice-sm-height":150,"gform-image-choice-md":"https:\/\/mcc.ca\/wp-content\/uploads\/NAC-Exam-banner-image-2026-1200x600-2.jpg","gform-image-choice-md-width":400,"gform-image-choice-md-height":200,"gform-image-choice-lg":"https:\/\/mcc.ca\/wp-content\/uploads\/NAC-Exam-banner-image-2026-1200x600-2.jpg","gform-image-choice-lg-width":600,"gform-image-choice-lg-height":300}}},"aioseo_notices":[],"_links":{"self":[{"href":"https:\/\/mcc.ca\/fr\/wp-json\/wp\/v2\/pages\/30700","targetHints":{"allow":["GET"]}}],"collection":[{"href":"https:\/\/mcc.ca\/fr\/wp-json\/wp\/v2\/pages"}],"about":[{"href":"https:\/\/mcc.ca\/fr\/wp-json\/wp\/v2\/types\/page"}],"author":[{"embeddable":true,"href":"https:\/\/mcc.ca\/fr\/wp-json\/wp\/v2\/users\/28"}],"replies":[{"embeddable":true,"href":"https:\/\/mcc.ca\/fr\/wp-json\/wp\/v2\/comments?post=30700"}],"version-history":[{"count":5,"href":"https:\/\/mcc.ca\/fr\/wp-json\/wp\/v2\/pages\/30700\/revisions"}],"predecessor-version":[{"id":31012,"href":"https:\/\/mcc.ca\/fr\/wp-json\/wp\/v2\/pages\/30700\/revisions\/31012"}],"up":[{"embeddable":true,"href":"https:\/\/mcc.ca\/fr\/wp-json\/wp\/v2\/pages\/29982"}],"wp:attachment":[{"href":"https:\/\/mcc.ca\/fr\/wp-json\/wp\/v2\/media?parent=30700"}],"curies":[{"name":"wp","href":"https:\/\/api.w.org\/{rel}","templated":true}]}}