{"id":24990,"date":"2025-07-18T14:56:56","date_gmt":"2025-07-18T18:56:56","guid":{"rendered":"https:\/\/mcc.ca\/?page_id=24990"},"modified":"2026-04-01T10:25:31","modified_gmt":"2026-04-01T14:25:31","slug":"questions-de-pratique-gratuites","status":"publish","type":"page","link":"https:\/\/mcc.ca\/fr\/ressources-gratuites\/questions-de-pratique-gratuites\/","title":{"rendered":"Questions de pratique gratuites"},"content":{"rendered":"\t\t<div data-elementor-type=\"wp-page\" data-elementor-id=\"24990\" class=\"elementor elementor-24990 elementor-24985\" data-elementor-post-type=\"page\">\n\t\t\t\t\t\t<section class=\"elementor-section elementor-top-section elementor-element elementor-element-ccee720 elementor-section-boxed elementor-section-height-default elementor-section-height-default\" data-id=\"ccee720\" data-element_type=\"section\" data-e-type=\"section\">\n\t\t\t\t\t\t<div class=\"elementor-container elementor-column-gap-default\">\n\t\t\t\t\t<div class=\"elementor-column elementor-col-100 elementor-top-column elementor-element elementor-element-6e8e4f6\" data-id=\"6e8e4f6\" data-element_type=\"column\" data-e-type=\"column\">\n\t\t\t<div class=\"elementor-widget-wrap elementor-element-populated\">\n\t\t\t\t\t\t<div class=\"elementor-element elementor-element-72f2e9a elementor-widget elementor-widget-text-editor\" data-id=\"72f2e9a\" data-element_type=\"widget\" data-e-type=\"widget\" data-widget_type=\"text-editor.default\">\n\t\t\t\t<div class=\"elementor-widget-container\">\n\t\t\t\t\t\t\t\t\t<div data-opinionstage-embed-url=\"https:\/\/www.opinionstage.com\/api\/v1\/widgets\/melynda-st-pierre\/5cff4927-2f14-4c93-a42a-86f58c5d579b\/code.json?width=\" style=\"display: none; visibility: hidden;\"><\/div>\t\t\t\t\t\t\t\t<\/div>\n\t\t\t\t<\/div>\n\t\t\t\t<div class=\"elementor-element elementor-element-c6c489b elementor-widget elementor-widget-text-editor\" data-id=\"c6c489b\" data-element_type=\"widget\" data-e-type=\"widget\" data-widget_type=\"text-editor.default\">\n\t\t\t\t<div class=\"elementor-widget-container\">\n\t\t\t\t\t\t\t\t\t<p style=\"text-align: center;\">Envoyez un courriel \u00e0 <a href=\"mailto:practicetests@mcc.ca\">practicetests@mcc.ca<\/a> pour obtenir de l\u2019aide.<\/p>\t\t\t\t\t\t\t\t<\/div>\n\t\t\t\t<\/div>\n\t\t\t\t<section class=\"elementor-section elementor-inner-section elementor-element elementor-element-b675000 elementor-section-boxed elementor-section-height-default elementor-section-height-default\" data-id=\"b675000\" data-element_type=\"section\" data-e-type=\"section\">\n\t\t\t\t\t\t<div class=\"elementor-container elementor-column-gap-default\">\n\t\t\t\t\t<div class=\"elementor-column elementor-col-50 elementor-inner-column elementor-element elementor-element-b0d3fb8\" data-id=\"b0d3fb8\" data-element_type=\"column\" data-e-type=\"column\">\n\t\t\t<div class=\"elementor-widget-wrap elementor-element-populated\">\n\t\t\t\t\t\t<div class=\"elementor-element elementor-element-9d67c93 elementor-widget__width-initial elementor-view-default elementor-widget elementor-widget-icon\" data-id=\"9d67c93\" data-element_type=\"widget\" data-e-type=\"widget\" data-widget_type=\"icon.default\">\n\t\t\t\t<div class=\"elementor-widget-container\">\n\t\t\t\t\t\t\t<div class=\"elementor-icon-wrapper\">\n\t\t\t<a class=\"elementor-icon\" href=\"https:\/\/mcc.ca\/wp-content\/uploads\/Questions-de-pratique-pour-lEACMC-partie-I-2025.pdf\" target=\"_blank\">\n\t\t\t<i aria-hidden=\"true\" class=\"fas fa-file-download\"><\/i>\t\t\t<\/a>\n\t\t<\/div>\n\t\t\t\t\t\t<\/div>\n\t\t\t\t<\/div>\n\t\t\t\t\t<\/div>\n\t\t<\/div>\n\t\t\t\t<div class=\"elementor-column elementor-col-50 elementor-inner-column elementor-element elementor-element-1e11346\" data-id=\"1e11346\" data-element_type=\"column\" data-e-type=\"column\">\n\t\t\t<div class=\"elementor-widget-wrap elementor-element-populated\">\n\t\t\t\t\t\t<div class=\"elementor-element elementor-element-c1a3808 elementor-widget elementor-widget-text-editor\" data-id=\"c1a3808\" data-element_type=\"widget\" data-e-type=\"widget\" data-widget_type=\"text-editor.default\">\n\t\t\t\t<div class=\"elementor-widget-container\">\n\t\t\t\t\t\t\t\t\t<p style=\"text-align: left; line-height: 1.35;\"><a href=\"https:\/\/mcc.ca\/wp-content\/uploads\/Questions-de-pratique-EACMC-2026.pdf\" target=\"_blank\" rel=\"noopener\">T\u00e9l\u00e9chargez<\/a> une copie PDF imprimable des questions, des r\u00e9ponses, des justifications et des r\u00e9f\u00e9rences.<\/p>\t\t\t\t\t\t\t\t<\/div>\n\t\t\t\t<\/div>\n\t\t\t\t<div class=\"elementor-element elementor-element-0cc2c5a elementor-widget elementor-widget-text-editor\" data-id=\"0cc2c5a\" data-element_type=\"widget\" data-e-type=\"widget\" data-widget_type=\"text-editor.default\">\n\t\t\t\t<div class=\"elementor-widget-container\">\n\t\t\t\t\t\t\t\t\t<p style=\"text-align: left; line-height: 1.35;\"><em>La disposition du contenu ainsi que les outils disponibles dans l\u2019EACMC pourraient diff\u00e9rer de ce qui appara\u00eet ci-dessus.<\/em><\/p><p style=\"text-align: left; line-height: 1.35;\"><em>Si vous n\u2019arrivez pas \u00e0 t\u00e9l\u00e9charger les images de tableaux (aux questions 22, 25, 32, 40, 53 et 55), il est possible qu\u2019un pare-feu sur votre r\u00e9seau bloque l\u2019acc\u00e8s \u00e0 celles-ci.<\/em><\/p>\t\t\t\t\t\t\t\t<\/div>\n\t\t\t\t<\/div>\n\t\t\t\t\t<\/div>\n\t\t<\/div>\n\t\t\t\t\t<\/div>\n\t\t<\/section>\n\t\t\t\t\t<\/div>\n\t\t<\/div>\n\t\t\t\t\t<\/div>\n\t\t<\/section>\n\t\t\t\t<\/div>\n\t\t","protected":false},"excerpt":{"rendered":"<p>Envoyez un courriel \u00e0 practicetests@mcc.ca pour obtenir de l\u2019aide. T\u00e9l\u00e9chargez une copie PDF imprimable des questions, des r\u00e9ponses, des justifications et des r\u00e9f\u00e9rences. La disposition du contenu ainsi que les outils disponibles dans l\u2019EACMC pourraient diff\u00e9rer de ce qui appara\u00eet ci-dessus. Si vous n\u2019arrivez pas \u00e0 t\u00e9l\u00e9charger les images de tableaux (aux questions 22, 25, [&hellip;]<\/p>\n","protected":false},"author":34,"featured_media":0,"parent":29982,"menu_order":0,"comment_status":"closed","ping_status":"closed","template":"","meta":{"_acf_changed":false,"content-type":"","_relevanssi_hide_post":"","_relevanssi_hide_content":"","_relevanssi_pin_for_all":"","_relevanssi_pin_keywords":"","_relevanssi_unpin_keywords":"","_relevanssi_related_keywords":"","_relevanssi_related_include_ids":"","_relevanssi_related_exclude_ids":"","_relevanssi_related_no_append":"","_relevanssi_related_not_related":"","_relevanssi_related_posts":"3897","_relevanssi_noindex_reason":"","footnotes":""},"class_list":["post-24990","page","type-page","status-publish","hentry"],"acf":{"inherit_intro_image":true,"page_intro_text":"Une ressource gratuite pour vous aider \u00e0 votre pr\u00e9paration \u00e0 l\u2019EACMC"},"aioseo_notices":[],"_links":{"self":[{"href":"https:\/\/mcc.ca\/fr\/wp-json\/wp\/v2\/pages\/24990","targetHints":{"allow":["GET"]}}],"collection":[{"href":"https:\/\/mcc.ca\/fr\/wp-json\/wp\/v2\/pages"}],"about":[{"href":"https:\/\/mcc.ca\/fr\/wp-json\/wp\/v2\/types\/page"}],"author":[{"embeddable":true,"href":"https:\/\/mcc.ca\/fr\/wp-json\/wp\/v2\/users\/34"}],"replies":[{"embeddable":true,"href":"https:\/\/mcc.ca\/fr\/wp-json\/wp\/v2\/comments?post=24990"}],"version-history":[{"count":5,"href":"https:\/\/mcc.ca\/fr\/wp-json\/wp\/v2\/pages\/24990\/revisions"}],"predecessor-version":[{"id":30052,"href":"https:\/\/mcc.ca\/fr\/wp-json\/wp\/v2\/pages\/24990\/revisions\/30052"}],"up":[{"embeddable":true,"href":"https:\/\/mcc.ca\/fr\/wp-json\/wp\/v2\/pages\/29982"}],"wp:attachment":[{"href":"https:\/\/mcc.ca\/fr\/wp-json\/wp\/v2\/media?parent=24990"}],"curies":[{"name":"wp","href":"https:\/\/api.w.org\/{rel}","templated":true}]}}