{"id":19040,"date":"2024-07-23T10:22:41","date_gmt":"2024-07-23T14:22:41","guid":{"rendered":"https:\/\/mcc.ca\/?page_id=19040"},"modified":"2025-08-20T16:32:13","modified_gmt":"2025-08-20T20:32:13","slug":"objectifs-strategiques-2","status":"publish","type":"page","link":"https:\/\/mcc.ca\/fr\/a-propos-de-nous\/plan-strategique-2024-2027\/objectifs-strategiques-2\/","title":{"rendered":"Objectifs strat\u00e9giques\u00a02"},"content":{"rendered":"\t\t<div data-elementor-type=\"wp-page\" data-elementor-id=\"19040\" class=\"elementor elementor-19040 elementor-18954\" data-elementor-post-type=\"page\">\n\t\t\t\t\t\t<section class=\"elementor-section elementor-top-section elementor-element elementor-element-1ac2c0e1 elementor-section-height-min-height elementor-section-items-bottom elementor-section-boxed elementor-section-height-default\" data-id=\"1ac2c0e1\" data-element_type=\"section\" data-e-type=\"section\" data-settings=\"{&quot;background_background&quot;:&quot;classic&quot;}\">\n\t\t\t\t\t\t<div class=\"elementor-container elementor-column-gap-default\">\n\t\t\t\t\t<div class=\"elementor-column elementor-col-100 elementor-top-column elementor-element elementor-element-4584fdab\" data-id=\"4584fdab\" data-element_type=\"column\" data-e-type=\"column\">\n\t\t\t<div class=\"elementor-widget-wrap elementor-element-populated\">\n\t\t\t\t\t\t<div class=\"elementor-element elementor-element-46bcc68e elementor-widget__width-auto elementor-widget-laptop__width-auto elementor-widget elementor-widget-heading\" data-id=\"46bcc68e\" data-element_type=\"widget\" data-e-type=\"widget\" data-widget_type=\"heading.default\">\n\t\t\t\t<div class=\"elementor-widget-container\">\n\t\t\t\t\t<span class=\"elementor-heading-title elementor-size-default\">2<\/span>\t\t\t\t<\/div>\n\t\t\t\t<\/div>\n\t\t\t\t<div class=\"elementor-element elementor-element-1f0bc44f elementor-widget__width-initial elementor-widget-laptop__width-auto elementor-widget-tablet__width-initial elementor-widget elementor-widget-heading\" data-id=\"1f0bc44f\" data-element_type=\"widget\" data-e-type=\"widget\" data-widget_type=\"heading.default\">\n\t\t\t\t<div class=\"elementor-widget-container\">\n\t\t\t\t\t<h1 class=\"elementor-heading-title elementor-size-default\">Aider les DIM dans leur cheminement vers l\u2019exercice de la m\u00e9decine ou dans d\u2019autres fonctions m\u00e9dicales au Canada<\/h1>\t\t\t\t<\/div>\n\t\t\t\t<\/div>\n\t\t\t\t\t<\/div>\n\t\t<\/div>\n\t\t\t\t\t<\/div>\n\t\t<\/section>\n\t\t\t\t<section class=\"elementor-section elementor-top-section elementor-element elementor-element-5adb8a21 elementor-section-boxed elementor-section-height-default elementor-section-height-default\" data-id=\"5adb8a21\" data-element_type=\"section\" data-e-type=\"section\">\n\t\t\t\t\t\t<div class=\"elementor-container elementor-column-gap-default\">\n\t\t\t\t\t<div class=\"elementor-column elementor-col-100 elementor-top-column elementor-element elementor-element-4f1fba71\" data-id=\"4f1fba71\" data-element_type=\"column\" data-e-type=\"column\">\n\t\t\t<div class=\"elementor-widget-wrap elementor-element-populated\">\n\t\t\t\t\t\t<div class=\"elementor-element elementor-element-7b8fc1b0 elementor-widget elementor-widget-text-editor\" data-id=\"7b8fc1b0\" data-element_type=\"widget\" data-e-type=\"widget\" data-widget_type=\"text-editor.default\">\n\t\t\t\t<div class=\"elementor-widget-container\">\n\t\t\t\t\t\t\t\t\t<p>Le Conseil m\u00e9dical du Canada (CMC), de concert avec les parties int\u00e9ress\u00e9es avec lesquelles il travaille, reconna\u00eet l\u2019importance d\u2019aider les dipl\u00f4m\u00e9s internationaux en m\u00e9decine (DIM) et les m\u00e9decins form\u00e9s \u00e0 l\u2019\u00e9tranger (MFE) \u00e0 faire partie de la solution en ce qui concerne les soins de sant\u00e9 pour les patients au Canada.<\/p><p>Nous nous engageons \u00e0 soutenir les ordres des m\u00e9decins dans leurs efforts pour r\u00e9pondre aux besoins en sant\u00e9 de leurs populations en facilitant la cr\u00e9ation, l\u2019introduction et la mise en \u0153uvre de cheminements additionnels vers l\u2019obtention d\u2019un permis d\u2019exercice.<\/p><h2>Plans d\u2019action<\/h2><ul><li>\u00c9tablir des strat\u00e9gies visant \u00e0 accro\u00eetre l\u2019engagement et la participation des DIM dans la gouvernance du CMC, en veillant \u00e0 ce que leurs points de vue soient int\u00e9gr\u00e9s aux processus de prise de d\u00e9cisions.<\/li><li>Soutenir les ordres des m\u00e9decins dans l\u2019\u00e9tablissement, l\u2019officialisation et la promotion des voies d\u2019acc\u00e8s suppl\u00e9mentaires au permis d\u2019exercice, et promouvoir davantage ces voies d\u2019acc\u00e8s aupr\u00e8s des DIM.<\/li><li>Poursuivre l\u2019\u00e9laboration et la promotion de mat\u00e9riel pr\u00e9paratoire afin de favoriser la r\u00e9ussite des DIM aux \u00e9valuations du CMC, en utilisant des technologies et des m\u00e9thodologies pouss\u00e9es pour am\u00e9liorer l\u2019efficience et l\u2019accessibilit\u00e9.<\/li><li>\u00c9valuer et affiner continuellement nos technologies et processus afin d\u2019assurer aux candidats une exp\u00e9rience plus claire et plus exp\u00e9ditive.<\/li><\/ul><h2>Indicateurs de performance (ICP)<\/h2><ul><li>La repr\u00e9sentation des DIM dans la gouvernance du CMC est un ICP qui mesure et reconna\u00eet l\u2019importance accord\u00e9e aux points de vue et au v\u00e9cu des DIM dans la planification strat\u00e9gique et les processus de prise de d\u00e9cisions du CMC. L\u2019inclusion de leurs perspectives permet de s\u2019assurer que les difficult\u00e9s avec lesquelles ils doivent composer sont prises en compte, de m\u00eame que les exigences en mati\u00e8re de r\u00e9glementation.<\/li><li>La connaissance qu\u2019ont les DIM des produits pr\u00e9paratoires du CMC, l\u2019utilisation qu\u2019ils en font et leur satisfaction \u00e0 leur \u00e9gard est un ICP. Celui-ci mesure l\u2019efficacit\u00e9 de ces produits dans la pr\u00e9paration des DIM \u00e0 leur carri\u00e8re m\u00e9dicale au Canada, en indiquant la qualit\u00e9 et la pertinence du mat\u00e9riel offert.<\/li><li>Les ICP pour les cibles en mati\u00e8re de niveau de service comprennent :<ul><li>Les d\u00e9lais pour le processus de v\u00e9rification \u00e0 la source, qui mesurent le temps n\u00e9cessaire pour v\u00e9rifier les titres de comp\u00e9tences et les qualifications des DIM.<\/li><li>Le suivi du taux d\u2019erreur, qui mesure la pr\u00e9cision du processus de v\u00e9rification \u00e0 la source en vue de minimiser les erreurs et d\u2019assurer la fiabilit\u00e9.<\/li><li>Le risque de rejet, qui \u00e9value la probabilit\u00e9 que les demandes et les titres de comp\u00e9tences soient rejet\u00e9s en raison d\u2019erreurs ou de renseignements manquants.<\/li><\/ul><\/li><\/ul>\t\t\t\t\t\t\t\t<\/div>\n\t\t\t\t<\/div>\n\t\t\t\t\t<\/div>\n\t\t<\/div>\n\t\t\t\t\t<\/div>\n\t\t<\/section>\n\t\t\t\t<section class=\"elementor-section elementor-top-section elementor-element elementor-element-d66d911 elementor-section-boxed elementor-section-height-default elementor-section-height-default\" data-id=\"d66d911\" data-element_type=\"section\" data-e-type=\"section\">\n\t\t\t\t\t\t<div class=\"elementor-container elementor-column-gap-default\">\n\t\t\t\t\t<div class=\"elementor-column elementor-col-100 elementor-top-column elementor-element elementor-element-45e19407\" data-id=\"45e19407\" data-element_type=\"column\" data-e-type=\"column\">\n\t\t\t<div class=\"elementor-widget-wrap elementor-element-populated\">\n\t\t\t\t\t\t<div class=\"elementor-element elementor-element-59823369 elementor-widget elementor-widget-text-editor\" data-id=\"59823369\" data-element_type=\"widget\" data-e-type=\"widget\" data-widget_type=\"text-editor.default\">\n\t\t\t\t<div class=\"elementor-widget-container\">\n\t\t\t\t\t\t\t\t\t<h2>Progr\u00e8s r\u00e9alis\u00e9s pour atteindre cet objectif<\/h2><p>Afin d\u2019aider les DIM et les MFE dans leur cheminement vers l\u2019obtention du permis d\u2019exercice au Canada, nous sommes d\u00e9termin\u00e9s \u00e0 am\u00e9liorer l\u2019acc\u00e8s aux ressources pr\u00e9paratoires, \u00e0 augmenter la repr\u00e9sentation des DIM dans notre gouvernance, \u00e0 soutenir l\u2019\u00e9tablissement de diverses voies d\u2019acc\u00e8s au permis d\u2019exercice et \u00e0 maintenir des normes de service exemplaires de mani\u00e8re \u00e0 favoriser l\u2019int\u00e9gration des DIM au sein des effectifs en sant\u00e9 canadiens. Les mises \u00e0 jour r\u00e9centes portent sur les \u00e9l\u00e9ments suivants :<\/p><h3>Repr\u00e9sentation des DIM<\/h3><ul><li>La D<sup>re <\/sup>Martina Reslerova, m\u00e9decin et \u00e9ducatrice form\u00e9e \u00e0 l\u2019\u00e9tranger ayant de l\u2019exp\u00e9rience dans le domaine de l\u2019\u00e9valuation et de la formation des DIM, a int\u00e9gr\u00e9 le Conseil du CMC en mars 2024.<\/li><li>Le D<sup>r<\/sup>\u202f Filipe Santos, m\u00e9decin et \u00e9ducateur, s\u2019est joint au CMC en tant que conseiller sp\u00e9cial aux DIM en mars 2025, dans le but de mieux accompagner les DIM dans leur cheminement vers l\u2019exercice de la m\u00e9decine au Canada.<\/li><\/ul><h3>Ressources et outils am\u00e9lior\u00e9s<\/h3><ul><li>Du contenu am\u00e9lior\u00e9 sur mcc.ca, notamment la page<a href=\"https:\/\/mcc.ca\/fr\/titres-de-competences-et-services\/parcours-vers-lobtention-du-permis-dexercice\/\"> parcours vers l\u2019obtention d\u2019un permis d\u2019exercice<\/a>, aide les DIM \u00e0 d\u00e9terminer les \u00e9tapes qu\u2019ils doivent suivre pour exercer la m\u00e9decine au Canada. Nous avons \u00e9galement ajout\u00e9 une page contenant des renseignements sur les \u00e9tapes qui peuvent \u00eatre effectu\u00e9es avant d&rsquo;arriver au Canada, ainsi qu\u2019une page consacr\u00e9e au <a href=\"https:\/\/mcc.ca\/fr\/titres-de-competences-et-services\/parcours-vers-lobtention-du-permis-dexercice\/parcours-a-lintention-des-diplomes-et-medecins-americains\/\">parcours pour les dipl\u00f4m\u00e9s et m\u00e9decins des \u00c9tats-Unis<\/a>.<\/li><li>Une base de donn\u00e9es contenant des ressources gratuites a \u00e9t\u00e9 cr\u00e9\u00e9e pour soutenir les candidats dans leur pr\u00e9paration aux examens du CMC, y compris des ressources con\u00e7ues pour aider les DIM et les MFE \u00e0 comprendre les aspects culturels li\u00e9s \u00e0 l\u2019exercice de la m\u00e9decine au Canada.<\/li><li>La modernisation du portail inscriptionmed.ca permet aux candidats de t\u00e9l\u00e9charger leurs titres de comp\u00e9tences en m\u00e9decine aux fins de v\u00e9rification directement sur la plateforme, et ce, de fa\u00e7on plus simple et plus s\u00e9curitaire.<\/li><li>Un nouvel examen pr\u00e9paratoire (EP) et un nouvel EP court, qui s\u2019alignent sur la version mise \u00e0 jour de l\u2019EACMC, partie I, ont \u00e9t\u00e9 lanc\u00e9s en d\u00e9cembre 2024 pour aider les DIM dans leur pr\u00e9paration \u00e0 nos examens.<\/li><li>En partenariat avec le\u00a0D<sup>r<\/sup>\u202fFilipe Santos, le CMC a publi\u00e9 <a href=\"https:\/\/mcc.ca\/fr\/nouvelles\/le-livre-electronique-octroi-de-permis-dexercice-de-la-medecine-au-canada-est-maintenant-en-ligne\/\">Octroi de permis d\u2019exercice au Canada<\/a>, un livre \u00e9lectronique gratuit disponible sur le site Web du CMC. Cette ressource fournit aux DIM et aux MFE des informations d\u00e9taill\u00e9es sur les voies d\u2019acc\u00e8s \u00e0 l\u2019obtention du permis d\u2019exercice ainsi que sur les exigences provinciales et territoriales.<\/li><\/ul><h3>Renforcement de la communaut\u00e9<\/h3><ul><li>Le CMC a tenu son premier webinaire <em>Pratiquer la m\u00e9decine au Canada \u2013 Le parcours des DIM vers l\u2019obtention d\u2019un permis d\u2019exercice<\/em> en f\u00e9vrier 2025. Plus de 6 000 personnes se sont inscrites pour y assister.<\/li><li>Des repr\u00e9sentants du CMC se sont entretenus avec des DIM lors de la IMG Conference &amp; Expo ainsi que la conf\u00e9rence de l\u2019International Association for Health Professions Education (AMEE) en 2024 et en 2025. Le CMC pr\u00e9voit poursuivre sa participation \u00e0 ces \u00e9v\u00e9nements \u00e0 l\u2019avenir.<\/li><\/ul>\t\t\t\t\t\t\t\t<\/div>\n\t\t\t\t<\/div>\n\t\t\t\t\t<\/div>\n\t\t<\/div>\n\t\t\t\t\t<\/div>\n\t\t<\/section>\n\t\t\t\t<section class=\"elementor-section elementor-top-section elementor-element elementor-element-4c4f64c elementor-section-boxed elementor-section-height-default elementor-section-height-default\" data-id=\"4c4f64c\" data-element_type=\"section\" data-e-type=\"section\">\n\t\t\t\t\t\t<div class=\"elementor-container elementor-column-gap-default\">\n\t\t\t\t\t<div class=\"elementor-column elementor-col-100 elementor-top-column elementor-element elementor-element-5b77c828\" data-id=\"5b77c828\" data-element_type=\"column\" data-e-type=\"column\">\n\t\t\t<div class=\"elementor-widget-wrap elementor-element-populated\">\n\t\t\t\t\t\t<div class=\"elementor-element elementor-element-7bbeb7a5 elementor-widget elementor-widget-heading\" data-id=\"7bbeb7a5\" data-element_type=\"widget\" data-e-type=\"widget\" data-widget_type=\"heading.default\">\n\t\t\t\t<div class=\"elementor-widget-container\">\n\t\t\t\t\t<h2 class=\"elementor-heading-title elementor-size-default\">Prochaines \u00e9tapes\n<\/h2>\t\t\t\t<\/div>\n\t\t\t\t<\/div>\n\t\t\t\t<div class=\"elementor-element elementor-element-3bacc08 elementor-widget elementor-widget-heading\" data-id=\"3bacc08\" data-element_type=\"widget\" data-e-type=\"widget\" data-widget_type=\"heading.default\">\n\t\t\t\t<div class=\"elementor-widget-container\">\n\t\t\t\t\t<h3 class=\"elementor-heading-title elementor-size-default\">Gouvernance\n<\/h3>\t\t\t\t<\/div>\n\t\t\t\t<\/div>\n\t\t\t\t<div class=\"elementor-element elementor-element-356e53c2 elementor-widget-divider--view-line elementor-widget elementor-widget-divider\" data-id=\"356e53c2\" data-element_type=\"widget\" data-e-type=\"widget\" data-widget_type=\"divider.default\">\n\t\t\t\t<div class=\"elementor-widget-container\">\n\t\t\t\t\t\t\t<div class=\"elementor-divider\">\n\t\t\t<span class=\"elementor-divider-separator\">\n\t\t\t\t\t\t<\/span>\n\t\t<\/div>\n\t\t\t\t\t\t<\/div>\n\t\t\t\t<\/div>\n\t\t\t\t<div class=\"elementor-element elementor-element-610e69e3 elementor-widget elementor-widget-text-editor\" data-id=\"610e69e3\" data-element_type=\"widget\" data-e-type=\"widget\" data-widget_type=\"text-editor.default\">\n\t\t\t\t<div class=\"elementor-widget-container\">\n\t\t\t\t\t\t\t\t\t<ul><li>Le CMC s\u2019engage \u00e0 poursuivre sa collaboration par l\u2019entremise de l\u2019Alliance des DIM de la Collaboration nationale en mati\u00e8re d&rsquo;\u00e9valuation (CNE) en recrutant de nouveaux membres, en d\u00e9finissant de nouvelles priorit\u00e9s et en partageant des pratiques exemplaires et des approches novatrices en mati\u00e8re d\u2019\u00e9valuation des DIM au Canada avec les provinces et territoires ainsi que les organisations.<\/li><\/ul>\t\t\t\t\t\t\t\t<\/div>\n\t\t\t\t<\/div>\n\t\t\t\t<div class=\"elementor-element elementor-element-57094ff2 elementor-widget-divider--view-line elementor-widget elementor-widget-divider\" data-id=\"57094ff2\" data-element_type=\"widget\" data-e-type=\"widget\" data-widget_type=\"divider.default\">\n\t\t\t\t<div class=\"elementor-widget-container\">\n\t\t\t\t\t\t\t<div class=\"elementor-divider\">\n\t\t\t<span class=\"elementor-divider-separator\">\n\t\t\t\t\t\t<\/span>\n\t\t<\/div>\n\t\t\t\t\t\t<\/div>\n\t\t\t\t<\/div>\n\t\t\t\t<div class=\"elementor-element elementor-element-28676d7 elementor-widget elementor-widget-heading\" data-id=\"28676d7\" data-element_type=\"widget\" data-e-type=\"widget\" data-widget_type=\"heading.default\">\n\t\t\t\t<div class=\"elementor-widget-container\">\n\t\t\t\t\t<h3 class=\"elementor-heading-title elementor-size-default\">Soutien accru pour les DIM\n<\/h3>\t\t\t\t<\/div>\n\t\t\t\t<\/div>\n\t\t\t\t<div class=\"elementor-element elementor-element-1a8e9760 elementor-widget-divider--view-line elementor-widget elementor-widget-divider\" data-id=\"1a8e9760\" data-element_type=\"widget\" data-e-type=\"widget\" data-widget_type=\"divider.default\">\n\t\t\t\t<div class=\"elementor-widget-container\">\n\t\t\t\t\t\t\t<div class=\"elementor-divider\">\n\t\t\t<span class=\"elementor-divider-separator\">\n\t\t\t\t\t\t<\/span>\n\t\t<\/div>\n\t\t\t\t\t\t<\/div>\n\t\t\t\t<\/div>\n\t\t\t\t<div class=\"elementor-element elementor-element-1f163e4e elementor-widget elementor-widget-text-editor\" data-id=\"1f163e4e\" data-element_type=\"widget\" data-e-type=\"widget\" data-widget_type=\"text-editor.default\">\n\t\t\t\t<div class=\"elementor-widget-container\">\n\t\t\t\t\t\t\t\t\t<ul><li>Le CMC \u00e9laborera d\u2019autres produits pr\u00e9paratoires par \u00e9tapes, en s\u2019appuyant sur les commentaires obtenus des candidats.<\/li><li>Une s\u00e9rie de webinaires qui est en cours permettra aux DIM et aux MFE d\u2019obtenir de l\u2019information directement des experts sur les questions li\u00e9es \u00e0 l\u2019obtention d\u2019un permis d\u2019exercice.<\/li><\/ul>\t\t\t\t\t\t\t\t<\/div>\n\t\t\t\t<\/div>\n\t\t\t\t<div class=\"elementor-element elementor-element-52d82651 elementor-widget-divider--view-line elementor-widget elementor-widget-divider\" data-id=\"52d82651\" data-element_type=\"widget\" data-e-type=\"widget\" data-widget_type=\"divider.default\">\n\t\t\t\t<div class=\"elementor-widget-container\">\n\t\t\t\t\t\t\t<div class=\"elementor-divider\">\n\t\t\t<span class=\"elementor-divider-separator\">\n\t\t\t\t\t\t<\/span>\n\t\t<\/div>\n\t\t\t\t\t\t<\/div>\n\t\t\t\t<\/div>\n\t\t\t\t<div class=\"elementor-element elementor-element-625ca305 elementor-widget elementor-widget-heading\" data-id=\"625ca305\" data-element_type=\"widget\" data-e-type=\"widget\" data-widget_type=\"heading.default\">\n\t\t\t\t<div class=\"elementor-widget-container\">\n\t\t\t\t\t<h3 class=\"elementor-heading-title elementor-size-default\">Mises \u00e0 jour apport\u00e9es \u00e0 inscriptionmed.ca \n<\/h3>\t\t\t\t<\/div>\n\t\t\t\t<\/div>\n\t\t\t\t<div class=\"elementor-element elementor-element-874cc7a elementor-widget-divider--view-line elementor-widget elementor-widget-divider\" data-id=\"874cc7a\" data-element_type=\"widget\" data-e-type=\"widget\" data-widget_type=\"divider.default\">\n\t\t\t\t<div class=\"elementor-widget-container\">\n\t\t\t\t\t\t\t<div class=\"elementor-divider\">\n\t\t\t<span class=\"elementor-divider-separator\">\n\t\t\t\t\t\t<\/span>\n\t\t<\/div>\n\t\t\t\t\t\t<\/div>\n\t\t\t\t<\/div>\n\t\t\t\t<div class=\"elementor-element elementor-element-4647a5c4 elementor-widget elementor-widget-text-editor\" data-id=\"4647a5c4\" data-element_type=\"widget\" data-e-type=\"widget\" data-widget_type=\"text-editor.default\">\n\t\t\t\t<div class=\"elementor-widget-container\">\n\t\t\t\t\t\t\t\t\t<ul><li>Avec le projet de modernisation d\u2019inscriptionmed.ca actuellement en cours, le CMC poursuivra l\u2019am\u00e9lioration de la plateforme afin de simplifier la navigation pour les candidats tout en renfor\u00e7ant la s\u00e9curit\u00e9 globale et en simplifiant la maintenance.<\/li><\/ul>\t\t\t\t\t\t\t\t<\/div>\n\t\t\t\t<\/div>\n\t\t\t\t<div class=\"elementor-element elementor-element-53fcb927 elementor-widget-divider--view-line elementor-widget elementor-widget-divider\" data-id=\"53fcb927\" data-element_type=\"widget\" data-e-type=\"widget\" data-widget_type=\"divider.default\">\n\t\t\t\t<div class=\"elementor-widget-container\">\n\t\t\t\t\t\t\t<div class=\"elementor-divider\">\n\t\t\t<span class=\"elementor-divider-separator\">\n\t\t\t\t\t\t<\/span>\n\t\t<\/div>\n\t\t\t\t\t\t<\/div>\n\t\t\t\t<\/div>\n\t\t\t\t<div class=\"elementor-element elementor-element-29396e4e elementor-widget elementor-widget-heading\" data-id=\"29396e4e\" data-element_type=\"widget\" data-e-type=\"widget\" data-widget_type=\"heading.default\">\n\t\t\t\t<div class=\"elementor-widget-container\">\n\t\t\t\t\t<h3 class=\"elementor-heading-title elementor-size-default\">Une transparence accrue pour la v\u00e9rification \u00e0 la source des titres de comp\u00e9tences \n<\/h3>\t\t\t\t<\/div>\n\t\t\t\t<\/div>\n\t\t\t\t<div class=\"elementor-element elementor-element-5bbde852 elementor-widget-divider--view-line elementor-widget elementor-widget-divider\" data-id=\"5bbde852\" data-element_type=\"widget\" data-e-type=\"widget\" data-widget_type=\"divider.default\">\n\t\t\t\t<div class=\"elementor-widget-container\">\n\t\t\t\t\t\t\t<div class=\"elementor-divider\">\n\t\t\t<span class=\"elementor-divider-separator\">\n\t\t\t\t\t\t<\/span>\n\t\t<\/div>\n\t\t\t\t\t\t<\/div>\n\t\t\t\t<\/div>\n\t\t\t\t<div class=\"elementor-element elementor-element-2c4495b3 elementor-widget elementor-widget-text-editor\" data-id=\"2c4495b3\" data-element_type=\"widget\" data-e-type=\"widget\" data-widget_type=\"text-editor.default\">\n\t\t\t\t<div class=\"elementor-widget-container\">\n\t\t\t\t\t\t\t\t\t<ul><li>L\u2019analyse exhaustive de l\u2019ensemble du processus de v\u00e9rification \u00e0 la source ainsi que la mise en \u0153uvre de nouvelles solutions technologiques permettront d\u2019am\u00e9liorer la transparence et l\u2019efficacit\u00e9 pour la v\u00e9rification des titres de comp\u00e9tences des DIM.<\/li><\/ul>\t\t\t\t\t\t\t\t<\/div>\n\t\t\t\t<\/div>\n\t\t\t\t<div class=\"elementor-element elementor-element-31477663 elementor-widget-divider--view-line elementor-widget elementor-widget-divider\" data-id=\"31477663\" data-element_type=\"widget\" data-e-type=\"widget\" data-widget_type=\"divider.default\">\n\t\t\t\t<div class=\"elementor-widget-container\">\n\t\t\t\t\t\t\t<div class=\"elementor-divider\">\n\t\t\t<span class=\"elementor-divider-separator\">\n\t\t\t\t\t\t<\/span>\n\t\t<\/div>\n\t\t\t\t\t\t<\/div>\n\t\t\t\t<\/div>\n\t\t\t\t\t<\/div>\n\t\t<\/div>\n\t\t\t\t\t<\/div>\n\t\t<\/section>\n\t\t\t\t<section class=\"elementor-section elementor-top-section elementor-element elementor-element-756f14a0 elementor-section-boxed elementor-section-height-default elementor-section-height-default\" data-id=\"756f14a0\" data-element_type=\"section\" data-e-type=\"section\">\n\t\t\t\t\t\t<div class=\"elementor-container elementor-column-gap-default\">\n\t\t\t\t\t<div class=\"elementor-column elementor-col-100 elementor-top-column elementor-element elementor-element-540b16d0\" data-id=\"540b16d0\" data-element_type=\"column\" data-e-type=\"column\">\n\t\t\t<div class=\"elementor-widget-wrap elementor-element-populated\">\n\t\t\t\t\t\t<section class=\"elementor-section elementor-inner-section elementor-element elementor-element-fdd795a elementor-section-boxed elementor-section-height-default elementor-section-height-default\" data-id=\"fdd795a\" data-element_type=\"section\" data-e-type=\"section\">\n\t\t\t\t\t\t<div class=\"elementor-container elementor-column-gap-default\">\n\t\t\t\t\t<div class=\"elementor-column elementor-col-50 elementor-inner-column elementor-element elementor-element-542b514d\" data-id=\"542b514d\" data-element_type=\"column\" data-e-type=\"column\">\n\t\t\t<div class=\"elementor-widget-wrap elementor-element-populated\">\n\t\t\t\t\t\t<div class=\"elementor-element elementor-element-7c0f9ba3 elementor-align-right elementor-mobile-align-center elementor-widget elementor-widget-button\" data-id=\"7c0f9ba3\" data-element_type=\"widget\" data-e-type=\"widget\" data-widget_type=\"button.default\">\n\t\t\t\t<div class=\"elementor-widget-container\">\n\t\t\t\t\t\t\t\t\t<div class=\"elementor-button-wrapper\">\n\t\t\t\t\t<a class=\"elementor-button elementor-button-link elementor-size-sm\" href=\"\/fr\/a-propos-de-nous\/plan-strategique-2024-2027\/\">\n\t\t\t\t\t\t<span class=\"elementor-button-content-wrapper\">\n\t\t\t\t\t\t<span class=\"elementor-button-icon\">\n\t\t\t\t<i aria-hidden=\"true\" class=\"fal fa-arrow-left\"><\/i>\t\t\t<\/span>\n\t\t\t\t\t\t\t\t\t<span class=\"elementor-button-text\">Retour aux objectifs strat\u00e9giques<\/span>\n\t\t\t\t\t<\/span>\n\t\t\t\t\t<\/a>\n\t\t\t\t<\/div>\n\t\t\t\t\t\t\t\t<\/div>\n\t\t\t\t<\/div>\n\t\t\t\t\t<\/div>\n\t\t<\/div>\n\t\t\t\t<div class=\"elementor-column elementor-col-50 elementor-inner-column elementor-element elementor-element-7988c00a\" data-id=\"7988c00a\" data-element_type=\"column\" data-e-type=\"column\">\n\t\t\t<div class=\"elementor-widget-wrap elementor-element-populated\">\n\t\t\t\t\t\t<div class=\"elementor-element elementor-element-3c9d5c84 elementor-align-left elementor-mobile-align-center elementor-widget elementor-widget-button\" data-id=\"3c9d5c84\" data-element_type=\"widget\" data-e-type=\"widget\" data-widget_type=\"button.default\">\n\t\t\t\t<div class=\"elementor-widget-container\">\n\t\t\t\t\t\t\t\t\t<div class=\"elementor-button-wrapper\">\n\t\t\t\t\t<a class=\"elementor-button elementor-button-link elementor-size-sm\" href=\"\/fr\/a-propos-de-nous\/plan-strategique-2024-2027\/objectifs-strategiques-3\/\">\n\t\t\t\t\t\t<span class=\"elementor-button-content-wrapper\">\n\t\t\t\t\t\t<span class=\"elementor-button-icon\">\n\t\t\t\t<i aria-hidden=\"true\" class=\"fal fa-arrow-right\"><\/i>\t\t\t<\/span>\n\t\t\t\t\t\t\t\t\t<span class=\"elementor-button-text\">Objectif strat\u00e9gique suivant<\/span>\n\t\t\t\t\t<\/span>\n\t\t\t\t\t<\/a>\n\t\t\t\t<\/div>\n\t\t\t\t\t\t\t\t<\/div>\n\t\t\t\t<\/div>\n\t\t\t\t\t<\/div>\n\t\t<\/div>\n\t\t\t\t\t<\/div>\n\t\t<\/section>\n\t\t\t\t\t<\/div>\n\t\t<\/div>\n\t\t\t\t\t<\/div>\n\t\t<\/section>\n\t\t\t\t<\/div>\n\t\t","protected":false},"excerpt":{"rendered":"<p>2 Aider les DIM dans leur cheminement vers l\u2019exercice de la m\u00e9decine ou dans d\u2019autres fonctions m\u00e9dicales au Canada Le Conseil m\u00e9dical du Canada (CMC), de concert avec les parties int\u00e9ress\u00e9es avec lesquelles il travaille, reconna\u00eet l\u2019importance d\u2019aider les dipl\u00f4m\u00e9s internationaux en m\u00e9decine (DIM) et les m\u00e9decins form\u00e9s \u00e0 l\u2019\u00e9tranger (MFE) \u00e0 faire partie de [&hellip;]<\/p>\n","protected":false},"author":13,"featured_media":0,"parent":19036,"menu_order":0,"comment_status":"closed","ping_status":"closed","template":"","meta":{"_acf_changed":false,"content-type":"","_relevanssi_hide_post":"","_relevanssi_hide_content":"","_relevanssi_pin_for_all":"","_relevanssi_pin_keywords":"","_relevanssi_unpin_keywords":"","_relevanssi_related_keywords":"","_relevanssi_related_include_ids":"","_relevanssi_related_exclude_ids":"","_relevanssi_related_no_append":"","_relevanssi_related_not_related":"","_relevanssi_related_posts":"3897","_relevanssi_noindex_reason":"","footnotes":""},"class_list":["post-19040","page","type-page","status-publish","hentry"],"acf":{"inherit_intro_image":true},"aioseo_notices":[],"_links":{"self":[{"href":"https:\/\/mcc.ca\/fr\/wp-json\/wp\/v2\/pages\/19040","targetHints":{"allow":["GET"]}}],"collection":[{"href":"https:\/\/mcc.ca\/fr\/wp-json\/wp\/v2\/pages"}],"about":[{"href":"https:\/\/mcc.ca\/fr\/wp-json\/wp\/v2\/types\/page"}],"author":[{"embeddable":true,"href":"https:\/\/mcc.ca\/fr\/wp-json\/wp\/v2\/users\/13"}],"replies":[{"embeddable":true,"href":"https:\/\/mcc.ca\/fr\/wp-json\/wp\/v2\/comments?post=19040"}],"version-history":[{"count":0,"href":"https:\/\/mcc.ca\/fr\/wp-json\/wp\/v2\/pages\/19040\/revisions"}],"up":[{"embeddable":true,"href":"https:\/\/mcc.ca\/fr\/wp-json\/wp\/v2\/pages\/19036"}],"wp:attachment":[{"href":"https:\/\/mcc.ca\/fr\/wp-json\/wp\/v2\/media?parent=19040"}],"curies":[{"name":"wp","href":"https:\/\/api.w.org\/{rel}","templated":true}]}}