{"id":14989,"date":"2024-01-10T14:11:17","date_gmt":"2024-01-10T19:11:17","guid":{"rendered":"https:\/\/mcc2022.wpengine.com\/?page_id=14989"},"modified":"2025-06-26T12:14:30","modified_gmt":"2025-06-26T16:14:30","slug":"viren-naik","status":"publish","type":"page","link":"https:\/\/mcc.ca\/fr\/a-propos-de-nous\/equipe-de-direction\/viren-naik\/","title":{"rendered":"Viren Naik"},"content":{"rendered":"\t\t<div data-elementor-type=\"wp-page\" data-elementor-id=\"14989\" class=\"elementor elementor-14989 elementor-14985\" data-elementor-post-type=\"page\">\n\t\t\t\t\t\t<section class=\"elementor-section elementor-top-section elementor-element elementor-element-47f37cd elementor-section-boxed elementor-section-height-default elementor-section-height-default\" data-id=\"47f37cd\" data-element_type=\"section\" data-e-type=\"section\">\n\t\t\t\t\t\t<div class=\"elementor-container elementor-column-gap-default\">\n\t\t\t\t\t<div class=\"elementor-column elementor-col-50 elementor-top-column elementor-element elementor-element-7d6badb\" data-id=\"7d6badb\" data-element_type=\"column\" data-e-type=\"column\">\n\t\t\t<div class=\"elementor-widget-wrap elementor-element-populated\">\n\t\t\t\t\t\t<div class=\"elementor-element elementor-element-e51199b elementor-widget__width-initial elementor-widget elementor-widget-image\" data-id=\"e51199b\" data-element_type=\"widget\" data-e-type=\"widget\" data-widget_type=\"image.default\">\n\t\t\t\t<div class=\"elementor-widget-container\">\n\t\t\t\t\t\t\t\t\t\t\t\t\t\t\t<img fetchpriority=\"high\" decoding=\"async\" width=\"500\" height=\"500\" src=\"https:\/\/mcc.ca\/wp-content\/uploads\/Governance-Viren-Naik-500x500px.jpg\" class=\"attachment-full size-full wp-image-13298\" alt=\"Image d\u00e9coratif du Dr Viren Naik.\" srcset=\"https:\/\/mcc.ca\/wp-content\/uploads\/Governance-Viren-Naik-500x500px.jpg 500w, https:\/\/mcc.ca\/wp-content\/uploads\/Governance-Viren-Naik-500x500px-300x300.jpg 300w, https:\/\/mcc.ca\/wp-content\/uploads\/Governance-Viren-Naik-500x500px-150x150.jpg 150w\" sizes=\"(max-width: 500px) 100vw, 500px\" \/>\t\t\t\t\t\t\t\t\t\t\t\t\t\t\t<\/div>\n\t\t\t\t<\/div>\n\t\t\t\t\t<\/div>\n\t\t<\/div>\n\t\t\t\t<div class=\"elementor-column elementor-col-50 elementor-top-column elementor-element elementor-element-dc82528\" data-id=\"dc82528\" data-element_type=\"column\" data-e-type=\"column\">\n\t\t\t<div class=\"elementor-widget-wrap elementor-element-populated\">\n\t\t\t\t\t\t<div class=\"elementor-element elementor-element-87dedd1 elementor-widget elementor-widget-heading\" data-id=\"87dedd1\" data-element_type=\"widget\" data-e-type=\"widget\" data-widget_type=\"heading.default\">\n\t\t\t\t<div class=\"elementor-widget-container\">\n\t\t\t\t\t<h2 class=\"elementor-heading-title elementor-size-default\">Viren Naik<\/h2>\t\t\t\t<\/div>\n\t\t\t\t<\/div>\n\t\t\t\t<div class=\"elementor-element elementor-element-0a14b32 elementor-widget elementor-widget-heading\" data-id=\"0a14b32\" data-element_type=\"widget\" data-e-type=\"widget\" data-widget_type=\"heading.default\">\n\t\t\t\t<div class=\"elementor-widget-container\">\n\t\t\t\t\t<p class=\"elementor-heading-title elementor-size-default\">M.D., M. \u00c9d., MBA, FRCPC<\/p>\t\t\t\t<\/div>\n\t\t\t\t<\/div>\n\t\t\t\t<div class=\"elementor-element elementor-element-cd51e92 elementor-widget elementor-widget-heading\" data-id=\"cd51e92\" data-element_type=\"widget\" data-e-type=\"widget\" data-widget_type=\"heading.default\">\n\t\t\t\t<div class=\"elementor-widget-container\">\n\t\t\t\t\t<p class=\"elementor-heading-title elementor-size-default\">Directeur g\u00e9n\u00e9ral<\/p>\t\t\t\t<\/div>\n\t\t\t\t<\/div>\n\t\t\t\t\t<\/div>\n\t\t<\/div>\n\t\t\t\t\t<\/div>\n\t\t<\/section>\n\t\t\t\t<section class=\"elementor-section elementor-top-section elementor-element elementor-element-6b4bfde elementor-section-boxed elementor-section-height-default elementor-section-height-default\" data-id=\"6b4bfde\" data-element_type=\"section\" data-e-type=\"section\">\n\t\t\t\t\t\t<div class=\"elementor-container elementor-column-gap-default\">\n\t\t\t\t\t<div class=\"elementor-column elementor-col-100 elementor-top-column elementor-element elementor-element-88397bb\" data-id=\"88397bb\" data-element_type=\"column\" data-e-type=\"column\">\n\t\t\t<div class=\"elementor-widget-wrap elementor-element-populated\">\n\t\t\t\t\t\t<div class=\"elementor-element elementor-element-78262aa elementor-widget elementor-widget-text-editor\" data-id=\"78262aa\" data-element_type=\"widget\" data-e-type=\"widget\" data-widget_type=\"text-editor.default\">\n\t\t\t\t<div class=\"elementor-widget-container\">\n\t\t\t\t\t\t\t\t\t<p>Le Conseil m\u00e9dical du Canada (CMC) a accueilli le D<sup>r<\/sup> Viren Naik \u00e0 titre de directeur g\u00e9n\u00e9ral le 1<sup>er<\/sup> janvier 2024. Le D<sup>r\u00a0<\/sup>Naik, qui a \u00e9t\u00e9 le directeur principal de l\u2019\u00e9valuation au CMC du 6 juin 2022 au 31 d\u00e9cembre 2023, succ\u00e8de \u00e0 la D<sup>re<\/sup> Maureen Topps.<\/p><p>Professeur d\u2019anesth\u00e9siologie et de m\u00e9decine de la douleur \u00e0 la facult\u00e9 de m\u00e9decine de l\u2019Universit\u00e9 d\u2019Ottawa, le D<sup>r\u00a0<\/sup>Naik poss\u00e8de plus de 25 ans d\u2019exp\u00e9rience en m\u00e9decine universitaire et est un chef de file de l\u2019\u00e9ducation m\u00e9dicale qui est reconnu mondialement et qui compte \u00e0 son actif plus de 140 publications et subventions.<\/p><p>En 2001, le D<sup>r<\/sup> Naik a obtenu une ma\u00eetrise en \u00e9ducation de la University of Toronto ainsi qu\u2019une bourse d\u2019\u00e9tudes en p\u00e9dagogie du Wilson Centre for Research in Education. Il a \u00e9galement \u00e9t\u00e9 recrut\u00e9 par le St. Michael\u2019s Hospital, o\u00f9 il a mis sur pied un programme de bourses de recherche en simulation, et a \u00e9t\u00e9 nomm\u00e9 trois ans plus tard directeur m\u00e9dical du Allan Waters Family Simulation Centre. En 2009, le D<sup>r<\/sup> Naik a \u00e9t\u00e9 recrut\u00e9 par la University of Toronto pour \u00e9tablir le Centre de comp\u00e9tences et de simulation de l\u2019Universit\u00e9 d\u2019Ottawa (CCSuO) \u00e0 titre de premier directeur m\u00e9dical.<\/p><p>En 2015, le D<sup>r<\/sup> Naik a obtenu une ma\u00eetrise en administration des affaires pour cadres aupr\u00e8s de l\u2019\u00c9cole de gestion Telfer. De 2014 \u00e0 2017, il a occup\u00e9 le poste de vice-pr\u00e9sident, \u00c9ducation, \u00e0 l\u2019H\u00f4pital d\u2019Ottawa, en vue de cr\u00e9er un milieu propice \u00e0 l\u2019apprentissage et de diriger des initiatives interprofessionnelles visant \u00e0 am\u00e9liorer l\u2019exp\u00e9rience des patients. Entre 2017 et 2022, le D<sup>r<\/sup> Naik a \u00e9t\u00e9 professeur R.S. McLaughlin d\u2019\u00e9ducation m\u00e9dicale \u00e0 l\u2019Universit\u00e9 d\u2019Ottawa et a agi comme directeur de l\u2019\u00e9valuation pour le Coll\u00e8ge royal des m\u00e9decins et chirurgiens du Canada, o\u00f9 il a supervis\u00e9 la reconnaissance des titres de comp\u00e9tences dans le domaine de la formation sp\u00e9cialis\u00e9e ainsi que l\u2019\u00e9valuation (dont les examens) de toutes les sp\u00e9cialit\u00e9s m\u00e9dicales au Canada.<\/p>\t\t\t\t\t\t\t\t<\/div>\n\t\t\t\t<\/div>\n\t\t\t\t\t<\/div>\n\t\t<\/div>\n\t\t\t\t\t<\/div>\n\t\t<\/section>\n\t\t\t\t<\/div>\n\t\t","protected":false},"excerpt":{"rendered":"<p>Viren Naik M.D., M. \u00c9d., MBA, FRCPC Directeur g\u00e9n\u00e9ral Le Conseil m\u00e9dical du Canada (CMC) a accueilli le Dr Viren Naik \u00e0 titre de directeur g\u00e9n\u00e9ral le 1er janvier 2024. Le Dr\u00a0Naik, qui a \u00e9t\u00e9 le directeur principal de l\u2019\u00e9valuation au CMC du 6 juin 2022 au 31 d\u00e9cembre 2023, succ\u00e8de \u00e0 la Dre Maureen [&hellip;]<\/p>\n","protected":false},"author":13,"featured_media":0,"parent":10564,"menu_order":0,"comment_status":"closed","ping_status":"closed","template":"","meta":{"_acf_changed":false,"content-type":"","_relevanssi_hide_post":"","_relevanssi_hide_content":"","_relevanssi_pin_for_all":"","_relevanssi_pin_keywords":"","_relevanssi_unpin_keywords":"","_relevanssi_related_keywords":"","_relevanssi_related_include_ids":"","_relevanssi_related_exclude_ids":"","_relevanssi_related_no_append":"","_relevanssi_related_not_related":"","_relevanssi_related_posts":"3897","_relevanssi_noindex_reason":"","footnotes":""},"class_list":["post-14989","page","type-page","status-publish","hentry"],"acf":{"inherit_intro_image":true},"aioseo_notices":[],"_links":{"self":[{"href":"https:\/\/mcc.ca\/fr\/wp-json\/wp\/v2\/pages\/14989","targetHints":{"allow":["GET"]}}],"collection":[{"href":"https:\/\/mcc.ca\/fr\/wp-json\/wp\/v2\/pages"}],"about":[{"href":"https:\/\/mcc.ca\/fr\/wp-json\/wp\/v2\/types\/page"}],"author":[{"embeddable":true,"href":"https:\/\/mcc.ca\/fr\/wp-json\/wp\/v2\/users\/13"}],"replies":[{"embeddable":true,"href":"https:\/\/mcc.ca\/fr\/wp-json\/wp\/v2\/comments?post=14989"}],"version-history":[{"count":0,"href":"https:\/\/mcc.ca\/fr\/wp-json\/wp\/v2\/pages\/14989\/revisions"}],"up":[{"embeddable":true,"href":"https:\/\/mcc.ca\/fr\/wp-json\/wp\/v2\/pages\/10564"}],"wp:attachment":[{"href":"https:\/\/mcc.ca\/fr\/wp-json\/wp\/v2\/media?parent=14989"}],"curies":[{"name":"wp","href":"https:\/\/api.w.org\/{rel}","templated":true}]}}