{"id":13884,"date":"2024-01-08T12:04:30","date_gmt":"2024-01-08T17:04:30","guid":{"rendered":"https:\/\/mcc2022.wpengine.com\/?page_id=13884"},"modified":"2026-03-31T17:17:04","modified_gmt":"2026-03-31T21:17:04","slug":"de-laide-pour-vous-preparer-a-leacmc","status":"publish","type":"page","link":"https:\/\/mcc.ca\/fr\/examens-et-evaluations\/ressources-pour-aider-a-la-preparation-dun-examen\/produits-preparatoires\/de-laide-pour-vous-preparer-a-leacmc\/","title":{"rendered":"De l\u2019aide pour vous pr\u00e9parer \u00e0 l\u2019EACMC \u00a0"},"content":{"rendered":"\t\t<div data-elementor-type=\"wp-page\" data-elementor-id=\"13884\" class=\"elementor elementor-13884 elementor-13838\" data-elementor-post-type=\"page\">\n\t\t\t\t\t\t<section class=\"elementor-section elementor-top-section elementor-element elementor-element-f94b73d elementor-section-boxed elementor-section-height-default elementor-section-height-default\" data-id=\"f94b73d\" data-element_type=\"section\" data-e-type=\"section\">\n\t\t\t\t\t\t<div class=\"elementor-container elementor-column-gap-default\">\n\t\t\t\t\t<div class=\"elementor-column elementor-col-100 elementor-top-column elementor-element elementor-element-ea6a2b8\" data-id=\"ea6a2b8\" data-element_type=\"column\" data-e-type=\"column\">\n\t\t\t<div class=\"elementor-widget-wrap elementor-element-populated\">\n\t\t\t\t\t\t<div class=\"elementor-element elementor-element-06e96f9 elementor-widget elementor-widget-text-editor\" data-id=\"06e96f9\" data-element_type=\"widget\" data-e-type=\"widget\" data-widget_type=\"text-editor.default\">\n\t\t\t\t<div class=\"elementor-widget-container\">\n\t\t\t\t\t\t\t\t\t<h2>Abonnez-vous pour recevoir des mises \u00e0 jour, des nouvelles et des conseils utiles<\/h2>\n<p>Remplissez et soumettez ce formulaire pour recevoir des mises \u00e0 jour, des nouvelles et des conseils utiles pour vous pr\u00e9parer \u00e0 l\u2019EACMC, y compris des astuces d\u2019utilisation des produits pr\u00e9paratoires \u00e0 l\u2019EACMC.<\/p>\t\t\t\t\t\t\t\t<\/div>\n\t\t\t\t<\/div>\n\t\t\t\t<div class=\"elementor-element elementor-element-67f440c elementor-widget elementor-widget-hubspot-form\" data-id=\"67f440c\" data-element_type=\"widget\" data-e-type=\"widget\" data-widget_type=\"hubspot-form.default\">\n\t\t\t\t<div class=\"elementor-widget-container\">\n\t\t\t\t\t\n\t\t\t\t\t\t<script>\n\t\t\t\t\t\t\twindow.hsFormsOnReady = window.hsFormsOnReady || [];\n\t\t\t\t\t\t\twindow.hsFormsOnReady.push(()=>{\n\t\t\t\t\t\t\t\thbspt.forms.create({\n\t\t\t\t\t\t\t\t\tportalId: 19949200,\n\t\t\t\t\t\t\t\t\tformId: \"75a7e766-276f-4244-b541-363dd7040eff\",\n\t\t\t\t\t\t\t\t\ttarget: \"#hbspt-form-1777800653000-0115010692\",\n\t\t\t\t\t\t\t\t\tregion: \"na1\",\n\t\t\t\t\t\t\t\t\t\n\t\t\t\t\t\t\t})});\n\t\t\t\t\t\t<\/script>\n\t\t\t\t\t\t<div class=\"hbspt-form\" id=\"hbspt-form-1777800653000-0115010692\"><\/div>\t\t\t\t<\/div>\n\t\t\t\t<\/div>\n\t\t\t\t\t<\/div>\n\t\t<\/div>\n\t\t\t\t\t<\/div>\n\t\t<\/section>\n\t\t\t\t<\/div>\n\t\t","protected":false},"excerpt":{"rendered":"<p>Abonnez-vous pour recevoir des mises \u00e0 jour, des nouvelles et des conseils utiles Remplissez et soumettez ce formulaire pour recevoir des mises \u00e0 jour, des nouvelles et des conseils utiles pour vous pr\u00e9parer \u00e0 l\u2019EACMC, y compris des astuces d\u2019utilisation des produits pr\u00e9paratoires \u00e0 l\u2019EACMC.<\/p>\n","protected":false},"author":13,"featured_media":0,"parent":13228,"menu_order":0,"comment_status":"closed","ping_status":"closed","template":"","meta":{"_acf_changed":false,"content-type":"","_relevanssi_hide_post":"","_relevanssi_hide_content":"","_relevanssi_pin_for_all":"","_relevanssi_pin_keywords":"","_relevanssi_unpin_keywords":"","_relevanssi_related_keywords":"","_relevanssi_related_include_ids":"","_relevanssi_related_exclude_ids":"","_relevanssi_related_no_append":"","_relevanssi_related_not_related":"","_relevanssi_related_posts":"3897","_relevanssi_noindex_reason":"","footnotes":""},"class_list":["post-13884","page","type-page","status-publish","hentry"],"acf":{"inherit_intro_image":true},"aioseo_notices":[],"_links":{"self":[{"href":"https:\/\/mcc.ca\/fr\/wp-json\/wp\/v2\/pages\/13884","targetHints":{"allow":["GET"]}}],"collection":[{"href":"https:\/\/mcc.ca\/fr\/wp-json\/wp\/v2\/pages"}],"about":[{"href":"https:\/\/mcc.ca\/fr\/wp-json\/wp\/v2\/types\/page"}],"author":[{"embeddable":true,"href":"https:\/\/mcc.ca\/fr\/wp-json\/wp\/v2\/users\/13"}],"replies":[{"embeddable":true,"href":"https:\/\/mcc.ca\/fr\/wp-json\/wp\/v2\/comments?post=13884"}],"version-history":[{"count":5,"href":"https:\/\/mcc.ca\/fr\/wp-json\/wp\/v2\/pages\/13884\/revisions"}],"predecessor-version":[{"id":30002,"href":"https:\/\/mcc.ca\/fr\/wp-json\/wp\/v2\/pages\/13884\/revisions\/30002"}],"up":[{"embeddable":true,"href":"https:\/\/mcc.ca\/fr\/wp-json\/wp\/v2\/pages\/13228"}],"wp:attachment":[{"href":"https:\/\/mcc.ca\/fr\/wp-json\/wp\/v2\/media?parent=13884"}],"curies":[{"name":"wp","href":"https:\/\/api.w.org\/{rel}","templated":true}]}}