{"id":13882,"date":"2024-01-08T12:25:47","date_gmt":"2024-01-08T17:25:47","guid":{"rendered":"https:\/\/mcc2022.wpengine.com\/?page_id=13882"},"modified":"2024-01-09T09:44:56","modified_gmt":"2024-01-09T14:44:56","slug":"joignez-vous-a-un-comite-depreuve-de-leacmc-partie-i-ou-de-lexamen-lie-a-la-pdt","status":"publish","type":"page","link":"https:\/\/mcc.ca\/fr\/a-propos-de-nous\/impliquez-vous\/contribuez-a-la-creation-de-contenu-dexamen\/joignez-vous-a-un-comite-depreuve-de-leacmc-partie-i-ou-de-lexamen-lie-a-la-pdt\/","title":{"rendered":"Joignez-vous \u00e0 un comit\u00e9 d\u2019\u00e9preuve de l\u2019EACMC, partie\u00a0I, ou de l\u2019examen li\u00e9 \u00e0 la PDT"},"content":{"rendered":"\t\t<div data-elementor-type=\"wp-page\" data-elementor-id=\"13882\" class=\"elementor elementor-13882 elementor-13841\" data-elementor-post-type=\"page\">\n\t\t\t\t\t\t<section class=\"elementor-section elementor-top-section elementor-element elementor-element-ef478a3 elementor-section-boxed elementor-section-height-default elementor-section-height-default\" data-id=\"ef478a3\" data-element_type=\"section\" data-e-type=\"section\">\n\t\t\t\t\t\t<div class=\"elementor-container elementor-column-gap-default\">\n\t\t\t\t\t<div class=\"elementor-column elementor-col-100 elementor-top-column elementor-element elementor-element-5ff39ba\" data-id=\"5ff39ba\" data-element_type=\"column\" data-e-type=\"column\">\n\t\t\t<div class=\"elementor-widget-wrap elementor-element-populated\">\n\t\t\t\t\t\t<div class=\"elementor-element elementor-element-1e9f3ee elementor-widget elementor-widget-text-editor\" data-id=\"1e9f3ee\" data-element_type=\"widget\" data-e-type=\"widget\" data-widget_type=\"text-editor.default\">\n\t\t\t\t<div class=\"elementor-widget-container\">\n\t\t\t\t\t\t\t\t\t<h2>Impliquez-vous aupr\u00e8s du Conseil m\u00e9dical du Canada<\/h2><p>Remplissez et soumettez ce formulaire pour vous joindre \u00e0 un comit\u00e9 d\u2019\u00e9preuve et ainsi contribuer \u00e0 la cr\u00e9ation de contenu de grande qualit\u00e9 pour l\u2019examen d\u2019aptitude du Conseil m\u00e9dical du Canada (EACMC), partie I, ou l\u2019examen li\u00e9 \u00e0 la prise de d\u00e9cisions th\u00e9rapeutiques (PDT).<\/p>\t\t\t\t\t\t\t\t<\/div>\n\t\t\t\t<\/div>\n\t\t\t\t<div class=\"elementor-element elementor-element-f620e84 elementor-widget elementor-widget-hubspot-form\" data-id=\"f620e84\" data-element_type=\"widget\" data-e-type=\"widget\" data-widget_type=\"hubspot-form.default\">\n\t\t\t\t<div class=\"elementor-widget-container\">\n\t\t\t\t\t\n\t\t\t\t\t\t<script>\n\t\t\t\t\t\t\twindow.hsFormsOnReady = window.hsFormsOnReady || [];\n\t\t\t\t\t\t\twindow.hsFormsOnReady.push(()=>{\n\t\t\t\t\t\t\t\thbspt.forms.create({\n\t\t\t\t\t\t\t\t\tportalId: 19949200,\n\t\t\t\t\t\t\t\t\tformId: \"1c9d1a6b-971b-41a3-8267-6e1477fa2c69\",\n\t\t\t\t\t\t\t\t\ttarget: \"#hbspt-form-1778634205000-9971945617\",\n\t\t\t\t\t\t\t\t\tregion: \"na1\",\n\t\t\t\t\t\t\t\t\t\n\t\t\t\t\t\t\t})});\n\t\t\t\t\t\t<\/script>\n\t\t\t\t\t\t<div class=\"hbspt-form\" id=\"hbspt-form-1778634205000-9971945617\"><\/div>\t\t\t\t<\/div>\n\t\t\t\t<\/div>\n\t\t\t\t\t<\/div>\n\t\t<\/div>\n\t\t\t\t\t<\/div>\n\t\t<\/section>\n\t\t\t\t<\/div>\n\t\t","protected":false},"excerpt":{"rendered":"<p>Impliquez-vous aupr\u00e8s du Conseil m\u00e9dical du Canada Remplissez et soumettez ce formulaire pour vous joindre \u00e0 un comit\u00e9 d\u2019\u00e9preuve et ainsi contribuer \u00e0 la cr\u00e9ation de contenu de grande qualit\u00e9 pour l\u2019examen d\u2019aptitude du Conseil m\u00e9dical du Canada (EACMC), partie I, ou l\u2019examen li\u00e9 \u00e0 la prise de d\u00e9cisions th\u00e9rapeutiques (PDT).<\/p>\n","protected":false},"author":13,"featured_media":0,"parent":13523,"menu_order":0,"comment_status":"closed","ping_status":"closed","template":"","meta":{"_acf_changed":false,"content-type":"","_relevanssi_hide_post":"","_relevanssi_hide_content":"","_relevanssi_pin_for_all":"","_relevanssi_pin_keywords":"","_relevanssi_unpin_keywords":"","_relevanssi_related_keywords":"","_relevanssi_related_include_ids":"","_relevanssi_related_exclude_ids":"","_relevanssi_related_no_append":"","_relevanssi_related_not_related":"","_relevanssi_related_posts":"3897","_relevanssi_noindex_reason":"","footnotes":""},"class_list":["post-13882","page","type-page","status-publish","hentry"],"acf":{"inherit_intro_image":true},"aioseo_notices":[],"_links":{"self":[{"href":"https:\/\/mcc.ca\/fr\/wp-json\/wp\/v2\/pages\/13882","targetHints":{"allow":["GET"]}}],"collection":[{"href":"https:\/\/mcc.ca\/fr\/wp-json\/wp\/v2\/pages"}],"about":[{"href":"https:\/\/mcc.ca\/fr\/wp-json\/wp\/v2\/types\/page"}],"author":[{"embeddable":true,"href":"https:\/\/mcc.ca\/fr\/wp-json\/wp\/v2\/users\/13"}],"replies":[{"embeddable":true,"href":"https:\/\/mcc.ca\/fr\/wp-json\/wp\/v2\/comments?post=13882"}],"version-history":[{"count":0,"href":"https:\/\/mcc.ca\/fr\/wp-json\/wp\/v2\/pages\/13882\/revisions"}],"up":[{"embeddable":true,"href":"https:\/\/mcc.ca\/fr\/wp-json\/wp\/v2\/pages\/13523"}],"wp:attachment":[{"href":"https:\/\/mcc.ca\/fr\/wp-json\/wp\/v2\/media?parent=13882"}],"curies":[{"name":"wp","href":"https:\/\/api.w.org\/{rel}","templated":true}]}}