{"id":13577,"date":"2023-11-16T15:25:47","date_gmt":"2023-11-16T20:25:47","guid":{"rendered":"https:\/\/mcc2022.wpengine.com\/?page_id=13577"},"modified":"2026-03-30T11:22:19","modified_gmt":"2026-03-30T15:22:19","slug":"lcmc","status":"publish","type":"page","link":"https:\/\/mcc.ca\/fr\/titres-de-competences-et-services\/parcours-vers-lobtention-du-permis-dexercice\/lcmc\/","title":{"rendered":"LCMC\u00a0"},"content":{"rendered":"\t\t<div data-elementor-type=\"wp-page\" data-elementor-id=\"13577\" class=\"elementor elementor-13577 elementor-11328\" data-elementor-post-type=\"page\">\n\t\t\t\t\t\t<section class=\"elementor-section elementor-top-section elementor-element elementor-element-a8012e5 elementor-section-boxed elementor-section-height-default elementor-section-height-default\" data-id=\"a8012e5\" data-element_type=\"section\" data-e-type=\"section\">\n\t\t\t\t\t\t<div class=\"elementor-container elementor-column-gap-default\">\n\t\t\t\t\t<div class=\"elementor-column elementor-col-50 elementor-top-column elementor-element elementor-element-c70da5e\" data-id=\"c70da5e\" data-element_type=\"column\" data-e-type=\"column\">\n\t\t\t<div class=\"elementor-widget-wrap elementor-element-populated\">\n\t\t\t\t\t\t<div class=\"elementor-element elementor-element-a8534a0 elementor-widget elementor-widget-text-editor\" data-id=\"a8534a0\" data-element_type=\"widget\" data-e-type=\"widget\" data-widget_type=\"text-editor.default\">\n\t\t\t\t<div class=\"elementor-widget-container\">\n\t\t\t\t\t\t\t\t\t<h2>Qu\u2019est-ce que le LCMC<\/h2><p>Le titre de Licenci\u00e9 du Conseil m\u00e9dical du Canada\u202f(LCMC) est octroy\u00e9 par le Conseil m\u00e9dical du Canada\u202f(CMC) et fait partie des exigences \u00e9tablies par les ordres des m\u00e9decins provinciaux et territoriaux pour la d\u00e9livrance d\u2019un permis d\u2019exercice de la m\u00e9decine dans leurs territoires respectifs.<\/p><p>Les m\u00e9decins dont le nom figure au Registre m\u00e9dical canadien sont d\u00e9sign\u00e9s par \u00ab\u202fLicenci\u00e9s du Conseil m\u00e9dical du Canada\u202f\u00bb\u202f(\u00ab\u202fLCMC\u202f\u00bb) ou \u00ab\u202fLicentiates of the Medical Council of Canada\u202f\u00bb\u202f(\u00ab\u202fLMCC\u202f\u00bb).<\/p>\t\t\t\t\t\t\t\t<\/div>\n\t\t\t\t<\/div>\n\t\t\t\t<div class=\"elementor-element elementor-element-3a79a09 elementor-widget elementor-widget-button\" data-id=\"3a79a09\" data-element_type=\"widget\" data-e-type=\"widget\" data-widget_type=\"button.default\">\n\t\t\t\t<div class=\"elementor-widget-container\">\n\t\t\t\t\t\t\t\t\t<div class=\"elementor-button-wrapper\">\n\t\t\t\t\t<a class=\"elementor-button elementor-button-link elementor-size-sm\" href=\"\/fr\/titres-de-competences-et-services\/parcours-vers-lobtention-du-permis-dexercice\/\">\n\t\t\t\t\t\t<span class=\"elementor-button-content-wrapper\">\n\t\t\t\t\t\t\t\t\t<span class=\"elementor-button-text\">En savoir plus sur le parcours vers l\u2019obtention d\u2019un permis d\u2019exercice<\/span>\n\t\t\t\t\t<\/span>\n\t\t\t\t\t<\/a>\n\t\t\t\t<\/div>\n\t\t\t\t\t\t\t\t<\/div>\n\t\t\t\t<\/div>\n\t\t\t\t\t<\/div>\n\t\t<\/div>\n\t\t\t\t<div class=\"elementor-column elementor-col-50 elementor-top-column elementor-element elementor-element-171a28e\" data-id=\"171a28e\" data-element_type=\"column\" data-e-type=\"column\">\n\t\t\t<div class=\"elementor-widget-wrap elementor-element-populated\">\n\t\t\t\t\t\t<div class=\"elementor-element elementor-element-efffc4c elementor-widget elementor-widget-image\" data-id=\"efffc4c\" data-element_type=\"widget\" data-e-type=\"widget\" data-widget_type=\"image.default\">\n\t\t\t\t<div class=\"elementor-widget-container\">\n\t\t\t\t\t\t\t\t\t\t\t\t\t\t\t<img fetchpriority=\"high\" decoding=\"async\" width=\"233\" height=\"236\" src=\"https:\/\/mcc.ca\/wp-content\/uploads\/Canadian-Medical-Register-Blue-Logo.png\" class=\"attachment-large size-large wp-image-13597\" alt=\"\" \/>\t\t\t\t\t\t\t\t\t\t\t\t\t\t\t<\/div>\n\t\t\t\t<\/div>\n\t\t\t\t\t<\/div>\n\t\t<\/div>\n\t\t\t\t\t<\/div>\n\t\t<\/section>\n\t\t\t\t<section class=\"elementor-section elementor-top-section elementor-element elementor-element-6439ddb elementor-section-boxed elementor-section-height-default elementor-section-height-default\" data-id=\"6439ddb\" data-element_type=\"section\" data-e-type=\"section\" data-settings=\"{&quot;background_background&quot;:&quot;classic&quot;}\">\n\t\t\t\t\t\t<div class=\"elementor-container elementor-column-gap-default\">\n\t\t\t\t\t<div class=\"elementor-column elementor-col-100 elementor-top-column elementor-element elementor-element-6bf319e\" data-id=\"6bf319e\" data-element_type=\"column\" data-e-type=\"column\">\n\t\t\t<div class=\"elementor-widget-wrap elementor-element-populated\">\n\t\t\t\t\t\t<div class=\"elementor-element elementor-element-91ef851 elementor-widget elementor-widget-text-editor\" data-id=\"91ef851\" data-element_type=\"widget\" data-e-type=\"widget\" data-widget_type=\"text-editor.default\">\n\t\t\t\t<div class=\"elementor-widget-container\">\n\t\t\t\t\t\t\t\t\t<h2>Crit\u00e8res d\u2019admissibilit\u00e9 du LCMC&nbsp;<\/h2>\n<p>Tout m\u00e9decin qui satisfait aux exigences ci-dessous est inscrit au Registre m\u00e9dical canadien \u00e0 titre de LCMC et re\u00e7oit un num\u00e9ro de LCMC num\u00e9rique comme preuve officielle d\u2019inscription.&nbsp;<\/p>\n<p>Depuis le 26 janvier 2026, pour \u00eatre admissible \u00e0 l\u2019inscription au Registre m\u00e9dical canadien, tout dipl\u00f4m\u00e9 en m\u00e9decine doit r\u00e9pondre \u00e0 tous les crit\u00e8res suivants :&nbsp;<\/p>\n<ol>\n<li>\u00catre dipl\u00f4m\u00e9<br><ol type=\"a\">\n<li>d\u2019une facult\u00e9 de m\u00e9decine reconnue par le Comit\u00e9 d\u2019agr\u00e9ment des facult\u00e9s de m\u00e9decine du Canada;<br>OU<\/li>\n<li>d\u2019une facult\u00e9 de m\u00e9decine r\u00e9pertori\u00e9e dans le World Directory of Medical Schools avec une annotation par une organisation participante (sponsors), indiquant que cette facult\u00e9 de m\u00e9decine est acceptable au Canada;<br>OU<\/li>\n<li>d\u2019une facult\u00e9 de m\u00e9decine ost\u00e9opathique des \u00c9tats-Unis agr\u00e9\u00e9e par l\u2019American Osteopathic Association.&nbsp;<\/li>\n<\/ol>\n<\/li>\n<li>Avoir r\u00e9ussi l\u2019examen d\u2019aptitude du CMC\u202f(EACMC), (anciennement EACMC, partie I).<\/li>\n<li>D\u00e9tenir les titres de comp\u00e9tences en m\u00e9decine exig\u00e9s, incluant le dipl\u00f4me en m\u00e9decine v\u00e9rifi\u00e9s \u00e0 la source par l\u2019entremise du CMC, ou, dans des circonstances exceptionnelles, avoir pr\u00e9sent\u00e9 des attestations des titres de comp\u00e9tences en m\u00e9decine exig\u00e9s et de formation postdoctorale que le directeur g\u00e9n\u00e9ral et chef de la direction juge acceptables.<\/li>\n<li>Avoir acquitt\u00e9 les frais d\u2019inscription \u00e0 titre de LCMC et ne pas avoir de frais impay\u00e9s payables au CMC.\n<p>Veuillez noter que si vous avez pr\u00e9sent\u00e9 une demande pour l\u2019EACMC, apr\u00e8s le 26 janvier 2026, le titre de LCMC sera attribu\u00e9 automatiquement, sans frais suppl\u00e9mentaire.<\/p>\n<p>Avant le 26 janvier 2026, les titulaires du titre de LCMC recevaient deux documents physiques : un Certificat d\u2019enregistrement de format portefeuille et un \u00ab testamur \u00bb. Le Certificat d\u2019enregistrement constituait la preuve officielle d\u2019inscription. Si une personne a auparavant soumis son Certificat d\u2019enregistrement original \u00e0 un ordre des m\u00e9decins ou \u00e0 un autre organisme, le certificat devrait \u00eatre r\u00e9cup\u00e9r\u00e9 afin de pouvoir \u00eatre utilis\u00e9 de nouveau, au besoin. Le \u00ab testamur \u00bb, une version agrandie, \u00e9tait remise au titulaire \u00e0 des fins d\u2019encadrement et ne devait pas servir de preuve officielle d\u2019inscription. \u00c9tant donn\u00e9 que le titre de LCMC est attribu\u00e9 sous forme num\u00e9rique, ces documents physiques ne sont plus d\u00e9livr\u00e9s automatiquement. Cependant, ils peuvent toujours \u00eatre achet\u00e9s sur demande.<\/p>\n<\/li>\n<\/ol>\t\t\t\t\t\t\t\t<\/div>\n\t\t\t\t<\/div>\n\t\t\t\t\t<\/div>\n\t\t<\/div>\n\t\t\t\t\t<\/div>\n\t\t<\/section>\n\t\t\t\t<section class=\"elementor-section elementor-top-section elementor-element elementor-element-d80b138 elementor-section-boxed elementor-section-height-default elementor-section-height-default\" data-id=\"d80b138\" data-element_type=\"section\" data-e-type=\"section\">\n\t\t\t\t\t\t<div class=\"elementor-container elementor-column-gap-default\">\n\t\t\t\t\t<div class=\"elementor-column elementor-col-100 elementor-top-column elementor-element elementor-element-50c5bf4\" data-id=\"50c5bf4\" data-element_type=\"column\" data-e-type=\"column\">\n\t\t\t<div class=\"elementor-widget-wrap elementor-element-populated\">\n\t\t\t\t\t\t<div class=\"elementor-element elementor-element-61f3a9d elementor-widget elementor-widget-text-editor\" data-id=\"61f3a9d\" data-element_type=\"widget\" data-e-type=\"widget\" data-widget_type=\"text-editor.default\">\n\t\t\t\t<div class=\"elementor-widget-container\">\n\t\t\t\t\t\t\t\t\t<h2>Comment faire une demande du titre de LCMC\u00a0<\/h2><ol><li>Connectez-vous \u00e0 votre compte <a href=\"https:\/\/portal.physiciansapply.ca\/Account\/Login\" target=\"_blank\" rel=\"noopener\">inscriptionmed.ca<\/a>.\u00a0<\/li><li>Cliquez sur <strong>Autres demandes de service<\/strong>.\u00a0<\/li><li>Cliquez sur <strong>Demande du titre de LCMC.<\/strong><\/li><li>Suivez les directives sur chaque page et entrez les renseignements requis.<\/li><li>Acquittez les <a href=\"\/fr\/frais-relies-aux-examens-et-aux-services\/#lcmc-frais\">frais d\u2019inscription \u00e0 titre de LCMC<\/a>, (si vous avez pr\u00e9sent\u00e9 une demande pour l\u2019EACMC, partie I, avant le 26 janvier 2026), ainsi que tous les autres frais impay\u00e9s payables au CMC.<\/li><\/ol>\t\t\t\t\t\t\t\t<\/div>\n\t\t\t\t<\/div>\n\t\t\t\t\t<\/div>\n\t\t<\/div>\n\t\t\t\t\t<\/div>\n\t\t<\/section>\n\t\t\t\t<section class=\"elementor-section elementor-top-section elementor-element elementor-element-a60da66 elementor-section-boxed elementor-section-height-default elementor-section-height-default\" data-id=\"a60da66\" data-element_type=\"section\" data-e-type=\"section\" data-settings=\"{&quot;background_background&quot;:&quot;classic&quot;}\">\n\t\t\t\t\t\t<div class=\"elementor-container elementor-column-gap-default\">\n\t\t\t\t\t<div class=\"elementor-column elementor-col-100 elementor-top-column elementor-element elementor-element-b3904f5\" data-id=\"b3904f5\" data-element_type=\"column\" data-e-type=\"column\">\n\t\t\t<div class=\"elementor-widget-wrap elementor-element-populated\">\n\t\t\t\t\t\t<div class=\"elementor-element elementor-element-9ce96d1 elementor-widget elementor-widget-text-editor\" data-id=\"9ce96d1\" data-element_type=\"widget\" data-e-type=\"widget\" data-widget_type=\"text-editor.default\">\n\t\t\t\t<div class=\"elementor-widget-container\">\n\t\t\t\t\t\t\t\t\t<h2>Comment acc\u00e9der \u00e0 votre num\u00e9ro de LCMC<\/h2><p>Pour visualiser votre num\u00e9ro de LCMC :<\/p><ul><li>Cliquez sur <strong>Profil<\/strong>.<\/li><li>Cliquez sur <strong>Identificateurs et adresses<\/strong>.<\/li><li>Le num\u00e9ro de LCMC et la date d\u2019enregistrement seront affich\u00e9s dans le panneau de droite.<\/li><\/ul>\t\t\t\t\t\t\t\t<\/div>\n\t\t\t\t<\/div>\n\t\t\t\t\t<\/div>\n\t\t<\/div>\n\t\t\t\t\t<\/div>\n\t\t<\/section>\n\t\t\t\t<section class=\"elementor-section elementor-top-section elementor-element elementor-element-f19a535 elementor-section-boxed elementor-section-height-default elementor-section-height-default\" data-id=\"f19a535\" data-element_type=\"section\" data-e-type=\"section\">\n\t\t\t\t\t\t<div class=\"elementor-container elementor-column-gap-default\">\n\t\t\t\t\t<div class=\"elementor-column elementor-col-100 elementor-top-column elementor-element elementor-element-b77e322\" data-id=\"b77e322\" data-element_type=\"column\" data-e-type=\"column\">\n\t\t\t<div class=\"elementor-widget-wrap elementor-element-populated\">\n\t\t\t\t\t\t<div class=\"elementor-element elementor-element-5fdc7bc elementor-widget elementor-widget-text-editor\" data-id=\"5fdc7bc\" data-element_type=\"widget\" data-e-type=\"widget\" data-widget_type=\"text-editor.default\">\n\t\t\t\t<div class=\"elementor-widget-container\">\n\t\t\t\t\t\t\t\t\t<h2>Comment divulguer le LCMC aux ordres des m\u00e9decins<\/h2>\n<p>Une fois votre titre de LCMC attribu\u00e9, votre nom sera inscrit au Registre m\u00e9dical canadien, auquel ont acc\u00e8s tous les ordres des m\u00e9decins.<\/p>\n<p>De plus, si vous divulguez d\u00e9j\u00e0 des documents \u00e0 un ordre des m\u00e9decins, comme le relev\u00e9 de r\u00e9sultats de l\u2019EACMC, ou vos titres de comp\u00e9tences, cet ordre des m\u00e9decins pourra aussi visualiser votre num\u00e9ro de LCMC.<\/p>\t\t\t\t\t\t\t\t<\/div>\n\t\t\t\t<\/div>\n\t\t\t\t\t<\/div>\n\t\t<\/div>\n\t\t\t\t\t<\/div>\n\t\t<\/section>\n\t\t\t\t<section class=\"elementor-section elementor-top-section elementor-element elementor-element-e93a1d5 elementor-section-boxed elementor-section-height-default elementor-section-height-default\" data-id=\"e93a1d5\" data-element_type=\"section\" data-e-type=\"section\" data-settings=\"{&quot;background_background&quot;:&quot;classic&quot;}\">\n\t\t\t\t\t\t<div class=\"elementor-container elementor-column-gap-default\">\n\t\t\t\t\t<div class=\"elementor-column elementor-col-100 elementor-top-column elementor-element elementor-element-de1da96\" data-id=\"de1da96\" data-element_type=\"column\" data-e-type=\"column\">\n\t\t\t<div class=\"elementor-widget-wrap elementor-element-populated\">\n\t\t\t\t\t\t<div class=\"elementor-element elementor-element-da29e6e elementor-widget elementor-widget-text-editor\" data-id=\"da29e6e\" data-element_type=\"widget\" data-e-type=\"widget\" data-widget_type=\"text-editor.default\">\n\t\t\t\t<div class=\"elementor-widget-container\">\n\t\t\t\t\t\t\t\t\t<h2>Appels<\/h2><p>Toute personne dont l\u2019inscription au Registre m\u00e9dical canadien a \u00e9t\u00e9 refus\u00e9e peut interjeter appel de ce refus aupr\u00e8s du Comit\u00e9 des appels du CMC, sauf si ce refus d\u2019accorder l\u2019inscription est justifi\u00e9 par le fait que la personne n\u2019a pas pay\u00e9 les frais d\u2019inscription \u00e0 titre de LCMC ou tout autre frais exigible par le CMC, auquel cas la d\u00e9cision de refuser l\u2019inscription est d\u00e9finitive et sans appel. Le directeur g\u00e9n\u00e9ral et chef de la direction peut radier ou corriger toute inscription au Registre m\u00e9dical canadien pour cause de comportement irr\u00e9gulier, d\u2019inconduite professionnelle, de fraude, de condamnation pour un acte criminel, de d\u00e9faut de paiement des frais payables au CMC, ou d\u2019erreur. Toute personne dont le nom a \u00e9t\u00e9 radi\u00e9 du Registre m\u00e9dical canadien peut interjeter appel aupr\u00e8s du Comit\u00e9 des appels pour que son nom soit r\u00e9inscrit dans le Registre.<\/p><p>D\u00e8s r\u00e9ception d\u2019une demande d\u2019appel de la part d\u2019une personne dont l\u2019inscription au Registre m\u00e9dical canadien a \u00e9t\u00e9 refus\u00e9e ou dont le nom a \u00e9t\u00e9 radi\u00e9 du Registre pour cause de comportement irr\u00e9gulier, de faute professionnelle, de fraude ou d\u2019erreur, le bureau du directeur g\u00e9n\u00e9ral et chef de la direction soumettra cet appel, accompagn\u00e9 de tout document justificatif ou renseignement s\u2019y rapportant, au Comit\u00e9 des appels du CMC.<\/p><h3>Exceptions \u00e0 l\u2019admissibilit\u00e9 au titre de LCMC<\/h3><p>Lorsqu\u2019un dipl\u00f4m\u00e9 en m\u00e9decine qui r\u00e9pond aux crit\u00e8res \u00e9nonc\u00e9s ci-dessus est assujetti \u00e0 une p\u00e9riode d\u2019interdiction de se pr\u00e9senter aux examens du CMC, le directeur g\u00e9n\u00e9ral et chef de la direction ne lui accordera le titre de LCMC qu\u2019une fois ladite p\u00e9riode d\u2019interdiction expir\u00e9e.<\/p><p>Toute personne auparavant inscrite au Registre m\u00e9dical canadien et dont le nom en a \u00e9t\u00e9 radi\u00e9 peut demander au directeur g\u00e9n\u00e9ral et chef de la direction de r\u00e9inscrire son nom au Registre. Toute personne insatisfaite de la d\u00e9cision du directeur g\u00e9n\u00e9ral et chef de la direction \u00e0 cet \u00e9gard peut en appeler de cette d\u00e9cision aupr\u00e8s du Comit\u00e9 des appels du CMC.<\/p>\t\t\t\t\t\t\t\t<\/div>\n\t\t\t\t<\/div>\n\t\t\t\t\t<\/div>\n\t\t<\/div>\n\t\t\t\t\t<\/div>\n\t\t<\/section>\n\t\t\t\t<\/div>\n\t\t","protected":false},"excerpt":{"rendered":"<p>Qu\u2019est-ce que le LCMC Le titre de Licenci\u00e9 du Conseil m\u00e9dical du Canada\u202f(LCMC) est octroy\u00e9 par le Conseil m\u00e9dical du Canada\u202f(CMC) et fait partie des exigences \u00e9tablies par les ordres des m\u00e9decins provinciaux et territoriaux pour la d\u00e9livrance d\u2019un permis d\u2019exercice de la m\u00e9decine dans leurs territoires respectifs. Les m\u00e9decins dont le nom figure au [&hellip;]<\/p>\n","protected":false},"author":28,"featured_media":0,"parent":13700,"menu_order":0,"comment_status":"closed","ping_status":"closed","template":"","meta":{"_acf_changed":false,"content-type":"","_relevanssi_hide_post":"","_relevanssi_hide_content":"","_relevanssi_pin_for_all":"","_relevanssi_pin_keywords":"","_relevanssi_unpin_keywords":"","_relevanssi_related_keywords":"","_relevanssi_related_include_ids":"","_relevanssi_related_exclude_ids":"","_relevanssi_related_no_append":"","_relevanssi_related_not_related":"","_relevanssi_related_posts":"3897","_relevanssi_noindex_reason":"","footnotes":""},"class_list":["post-13577","page","type-page","status-publish","hentry"],"acf":{"inherit_intro_image":true,"page_intro_text":"Une composante importante des exigences \u00e9tablies par les ordres des m\u00e9decins en vue de l\u2019obtention d\u2019un permis d\u2019exercice sans restriction dans bon nombre de provinces et de territoires.\r\n"},"aioseo_notices":[],"_links":{"self":[{"href":"https:\/\/mcc.ca\/fr\/wp-json\/wp\/v2\/pages\/13577","targetHints":{"allow":["GET"]}}],"collection":[{"href":"https:\/\/mcc.ca\/fr\/wp-json\/wp\/v2\/pages"}],"about":[{"href":"https:\/\/mcc.ca\/fr\/wp-json\/wp\/v2\/types\/page"}],"author":[{"embeddable":true,"href":"https:\/\/mcc.ca\/fr\/wp-json\/wp\/v2\/users\/28"}],"replies":[{"embeddable":true,"href":"https:\/\/mcc.ca\/fr\/wp-json\/wp\/v2\/comments?post=13577"}],"version-history":[{"count":5,"href":"https:\/\/mcc.ca\/fr\/wp-json\/wp\/v2\/pages\/13577\/revisions"}],"predecessor-version":[{"id":29686,"href":"https:\/\/mcc.ca\/fr\/wp-json\/wp\/v2\/pages\/13577\/revisions\/29686"}],"up":[{"embeddable":true,"href":"https:\/\/mcc.ca\/fr\/wp-json\/wp\/v2\/pages\/13700"}],"wp:attachment":[{"href":"https:\/\/mcc.ca\/fr\/wp-json\/wp\/v2\/media?parent=13577"}],"curies":[{"name":"wp","href":"https:\/\/api.w.org\/{rel}","templated":true}]}}