{"id":13561,"date":"2023-12-18T14:41:48","date_gmt":"2023-12-18T19:41:48","guid":{"rendered":"https:\/\/mcc2022.wpengine.com\/?page_id=13561"},"modified":"2024-01-02T12:35:04","modified_gmt":"2024-01-02T17:35:04","slug":"recu-du-credit-dimpot-pour-frais-de-scolarite","status":"publish","type":"page","link":"https:\/\/mcc.ca\/fr\/frais-relies-aux-examens-et-aux-services\/recu-du-credit-dimpot-pour-frais-de-scolarite\/","title":{"rendered":"Re\u00e7u du cr\u00e9dit d\u2019imp\u00f4t pour frais de scolarit\u00e9"},"content":{"rendered":"\t\t<div data-elementor-type=\"wp-page\" data-elementor-id=\"13561\" class=\"elementor elementor-13561 elementor-13255\" data-elementor-post-type=\"page\">\n\t\t\t\t\t\t<section class=\"elementor-section elementor-top-section elementor-element elementor-element-29205a5 elementor-section-boxed elementor-section-height-default elementor-section-height-default\" data-id=\"29205a5\" data-element_type=\"section\" data-e-type=\"section\">\n\t\t\t\t\t\t<div class=\"elementor-container elementor-column-gap-default\">\n\t\t\t\t\t<div class=\"elementor-column elementor-col-100 elementor-top-column elementor-element elementor-element-a71de19\" data-id=\"a71de19\" data-element_type=\"column\" data-e-type=\"column\">\n\t\t\t<div class=\"elementor-widget-wrap elementor-element-populated\">\n\t\t\t\t\t\t<div class=\"elementor-element elementor-element-7d2f1df elementor-widget elementor-widget-text-editor\" data-id=\"7d2f1df\" data-element_type=\"widget\" data-e-type=\"widget\" data-widget_type=\"text-editor.default\">\n\t\t\t\t<div class=\"elementor-widget-container\">\n\t\t\t\t\t\t\t\t\t<h2>Frais d\u2019examen applicables et frais accessoires\u00a0<\/h2><p>Le cr\u00e9dit d\u2019imp\u00f4t pour frais de scolarit\u00e9 s\u2019applique seulement\u202f:\u00a0<\/p><ul><li>\u00c0 tous les examens du Conseil m\u00e9dical du Canada\u202f(examen d\u2019\u00e9valuation du CMC\u202f[EECMC] et examen d\u2019aptitude du CMC\u202f[EACMC]) pass\u00e9s depuis 2011\u00a0<\/li><li>\u00c0 tous les examens de la Collaboration nationale en mati\u00e8re d\u2019\u00e9valuation\u202f(CNE) pass\u00e9s depuis 2014\u00a0<\/li><li>Aux frais accessoires admissibles li\u00e9s aux examens<ul><li><strong>EACMC, partie\u202fI<\/strong>\u202f: Frais de changement, frais de prolongation de la p\u00e9riode d\u2019examen d\u00e9sign\u00e9e et frais d\u2019assignation<\/li><li><strong>Examen de la CNE<\/strong>\u202f: Frais de changement et frais d\u2019assignation\u00a0<\/li><\/ul><\/li><\/ul><p>Le montant total des droits de demande d\u2019examen et un montant maximal de 250\u202f$ de frais accessoires seront indiqu\u00e9s au re\u00e7u du cr\u00e9dit d\u2019imp\u00f4t.\u00a0<\/p>\t\t\t\t\t\t\t\t<\/div>\n\t\t\t\t<\/div>\n\t\t\t\t\t<\/div>\n\t\t<\/div>\n\t\t\t\t\t<\/div>\n\t\t<\/section>\n\t\t\t\t<section class=\"elementor-section elementor-top-section elementor-element elementor-element-796fed0 elementor-section-boxed elementor-section-height-default elementor-section-height-default\" data-id=\"796fed0\" data-element_type=\"section\" data-e-type=\"section\" data-settings=\"{&quot;background_background&quot;:&quot;classic&quot;}\">\n\t\t\t\t\t\t<div class=\"elementor-container elementor-column-gap-default\">\n\t\t\t\t\t<div class=\"elementor-column elementor-col-100 elementor-top-column elementor-element elementor-element-73ea92e\" data-id=\"73ea92e\" data-element_type=\"column\" data-e-type=\"column\">\n\t\t\t<div class=\"elementor-widget-wrap elementor-element-populated\">\n\t\t\t\t\t\t<div class=\"elementor-element elementor-element-179a017 elementor-widget elementor-widget-text-editor\" data-id=\"179a017\" data-element_type=\"widget\" data-e-type=\"widget\" data-widget_type=\"text-editor.default\">\n\t\t\t\t<div class=\"elementor-widget-container\">\n\t\t\t\t\t\t\t\t\t<h2>Acc\u00e8s \u00e0 votre re\u00e7u du cr\u00e9dit d\u2019imp\u00f4t pour frais de scolarit\u00e9\u00a0<\/h2><p>Vous pourrez acc\u00e9der au re\u00e7u du cr\u00e9dit d\u2019imp\u00f4t par l\u2019entremise de votre compte inscriptionmed.ca \u00e0 la fin du mois de f\u00e9vrier de l\u2019ann\u00e9e suivant celle o\u00f9 l\u2019examen a \u00e9t\u00e9 effectu\u00e9. \u00c0 titre d\u2019exemple, le re\u00e7u pour un examen effectu\u00e9 en 2021 serait disponible \u00e0 la fin de f\u00e9vrier\u202f2022. Lorsque le re\u00e7u appara\u00eetra dans votre compte, vous recevrez un message dans votre compte inscriptionmed.ca vous avisant que l\u2019option de l\u2019imprimer est disponible.<\/p><p>Pour acc\u00e9der \u00e0 votre re\u00e7u\u202f:\u00a0<\/p><ul><li>Ouvrez une session dans <a href=\"https:\/\/portal.physiciansapply.ca\/Account\/InitialLogin\">inscriptionmed.ca<\/a>\u00a0<\/li><li>Rendez-vous \u00e0 Documents\u00a0<\/li><li>S\u2019il est disponible, le re\u00e7u du cr\u00e9dit d\u2019imp\u00f4t sera visible.<\/li><\/ul><p><strong>Aucune<\/strong> version papier du re\u00e7u du cr\u00e9dit d\u2019imp\u00f4t pour frais de scolarit\u00e9 ne sera \u00e9mise par le CMC.\u00a0<\/p>\t\t\t\t\t\t\t\t<\/div>\n\t\t\t\t<\/div>\n\t\t\t\t\t<\/div>\n\t\t<\/div>\n\t\t\t\t\t<\/div>\n\t\t<\/section>\n\t\t\t\t<section class=\"elementor-section elementor-top-section elementor-element elementor-element-005852c elementor-section-boxed elementor-section-height-default elementor-section-height-default\" data-id=\"005852c\" data-element_type=\"section\" data-e-type=\"section\">\n\t\t\t\t\t\t<div class=\"elementor-container elementor-column-gap-default\">\n\t\t\t\t\t<div class=\"elementor-column elementor-col-100 elementor-top-column elementor-element elementor-element-ed95ef9\" data-id=\"ed95ef9\" data-element_type=\"column\" data-e-type=\"column\">\n\t\t\t<div class=\"elementor-widget-wrap elementor-element-populated\">\n\t\t\t\t\t\t<div class=\"elementor-element elementor-element-8ccdc8a elementor-widget elementor-widget-text-editor\" data-id=\"8ccdc8a\" data-element_type=\"widget\" data-e-type=\"widget\" data-widget_type=\"text-editor.default\">\n\t\t\t\t<div class=\"elementor-widget-container\">\n\t\t\t\t\t\t\t\t\t<h2>Questions<\/h2><p>Si vous avez des questions au sujet\u202f:\u00a0<\/p><ul><li>du cr\u00e9dit d\u2019imp\u00f4t pour frais de scolarit\u00e9, veuillez communiquer avec l\u2019<a href=\"https:\/\/www.canada.ca\/fr\/agence-revenu\/organisation\/coordonnees\/bureaux-services-fiscaux-centres-fiscaux.html\">Agence du revenu du Canada<\/a>\u00a0<\/li><li>de votre re\u00e7u du cr\u00e9dit d\u2019imp\u00f4t pour frais de scolarit\u00e9, veuillez communiquer avec le <a href=\"\/pour-nous-joindre\/\">bureau de service du CMC<\/a><\/li><\/ul>\t\t\t\t\t\t\t\t<\/div>\n\t\t\t\t<\/div>\n\t\t\t\t\t<\/div>\n\t\t<\/div>\n\t\t\t\t\t<\/div>\n\t\t<\/section>\n\t\t\t\t<\/div>\n\t\t","protected":false},"excerpt":{"rendered":"<p>Frais d\u2019examen applicables et frais accessoires\u00a0 Le cr\u00e9dit d\u2019imp\u00f4t pour frais de scolarit\u00e9 s\u2019applique seulement\u202f:\u00a0 \u00c0 tous les examens du Conseil m\u00e9dical du Canada\u202f(examen d\u2019\u00e9valuation du CMC\u202f[EECMC] et examen d\u2019aptitude du CMC\u202f[EACMC]) pass\u00e9s depuis 2011\u00a0 \u00c0 tous les examens de la Collaboration nationale en mati\u00e8re d\u2019\u00e9valuation\u202f(CNE) pass\u00e9s depuis 2014\u00a0 Aux frais accessoires admissibles li\u00e9s aux [&hellip;]<\/p>\n","protected":false},"author":28,"featured_media":0,"parent":13539,"menu_order":0,"comment_status":"closed","ping_status":"closed","template":"","meta":{"_acf_changed":false,"content-type":"","_relevanssi_hide_post":"","_relevanssi_hide_content":"","_relevanssi_pin_for_all":"","_relevanssi_pin_keywords":"","_relevanssi_unpin_keywords":"","_relevanssi_related_keywords":"","_relevanssi_related_include_ids":"","_relevanssi_related_exclude_ids":"","_relevanssi_related_no_append":"","_relevanssi_related_not_related":"","_relevanssi_related_posts":"3897","_relevanssi_noindex_reason":"","footnotes":""},"class_list":["post-13561","page","type-page","status-publish","hentry"],"acf":{"inherit_intro_image":true},"aioseo_notices":[],"_links":{"self":[{"href":"https:\/\/mcc.ca\/fr\/wp-json\/wp\/v2\/pages\/13561","targetHints":{"allow":["GET"]}}],"collection":[{"href":"https:\/\/mcc.ca\/fr\/wp-json\/wp\/v2\/pages"}],"about":[{"href":"https:\/\/mcc.ca\/fr\/wp-json\/wp\/v2\/types\/page"}],"author":[{"embeddable":true,"href":"https:\/\/mcc.ca\/fr\/wp-json\/wp\/v2\/users\/28"}],"replies":[{"embeddable":true,"href":"https:\/\/mcc.ca\/fr\/wp-json\/wp\/v2\/comments?post=13561"}],"version-history":[{"count":0,"href":"https:\/\/mcc.ca\/fr\/wp-json\/wp\/v2\/pages\/13561\/revisions"}],"up":[{"embeddable":true,"href":"https:\/\/mcc.ca\/fr\/wp-json\/wp\/v2\/pages\/13539"}],"wp:attachment":[{"href":"https:\/\/mcc.ca\/fr\/wp-json\/wp\/v2\/media?parent=13561"}],"curies":[{"name":"wp","href":"https:\/\/api.w.org\/{rel}","templated":true}]}}