{"id":13547,"date":"2023-11-16T16:11:42","date_gmt":"2023-11-16T21:11:42","guid":{"rendered":"https:\/\/mcc2022.wpengine.com\/?page_id=13547"},"modified":"2026-03-31T11:32:21","modified_gmt":"2026-03-31T15:32:21","slug":"formulaires-et-documents","status":"publish","type":"page","link":"https:\/\/mcc.ca\/fr\/titres-de-competences-et-services\/formulaires-et-documents\/","title":{"rendered":"Formulaires et documents\u00a0\u00a0"},"content":{"rendered":"\t\t<div data-elementor-type=\"wp-page\" data-elementor-id=\"13547\" class=\"elementor elementor-13547 elementor-11350\" data-elementor-post-type=\"page\">\n\t\t\t\t\t\t<section class=\"elementor-section elementor-top-section elementor-element elementor-element-91bba20 elementor-section-boxed elementor-section-height-default elementor-section-height-default\" data-id=\"91bba20\" data-element_type=\"section\" data-e-type=\"section\">\n\t\t\t\t\t\t<div class=\"elementor-container elementor-column-gap-default\">\n\t\t\t\t\t<div class=\"elementor-column elementor-col-100 elementor-top-column elementor-element elementor-element-32907ed\" data-id=\"32907ed\" data-element_type=\"column\" data-e-type=\"column\">\n\t\t\t<div class=\"elementor-widget-wrap elementor-element-populated\">\n\t\t\t\t\t\t<section class=\"elementor-section elementor-inner-section elementor-element elementor-element-539d4df elementor-section-boxed elementor-section-height-default elementor-section-height-default\" data-id=\"539d4df\" data-element_type=\"section\" data-e-type=\"section\">\n\t\t\t\t\t\t<div class=\"elementor-container elementor-column-gap-wider\">\n\t\t\t\t\t<div class=\"elementor-column elementor-col-50 elementor-inner-column elementor-element elementor-element-d60d6c8\" data-id=\"d60d6c8\" data-element_type=\"column\" data-e-type=\"column\">\n\t\t\t<div class=\"elementor-widget-wrap elementor-element-populated\">\n\t\t\t\t\t\t<div class=\"elementor-element elementor-element-3584539 elementor-widget elementor-widget-text-editor\" data-id=\"3584539\" data-element_type=\"widget\" data-e-type=\"widget\" data-widget_type=\"text-editor.default\">\n\t\t\t\t<div class=\"elementor-widget-container\">\n\t\t\t\t\t\t\t\t\t<h2>Autorisation de divulguer ou de recevoir de l\u2019information\u00a0<\/h2><p>Vous pouvez utiliser ce formulaire pour accorder \u00e0 un tiers l\u2019autorisation de communiquer avec nous en votre nom concernant vos demandes pour les examens du Conseil m\u00e9dical du Canada\u202f(CMC) et\/ou vos demandes de v\u00e9rification \u00e0 la source.\u00a0<\/p>\t\t\t\t\t\t\t\t<\/div>\n\t\t\t\t<\/div>\n\t\t\t\t<div class=\"elementor-element elementor-element-d072852 elementor-widget elementor-widget-button\" data-id=\"d072852\" data-element_type=\"widget\" data-e-type=\"widget\" data-widget_type=\"button.default\">\n\t\t\t\t<div class=\"elementor-widget-container\">\n\t\t\t\t\t\t\t\t\t<div class=\"elementor-button-wrapper\">\n\t\t\t\t\t<a class=\"elementor-button elementor-button-link elementor-size-sm\" href=\"\/media\/Examens-autorisation-de-divulguer-information.pdf\">\n\t\t\t\t\t\t<span class=\"elementor-button-content-wrapper\">\n\t\t\t\t\t\t\t\t\t<span class=\"elementor-button-text\">T\u00e9l\u00e9charger<\/span>\n\t\t\t\t\t<\/span>\n\t\t\t\t\t<\/a>\n\t\t\t\t<\/div>\n\t\t\t\t\t\t\t\t<\/div>\n\t\t\t\t<\/div>\n\t\t\t\t\t<\/div>\n\t\t<\/div>\n\t\t\t\t<div class=\"elementor-column elementor-col-50 elementor-inner-column elementor-element elementor-element-6af0d1e\" data-id=\"6af0d1e\" data-element_type=\"column\" data-e-type=\"column\">\n\t\t\t<div class=\"elementor-widget-wrap elementor-element-populated\">\n\t\t\t\t\t\t<div class=\"elementor-element elementor-element-e2c4606 elementor-widget elementor-widget-text-editor\" data-id=\"e2c4606\" data-element_type=\"widget\" data-e-type=\"widget\" data-widget_type=\"text-editor.default\">\n\t\t\t\t<div class=\"elementor-widget-container\">\n\t\t\t\t\t\t\t\t\t<h2>Changement de nom\u00a0<\/h2><p>Veuillez utiliser ce formulaire si vous souhaitez changer votre nom dans votre compte inscriptionmed.ca et\/ou sur vos documents de statut de Licenci\u00e9 du Conseil m\u00e9dical du Canada (LCMC).\u00a0<\/p>\t\t\t\t\t\t\t\t<\/div>\n\t\t\t\t<\/div>\n\t\t\t\t<div class=\"elementor-element elementor-element-3613237 elementor-widget elementor-widget-button\" data-id=\"3613237\" data-element_type=\"widget\" data-e-type=\"widget\" data-widget_type=\"button.default\">\n\t\t\t\t<div class=\"elementor-widget-container\">\n\t\t\t\t\t\t\t\t\t<div class=\"elementor-button-wrapper\">\n\t\t\t\t\t<a class=\"elementor-button elementor-button-link elementor-size-sm\" href=\"\/media\/Examens-formulaire-changement-de-nom.pdf\">\n\t\t\t\t\t\t<span class=\"elementor-button-content-wrapper\">\n\t\t\t\t\t\t\t\t\t<span class=\"elementor-button-text\">T\u00e9l\u00e9charger<\/span>\n\t\t\t\t\t<\/span>\n\t\t\t\t\t<\/a>\n\t\t\t\t<\/div>\n\t\t\t\t\t\t\t\t<\/div>\n\t\t\t\t<\/div>\n\t\t\t\t\t<\/div>\n\t\t<\/div>\n\t\t\t\t\t<\/div>\n\t\t<\/section>\n\t\t\t\t<section class=\"elementor-section elementor-inner-section elementor-element elementor-element-62b0c29 elementor-section-boxed elementor-section-height-default elementor-section-height-default\" data-id=\"62b0c29\" data-element_type=\"section\" data-e-type=\"section\">\n\t\t\t\t\t\t<div class=\"elementor-container elementor-column-gap-wider\">\n\t\t\t\t\t<div class=\"elementor-column elementor-col-50 elementor-inner-column elementor-element elementor-element-603d847\" data-id=\"603d847\" data-element_type=\"column\" data-e-type=\"column\">\n\t\t\t<div class=\"elementor-widget-wrap elementor-element-populated\">\n\t\t\t\t\t\t<div class=\"elementor-element elementor-element-656ef6c elementor-widget elementor-widget-text-editor\" data-id=\"656ef6c\" data-element_type=\"widget\" data-e-type=\"widget\" data-widget_type=\"text-editor.default\">\n\t\t\t\t<div class=\"elementor-widget-container\">\n\t\t\t\t\t\t\t\t\t<h2>Consentement \u00e0 la divulgation de v\u00e9rification de titres\u00a0<\/h2><p>Vous devez utiliser ce formulaire pour nous autoriser \u00e0 fournir en votre nom \u00e0 l\u2019Educational Commission for Foreign Medical Graduates (ECFMG), une division d\u2019Intealth, tout document et toute information en soutien \u00e0 votre demande de v\u00e9rification \u00e0 la source de vos titres de comp\u00e9tences.\u00a0<\/p>\t\t\t\t\t\t\t\t<\/div>\n\t\t\t\t<\/div>\n\t\t\t\t<div class=\"elementor-element elementor-element-c266cb8 elementor-widget elementor-widget-button\" data-id=\"c266cb8\" data-element_type=\"widget\" data-e-type=\"widget\" data-widget_type=\"button.default\">\n\t\t\t\t<div class=\"elementor-widget-container\">\n\t\t\t\t\t\t\t\t\t<div class=\"elementor-button-wrapper\">\n\t\t\t\t\t<a class=\"elementor-button elementor-button-link elementor-size-sm\" href=\"\/media\/Repertoire-consentement-divulgation-information.pdf\">\n\t\t\t\t\t\t<span class=\"elementor-button-content-wrapper\">\n\t\t\t\t\t\t\t\t\t<span class=\"elementor-button-text\">T\u00e9l\u00e9charger<\/span>\n\t\t\t\t\t<\/span>\n\t\t\t\t\t<\/a>\n\t\t\t\t<\/div>\n\t\t\t\t\t\t\t\t<\/div>\n\t\t\t\t<\/div>\n\t\t\t\t\t<\/div>\n\t\t<\/div>\n\t\t\t\t<div class=\"elementor-column elementor-col-50 elementor-inner-column elementor-element elementor-element-f72b615\" data-id=\"f72b615\" data-element_type=\"column\" data-e-type=\"column\">\n\t\t\t<div class=\"elementor-widget-wrap elementor-element-populated\">\n\t\t\t\t\t\t<div class=\"elementor-element elementor-element-353338b elementor-widget elementor-widget-text-editor\" data-id=\"353338b\" data-element_type=\"widget\" data-e-type=\"widget\" data-widget_type=\"text-editor.default\">\n\t\t\t\t<div class=\"elementor-widget-container\">\n\t\t\t\t\t\t\t\t\t<h2>Demande d\u2019accommodements<br \/>d\u2019examen<\/h2><p>Vous devez soumettre ce formulaire d\u00fbment rempli avec les documents justificatifs dans le cadre de votre demande d\u2019accommodements d\u2019examen.\u00a0<\/p>\t\t\t\t\t\t\t\t<\/div>\n\t\t\t\t<\/div>\n\t\t\t\t<div class=\"elementor-element elementor-element-27dbd5c elementor-widget elementor-widget-button\" data-id=\"27dbd5c\" data-element_type=\"widget\" data-e-type=\"widget\" data-widget_type=\"button.default\">\n\t\t\t\t<div class=\"elementor-widget-container\">\n\t\t\t\t\t\t\t\t\t<div class=\"elementor-button-wrapper\">\n\t\t\t\t\t<a class=\"elementor-button elementor-button-link elementor-size-sm\" href=\"\/media\/Demande-daccommodements-dexamen.pdf\">\n\t\t\t\t\t\t<span class=\"elementor-button-content-wrapper\">\n\t\t\t\t\t\t\t\t\t<span class=\"elementor-button-text\">T\u00e9l\u00e9charger<\/span>\n\t\t\t\t\t<\/span>\n\t\t\t\t\t<\/a>\n\t\t\t\t<\/div>\n\t\t\t\t\t\t\t\t<\/div>\n\t\t\t\t<\/div>\n\t\t\t\t\t<\/div>\n\t\t<\/div>\n\t\t\t\t\t<\/div>\n\t\t<\/section>\n\t\t\t\t<section class=\"elementor-section elementor-inner-section elementor-element elementor-element-9bd9229 elementor-section-boxed elementor-section-height-default elementor-section-height-default\" data-id=\"9bd9229\" data-element_type=\"section\" data-e-type=\"section\">\n\t\t\t\t\t\t<div class=\"elementor-container elementor-column-gap-wider\">\n\t\t\t\t\t<div class=\"elementor-column elementor-col-50 elementor-inner-column elementor-element elementor-element-781cd0e\" data-id=\"781cd0e\" data-element_type=\"column\" data-e-type=\"column\">\n\t\t\t<div class=\"elementor-widget-wrap elementor-element-populated\">\n\t\t\t\t\t\t<div class=\"elementor-element elementor-element-9300014 elementor-widget elementor-widget-text-editor\" data-id=\"9300014\" data-element_type=\"widget\" data-e-type=\"widget\" data-widget_type=\"text-editor.default\">\n\t\t\t\t<div class=\"elementor-widget-container\">\n\t\t\t\t\t\t\t\t\t<h2>Exigences de certification\u00a0<\/h2><p>Ce document contient des renseignements sur la fa\u00e7on de faire certifier vos documents ainsi que sur les agents d&rsquo;authentification qui sont accept\u00e9s et fournit des directives pour ces agents.<\/p>\t\t\t\t\t\t\t\t<\/div>\n\t\t\t\t<\/div>\n\t\t\t\t<div class=\"elementor-element elementor-element-b1ce686 elementor-widget elementor-widget-button\" data-id=\"b1ce686\" data-element_type=\"widget\" data-e-type=\"widget\" data-widget_type=\"button.default\">\n\t\t\t\t<div class=\"elementor-widget-container\">\n\t\t\t\t\t\t\t\t\t<div class=\"elementor-button-wrapper\">\n\t\t\t\t\t<a class=\"elementor-button elementor-button-link elementor-size-sm\" href=\"\/media\/exigences-de-certification.pdf\">\n\t\t\t\t\t\t<span class=\"elementor-button-content-wrapper\">\n\t\t\t\t\t\t\t\t\t<span class=\"elementor-button-text\">T\u00e9l\u00e9charger<\/span>\n\t\t\t\t\t<\/span>\n\t\t\t\t\t<\/a>\n\t\t\t\t<\/div>\n\t\t\t\t\t\t\t\t<\/div>\n\t\t\t\t<\/div>\n\t\t\t\t\t<\/div>\n\t\t<\/div>\n\t\t\t\t<div class=\"elementor-column elementor-col-50 elementor-inner-column elementor-element elementor-element-f5df3fc\" data-id=\"f5df3fc\" data-element_type=\"column\" data-e-type=\"column\">\n\t\t\t<div class=\"elementor-widget-wrap elementor-element-populated\">\n\t\t\t\t\t\t<div class=\"elementor-element elementor-element-0c81d1c elementor-widget elementor-widget-text-editor\" data-id=\"0c81d1c\" data-element_type=\"widget\" data-e-type=\"widget\" data-widget_type=\"text-editor.default\">\n\t\t\t\t<div class=\"elementor-widget-container\">\n\t\t\t\t\t\t\t\t\t<h2>Formulaire d\u2019attestation d\u2019\u00e9tudiant&nbsp;<\/h2>\n<p>Si vous \u00eates un \u00e9tudiant international en m\u00e9decine, un \u00e9tudiant en m\u00e9decine aux \u00c9tats-Unis ou un \u00e9tudiant d\u2019une facult\u00e9 de m\u00e9decine ost\u00e9opathique aux \u00c9tats-Unis qui pr\u00e9sente une demande pour l\u2019examen d\u2019aptitude du Conseil m\u00e9dical du Canada et pour l\u2019examen de la Collaboration nationale en mati\u00e8re d\u2019\u00e9valuation, vous devez faire remplir ce formulaire et le t\u00e9l\u00e9charger lorsque vous soumettez votre demande.<\/p>\t\t\t\t\t\t\t\t<\/div>\n\t\t\t\t<\/div>\n\t\t\t\t<div class=\"elementor-element elementor-element-87aa8ac elementor-widget elementor-widget-button\" data-id=\"87aa8ac\" data-element_type=\"widget\" data-e-type=\"widget\" data-widget_type=\"button.default\">\n\t\t\t\t<div class=\"elementor-widget-container\">\n\t\t\t\t\t\t\t\t\t<div class=\"elementor-button-wrapper\">\n\t\t\t\t\t<a class=\"elementor-button elementor-button-link elementor-size-sm\" href=\"\/media\/Attestation-etudiant-formulaire.pdf\">\n\t\t\t\t\t\t<span class=\"elementor-button-content-wrapper\">\n\t\t\t\t\t\t\t\t\t<span class=\"elementor-button-text\">T\u00e9l\u00e9charger<\/span>\n\t\t\t\t\t<\/span>\n\t\t\t\t\t<\/a>\n\t\t\t\t<\/div>\n\t\t\t\t\t\t\t\t<\/div>\n\t\t\t\t<\/div>\n\t\t\t\t\t<\/div>\n\t\t<\/div>\n\t\t\t\t\t<\/div>\n\t\t<\/section>\n\t\t\t\t<section class=\"elementor-section elementor-inner-section elementor-element elementor-element-5104438 elementor-section-boxed elementor-section-height-default elementor-section-height-default\" data-id=\"5104438\" data-element_type=\"section\" data-e-type=\"section\">\n\t\t\t\t\t\t<div class=\"elementor-container elementor-column-gap-wider\">\n\t\t\t\t\t<div class=\"elementor-column elementor-col-100 elementor-inner-column elementor-element elementor-element-e87062a\" data-id=\"e87062a\" data-element_type=\"column\" data-e-type=\"column\">\n\t\t\t<div class=\"elementor-widget-wrap\">\n\t\t\t\t\t\t\t<\/div>\n\t\t<\/div>\n\t\t\t\t\t<\/div>\n\t\t<\/section>\n\t\t\t\t\t<\/div>\n\t\t<\/div>\n\t\t\t\t\t<\/div>\n\t\t<\/section>\n\t\t\t\t<\/div>\n\t\t","protected":false},"excerpt":{"rendered":"<p>Autorisation de divulguer ou de recevoir de l\u2019information\u00a0 Vous pouvez utiliser ce formulaire pour accorder \u00e0 un tiers l\u2019autorisation de communiquer avec nous en votre nom concernant vos demandes pour les examens du Conseil m\u00e9dical du Canada\u202f(CMC) et\/ou vos demandes de v\u00e9rification \u00e0 la source.\u00a0 T\u00e9l\u00e9charger Changement de nom\u00a0 Veuillez utiliser ce formulaire si vous [&hellip;]<\/p>\n","protected":false},"author":28,"featured_media":0,"parent":10426,"menu_order":0,"comment_status":"closed","ping_status":"closed","template":"","meta":{"_acf_changed":false,"content-type":"","_relevanssi_hide_post":"","_relevanssi_hide_content":"","_relevanssi_pin_for_all":"","_relevanssi_pin_keywords":"","_relevanssi_unpin_keywords":"","_relevanssi_related_keywords":"","_relevanssi_related_include_ids":"","_relevanssi_related_exclude_ids":"","_relevanssi_related_no_append":"","_relevanssi_related_not_related":"","_relevanssi_related_posts":"3897","_relevanssi_noindex_reason":"","footnotes":""},"class_list":["post-13547","page","type-page","status-publish","hentry"],"acf":{"inherit_intro_image":true,"page_intro_text":"Formulaires et documents pour acc\u00e9der \u00e0 nos services et pr\u00e9senter une demande pour nos examens.  ","page_intro_image":{"ID":14007,"id":14007,"title":"Image de la banni\u00e8re des formulaires et documents","filename":"Documents-banner-image-1200x600-1.jpg","filesize":243883,"url":"https:\/\/mcc.ca\/wp-content\/uploads\/Documents-banner-image-1200x600-1.jpg","link":"https:\/\/mcc.ca\/fr\/titres-de-competences-et-services\/formulaires-et-documents\/customer-service-executives-working-3\/","alt":"","author":"26","description":"","caption":"","name":"customer-service-executives-working-3","status":"inherit","uploaded_to":13547,"date":"2024-01-09 19:33:51","modified":"2024-01-26 18:56:22","menu_order":0,"mime_type":"image\/jpeg","type":"image","subtype":"jpeg","icon":"https:\/\/mcc.ca\/wp-includes\/images\/media\/default.png","width":1200,"height":600,"sizes":{"thumbnail":"https:\/\/mcc.ca\/wp-content\/uploads\/Documents-banner-image-1200x600-1-150x150.jpg","thumbnail-width":150,"thumbnail-height":150,"medium":"https:\/\/mcc.ca\/wp-content\/uploads\/Documents-banner-image-1200x600-1-300x150.jpg","medium-width":300,"medium-height":150,"medium_large":"https:\/\/mcc.ca\/wp-content\/uploads\/Documents-banner-image-1200x600-1-768x384.jpg","medium_large-width":768,"medium_large-height":384,"large":"https:\/\/mcc.ca\/wp-content\/uploads\/Documents-banner-image-1200x600-1-1024x512.jpg","large-width":800,"large-height":400,"1536x1536":"https:\/\/mcc.ca\/wp-content\/uploads\/Documents-banner-image-1200x600-1.jpg","1536x1536-width":1200,"1536x1536-height":600,"2048x2048":"https:\/\/mcc.ca\/wp-content\/uploads\/Documents-banner-image-1200x600-1.jpg","2048x2048-width":1200,"2048x2048-height":600,"gform-image-choice-sm":"https:\/\/mcc.ca\/wp-content\/uploads\/Documents-banner-image-1200x600-1.jpg","gform-image-choice-sm-width":300,"gform-image-choice-sm-height":150,"gform-image-choice-md":"https:\/\/mcc.ca\/wp-content\/uploads\/Documents-banner-image-1200x600-1.jpg","gform-image-choice-md-width":400,"gform-image-choice-md-height":200,"gform-image-choice-lg":"https:\/\/mcc.ca\/wp-content\/uploads\/Documents-banner-image-1200x600-1.jpg","gform-image-choice-lg-width":600,"gform-image-choice-lg-height":300}}},"aioseo_notices":[],"_links":{"self":[{"href":"https:\/\/mcc.ca\/fr\/wp-json\/wp\/v2\/pages\/13547","targetHints":{"allow":["GET"]}}],"collection":[{"href":"https:\/\/mcc.ca\/fr\/wp-json\/wp\/v2\/pages"}],"about":[{"href":"https:\/\/mcc.ca\/fr\/wp-json\/wp\/v2\/types\/page"}],"author":[{"embeddable":true,"href":"https:\/\/mcc.ca\/fr\/wp-json\/wp\/v2\/users\/28"}],"replies":[{"embeddable":true,"href":"https:\/\/mcc.ca\/fr\/wp-json\/wp\/v2\/comments?post=13547"}],"version-history":[{"count":3,"href":"https:\/\/mcc.ca\/fr\/wp-json\/wp\/v2\/pages\/13547\/revisions"}],"predecessor-version":[{"id":29825,"href":"https:\/\/mcc.ca\/fr\/wp-json\/wp\/v2\/pages\/13547\/revisions\/29825"}],"up":[{"embeddable":true,"href":"https:\/\/mcc.ca\/fr\/wp-json\/wp\/v2\/pages\/10426"}],"wp:attachment":[{"href":"https:\/\/mcc.ca\/fr\/wp-json\/wp\/v2\/media?parent=13547"}],"curies":[{"name":"wp","href":"https:\/\/api.w.org\/{rel}","templated":true}]}}