{"id":13526,"date":"2023-12-15T12:59:28","date_gmt":"2023-12-15T17:59:28","guid":{"rendered":"https:\/\/mcc2022.wpengine.com\/?page_id=13526"},"modified":"2024-09-03T10:09:22","modified_gmt":"2024-09-03T14:09:22","slug":"devenez-un-medecin-examinateur","status":"publish","type":"page","link":"https:\/\/mcc.ca\/fr\/a-propos-de-nous\/impliquez-vous\/devenez-un-medecin-examinateur\/","title":{"rendered":"Devenez un m\u00e9decin examinateur"},"content":{"rendered":"\t\t<div data-elementor-type=\"wp-page\" data-elementor-id=\"13526\" class=\"elementor elementor-13526 elementor-13188\" data-elementor-post-type=\"page\">\n\t\t\t\t\t\t<section class=\"elementor-section elementor-top-section elementor-element elementor-element-77106ad elementor-section-boxed elementor-section-height-default elementor-section-height-default\" data-id=\"77106ad\" data-element_type=\"section\" data-e-type=\"section\">\n\t\t\t\t\t\t<div class=\"elementor-container elementor-column-gap-default\">\n\t\t\t\t\t<div class=\"elementor-column elementor-col-100 elementor-top-column elementor-element elementor-element-c39dc45\" data-id=\"c39dc45\" data-element_type=\"column\" data-e-type=\"column\">\n\t\t\t<div class=\"elementor-widget-wrap elementor-element-populated\">\n\t\t\t\t\t\t<div class=\"elementor-element elementor-element-6bdaf50 elementor-widget elementor-widget-text-editor\" data-id=\"6bdaf50\" data-element_type=\"widget\" data-e-type=\"widget\" data-widget_type=\"text-editor.default\">\n\t\t\t\t<div class=\"elementor-widget-container\">\n\t\t\t\t\t\t\t\t\t<h2>Contribuez \u00e0 l\u2019\u00e9valuation des DIM<\/h2><p>L\u2019<a href=\"\/fr\/examens-et-evaluations\/examen-de-la-cne\/\">examen de la Collaboration nationale en mati\u00e8re d\u2019\u00e9valuation<\/a> (CNE) est un examen pancanadien offert \u00e0 tous les dipl\u00f4m\u00e9s internationaux en m\u00e9decine souhaitant faire leur r\u00e9sidence au Canada. Il se compose d\u2019une s\u00e9rie de stations pr\u00e9sentant des cas cliniques particuliers et au cours desquelles les candidats doivent examiner un patient standardis\u00e9 (PS) sur la base d\u2019une br\u00e8ve description \u00e9crite du probl\u00e8me pr\u00e9sent\u00e9. Un m\u00e9decin examinateur (ME) est pr\u00e9sent dans toutes les stations pour observer et \u00e9valuer l\u2019interaction entre le PS et le candidat.<\/p>\t\t\t\t\t\t\t\t<\/div>\n\t\t\t\t<\/div>\n\t\t\t\t\t<\/div>\n\t\t<\/div>\n\t\t\t\t\t<\/div>\n\t\t<\/section>\n\t\t\t\t<section class=\"elementor-section elementor-top-section elementor-element elementor-element-d8074af elementor-section-boxed elementor-section-height-default elementor-section-height-default\" data-id=\"d8074af\" data-element_type=\"section\" data-e-type=\"section\" data-settings=\"{&quot;background_background&quot;:&quot;classic&quot;}\">\n\t\t\t\t\t\t<div class=\"elementor-container elementor-column-gap-default\">\n\t\t\t\t\t<div class=\"elementor-column elementor-col-50 elementor-top-column elementor-element elementor-element-d235b59\" data-id=\"d235b59\" data-element_type=\"column\" data-e-type=\"column\">\n\t\t\t<div class=\"elementor-widget-wrap elementor-element-populated\">\n\t\t\t\t\t\t<div class=\"elementor-element elementor-element-ac3ad6f elementor-widget elementor-widget-text-editor\" data-id=\"ac3ad6f\" data-element_type=\"widget\" data-e-type=\"widget\" data-widget_type=\"text-editor.default\">\n\t\t\t\t<div class=\"elementor-widget-container\">\n\t\t\t\t\t\t\t\t\t<h2>Pourquoi devenir un ME?<\/h2><p>En plus d\u2019apporter une contribution utile \u00e0 la formation et \u00e0 l\u2019\u00e9valuation m\u00e9dicale au Canada, les ME pourront :<\/p><ul><li>Obtenir des cr\u00e9dits de DPC et un honoraire, de m\u00eame qu\u2019un certificat faisant mention des activit\u00e9s \u00e9ducatives r\u00e9alis\u00e9es dans le cadre du processus d\u2019examen.<\/li><li>Rencontrer et interagir avec des coll\u00e8gues m\u00e9decins.<\/li><li>Avoir la possibilit\u00e9 de fournir une r\u00e9troaction au sujet du contenu d\u2019examen.<\/li><\/ul>\t\t\t\t\t\t\t\t<\/div>\n\t\t\t\t<\/div>\n\t\t\t\t\t<\/div>\n\t\t<\/div>\n\t\t\t\t<div class=\"elementor-column elementor-col-50 elementor-top-column elementor-element elementor-element-c2e96a6\" data-id=\"c2e96a6\" data-element_type=\"column\" data-e-type=\"column\">\n\t\t\t<div class=\"elementor-widget-wrap elementor-element-populated\">\n\t\t\t\t\t\t<div class=\"elementor-element elementor-element-16d3aa9 elementor-widget elementor-widget-image\" data-id=\"16d3aa9\" data-element_type=\"widget\" data-e-type=\"widget\" data-widget_type=\"image.default\">\n\t\t\t\t<div class=\"elementor-widget-container\">\n\t\t\t\t\t\t\t\t\t\t\t\t\t\t\t<img fetchpriority=\"high\" decoding=\"async\" width=\"800\" height=\"534\" src=\"https:\/\/mcc.ca\/wp-content\/uploads\/Physician-Examiner-1200x800-2-1024x683.jpg\" class=\"attachment-large size-large wp-image-15057\" alt=\"Decorative image of a physician examiner taking notes during a NAC Examination\" srcset=\"https:\/\/mcc.ca\/wp-content\/uploads\/Physician-Examiner-1200x800-2-1024x683.jpg 1024w, https:\/\/mcc.ca\/wp-content\/uploads\/Physician-Examiner-1200x800-2-300x200.jpg 300w, https:\/\/mcc.ca\/wp-content\/uploads\/Physician-Examiner-1200x800-2-768x512.jpg 768w, https:\/\/mcc.ca\/wp-content\/uploads\/Physician-Examiner-1200x800-2.jpg 1200w\" sizes=\"(max-width: 800px) 100vw, 800px\" \/>\t\t\t\t\t\t\t\t\t\t\t\t\t\t\t<\/div>\n\t\t\t\t<\/div>\n\t\t\t\t\t<\/div>\n\t\t<\/div>\n\t\t\t\t\t<\/div>\n\t\t<\/section>\n\t\t\t\t<section class=\"elementor-section elementor-top-section elementor-element elementor-element-75de074 elementor-section-boxed elementor-section-height-default elementor-section-height-default\" data-id=\"75de074\" data-element_type=\"section\" data-e-type=\"section\">\n\t\t\t\t\t\t<div class=\"elementor-container elementor-column-gap-wider\">\n\t\t\t\t\t<div class=\"elementor-column elementor-col-50 elementor-top-column elementor-element elementor-element-d61e27f\" data-id=\"d61e27f\" data-element_type=\"column\" data-e-type=\"column\">\n\t\t\t<div class=\"elementor-widget-wrap elementor-element-populated\">\n\t\t\t\t\t\t<div class=\"elementor-element elementor-element-2dd0c09 elementor-widget elementor-widget-text-editor\" data-id=\"2dd0c09\" data-element_type=\"widget\" data-e-type=\"widget\" data-widget_type=\"text-editor.default\">\n\t\t\t\t<div class=\"elementor-widget-container\">\n\t\t\t\t\t\t\t\t\t<h2>Ce que cela implique<\/h2><ul><li>Les ME peuvent choisir de participer \u00e0 une ou plusieurs journ\u00e9es d\u2019examen durant l\u2019ann\u00e9e. Ces examens d\u2019une journ\u00e9e ont lieu au printemps et \u00e0 l\u2019automne.<\/li><li>Les ME doivent participer \u00e0 un programme de formation en ligne d\u2019une dur\u00e9e d\u2019une heure et demie (\u00e0 effectuer avant le jour de l\u2019examen), ce qui comprend un exercice de calibrage des notes.<\/li><\/ul>\t\t\t\t\t\t\t\t<\/div>\n\t\t\t\t<\/div>\n\t\t\t\t\t<\/div>\n\t\t<\/div>\n\t\t\t\t<div class=\"elementor-column elementor-col-50 elementor-top-column elementor-element elementor-element-a0ffddb\" data-id=\"a0ffddb\" data-element_type=\"column\" data-e-type=\"column\">\n\t\t\t<div class=\"elementor-widget-wrap elementor-element-populated\">\n\t\t\t\t\t\t<div class=\"elementor-element elementor-element-1d001a5 elementor-widget elementor-widget-text-editor\" data-id=\"1d001a5\" data-element_type=\"widget\" data-e-type=\"widget\" data-widget_type=\"text-editor.default\">\n\t\t\t\t<div class=\"elementor-widget-container\">\n\t\t\t\t\t\t\t\t\t<h2>Crit\u00e8res d\u2019admissibilit\u00e9<\/h2><p>Tout m\u00e9decin souhaitant devenir un ME doit, au moment de l\u2019examen :<\/p><ul><li>\u00catre un r\u00e9sident s\u00e9nior (R-3 +)<\/li><li>\u00catre admissible \u00e0 l\u2019obtention du titre de LCMC<\/li><li>\u00catre en pratique active au Canada et avoir une exp\u00e9rience r\u00e9cente dans la supervision d\u2019\u00e9tudiants <br \/>et\/ou <br \/>de r\u00e9sidents R-1<br \/>et\/ou <br \/>une exp\u00e9rience en tant qu\u2019examinateur \u00e0 ce niveau de formation<\/li><\/ul>\t\t\t\t\t\t\t\t<\/div>\n\t\t\t\t<\/div>\n\t\t\t\t<div class=\"elementor-element elementor-element-e8d2cb5 elementor-widget elementor-widget-button\" data-id=\"e8d2cb5\" data-element_type=\"widget\" data-e-type=\"widget\" data-widget_type=\"button.default\">\n\t\t\t\t<div class=\"elementor-widget-container\">\n\t\t\t\t\t\t\t\t\t<div class=\"elementor-button-wrapper\">\n\t\t\t\t\t<a class=\"elementor-button elementor-button-link elementor-size-sm\" href=\"\/media\/Crit%C3%A8res-de-recrutement-des-m%C3%A9decins-examinateurs-CNE.pdf\">\n\t\t\t\t\t\t<span class=\"elementor-button-content-wrapper\">\n\t\t\t\t\t\t\t\t\t<span class=\"elementor-button-text\">Lire les crit\u00e8res de recrutement au complet ici<\/span>\n\t\t\t\t\t<\/span>\n\t\t\t\t\t<\/a>\n\t\t\t\t<\/div>\n\t\t\t\t\t\t\t\t<\/div>\n\t\t\t\t<\/div>\n\t\t\t\t\t<\/div>\n\t\t<\/div>\n\t\t\t\t\t<\/div>\n\t\t<\/section>\n\t\t\t\t<section class=\"elementor-section elementor-top-section elementor-element elementor-element-4c9f640 elementor-section-boxed elementor-section-height-default elementor-section-height-default\" data-id=\"4c9f640\" data-element_type=\"section\" data-e-type=\"section\" data-settings=\"{&quot;background_background&quot;:&quot;classic&quot;}\">\n\t\t\t\t\t\t<div class=\"elementor-container elementor-column-gap-default\">\n\t\t\t\t\t<div class=\"elementor-column elementor-col-100 elementor-top-column elementor-element elementor-element-3b0217e\" data-id=\"3b0217e\" data-element_type=\"column\" data-e-type=\"column\">\n\t\t\t<div class=\"elementor-widget-wrap elementor-element-populated\">\n\t\t\t\t\t\t<div class=\"elementor-element elementor-element-7fc8908 elementor-widget elementor-widget-text-editor\" data-id=\"7fc8908\" data-element_type=\"widget\" data-e-type=\"widget\" data-widget_type=\"text-editor.default\">\n\t\t\t\t<div class=\"elementor-widget-container\">\n\t\t\t\t\t\t\t\t\t<h2>Faire une demande pour devenir ME<\/h2><p>Pour soumettre votre candidature \u00e0 titre de ME, envoyez un courriel \u00e0 <a href=\"mailto:medecinexaminateur@mcc.ca\">medecinexaminateur@mcc.ca<\/a> en indiquant votre lieu de r\u00e9sidence ainsi que la session d\u2019examen \u00e0 laquelle vous souhaitez participer (mai ou septembre).<\/p>\t\t\t\t\t\t\t\t<\/div>\n\t\t\t\t<\/div>\n\t\t\t\t\t<\/div>\n\t\t<\/div>\n\t\t\t\t\t<\/div>\n\t\t<\/section>\n\t\t\t\t<\/div>\n\t\t","protected":false},"excerpt":{"rendered":"<p>Contribuez \u00e0 l\u2019\u00e9valuation des DIM L\u2019examen de la Collaboration nationale en mati\u00e8re d\u2019\u00e9valuation (CNE) est un examen pancanadien offert \u00e0 tous les dipl\u00f4m\u00e9s internationaux en m\u00e9decine souhaitant faire leur r\u00e9sidence au Canada. Il se compose d\u2019une s\u00e9rie de stations pr\u00e9sentant des cas cliniques particuliers et au cours desquelles les candidats doivent examiner un patient standardis\u00e9 [&hellip;]<\/p>\n","protected":false},"author":34,"featured_media":0,"parent":13522,"menu_order":0,"comment_status":"closed","ping_status":"closed","template":"","meta":{"_acf_changed":false,"content-type":"","_relevanssi_hide_post":"","_relevanssi_hide_content":"","_relevanssi_pin_for_all":"","_relevanssi_pin_keywords":"","_relevanssi_unpin_keywords":"","_relevanssi_related_keywords":"","_relevanssi_related_include_ids":"","_relevanssi_related_exclude_ids":"","_relevanssi_related_no_append":"","_relevanssi_related_not_related":"","_relevanssi_related_posts":"3897","_relevanssi_noindex_reason":"","footnotes":""},"class_list":["post-13526","page","type-page","status-publish","hentry"],"acf":{"inherit_intro_image":true,"page_intro_text":"Apportez votre contribution au monde m\u00e9dical canadien en participant \u00e0 l\u2019\u00e9valuation de candidats par le biais de mises en situations cliniques simul\u00e9es.\r\n"},"aioseo_notices":[],"_links":{"self":[{"href":"https:\/\/mcc.ca\/fr\/wp-json\/wp\/v2\/pages\/13526","targetHints":{"allow":["GET"]}}],"collection":[{"href":"https:\/\/mcc.ca\/fr\/wp-json\/wp\/v2\/pages"}],"about":[{"href":"https:\/\/mcc.ca\/fr\/wp-json\/wp\/v2\/types\/page"}],"author":[{"embeddable":true,"href":"https:\/\/mcc.ca\/fr\/wp-json\/wp\/v2\/users\/34"}],"replies":[{"embeddable":true,"href":"https:\/\/mcc.ca\/fr\/wp-json\/wp\/v2\/comments?post=13526"}],"version-history":[{"count":0,"href":"https:\/\/mcc.ca\/fr\/wp-json\/wp\/v2\/pages\/13526\/revisions"}],"up":[{"embeddable":true,"href":"https:\/\/mcc.ca\/fr\/wp-json\/wp\/v2\/pages\/13522"}],"wp:attachment":[{"href":"https:\/\/mcc.ca\/fr\/wp-json\/wp\/v2\/media?parent=13526"}],"curies":[{"name":"wp","href":"https:\/\/api.w.org\/{rel}","templated":true}]}}