{"id":13523,"date":"2023-12-15T11:55:42","date_gmt":"2023-12-15T16:55:42","guid":{"rendered":"https:\/\/mcc2022.wpengine.com\/?page_id=13523"},"modified":"2026-03-31T16:09:22","modified_gmt":"2026-03-31T20:09:22","slug":"contribuez-a-la-creation-de-contenu-dexamen","status":"publish","type":"page","link":"https:\/\/mcc.ca\/fr\/a-propos-de-nous\/impliquez-vous\/contribuez-a-la-creation-de-contenu-dexamen\/","title":{"rendered":"Contribuez \u00e0 la cr\u00e9ation de contenu d\u2019examen"},"content":{"rendered":"\t\t<div data-elementor-type=\"wp-page\" data-elementor-id=\"13523\" class=\"elementor elementor-13523 elementor-13184\" data-elementor-post-type=\"page\">\n\t\t\t\t\t\t<section class=\"elementor-section elementor-top-section elementor-element elementor-element-f4ed177 elementor-section-boxed elementor-section-height-default elementor-section-height-default\" data-id=\"f4ed177\" data-element_type=\"section\" data-e-type=\"section\">\n\t\t\t\t\t\t<div class=\"elementor-container elementor-column-gap-default\">\n\t\t\t\t\t<div class=\"elementor-column elementor-col-100 elementor-top-column elementor-element elementor-element-5aa0d9d\" data-id=\"5aa0d9d\" data-element_type=\"column\" data-e-type=\"column\">\n\t\t\t<div class=\"elementor-widget-wrap elementor-element-populated\">\n\t\t\t\t\t\t<div class=\"elementor-element elementor-element-c97c19b elementor-widget elementor-widget-text-editor\" data-id=\"c97c19b\" data-element_type=\"widget\" data-e-type=\"widget\" data-widget_type=\"text-editor.default\">\n\t\t\t\t<div class=\"elementor-widget-container\">\n\t\t\t\t\t\t\t\t\t<h2>Joignez-vous \u00e0 un comit\u00e9 d\u2019\u00e9preuve<\/h2><p>Compos\u00e9s d\u2019experts externes, les comit\u00e9s d\u2019\u00e9preuve ont pour fonction d\u2019appuyer le Conseil m\u00e9dical du Canada (CMC) dans sa mission consistant \u00e0 offrir aux Canadiens les meilleurs soins m\u00e9dicaux qui soient et sont responsables de l\u2019\u00e9laboration d\u2019outils et de strat\u00e9gies d\u2019\u00e9valuation pertinents, normalis\u00e9s, ind\u00e9pendants et de qualit\u00e9 sup\u00e9rieure.<\/p><p>Le CMC est \u00e0 la recherche d\u2019experts en la mati\u00e8re qui souhaitent contribuer de fa\u00e7on significative \u00e0 l\u2019\u00e9ducation et \u00e0 l\u2019\u00e9valuation m\u00e9dicale pour se joindre \u00e0 ses comit\u00e9s d\u2019\u00e9preuve, notamment :<\/p><ul><li>Aux comit\u00e9s d\u2019\u00e9preuve de l\u2019EACMC (anciennement EACMC, partie I)\u00a0<ul><li>M\u00e9decine<\/li><li>Obst\u00e9trique et gyn\u00e9cologie<\/li><li>P\u00e9diatrie<\/li><li>Sant\u00e9 de la population et aspects \u00e9thiques, l\u00e9gaux et organisationnels de l\u2019exercice de la m\u00e9decine<\/li><li>Chirurgie<\/li><li>Psychiatrie<\/li><\/ul><\/li><li>Au comit\u00e9 d\u2019\u00e9preuve de l\u2019examen li\u00e9 \u00e0 la prise de d\u00e9cisions th\u00e9rapeutiques (PDT)<\/li><\/ul><p>Les candidatures sont accept\u00e9es au fur et \u00e0 mesure.<\/p>\t\t\t\t\t\t\t\t<\/div>\n\t\t\t\t<\/div>\n\t\t\t\t<div class=\"elementor-element elementor-element-944ddab elementor-widget elementor-widget-button\" data-id=\"944ddab\" data-element_type=\"widget\" data-e-type=\"widget\" data-widget_type=\"button.default\">\n\t\t\t\t<div class=\"elementor-widget-container\">\n\t\t\t\t\t\t\t\t\t<div class=\"elementor-button-wrapper\">\n\t\t\t\t\t<a class=\"elementor-button elementor-button-link elementor-size-sm\" href=\"\/fr\/a-propos-de-nous\/impliquez-vous\/contribuez-a-la-creation-de-contenu-dexamen\/joignez-vous-a-un-comite-depreuve-de-leacmc-partie-i-ou-de-lexamen-lie-a-la-pdt\/\">\n\t\t\t\t\t\t<span class=\"elementor-button-content-wrapper\">\n\t\t\t\t\t\t\t\t\t<span class=\"elementor-button-text\">Soumettez une demande <\/span>\n\t\t\t\t\t<\/span>\n\t\t\t\t\t<\/a>\n\t\t\t\t<\/div>\n\t\t\t\t\t\t\t\t<\/div>\n\t\t\t\t<\/div>\n\t\t\t\t\t<\/div>\n\t\t<\/div>\n\t\t\t\t\t<\/div>\n\t\t<\/section>\n\t\t\t\t<section class=\"elementor-section elementor-top-section elementor-element elementor-element-bbee1ad elementor-section-boxed elementor-section-height-default elementor-section-height-default\" data-id=\"bbee1ad\" data-element_type=\"section\" data-e-type=\"section\" data-settings=\"{&quot;background_background&quot;:&quot;classic&quot;}\">\n\t\t\t\t\t\t<div class=\"elementor-container elementor-column-gap-default\">\n\t\t\t\t\t<div class=\"elementor-column elementor-col-100 elementor-top-column elementor-element elementor-element-8e19648\" data-id=\"8e19648\" data-element_type=\"column\" data-e-type=\"column\">\n\t\t\t<div class=\"elementor-widget-wrap elementor-element-populated\">\n\t\t\t\t\t\t<div class=\"elementor-element elementor-element-18c3959 elementor-widget elementor-widget-heading\" data-id=\"18c3959\" data-element_type=\"widget\" data-e-type=\"widget\" data-widget_type=\"heading.default\">\n\t\t\t\t<div class=\"elementor-widget-container\">\n\t\t\t\t\t<h2 class=\"elementor-heading-title elementor-size-default\">Crit\u00e8res d\u2019admissibilit\u00e9\n<\/h2>\t\t\t\t<\/div>\n\t\t\t\t<\/div>\n\t\t\t\t<section class=\"elementor-section elementor-inner-section elementor-element elementor-element-50a7082 elementor-section-boxed elementor-section-height-default elementor-section-height-default\" data-id=\"50a7082\" data-element_type=\"section\" data-e-type=\"section\">\n\t\t\t\t\t\t<div class=\"elementor-container elementor-column-gap-wider\">\n\t\t\t\t\t<div class=\"elementor-column elementor-col-50 elementor-inner-column elementor-element elementor-element-8caf189\" data-id=\"8caf189\" data-element_type=\"column\" data-e-type=\"column\">\n\t\t\t<div class=\"elementor-widget-wrap elementor-element-populated\">\n\t\t\t\t\t\t<div class=\"elementor-element elementor-element-2bc5dad elementor-widget elementor-widget-text-editor\" data-id=\"2bc5dad\" data-element_type=\"widget\" data-e-type=\"widget\" data-widget_type=\"text-editor.default\">\n\t\t\t\t<div class=\"elementor-widget-container\">\n\t\t\t\t\t\t\t\t\t<h3>Comit\u00e9s d\u2019\u00e9preuve de l\u2019EACMC<\/h3>\n<ul>\n<li>\u00catre inscrit \u00e0 titre de Licenci\u00e9 du Conseil m\u00e9dical du Canada (LCMC).<\/li>\n<li>D\u00e9tenir un permis d\u2019exercice valide pour exercer la m\u00e9decine dans une province ou un territoire canadien.<\/li>\n<li>Avoir exerc\u00e9 de fa\u00e7on autonome au Canada depuis au moins trois ans.<\/li>\n<\/ul>\t\t\t\t\t\t\t\t<\/div>\n\t\t\t\t<\/div>\n\t\t\t\t\t<\/div>\n\t\t<\/div>\n\t\t\t\t<div class=\"elementor-column elementor-col-50 elementor-inner-column elementor-element elementor-element-6b4c563\" data-id=\"6b4c563\" data-element_type=\"column\" data-e-type=\"column\">\n\t\t\t<div class=\"elementor-widget-wrap elementor-element-populated\">\n\t\t\t\t\t\t<div class=\"elementor-element elementor-element-f65d91e elementor-widget elementor-widget-text-editor\" data-id=\"f65d91e\" data-element_type=\"widget\" data-e-type=\"widget\" data-widget_type=\"text-editor.default\">\n\t\t\t\t<div class=\"elementor-widget-container\">\n\t\t\t\t\t\t\t\t\t<h3>Comit\u00e9 d\u2019\u00e9preuve de l\u2019examen li\u00e9 \u00e0 la PDT<\/h3><ul><li>\u00catre inscrit \u00e0 titre de Licenci\u00e9 du Conseil m\u00e9dical du Canada (LCMC).<\/li><li>D\u00e9tenir un permis d\u2019exercice valide pour exercer la m\u00e9decine dans une province ou un territoire canadien.<\/li><li>D\u00e9tenir la Certification du Coll\u00e8ge des m\u00e9decins de famille du Canada (CMFC).<\/li><\/ul>\t\t\t\t\t\t\t\t<\/div>\n\t\t\t\t<\/div>\n\t\t\t\t\t<\/div>\n\t\t<\/div>\n\t\t\t\t\t<\/div>\n\t\t<\/section>\n\t\t\t\t\t<\/div>\n\t\t<\/div>\n\t\t\t\t\t<\/div>\n\t\t<\/section>\n\t\t\t\t<section class=\"elementor-section elementor-top-section elementor-element elementor-element-31691bd elementor-section-boxed elementor-section-height-default elementor-section-height-default\" data-id=\"31691bd\" data-element_type=\"section\" data-e-type=\"section\">\n\t\t\t\t\t\t<div class=\"elementor-container elementor-column-gap-default\">\n\t\t\t\t\t<div class=\"elementor-column elementor-col-100 elementor-top-column elementor-element elementor-element-767eb5c\" data-id=\"767eb5c\" data-element_type=\"column\" data-e-type=\"column\">\n\t\t\t<div class=\"elementor-widget-wrap elementor-element-populated\">\n\t\t\t\t\t\t<div class=\"elementor-element elementor-element-cb53171 elementor-widget elementor-widget-heading\" data-id=\"cb53171\" data-element_type=\"widget\" data-e-type=\"widget\" data-widget_type=\"heading.default\">\n\t\t\t\t<div class=\"elementor-widget-container\">\n\t\t\t\t\t<h2 class=\"elementor-heading-title elementor-size-default\">Ressources utiles<\/h2>\t\t\t\t<\/div>\n\t\t\t\t<\/div>\n\t\t\t\t<section class=\"elementor-section elementor-inner-section elementor-element elementor-element-32aa251 elementor-section-boxed elementor-section-height-default elementor-section-height-default\" data-id=\"32aa251\" data-element_type=\"section\" data-e-type=\"section\">\n\t\t\t\t\t\t<div class=\"elementor-container elementor-column-gap-wider\">\n\t\t\t\t\t<div class=\"elementor-column elementor-col-50 elementor-inner-column elementor-element elementor-element-de6bf44\" data-id=\"de6bf44\" data-element_type=\"column\" data-e-type=\"column\">\n\t\t\t<div class=\"elementor-widget-wrap elementor-element-populated\">\n\t\t\t\t\t\t<div class=\"elementor-element elementor-element-ccf5273 elementor-widget elementor-widget-heading\" data-id=\"ccf5273\" data-element_type=\"widget\" data-e-type=\"widget\" data-widget_type=\"heading.default\">\n\t\t\t\t<div class=\"elementor-widget-container\">\n\t\t\t\t\t<h3 class=\"elementor-heading-title elementor-size-default\">Comit\u00e9s d\u2019\u00e9preuve<\/h3>\t\t\t\t<\/div>\n\t\t\t\t<\/div>\n\t\t\t\t<div class=\"elementor-element elementor-element-7ebdeeb elementor-widget elementor-widget-button\" data-id=\"7ebdeeb\" data-element_type=\"widget\" data-e-type=\"widget\" data-widget_type=\"button.default\">\n\t\t\t\t<div class=\"elementor-widget-container\">\n\t\t\t\t\t\t\t\t\t<div class=\"elementor-button-wrapper\">\n\t\t\t\t\t<a class=\"elementor-button elementor-button-link elementor-size-sm\" href=\"\/fr\/a-propos-de-nous\/comites\/\">\n\t\t\t\t\t\t<span class=\"elementor-button-content-wrapper\">\n\t\t\t\t\t\t\t\t\t<span class=\"elementor-button-text\">Cliquez ici pour voir la liste des comit\u00e9s d\u2019\u00e9preuve actuels et de leurs membres.<\/span>\n\t\t\t\t\t<\/span>\n\t\t\t\t\t<\/a>\n\t\t\t\t<\/div>\n\t\t\t\t\t\t\t\t<\/div>\n\t\t\t\t<\/div>\n\t\t\t\t\t<\/div>\n\t\t<\/div>\n\t\t\t\t<div class=\"elementor-column elementor-col-50 elementor-inner-column elementor-element elementor-element-2feaf7b\" data-id=\"2feaf7b\" data-element_type=\"column\" data-e-type=\"column\">\n\t\t\t<div class=\"elementor-widget-wrap elementor-element-populated\">\n\t\t\t\t\t\t<div class=\"elementor-element elementor-element-ca73395 elementor-widget elementor-widget-heading\" data-id=\"ca73395\" data-element_type=\"widget\" data-e-type=\"widget\" data-widget_type=\"heading.default\">\n\t\t\t\t<div class=\"elementor-widget-container\">\n\t\t\t\t\t<h3 class=\"elementor-heading-title elementor-size-default\">Test committee resources<\/h3>\t\t\t\t<\/div>\n\t\t\t\t<\/div>\n\t\t\t\t<div class=\"elementor-element elementor-element-a7b2e29 elementor-widget elementor-widget-button\" data-id=\"a7b2e29\" data-element_type=\"widget\" data-e-type=\"widget\" data-widget_type=\"button.default\">\n\t\t\t\t<div class=\"elementor-widget-container\">\n\t\t\t\t\t\t\t\t\t<div class=\"elementor-button-wrapper\">\n\t\t\t\t\t<a class=\"elementor-button elementor-button-link elementor-size-sm\" href=\"\/fr\/a-propos-de-nous\/comites\/ressources-comites-epreuves\/\">\n\t\t\t\t\t\t<span class=\"elementor-button-content-wrapper\">\n\t\t\t\t\t\t\t\t\t<span class=\"elementor-button-text\">Prenez connaissance des ressources utilis\u00e9es aux fins de la cr\u00e9ation de contenu d\u2019examen. <\/span>\n\t\t\t\t\t<\/span>\n\t\t\t\t\t<\/a>\n\t\t\t\t<\/div>\n\t\t\t\t\t\t\t\t<\/div>\n\t\t\t\t<\/div>\n\t\t\t\t\t<\/div>\n\t\t<\/div>\n\t\t\t\t\t<\/div>\n\t\t<\/section>\n\t\t\t\t\t<\/div>\n\t\t<\/div>\n\t\t\t\t\t<\/div>\n\t\t<\/section>\n\t\t\t\t<\/div>\n\t\t","protected":false},"excerpt":{"rendered":"<p>Joignez-vous \u00e0 un comit\u00e9 d\u2019\u00e9preuve Compos\u00e9s d\u2019experts externes, les comit\u00e9s d\u2019\u00e9preuve ont pour fonction d\u2019appuyer le Conseil m\u00e9dical du Canada (CMC) dans sa mission consistant \u00e0 offrir aux Canadiens les meilleurs soins m\u00e9dicaux qui soient et sont responsables de l\u2019\u00e9laboration d\u2019outils et de strat\u00e9gies d\u2019\u00e9valuation pertinents, normalis\u00e9s, ind\u00e9pendants et de qualit\u00e9 sup\u00e9rieure. Le CMC est [&hellip;]<\/p>\n","protected":false},"author":34,"featured_media":0,"parent":13522,"menu_order":0,"comment_status":"closed","ping_status":"closed","template":"","meta":{"_acf_changed":false,"content-type":"","_relevanssi_hide_post":"","_relevanssi_hide_content":"","_relevanssi_pin_for_all":"","_relevanssi_pin_keywords":"","_relevanssi_unpin_keywords":"","_relevanssi_related_keywords":"","_relevanssi_related_include_ids":"","_relevanssi_related_exclude_ids":"","_relevanssi_related_no_append":"","_relevanssi_related_not_related":"","_relevanssi_related_posts":"3897","_relevanssi_noindex_reason":"","footnotes":""},"class_list":["post-13523","page","type-page","status-publish","hentry"],"acf":{"inherit_intro_image":true,"page_intro_text":"Apportez votre contribution au monde m\u00e9dical canadien en vous joignant \u00e0 un des comit\u00e9s d\u2019\u00e9preuve aux fins de la cr\u00e9ation de contenu d\u2019examen de grande qualit\u00e9. "},"aioseo_notices":[],"_links":{"self":[{"href":"https:\/\/mcc.ca\/fr\/wp-json\/wp\/v2\/pages\/13523","targetHints":{"allow":["GET"]}}],"collection":[{"href":"https:\/\/mcc.ca\/fr\/wp-json\/wp\/v2\/pages"}],"about":[{"href":"https:\/\/mcc.ca\/fr\/wp-json\/wp\/v2\/types\/page"}],"author":[{"embeddable":true,"href":"https:\/\/mcc.ca\/fr\/wp-json\/wp\/v2\/users\/34"}],"replies":[{"embeddable":true,"href":"https:\/\/mcc.ca\/fr\/wp-json\/wp\/v2\/comments?post=13523"}],"version-history":[{"count":3,"href":"https:\/\/mcc.ca\/fr\/wp-json\/wp\/v2\/pages\/13523\/revisions"}],"predecessor-version":[{"id":29936,"href":"https:\/\/mcc.ca\/fr\/wp-json\/wp\/v2\/pages\/13523\/revisions\/29936"}],"up":[{"embeddable":true,"href":"https:\/\/mcc.ca\/fr\/wp-json\/wp\/v2\/pages\/13522"}],"wp:attachment":[{"href":"https:\/\/mcc.ca\/fr\/wp-json\/wp\/v2\/media?parent=13523"}],"curies":[{"name":"wp","href":"https:\/\/api.w.org\/{rel}","templated":true}]}}