{"id":13480,"date":"2023-11-28T09:41:16","date_gmt":"2023-11-28T14:41:16","guid":{"rendered":"https:\/\/mcc2022.wpengine.com\/?page_id=13480"},"modified":"2026-03-30T14:51:12","modified_gmt":"2026-03-30T18:51:12","slug":"questions-a-choix-multiples","status":"publish","type":"page","link":"https:\/\/mcc.ca\/fr\/examens-et-evaluations\/eacmc\/le-jour-de-lexamen\/questions-a-choix-multiples\/","title":{"rendered":"Questions \u00e0 choix multiples"},"content":{"rendered":"\t\t<div data-elementor-type=\"wp-page\" data-elementor-id=\"13480\" class=\"elementor elementor-13480 elementor-12445\" data-elementor-post-type=\"page\">\n\t\t\t\t\t\t<section class=\"elementor-section elementor-top-section elementor-element elementor-element-49eff40 elementor-section-boxed elementor-section-height-default elementor-section-height-default\" data-id=\"49eff40\" data-element_type=\"section\" data-e-type=\"section\">\n\t\t\t\t\t\t<div class=\"elementor-container elementor-column-gap-default\">\n\t\t\t\t\t<div class=\"elementor-column elementor-col-100 elementor-top-column elementor-element elementor-element-c8bbc1f\" data-id=\"c8bbc1f\" data-element_type=\"column\" data-e-type=\"column\">\n\t\t\t<div class=\"elementor-widget-wrap elementor-element-populated\">\n\t\t\t\t\t\t<div class=\"elementor-element elementor-element-3326db2 elementor-widget elementor-widget-mwpagemenu\" data-id=\"3326db2\" data-element_type=\"widget\" data-e-type=\"widget\" data-widget_type=\"mwpagemenu.default\">\n\t\t\t\t<div class=\"elementor-widget-container\">\n\t\t\t\t\t<div class=\"collapsible-menu\"><div class=\"icon-container\"><div class=\"icon\"><p>Menu de section<\/p><i class=\"menu-icon fas fa-chevron-down\"><\/i><\/div><\/div><div class=\"menu-content\"><div class=\"mw-pagemenu\"><div class=\"link-block\"><a class=\"inactive\" href=\"https:\/\/mcc.ca\/fr\/examens-et-evaluations\/eacmc\/le-jour-de-lexamen\/\"><span class=\"link-title\">Aper\u00e7u<\/span><div class=\"block-border\"><\/div><\/a><\/div><div class=\"link-block\"><a class=\"active\" href=\"https:\/\/mcc.ca\/fr\/examens-et-evaluations\/eacmc\/le-jour-de-lexamen\/questions-a-choix-multiples\/\"><span class=\"link-title\">Questions \u00e0 choix multiples<\/span><div class=\"block-border\"><\/div><\/a><\/div><\/div><\/div><\/div>\t\t\t\t<\/div>\n\t\t\t\t<\/div>\n\t\t\t\t\t<\/div>\n\t\t<\/div>\n\t\t\t\t\t<\/div>\n\t\t<\/section>\n\t\t\t\t<section class=\"elementor-section elementor-top-section elementor-element elementor-element-194ac53 elementor-section-boxed elementor-section-height-default elementor-section-height-default\" data-id=\"194ac53\" data-element_type=\"section\" data-e-type=\"section\">\n\t\t\t\t\t\t<div class=\"elementor-container elementor-column-gap-default\">\n\t\t\t\t\t<div class=\"elementor-column elementor-col-100 elementor-top-column elementor-element elementor-element-ca14045\" data-id=\"ca14045\" data-element_type=\"column\" data-e-type=\"column\">\n\t\t\t<div class=\"elementor-widget-wrap elementor-element-populated\">\n\t\t\t\t\t\t<div class=\"elementor-element elementor-element-e4c1c14 elementor-widget elementor-widget-text-editor\" data-id=\"e4c1c14\" data-element_type=\"widget\" data-e-type=\"widget\" data-widget_type=\"text-editor.default\">\n\t\t\t\t<div class=\"elementor-widget-container\">\n\t\t\t\t\t\t\t\t\t<h2>Aper\u00e7u<\/h2><p>L\u2019EACMC comprend 230 questions \u00e0 choix multiples (QCM), r\u00e9parties en deux sections. Chaque section contient 115 QCM, parmi lesquelles des questions pilotes aussi appel\u00e9es questions d\u2019essai pr\u00e9liminaire. La dur\u00e9e standard maximale allou\u00e9e pour chaque section est de deux heures et 40 minutes.<\/p><p>Les QCM de l\u2019EACMC ont un nombre diff\u00e9rent d\u2019options parmi lesquelles choisir, pour chaque question. Le nombre d\u2019options varie de trois \u00e0 cinq. La liste d\u2019options comprend une meilleure r\u00e9ponse et deux \u00e0 quatre mauvaises options, appel\u00e9es leurres. Vous pouvez s\u00e9lectionner une seule r\u00e9ponse.<\/p><p>Les QCM sont pr\u00e9sent\u00e9es en deux sections. Vous pouvez naviguer librement entre toutes les QCM \u00e0 l\u2019int\u00e9rieur d\u2019une section. Vous pouvez marquer les questions et y revenir \u00e0 n\u2019importe quel moment pendant chaque section de QCM. Certains \u00e9l\u00e9ments d\u2019examen seront illustr\u00e9s, et peuvent comprendre des photographies, des diagrammes, des radiographies, des \u00e9lectrocardiogrammes et du mat\u00e9riel graphique ou tabul\u00e9. Si cela est pertinent \u00e0 une question, on vous pr\u00e9sentera les valeurs de r\u00e9f\u00e9rence directement dans la question.<\/p><p>Pour s\u00e9lectionner une option, cliquez sur le texte de cette option. Vous pouvez modifier votre r\u00e9ponse en cliquant simplement sur une autre option. Vous pouvez d\u00e9s\u00e9lectionner une option en cliquant sur celle-ci une deuxi\u00e8me fois. \u00c9tant donn\u00e9 qu\u2019il n\u2019y a pas de p\u00e9nalit\u00e9 pour les r\u00e9ponses incorrectes, il est recommand\u00e9 de r\u00e9pondre \u00e0 chaque question du mieux que vous pouvez, m\u00eame dans les cas o\u00f9 vous auriez un doute.<\/p><p>Vous pouvez soumettre une section une fois que vous avez r\u00e9pondu \u00e0 toutes les questions, que vous \u00eates pr\u00eat \u00e0 soumettre la section, ou lorsque votre temps allou\u00e9 est \u00e9coul\u00e9. Lorsque vous avez soumis une section, vous ne pouvez pas y retourner pour passer en revue ou modifier vos r\u00e9ponses.<\/p>\t\t\t\t\t\t\t\t<\/div>\n\t\t\t\t<\/div>\n\t\t\t\t\t<\/div>\n\t\t<\/div>\n\t\t\t\t\t<\/div>\n\t\t<\/section>\n\t\t\t\t<section class=\"elementor-section elementor-top-section elementor-element elementor-element-4203dbf elementor-section-boxed elementor-section-height-default elementor-section-height-default\" data-id=\"4203dbf\" data-element_type=\"section\" data-e-type=\"section\">\n\t\t\t\t\t\t<div class=\"elementor-container elementor-column-gap-default\">\n\t\t\t\t\t<div class=\"elementor-column elementor-col-100 elementor-top-column elementor-element elementor-element-c8f1ab3\" data-id=\"c8f1ab3\" data-element_type=\"column\" data-e-type=\"column\">\n\t\t\t<div class=\"elementor-widget-wrap elementor-element-populated\">\n\t\t\t\t\t\t<div class=\"elementor-element elementor-element-d71b924 elementor-widget elementor-widget-text-editor\" data-id=\"d71b924\" data-element_type=\"widget\" data-e-type=\"widget\" data-widget_type=\"text-editor.default\">\n\t\t\t\t<div class=\"elementor-widget-container\">\n\t\t\t\t\t\t\t\t\t<h3>Exemple de QCM<\/h3>\n<table style=\"width: 100%\">\n<tbody>\n<tr>\n<td style=\"background-color: #b0c6d6;text-align: left\"><span style=\"color: #000000\"><strong>Cas<\/strong><\/span><\/td>\n<\/tr>\n<tr>\n<td style=\"background-color: #f0f0f0\">Un homme \u00e2g\u00e9 de 36 ans, par ailleurs en bonne sant\u00e9, pr\u00e9sente depuis 4 semaines une \u00e9ruption papuleuse g\u00e9n\u00e9ralis\u00e9e tr\u00e8s prurigineuse. \u00c0 l\u2019examen, on note des papules excori\u00e9es et des v\u00e9sicules aux poignets et de chaque c\u00f4t\u00e9 des doigts, de m\u00eame que sur les bras et les fesses. Le reste de l\u2019examen est sans particularit\u00e9. Son fils \u00e2g\u00e9 de 9 ans a \u00e9galement eu un prurit au niveau des doigts et des poignets.<\/td>\n<\/tr>\n<\/tbody>\n<\/table>\n<table style=\"width: 100%\" border=\"0\" cellspacing=\"0\" cellpadding=\"0\">\n<tbody>\n<tr style=\"height: 72px\">\n<td style=\"width: 100%;background-color: #f0f0f0;text-align: left;vertical-align: middle;height: 44px\" colspan=\"2\"><strong><span style=\"color: #800000\">Question<\/span><br>Lequel des diagnostics suivants est le plus probable?<\/strong><\/td>\n<\/tr>\n<tr style=\"height: 72px\">\n<td style=\"width: 100%\"><span style=\"color: #800000\"><strong><\/strong><span style=\"color: #000000\">&nbsp; 1.&nbsp; N\u00e9vrodermite<\/span><br><span style=\"color: #000000\">&nbsp; 2.&nbsp; Impetigo<\/span><br><span style=\"color: #000000\"> &nbsp; 3.&nbsp; Pityriasis ros\u00e9<\/span><br><span style=\"color: #000000\"> &nbsp; 4.&nbsp; Zona<\/span><br><span style=\"color: #000000\"> &nbsp; 5.&nbsp; Gale<\/span><\/span><\/td>\n<\/tr>\n<\/tbody>\n<\/table>\t\t\t\t\t\t\t\t<\/div>\n\t\t\t\t<\/div>\n\t\t\t\t\t<\/div>\n\t\t<\/div>\n\t\t\t\t\t<\/div>\n\t\t<\/section>\n\t\t\t\t<section class=\"elementor-section elementor-top-section elementor-element elementor-element-09e5f80 elementor-section-boxed elementor-section-height-default elementor-section-height-default\" data-id=\"09e5f80\" data-element_type=\"section\" data-e-type=\"section\">\n\t\t\t\t\t\t<div class=\"elementor-container elementor-column-gap-default\">\n\t\t\t\t\t<div class=\"elementor-column elementor-col-100 elementor-top-column elementor-element elementor-element-3cb0765\" data-id=\"3cb0765\" data-element_type=\"column\" data-e-type=\"column\">\n\t\t\t<div class=\"elementor-widget-wrap elementor-element-populated\">\n\t\t\t\t\t\t<div class=\"elementor-element elementor-element-79acb69 elementor-widget-divider--view-line elementor-widget elementor-widget-divider\" data-id=\"79acb69\" data-element_type=\"widget\" data-e-type=\"widget\" data-widget_type=\"divider.default\">\n\t\t\t\t<div class=\"elementor-widget-container\">\n\t\t\t\t\t\t\t<div class=\"elementor-divider\">\n\t\t\t<span class=\"elementor-divider-separator\">\n\t\t\t\t\t\t<\/span>\n\t\t<\/div>\n\t\t\t\t\t\t<\/div>\n\t\t\t\t<\/div>\n\t\t\t\t<section class=\"elementor-section elementor-inner-section elementor-element elementor-element-c892b91 elementor-section-boxed elementor-section-height-default elementor-section-height-default\" data-id=\"c892b91\" data-element_type=\"section\" data-e-type=\"section\">\n\t\t\t\t\t\t<div class=\"elementor-container elementor-column-gap-default\">\n\t\t\t\t\t<div class=\"elementor-column elementor-col-50 elementor-inner-column elementor-element elementor-element-dbdf72d\" data-id=\"dbdf72d\" data-element_type=\"column\" data-e-type=\"column\">\n\t\t\t<div class=\"elementor-widget-wrap elementor-element-populated\">\n\t\t\t\t\t\t<div class=\"elementor-element elementor-element-95c8c50 elementor-widget-tablet__width-initial elementor-widget elementor-widget-heading\" data-id=\"95c8c50\" data-element_type=\"widget\" data-e-type=\"widget\" data-widget_type=\"heading.default\">\n\t\t\t\t<div class=\"elementor-widget-container\">\n\t\t\t\t\t<span class=\"elementor-heading-title elementor-size-default\">D\u00e9couvrez nos questions de pratique gratuites<\/span>\t\t\t\t<\/div>\n\t\t\t\t<\/div>\n\t\t\t\t\t<\/div>\n\t\t<\/div>\n\t\t\t\t<div class=\"elementor-column elementor-col-50 elementor-inner-column elementor-element elementor-element-ff4f176\" data-id=\"ff4f176\" data-element_type=\"column\" data-e-type=\"column\">\n\t\t\t<div class=\"elementor-widget-wrap elementor-element-populated\">\n\t\t\t\t\t\t<div class=\"elementor-element elementor-element-858841d elementor-widget__width-initial elementor-view-default elementor-widget elementor-widget-icon\" data-id=\"858841d\" data-element_type=\"widget\" data-e-type=\"widget\" data-widget_type=\"icon.default\">\n\t\t\t\t<div class=\"elementor-widget-container\">\n\t\t\t\t\t\t\t<div class=\"elementor-icon-wrapper\">\n\t\t\t<a class=\"elementor-icon\" href=\"https:\/\/mcc.ca\/fr\/examens-et-evaluations\/ressources-pour-aider-a-la-preparation-dun-examen\/questions-de-pratique-gratuites\/\" target=\"_blank\">\n\t\t\t<i aria-hidden=\"true\" class=\"fas fa-arrow-circle-right\"><\/i>\t\t\t<\/a>\n\t\t<\/div>\n\t\t\t\t\t\t<\/div>\n\t\t\t\t<\/div>\n\t\t\t\t\t<\/div>\n\t\t<\/div>\n\t\t\t\t\t<\/div>\n\t\t<\/section>\n\t\t\t\t\t<\/div>\n\t\t<\/div>\n\t\t\t\t\t<\/div>\n\t\t<\/section>\n\t\t\t\t<\/div>\n\t\t","protected":false},"excerpt":{"rendered":"<p>Section menu Aper\u00e7uQuestions \u00e0 choix multiples Aper\u00e7u L\u2019EACMC comprend 230 questions \u00e0 choix multiples (QCM), r\u00e9parties en deux sections. Chaque section contient 115 QCM, parmi lesquelles des questions pilotes aussi appel\u00e9es questions d\u2019essai pr\u00e9liminaire. La dur\u00e9e standard maximale allou\u00e9e pour chaque section est de deux heures et 40 minutes. Les QCM de l\u2019EACMC ont un [&hellip;]<\/p>\n","protected":false},"author":28,"featured_media":0,"parent":13290,"menu_order":4,"comment_status":"closed","ping_status":"closed","template":"","meta":{"_acf_changed":false,"content-type":"","_relevanssi_hide_post":"","_relevanssi_hide_content":"","_relevanssi_pin_for_all":"","_relevanssi_pin_keywords":"","_relevanssi_unpin_keywords":"","_relevanssi_related_keywords":"","_relevanssi_related_include_ids":"","_relevanssi_related_exclude_ids":"","_relevanssi_related_no_append":"","_relevanssi_related_not_related":"","_relevanssi_related_posts":"3897","_relevanssi_noindex_reason":"","footnotes":""},"class_list":["post-13480","page","type-page","status-publish","hentry"],"acf":{"inherit_intro_image":true,"page_intro_text":"Familiarisez-vous avec le type de questions \u00e0 choix multiples de l\u2019EACMC (anciennement EACMC, partie I)."},"aioseo_notices":[],"_links":{"self":[{"href":"https:\/\/mcc.ca\/fr\/wp-json\/wp\/v2\/pages\/13480","targetHints":{"allow":["GET"]}}],"collection":[{"href":"https:\/\/mcc.ca\/fr\/wp-json\/wp\/v2\/pages"}],"about":[{"href":"https:\/\/mcc.ca\/fr\/wp-json\/wp\/v2\/types\/page"}],"author":[{"embeddable":true,"href":"https:\/\/mcc.ca\/fr\/wp-json\/wp\/v2\/users\/28"}],"replies":[{"embeddable":true,"href":"https:\/\/mcc.ca\/fr\/wp-json\/wp\/v2\/comments?post=13480"}],"version-history":[{"count":4,"href":"https:\/\/mcc.ca\/fr\/wp-json\/wp\/v2\/pages\/13480\/revisions"}],"predecessor-version":[{"id":29706,"href":"https:\/\/mcc.ca\/fr\/wp-json\/wp\/v2\/pages\/13480\/revisions\/29706"}],"up":[{"embeddable":true,"href":"https:\/\/mcc.ca\/fr\/wp-json\/wp\/v2\/pages\/13290"}],"wp:attachment":[{"href":"https:\/\/mcc.ca\/fr\/wp-json\/wp\/v2\/media?parent=13480"}],"curies":[{"name":"wp","href":"https:\/\/api.w.org\/{rel}","templated":true}]}}