{"id":13449,"date":"2023-12-05T11:56:17","date_gmt":"2023-12-05T16:56:17","guid":{"rendered":"https:\/\/mcc2022.wpengine.com\/?page_id=13449"},"modified":"2025-01-15T09:12:56","modified_gmt":"2025-01-15T14:12:56","slug":"accommodements-pour-lexamen-de-la-cne","status":"publish","type":"page","link":"https:\/\/mcc.ca\/fr\/examens-et-evaluations\/demandes-relatives-aux-examens\/accommodements-dexamen\/accommodements-pour-lexamen-de-la-cne\/","title":{"rendered":"Accommodements pour l\u2019examen de la CNE"},"content":{"rendered":"\t\t<div data-elementor-type=\"wp-page\" data-elementor-id=\"13449\" class=\"elementor elementor-13449 elementor-12713\" data-elementor-post-type=\"page\">\n\t\t\t\t\t\t<section class=\"elementor-section elementor-top-section elementor-element elementor-element-2d702ab elementor-section-boxed elementor-section-height-default elementor-section-height-default\" data-id=\"2d702ab\" data-element_type=\"section\" data-e-type=\"section\">\n\t\t\t\t\t\t<div class=\"elementor-container elementor-column-gap-default\">\n\t\t\t\t\t<div class=\"elementor-column elementor-col-100 elementor-top-column elementor-element elementor-element-eac5c8b\" data-id=\"eac5c8b\" data-element_type=\"column\" data-e-type=\"column\">\n\t\t\t<div class=\"elementor-widget-wrap elementor-element-populated\">\n\t\t\t\t\t\t<div class=\"elementor-element elementor-element-db156ff elementor-widget elementor-widget-text-editor\" data-id=\"db156ff\" data-element_type=\"widget\" data-e-type=\"widget\" data-widget_type=\"text-editor.default\">\n\t\t\t\t<div class=\"elementor-widget-container\">\n\t\t\t\t\t\t\t\t\t<h2>Date limite d\u2019envoi de la documentation relative aux accommodements d\u2019examen<\/h2><p>Bien que le formulaire de <a href=\"https:\/\/mcc.ca\/wp-content\/uploads\/Demande-daccommodements-dexamen.pdf\" target=\"_blank\" rel=\"noopener\">demande d\u2019accommodements d&rsquo;examen<\/a> et les documents justificatifs doivent \u00eatre envoy\u00e9s \u00e0 <a href=\"mailto:candidateaffairs@mcc.ca\">candidateaffairs@mcc.ca<\/a> d\u00e8s que possible apr\u00e8s l\u2019envoi de la demande d\u2019admission \u00e0 l\u2019examen, les candidats ont jusqu\u2019\u00e0 la date limite de soumission des demandes d\u2019accommodements pour ce faire. Il se peut qu\u2019un accommodement d\u2019examen ne soit pas possible si la documentation requise n\u2019est pas re\u00e7ue avant la date limite. Le CMC fera tout en son pouvoir pour r\u00e9pondre de mani\u00e8re appropri\u00e9e et raisonnable aux besoins des candidats, dans la mesure o\u00f9 le temps le permet.<\/p>\t\t\t\t\t\t\t\t<\/div>\n\t\t\t\t<\/div>\n\t\t\t\t<div class=\"elementor-element elementor-element-33ebc4b elementor-widget elementor-widget-button\" data-id=\"33ebc4b\" data-element_type=\"widget\" data-e-type=\"widget\" data-widget_type=\"button.default\">\n\t\t\t\t<div class=\"elementor-widget-container\">\n\t\t\t\t\t\t\t\t\t<div class=\"elementor-button-wrapper\">\n\t\t\t\t\t<a class=\"elementor-button elementor-button-link elementor-size-sm\" href=\"\/fr\/examens-et-evaluations\/examen-de-la-cne\/planification\/\">\n\t\t\t\t\t\t<span class=\"elementor-button-content-wrapper\">\n\t\t\t\t\t\t\t\t\t<span class=\"elementor-button-text\">Pour en savoir davantage sur les dates limites pour la r\u00e9servation de rendez-vous d\u2019examen<\/span>\n\t\t\t\t\t<\/span>\n\t\t\t\t\t<\/a>\n\t\t\t\t<\/div>\n\t\t\t\t\t\t\t\t<\/div>\n\t\t\t\t<\/div>\n\t\t\t\t<div class=\"elementor-element elementor-element-3582eac elementor-widget elementor-widget-text-editor\" data-id=\"3582eac\" data-element_type=\"widget\" data-e-type=\"widget\" data-widget_type=\"text-editor.default\">\n\t\t\t\t<div class=\"elementor-widget-container\">\n\t\t\t\t\t\t\t\t\t<h2>Assignation d\u2019un centre d\u2019examen<\/h2>\n<p>Tous les centres d\u2019examen ne sont pas en mesure de r\u00e9pondre \u00e0 des besoins d\u2019accommodements particuliers et d\u2019adapter le processus standard d\u2019administration de l\u2019examen en cons\u00e9quence. Le CMC se r\u00e9serve donc le droit de vous assigner \u00e0 un centre et \u00e0 une date qui permettent la mise en place d\u2019accommodements d\u2019examen, ce qui pourrait entra\u00eener des d\u00e9placements et des d\u00e9penses connexes.<\/p>\t\t\t\t\t\t\t\t<\/div>\n\t\t\t\t<\/div>\n\t\t\t\t\t<\/div>\n\t\t<\/div>\n\t\t\t\t\t<\/div>\n\t\t<\/section>\n\t\t\t\t<section class=\"elementor-section elementor-top-section elementor-element elementor-element-ca10c30 elementor-section-boxed elementor-section-height-default elementor-section-height-default\" data-id=\"ca10c30\" data-element_type=\"section\" data-e-type=\"section\">\n\t\t\t\t\t\t<div class=\"elementor-container elementor-column-gap-default\">\n\t\t\t\t\t<div class=\"elementor-column elementor-col-100 elementor-top-column elementor-element elementor-element-aa9d557\" data-id=\"aa9d557\" data-element_type=\"column\" data-e-type=\"column\">\n\t\t\t<div class=\"elementor-widget-wrap elementor-element-populated\">\n\t\t\t\t\t\t<section class=\"elementor-section elementor-inner-section elementor-element elementor-element-eb40ad1 elementor-section-boxed elementor-section-height-default elementor-section-height-default\" data-id=\"eb40ad1\" data-element_type=\"section\" data-e-type=\"section\">\n\t\t\t\t\t\t<div class=\"elementor-container elementor-column-gap-default\">\n\t\t\t\t\t<div class=\"elementor-column elementor-col-50 elementor-inner-column elementor-element elementor-element-93b533a\" data-id=\"93b533a\" data-element_type=\"column\" data-e-type=\"column\">\n\t\t\t<div class=\"elementor-widget-wrap elementor-element-populated\">\n\t\t\t\t\t\t<div class=\"elementor-element elementor-element-9351dfd elementor-widget elementor-widget-heading\" data-id=\"9351dfd\" data-element_type=\"widget\" data-e-type=\"widget\" data-widget_type=\"heading.default\">\n\t\t\t\t<div class=\"elementor-widget-container\">\n\t\t\t\t\t<h5 class=\"elementor-heading-title elementor-size-default\"><a href=\"https:\/\/mcc.ca\/fr\/examens-et-evaluations\/demandes-relatives-aux-examens\/accommodements-dexamen\/\">Accommodements d'examen<\/a><\/h5>\t\t\t\t<\/div>\n\t\t\t\t<\/div>\n\t\t\t\t<div class=\"elementor-element elementor-element-5d0f08b elementor-widget-divider--view-line elementor-widget elementor-widget-divider\" data-id=\"5d0f08b\" data-element_type=\"widget\" data-e-type=\"widget\" data-widget_type=\"divider.default\">\n\t\t\t\t<div class=\"elementor-widget-container\">\n\t\t\t\t\t\t\t<div class=\"elementor-divider\">\n\t\t\t<span class=\"elementor-divider-separator\">\n\t\t\t\t\t\t<\/span>\n\t\t<\/div>\n\t\t\t\t\t\t<\/div>\n\t\t\t\t<\/div>\n\t\t\t\t<div class=\"elementor-element elementor-element-2d531dc elementor-widget elementor-widget-text-editor\" data-id=\"2d531dc\" data-element_type=\"widget\" data-e-type=\"widget\" data-widget_type=\"text-editor.default\">\n\t\t\t\t<div class=\"elementor-widget-container\">\n\t\t\t\t\t\t\t\t\t<p><span class=\"indicator\">Section pr\u00e9c\u00e9dente<\/span><\/p>\t\t\t\t\t\t\t\t<\/div>\n\t\t\t\t<\/div>\n\t\t\t\t\t<\/div>\n\t\t<\/div>\n\t\t\t\t<div class=\"elementor-column elementor-col-50 elementor-inner-column elementor-element elementor-element-979c51c\" data-id=\"979c51c\" data-element_type=\"column\" data-e-type=\"column\">\n\t\t\t<div class=\"elementor-widget-wrap\">\n\t\t\t\t\t\t\t<\/div>\n\t\t<\/div>\n\t\t\t\t\t<\/div>\n\t\t<\/section>\n\t\t\t\t\t<\/div>\n\t\t<\/div>\n\t\t\t\t\t<\/div>\n\t\t<\/section>\n\t\t\t\t<\/div>\n\t\t","protected":false},"excerpt":{"rendered":"<p>Date limite d\u2019envoi de la documentation relative aux accommodements d\u2019examen Bien que le formulaire de demande d\u2019accommodements d&rsquo;examen et les documents justificatifs doivent \u00eatre envoy\u00e9s \u00e0 candidateaffairs@mcc.ca d\u00e8s que possible apr\u00e8s l\u2019envoi de la demande d\u2019admission \u00e0 l\u2019examen, les candidats ont jusqu\u2019\u00e0 la date limite de soumission des demandes d\u2019accommodements pour ce faire. Il se [&hellip;]<\/p>\n","protected":false},"author":34,"featured_media":0,"parent":13444,"menu_order":0,"comment_status":"closed","ping_status":"closed","template":"","meta":{"_acf_changed":false,"content-type":"","_relevanssi_hide_post":"","_relevanssi_hide_content":"","_relevanssi_pin_for_all":"","_relevanssi_pin_keywords":"","_relevanssi_unpin_keywords":"","_relevanssi_related_keywords":"","_relevanssi_related_include_ids":"","_relevanssi_related_exclude_ids":"","_relevanssi_related_no_append":"","_relevanssi_related_not_related":"","_relevanssi_related_posts":"3897","_relevanssi_noindex_reason":"","footnotes":""},"class_list":["post-13449","page","type-page","status-publish","hentry"],"acf":{"inherit_intro_image":true,"page_intro_text":"Bien que le processus de demande d\u2019accommodements soit similaire pour l\u2019ensemble des examens du CMC, il y a d\u2019importantes diff\u00e9rences et consid\u00e9rations dont il faut tenir compte au moment de faire une demande d\u2019accommodements pour l\u2019examen de la CNE."},"aioseo_notices":[],"_links":{"self":[{"href":"https:\/\/mcc.ca\/fr\/wp-json\/wp\/v2\/pages\/13449","targetHints":{"allow":["GET"]}}],"collection":[{"href":"https:\/\/mcc.ca\/fr\/wp-json\/wp\/v2\/pages"}],"about":[{"href":"https:\/\/mcc.ca\/fr\/wp-json\/wp\/v2\/types\/page"}],"author":[{"embeddable":true,"href":"https:\/\/mcc.ca\/fr\/wp-json\/wp\/v2\/users\/34"}],"replies":[{"embeddable":true,"href":"https:\/\/mcc.ca\/fr\/wp-json\/wp\/v2\/comments?post=13449"}],"version-history":[{"count":0,"href":"https:\/\/mcc.ca\/fr\/wp-json\/wp\/v2\/pages\/13449\/revisions"}],"up":[{"embeddable":true,"href":"https:\/\/mcc.ca\/fr\/wp-json\/wp\/v2\/pages\/13444"}],"wp:attachment":[{"href":"https:\/\/mcc.ca\/fr\/wp-json\/wp\/v2\/media?parent=13449"}],"curies":[{"name":"wp","href":"https:\/\/api.w.org\/{rel}","templated":true}]}}