{"id":13448,"date":"2023-12-05T11:14:50","date_gmt":"2023-12-05T16:14:50","guid":{"rendered":"https:\/\/mcc2022.wpengine.com\/?page_id=13448"},"modified":"2026-03-31T23:55:28","modified_gmt":"2026-04-01T03:55:28","slug":"accommodements-pour-leacmc","status":"publish","type":"page","link":"https:\/\/mcc.ca\/fr\/examens-et-evaluations\/demandes-relatives-aux-examens\/accommodements-dexamen\/accommodements-pour-leacmc\/","title":{"rendered":"Accommodements pour l\u2019EACMC"},"content":{"rendered":"\t\t<div data-elementor-type=\"wp-page\" data-elementor-id=\"13448\" class=\"elementor elementor-13448 elementor-12708\" data-elementor-post-type=\"page\">\n\t\t\t\t\t\t<section class=\"elementor-section elementor-top-section elementor-element elementor-element-725d19d elementor-section-boxed elementor-section-height-default elementor-section-height-default\" data-id=\"725d19d\" data-element_type=\"section\" data-e-type=\"section\">\n\t\t\t\t\t\t<div class=\"elementor-container elementor-column-gap-default\">\n\t\t\t\t\t<div class=\"elementor-column elementor-col-100 elementor-top-column elementor-element elementor-element-8ac49f3\" data-id=\"8ac49f3\" data-element_type=\"column\" data-e-type=\"column\">\n\t\t\t<div class=\"elementor-widget-wrap elementor-element-populated\">\n\t\t\t\t\t\t<div class=\"elementor-element elementor-element-c749ccd elementor-widget elementor-widget-text-editor\" data-id=\"c749ccd\" data-element_type=\"widget\" data-e-type=\"widget\" data-widget_type=\"text-editor.default\">\n\t\t\t\t<div class=\"elementor-widget-container\">\n\t\t\t\t\t\t\t\t\t<h2>Temps de traitement des demandes<\/h2><p>Une fois que vous avez satisfait \u00e0 tous les crit\u00e8res d\u2019admissibilit\u00e9 et que tous les documents justificatifs requis ont \u00e9t\u00e9 re\u00e7us, le traitement d\u2019une demande d\u2019accommodements d\u2019examen peut prendre jusqu\u2019\u00e0 9 semaines. Les demandes sont examin\u00e9es selon le principe du premier arriv\u00e9, premier servi.<\/p><p>\u00c9tant donn\u00e9 que la p\u00e9riode de r\u00e9servation des rendez-vous d\u2019examen ouvre environ 5 mois avant le d\u00e9but de la session d\u2019examen et que le traitement d\u2019une demande d\u2019accommodements d\u2019examen peut prendre jusqu\u2019\u00e0 9 semaines, nous vous encourageons \u00e0 vous inscrire \u00e0 l\u2019examen avant le d\u00e9but de cette p\u00e9riode afin de vous assurer de pouvoir vous inscrire \u00e0 la session d\u2019examen de votre choix.<\/p>\t\t\t\t\t\t\t\t<\/div>\n\t\t\t\t<\/div>\n\t\t\t\t<div class=\"elementor-element elementor-element-aff90d0 elementor-widget elementor-widget-button\" data-id=\"aff90d0\" data-element_type=\"widget\" data-e-type=\"widget\" data-widget_type=\"button.default\">\n\t\t\t\t<div class=\"elementor-widget-container\">\n\t\t\t\t\t\t\t\t\t<div class=\"elementor-button-wrapper\">\n\t\t\t\t\t<a class=\"elementor-button elementor-button-link elementor-size-sm\" href=\"\/fr\/examens-et-evaluations\/eacmc-partie-i\/admissibilite-et-demande\/\">\n\t\t\t\t\t\t<span class=\"elementor-button-content-wrapper\">\n\t\t\t\t\t\t\t\t\t<span class=\"elementor-button-text\">Pour en savoir davantage sur les crit\u00e8res d\u2019admissibilit\u00e9 et les demandes d\u2019admission  \u00e0 l\u2019EACMC <\/span>\n\t\t\t\t\t<\/span>\n\t\t\t\t\t<\/a>\n\t\t\t\t<\/div>\n\t\t\t\t\t\t\t\t<\/div>\n\t\t\t\t<\/div>\n\t\t\t\t\t<\/div>\n\t\t<\/div>\n\t\t\t\t\t<\/div>\n\t\t<\/section>\n\t\t\t\t<section class=\"elementor-section elementor-top-section elementor-element elementor-element-196d5f0 elementor-section-boxed elementor-section-height-default elementor-section-height-default\" data-id=\"196d5f0\" data-element_type=\"section\" data-e-type=\"section\">\n\t\t\t\t\t\t\t<div class=\"elementor-background-overlay\"><\/div>\n\t\t\t\t\t\t\t<div class=\"elementor-container elementor-column-gap-default\">\n\t\t\t\t\t<div class=\"elementor-column elementor-col-100 elementor-top-column elementor-element elementor-element-8f14454\" data-id=\"8f14454\" data-element_type=\"column\" data-e-type=\"column\">\n\t\t\t<div class=\"elementor-widget-wrap elementor-element-populated\">\n\t\t\t\t\t\t<div class=\"elementor-element elementor-element-51e342d elementor-widget elementor-widget-text-editor\" data-id=\"51e342d\" data-element_type=\"widget\" data-e-type=\"widget\" data-widget_type=\"text-editor.default\">\n\t\t\t\t<div class=\"elementor-widget-container\">\n\t\t\t\t\t\t\t\t\t<h2>R\u00e9server une session d\u2019examen<\/h2><p>Les accommodements demand\u00e9s doivent avoir \u00e9t\u00e9 accord\u00e9s par le CMC et planifi\u00e9s en coordination avec Prometric avant qu\u2019un rendez-vous d\u2019examen ne puisse \u00eatre r\u00e9serv\u00e9. Vous recevrez un message dans votre compte confirmant que vous pouvez r\u00e9server une date d\u2019examen aupr\u00e8s de Prometric.<\/p><p>Si des accommodements d\u2019examen vous sont accord\u00e9s, vous devez appeler <a href=\"https:\/\/www.prometric.com\/fr\/request-accommodations\" target=\"_blank\" rel=\"noopener\">l\u2019\u00e9quipe d\u2019accommodements d&rsquo;examen<\/a> de Prometric pour pouvoir r\u00e9server un rendez-vous au centre d\u2019examen de votre choix. N\u2019essayez pas de fixer un rendez-vous en ligne.<\/p><p>Le personnel de Prometric vous aidera \u00e0 fixer un rendez-vous d\u2019examen en fonction des accommodements d\u2019examen qui vous ont \u00e9t\u00e9 accord\u00e9s. Bien que le personnel de Prometric fasse tout son possible pour r\u00e9pondre aux pr\u00e9f\u00e9rences des candidats, la mise en place d\u2019accommodements d\u2019examen est fonction de la disponibilit\u00e9. Ainsi, nous ne pouvons offrir de garanties en ce qui a trait au mode d\u2019examen et\/ou en ce qui concerne le choix de la date et de l\u2019heure de l\u2019examen.<\/p><h3>Demandes tardives<\/h3><p>Si vous pr\u00e9sentez une demande d\u2019accommodements apr\u00e8s avoir r\u00e9serv\u00e9 un rendez-vous d\u2019examen, on vous demandera d\u2019annuler ce rendez-vous, car les accommodements ne peuvent pas \u00eatre ajout\u00e9s \u00e0 un rendez-vous d\u2019examen standard d\u00e9j\u00e0 r\u00e9serv\u00e9. Une fois le rendez-vous annul\u00e9, envoyez les documents justificatifs requis \u00e0 <a href=\"mailto:candidateaffairs@mcc.ca\">candidateaffairs@mcc.ca<\/a>. Vous pourrez fixer un nouveau rendez-vous d\u00e8s que votre demande d\u2019accommodements d\u2019examen aura \u00e9t\u00e9 \u00e9valu\u00e9e.<\/p>\t\t\t\t\t\t\t\t<\/div>\n\t\t\t\t<\/div>\n\t\t\t\t<div class=\"elementor-element elementor-element-2e845fc elementor-widget elementor-widget-button\" data-id=\"2e845fc\" data-element_type=\"widget\" data-e-type=\"widget\" data-widget_type=\"button.default\">\n\t\t\t\t<div class=\"elementor-widget-container\">\n\t\t\t\t\t\t\t\t\t<div class=\"elementor-button-wrapper\">\n\t\t\t\t\t<a class=\"elementor-button elementor-button-link elementor-size-sm\" href=\"\/fr\/examens-et-evaluations\/eacmc-partie-i\/planification\/\">\n\t\t\t\t\t\t<span class=\"elementor-button-content-wrapper\">\n\t\t\t\t\t\t\t\t\t<span class=\"elementor-button-text\">Pour en savoir davantage sur la r\u00e9servation de rendez-vous pour l\u2019EACMC<\/span>\n\t\t\t\t\t<\/span>\n\t\t\t\t\t<\/a>\n\t\t\t\t<\/div>\n\t\t\t\t\t\t\t\t<\/div>\n\t\t\t\t<\/div>\n\t\t\t\t\t<\/div>\n\t\t<\/div>\n\t\t\t\t\t<\/div>\n\t\t<\/section>\n\t\t\t\t<section class=\"elementor-section elementor-top-section elementor-element elementor-element-96124bb elementor-section-boxed elementor-section-height-default elementor-section-height-default\" data-id=\"96124bb\" data-element_type=\"section\" data-e-type=\"section\">\n\t\t\t\t\t\t<div class=\"elementor-container elementor-column-gap-default\">\n\t\t\t\t\t<div class=\"elementor-column elementor-col-100 elementor-top-column elementor-element elementor-element-3c826e9\" data-id=\"3c826e9\" data-element_type=\"column\" data-e-type=\"column\">\n\t\t\t<div class=\"elementor-widget-wrap elementor-element-populated\">\n\t\t\t\t\t\t<section class=\"elementor-section elementor-inner-section elementor-element elementor-element-c73940d elementor-section-boxed elementor-section-height-default elementor-section-height-default\" data-id=\"c73940d\" data-element_type=\"section\" data-e-type=\"section\">\n\t\t\t\t\t\t<div class=\"elementor-container elementor-column-gap-default\">\n\t\t\t\t\t<div class=\"elementor-column elementor-col-50 elementor-inner-column elementor-element elementor-element-225edfb\" data-id=\"225edfb\" data-element_type=\"column\" data-e-type=\"column\">\n\t\t\t<div class=\"elementor-widget-wrap elementor-element-populated\">\n\t\t\t\t\t\t<div class=\"elementor-element elementor-element-d9da7e7 elementor-widget elementor-widget-heading\" data-id=\"d9da7e7\" data-element_type=\"widget\" data-e-type=\"widget\" data-widget_type=\"heading.default\">\n\t\t\t\t<div class=\"elementor-widget-container\">\n\t\t\t\t\t<h5 class=\"elementor-heading-title elementor-size-default\"><a href=\"https:\/\/mcc.ca\/fr\/examens-et-evaluations\/demandes-relatives-aux-examens\/accommodements-dexamen\/\">Accommodements d'examen<\/a><\/h5>\t\t\t\t<\/div>\n\t\t\t\t<\/div>\n\t\t\t\t<div class=\"elementor-element elementor-element-08e703e elementor-widget-divider--view-line elementor-widget elementor-widget-divider\" data-id=\"08e703e\" data-element_type=\"widget\" data-e-type=\"widget\" data-widget_type=\"divider.default\">\n\t\t\t\t<div class=\"elementor-widget-container\">\n\t\t\t\t\t\t\t<div class=\"elementor-divider\">\n\t\t\t<span class=\"elementor-divider-separator\">\n\t\t\t\t\t\t<\/span>\n\t\t<\/div>\n\t\t\t\t\t\t<\/div>\n\t\t\t\t<\/div>\n\t\t\t\t<div class=\"elementor-element elementor-element-365bb9c elementor-widget elementor-widget-text-editor\" data-id=\"365bb9c\" data-element_type=\"widget\" data-e-type=\"widget\" data-widget_type=\"text-editor.default\">\n\t\t\t\t<div class=\"elementor-widget-container\">\n\t\t\t\t\t\t\t\t\t<p><span class=\"indicator\">Section pr\u00e9c\u00e9dente<\/span><\/p>\t\t\t\t\t\t\t\t<\/div>\n\t\t\t\t<\/div>\n\t\t\t\t\t<\/div>\n\t\t<\/div>\n\t\t\t\t<div class=\"elementor-column elementor-col-50 elementor-inner-column elementor-element elementor-element-ecb77fa\" data-id=\"ecb77fa\" data-element_type=\"column\" data-e-type=\"column\">\n\t\t\t<div class=\"elementor-widget-wrap\">\n\t\t\t\t\t\t\t<\/div>\n\t\t<\/div>\n\t\t\t\t\t<\/div>\n\t\t<\/section>\n\t\t\t\t\t<\/div>\n\t\t<\/div>\n\t\t\t\t\t<\/div>\n\t\t<\/section>\n\t\t\t\t<\/div>\n\t\t","protected":false},"excerpt":{"rendered":"<p>Temps de traitement des demandes Une fois que vous avez satisfait \u00e0 tous les crit\u00e8res d\u2019admissibilit\u00e9 et que tous les documents justificatifs requis ont \u00e9t\u00e9 re\u00e7us, le traitement d\u2019une demande d\u2019accommodements d\u2019examen peut prendre jusqu\u2019\u00e0 9 semaines. Les demandes sont examin\u00e9es selon le principe du premier arriv\u00e9, premier servi. \u00c9tant donn\u00e9 que la p\u00e9riode de [&hellip;]<\/p>\n","protected":false},"author":34,"featured_media":0,"parent":13444,"menu_order":0,"comment_status":"closed","ping_status":"closed","template":"","meta":{"_acf_changed":false,"content-type":"","_relevanssi_hide_post":"","_relevanssi_hide_content":"","_relevanssi_pin_for_all":"","_relevanssi_pin_keywords":"","_relevanssi_unpin_keywords":"","_relevanssi_related_keywords":"","_relevanssi_related_include_ids":"","_relevanssi_related_exclude_ids":"","_relevanssi_related_no_append":"","_relevanssi_related_not_related":"","_relevanssi_related_posts":"3897","_relevanssi_noindex_reason":"","footnotes":""},"class_list":["post-13448","page","type-page","status-publish","hentry"],"acf":{"inherit_intro_image":true,"page_intro_text":"Bien que le processus de demande d\u2019accommodements soit similaire pour l\u2019ensemble des examens du CMC, il y a d\u2019importantes diff\u00e9rences et consid\u00e9rations dont il faut tenir compte au moment de faire une demande d\u2019accommodements pour l\u2019EACMC."},"aioseo_notices":[],"_links":{"self":[{"href":"https:\/\/mcc.ca\/fr\/wp-json\/wp\/v2\/pages\/13448","targetHints":{"allow":["GET"]}}],"collection":[{"href":"https:\/\/mcc.ca\/fr\/wp-json\/wp\/v2\/pages"}],"about":[{"href":"https:\/\/mcc.ca\/fr\/wp-json\/wp\/v2\/types\/page"}],"author":[{"embeddable":true,"href":"https:\/\/mcc.ca\/fr\/wp-json\/wp\/v2\/users\/34"}],"replies":[{"embeddable":true,"href":"https:\/\/mcc.ca\/fr\/wp-json\/wp\/v2\/comments?post=13448"}],"version-history":[{"count":5,"href":"https:\/\/mcc.ca\/fr\/wp-json\/wp\/v2\/pages\/13448\/revisions"}],"predecessor-version":[{"id":30048,"href":"https:\/\/mcc.ca\/fr\/wp-json\/wp\/v2\/pages\/13448\/revisions\/30048"}],"up":[{"embeddable":true,"href":"https:\/\/mcc.ca\/fr\/wp-json\/wp\/v2\/pages\/13444"}],"wp:attachment":[{"href":"https:\/\/mcc.ca\/fr\/wp-json\/wp\/v2\/media?parent=13448"}],"curies":[{"name":"wp","href":"https:\/\/api.w.org\/{rel}","templated":true}]}}