{"id":13424,"date":"2023-11-28T09:32:08","date_gmt":"2023-11-28T14:32:08","guid":{"rendered":"https:\/\/mcc2022.wpengine.com\/?page_id=13424"},"modified":"2026-03-31T11:17:51","modified_gmt":"2026-03-31T15:17:51","slug":"retrait","status":"publish","type":"page","link":"https:\/\/mcc.ca\/fr\/examens-et-evaluations\/eacmc\/retrait\/","title":{"rendered":"Retrait\u00a0"},"content":{"rendered":"\t\t<div data-elementor-type=\"wp-page\" data-elementor-id=\"13424\" class=\"elementor elementor-13424 elementor-12443\" data-elementor-post-type=\"page\">\n\t\t\t\t\t\t<section class=\"elementor-section elementor-top-section elementor-element elementor-element-49eff40 elementor-section-boxed elementor-section-height-default elementor-section-height-default\" data-id=\"49eff40\" data-element_type=\"section\" data-e-type=\"section\">\n\t\t\t\t\t\t<div class=\"elementor-container elementor-column-gap-default\">\n\t\t\t\t\t<div class=\"elementor-column elementor-col-100 elementor-top-column elementor-element elementor-element-c8bbc1f\" data-id=\"c8bbc1f\" data-element_type=\"column\" data-e-type=\"column\">\n\t\t\t<div class=\"elementor-widget-wrap elementor-element-populated\">\n\t\t\t\t\t\t<div class=\"elementor-element elementor-element-d826604 elementor-widget elementor-widget-mwpagemenu\" data-id=\"d826604\" data-element_type=\"widget\" data-e-type=\"widget\" data-widget_type=\"mwpagemenu.default\">\n\t\t\t\t<div class=\"elementor-widget-container\">\n\t\t\t\t\t<div class=\"collapsible-menu\"><div class=\"icon-container\"><div class=\"icon\"><p>Menu de section<\/p><i class=\"menu-icon fas fa-chevron-down\"><\/i><\/div><\/div><div class=\"menu-content\"><div class=\"mw-pagemenu\"><div class=\"link-block\"><a class=\"inactive\" href=\"https:\/\/mcc.ca\/fr\/examens-et-evaluations\/eacmc\/\"><span class=\"link-title\">Aper\u00e7u<\/span><div class=\"block-border\"><\/div><\/a><\/div><div class=\"link-block\"><a class=\"inactive\" href=\"https:\/\/mcc.ca\/fr\/examens-et-evaluations\/eacmc\/admissibilite-et-demande\/\"><span class=\"link-title\">Admissibilit\u00e9 et demande<\/span><div class=\"block-border\"><\/div><\/a><\/div><div class=\"link-block\"><a class=\"inactive\" href=\"https:\/\/mcc.ca\/fr\/examens-et-evaluations\/eacmc\/planification\/\"><span class=\"link-title\">Planification<\/span><div class=\"block-border\"><\/div><\/a><\/div><div class=\"link-block\"><a class=\"inactive\" href=\"https:\/\/mcc.ca\/fr\/examens-et-evaluations\/eacmc\/le-jour-de-lexamen\/\"><span class=\"link-title\">Jour de l'examen<\/span><div class=\"block-border\"><\/div><\/a><\/div><div class=\"link-block\"><a class=\"inactive\" href=\"https:\/\/mcc.ca\/fr\/examens-et-evaluations\/eacmc\/resultats\/\"><span class=\"link-title\">R\u00e9sultats<\/span><div class=\"block-border\"><\/div><\/a><\/div><div class=\"link-block\"><a class=\"active\" href=\"https:\/\/mcc.ca\/fr\/examens-et-evaluations\/eacmc\/retrait\/\"><span class=\"link-title\">Retrait\u00a0<\/span><div class=\"block-border\"><\/div><\/a><\/div><\/div><\/div><\/div>\t\t\t\t<\/div>\n\t\t\t\t<\/div>\n\t\t\t\t\t<\/div>\n\t\t<\/div>\n\t\t\t\t\t<\/div>\n\t\t<\/section>\n\t\t\t\t<section class=\"elementor-section elementor-top-section elementor-element elementor-element-cd42648 elementor-section-boxed elementor-section-height-default elementor-section-height-default\" data-id=\"cd42648\" data-element_type=\"section\" data-e-type=\"section\">\n\t\t\t\t\t\t<div class=\"elementor-container elementor-column-gap-default\">\n\t\t\t\t\t<div class=\"elementor-column elementor-col-100 elementor-top-column elementor-element elementor-element-a33b699\" data-id=\"a33b699\" data-element_type=\"column\" data-e-type=\"column\">\n\t\t\t<div class=\"elementor-widget-wrap elementor-element-populated\">\n\t\t\t\t\t\t<div class=\"elementor-element elementor-element-894eeec elementor-widget elementor-widget-text-editor\" data-id=\"894eeec\" data-element_type=\"widget\" data-e-type=\"widget\" data-widget_type=\"text-editor.default\">\n\t\t\t\t<div class=\"elementor-widget-container\">\n\t\t\t\t\t\t\t\t\t<h2>Comment retirer votre demande d\u2019admission \u00e0 l\u2019EACMC\u00a0\u00a0<\/h2><p>Si vous \u00eates certain de ne plus vouloir passer l\u2019examen d\u2019aptitude du Conseil m\u00e9dical du Canada (EACMC), vous pouvez demander de retirer votre demande. Il y a diff\u00e9rentes \u00e9tapes \u00e0 suivre selon que vous avez d\u00e9j\u00e0 r\u00e9serv\u00e9 ou non votre rendez-vous pour l\u2019EACMC aupr\u00e8s de Prometric.<\/p><p>Une fois que vous aurez soumis votre demande de retrait, celle-ci sera trait\u00e9e dans un d\u00e9lai de 15\u202fjours ouvrables. Si votre demande de retrait est re\u00e7ue au cours d\u2019une\u202fsession de l\u2019EACMC, il est possible qu\u2019elle ne soit trait\u00e9e qu\u2019apr\u00e8s la derni\u00e8re journ\u00e9e de la session.<\/p><h3>Si vous n\u2019avez pas r\u00e9serv\u00e9 votre rendez-vous aupr\u00e8s de Prometric\u00a0<\/h3><p>Si vous n\u2019avez pas r\u00e9serv\u00e9 votre rendez-vous d\u2019examen, vous pouvez retirer votre demande d\u2019admission \u00e0 l\u2019EACMC par l\u2019entremise de votre compte <a href=\"https:\/\/portail.inscriptionmed.ca\/Account\/InitialLogin\">inscriptionmed.ca<\/a>\u202f:\u00a0<\/p><ol><li>Cliquez sur <strong>Examens<\/strong>\u00a0dans le panneau de gauche.<\/li><li>Cliquez sur <strong>Retrait \u00e0 un examen<\/strong>\u00a0en bas du panneau du centre et suivez les \u00e9tapes indiqu\u00e9es.<\/li><\/ol><h3>Si vous avez d\u00e9j\u00e0 r\u00e9serv\u00e9 votre rendez-vous aupr\u00e8s de Prometric\u00a0<\/h3><p>Si vous avez d\u00e9j\u00e0 r\u00e9serv\u00e9 votre rendez-vous d\u2019examen, vous devez d\u2019abord annuler votre rendez-vous directement aupr\u00e8s de <a href=\"https:\/\/www.prometric.com\/fr\/exams\/mcc\" target=\"_blank\" rel=\"noopener\">Prometric<\/a>.<\/p>\t\t\t\t\t\t\t\t<\/div>\n\t\t\t\t<\/div>\n\t\t\t\t<div class=\"elementor-element elementor-element-ffe0186 elementor-widget elementor-widget-button\" data-id=\"ffe0186\" data-element_type=\"widget\" data-e-type=\"widget\" data-widget_type=\"button.default\">\n\t\t\t\t<div class=\"elementor-widget-container\">\n\t\t\t\t\t\t\t\t\t<div class=\"elementor-button-wrapper\">\n\t\t\t\t\t<a class=\"elementor-button elementor-button-link elementor-size-sm\" href=\"\/fr\/examens-et-evaluations\/eacmc-partie-i\/planification\">\n\t\t\t\t\t\t<span class=\"elementor-button-content-wrapper\">\n\t\t\t\t\t\t\t\t\t<span class=\"elementor-button-text\">En savoir plus sur la r\u00e9servation et l\u2019annulation de votre rendez-vous d\u2019examen<\/span>\n\t\t\t\t\t<\/span>\n\t\t\t\t\t<\/a>\n\t\t\t\t<\/div>\n\t\t\t\t\t\t\t\t<\/div>\n\t\t\t\t<\/div>\n\t\t\t\t<div class=\"elementor-element elementor-element-ff53527 elementor-widget elementor-widget-text-editor\" data-id=\"ff53527\" data-element_type=\"widget\" data-e-type=\"widget\" data-widget_type=\"text-editor.default\">\n\t\t\t\t<div class=\"elementor-widget-container\">\n\t\t\t\t\t\t\t\t\t<p>Si vous annulez <strong>plus de 120\u202fheures <\/strong>avant le rendez-vous d\u2019examen pr\u00e9vu, vous devez \u00e9galement retirer votre demande d\u2019examen par l\u2019entremise de votre compte inscriptionmed.ca\u202f:\u00a0<\/p><ol><li>Cliquez sur <strong>Examens\u00a0<\/strong>dans le panneau de gauche.<\/li><li>Cliquez sur <strong>Retrait \u00e0 un examen<\/strong>\u00a0en bas du panneau du centre et suivez les \u00e9tapes indiqu\u00e9es.<\/li><\/ol><p>Si vous annulez <strong>moins de 120\u202fheures <\/strong>avant votre rendez-vous d\u2019examen, vous ne pourrez pas retirer votre demande d\u2019examen et vous serez not\u00e9 comme absent.\u00a0<\/p>\t\t\t\t\t\t\t\t<\/div>\n\t\t\t\t<\/div>\n\t\t\t\t\t<\/div>\n\t\t<\/div>\n\t\t\t\t\t<\/div>\n\t\t<\/section>\n\t\t\t\t<section class=\"elementor-section elementor-top-section elementor-element elementor-element-1e6e4ea elementor-section-boxed elementor-section-height-default elementor-section-height-default\" data-id=\"1e6e4ea\" data-element_type=\"section\" data-e-type=\"section\" data-settings=\"{&quot;background_background&quot;:&quot;classic&quot;}\">\n\t\t\t\t\t\t<div class=\"elementor-container elementor-column-gap-default\">\n\t\t\t\t\t<div class=\"elementor-column elementor-col-100 elementor-top-column elementor-element elementor-element-7fae223\" data-id=\"7fae223\" data-element_type=\"column\" data-e-type=\"column\">\n\t\t\t<div class=\"elementor-widget-wrap elementor-element-populated\">\n\t\t\t\t\t\t<div class=\"elementor-element elementor-element-aebecc8 elementor-widget elementor-widget-text-editor\" data-id=\"aebecc8\" data-element_type=\"widget\" data-e-type=\"widget\" data-widget_type=\"text-editor.default\">\n\t\t\t\t<div class=\"elementor-widget-container\">\n\t\t\t\t\t\t\t\t\t<h2>Remboursements&nbsp;<\/h2>\n<h3>Dans quels cas vous ne pouvez pas recevoir de remboursement&nbsp;<\/h3>\n<p>Vos droits d\u2019inscription ne vous seront pas rembours\u00e9s si vous annulez votre rendez-vous de l\u2019EACMC aupr\u00e8s de Prometric \u00e0 moins de 120\u202fheures avant votre examen ou si vous \u00eates absent le jour de votre examen.<\/p>\n<h3>Admissibilit\u00e9 aux remboursements partiels&nbsp;<\/h3>\n<h4>Vous ne recevrez un remboursement partiel que si\u202f:&nbsp;<\/h4>\n<ul>\n<li>vous n\u2019avez pas r\u00e9serv\u00e9 de rendez-vous aupr\u00e8s de Prometric et vous retirez votre demande d\u2019inscription \u00e0 l\u2019EACMC, ou vous laissez expirer votre p\u00e9riode d\u2019examen d\u00e9sign\u00e9e.<\/li>\n<li>vous annulez votre rendez-vous aupr\u00e8s de Prometric plus de 120\u202fheures avant l\u2019examen et vous retirez votre demande d\u2019inscription \u00e0 l\u2019EACMC, ou vous laissez expirer votre p\u00e9riode d\u2019examen d\u00e9sign\u00e9e.<\/li>\n<\/ul>\n<h4>Circonstances att\u00e9nuantes&nbsp;<\/h4>\n<p>Si, en raison de circonstances att\u00e9nuantes, vous devez annuler dans les 120 heures pr\u00e9c\u00e9dant votre rendez-vous d\u2019examen ou si vous \u00eates absent \u00e0 votre rendez-vous, vous pourriez \u00eatre admissible \u00e0 un remboursement partiel.<\/p>\n<p>Pour demander un remboursement partiel, envoyez les documents \u00e0 l\u2019appui de ces circonstances au CMC (<a href=\"mailto:service@mcc.ca\">service@mcc.ca<\/a>), pour qu\u2019ils soient examin\u00e9s. La demande et les documents doivent \u00eatre envoy\u00e9s dans les plus brefs d\u00e9lais, au plus tard 15\u202fjours apr\u00e8s la date de votre examen.\u202f<\/p>\n<p>Si votre demande de remboursement partiel est approuv\u00e9e, les droits d\u2019inscription \u00e0 l\u2019EACMC moins les frais de retrait de l\u2019examen, seront rembours\u00e9s sur la carte de cr\u00e9dit utilis\u00e9e au moment du paiement, sinon un cr\u00e9dit sera appliqu\u00e9 \u00e0 votre compte inscriptionmed.ca.<\/p>\n<p>Le CMC n\u2019est pas responsable des co\u00fbts, frais, p\u00e9nalit\u00e9s ou pertes que les candidats pourraient subir (par exemple, en ce qui concerne le voyage, la garde d\u2019enfants ou les salaires).<\/p>\t\t\t\t\t\t\t\t<\/div>\n\t\t\t\t<\/div>\n\t\t\t\t<div class=\"elementor-element elementor-element-4ccb63f elementor-widget elementor-widget-button\" data-id=\"4ccb63f\" data-element_type=\"widget\" data-e-type=\"widget\" data-widget_type=\"button.default\">\n\t\t\t\t<div class=\"elementor-widget-container\">\n\t\t\t\t\t\t\t\t\t<div class=\"elementor-button-wrapper\">\n\t\t\t\t\t<a class=\"elementor-button elementor-button-link elementor-size-sm\" href=\"\/broken\">\n\t\t\t\t\t\t<span class=\"elementor-button-content-wrapper\">\n\t\t\t\t\t\t\t\t\t<span class=\"elementor-button-text\">Voir les droits d\u2019inscription \u00e0 l\u2019EACMC<\/span>\n\t\t\t\t\t<\/span>\n\t\t\t\t\t<\/a>\n\t\t\t\t<\/div>\n\t\t\t\t\t\t\t\t<\/div>\n\t\t\t\t<\/div>\n\t\t\t\t\t<\/div>\n\t\t<\/div>\n\t\t\t\t\t<\/div>\n\t\t<\/section>\n\t\t\t\t<section class=\"elementor-section elementor-top-section elementor-element elementor-element-044ee10 elementor-section-boxed elementor-section-height-default elementor-section-height-default\" data-id=\"044ee10\" data-element_type=\"section\" data-e-type=\"section\">\n\t\t\t\t\t\t<div class=\"elementor-container elementor-column-gap-default\">\n\t\t\t\t\t<div class=\"elementor-column elementor-col-100 elementor-top-column elementor-element elementor-element-0364094\" data-id=\"0364094\" data-element_type=\"column\" data-e-type=\"column\">\n\t\t\t<div class=\"elementor-widget-wrap elementor-element-populated\">\n\t\t\t\t\t\t<div class=\"elementor-element elementor-element-c6ad5a6 elementor-widget elementor-widget-heading\" data-id=\"c6ad5a6\" data-element_type=\"widget\" data-e-type=\"widget\" data-widget_type=\"heading.default\">\n\t\t\t\t<div class=\"elementor-widget-container\">\n\t\t\t\t\t<span class=\"elementor-heading-title elementor-size-default\">En savoir plus...<\/span>\t\t\t\t<\/div>\n\t\t\t\t<\/div>\n\t\t\t\t\t<\/div>\n\t\t<\/div>\n\t\t\t\t\t<\/div>\n\t\t<\/section>\n\t\t\t\t<section class=\"elementor-section elementor-top-section elementor-element elementor-element-1565bbd elementor-section-boxed elementor-section-height-default elementor-section-height-default\" data-id=\"1565bbd\" data-element_type=\"section\" data-e-type=\"section\">\n\t\t\t\t\t\t<div class=\"elementor-container elementor-column-gap-default\">\n\t\t\t\t\t<div class=\"elementor-column elementor-col-100 elementor-top-column elementor-element elementor-element-d2085ce\" data-id=\"d2085ce\" data-element_type=\"column\" data-e-type=\"column\">\n\t\t\t<div class=\"elementor-widget-wrap elementor-element-populated\">\n\t\t\t\t\t\t<div class=\"elementor-element elementor-element-d0784ff elementor-widget elementor-widget-mwnavigator\" data-id=\"d0784ff\" data-element_type=\"widget\" data-e-type=\"widget\" data-widget_type=\"mwnavigator.default\">\n\t\t\t\t<div class=\"elementor-widget-container\">\n\t\t\t\t\t<div class=\"mw-navigator\"><div class=\"link-block\"><a href=\"https:\/\/mcc.ca\/fr\/examens-et-evaluations\/eacmc\/resultats\/\"><span class=\"link-title\">R\u00e9sultats<\/span><span class=\"indicator\">Section pr\u00e9c\u00e9dente<\/span><\/a><\/div><div style=\"visibility: hidden;\"><\/div><\/div>\t\t\t\t<\/div>\n\t\t\t\t<\/div>\n\t\t\t\t\t<\/div>\n\t\t<\/div>\n\t\t\t\t\t<\/div>\n\t\t<\/section>\n\t\t\t\t<\/div>\n\t\t","protected":false},"excerpt":{"rendered":"<p>Section menu Aper\u00e7uAdmissibilit\u00e9 et demandePlanificationJour de l&rsquo;examenR\u00e9sultatsRetrait\u00a0 Comment retirer votre demande d\u2019admission \u00e0 l\u2019EACMC\u00a0\u00a0 Si vous \u00eates certain de ne plus vouloir passer l\u2019examen d\u2019aptitude du Conseil m\u00e9dical du Canada (EACMC), vous pouvez demander de retirer votre demande. Il y a diff\u00e9rentes \u00e9tapes \u00e0 suivre selon que vous avez d\u00e9j\u00e0 r\u00e9serv\u00e9 ou non votre rendez-vous [&hellip;]<\/p>\n","protected":false},"author":28,"featured_media":0,"parent":10219,"menu_order":59,"comment_status":"closed","ping_status":"closed","template":"","meta":{"_acf_changed":false,"content-type":"","_relevanssi_hide_post":"","_relevanssi_hide_content":"","_relevanssi_pin_for_all":"","_relevanssi_pin_keywords":"","_relevanssi_unpin_keywords":"","_relevanssi_related_keywords":"","_relevanssi_related_include_ids":"","_relevanssi_related_exclude_ids":"","_relevanssi_related_no_append":"","_relevanssi_related_not_related":"","_relevanssi_related_posts":"3897","_relevanssi_noindex_reason":"","footnotes":""},"class_list":["post-13424","page","type-page","status-publish","hentry"],"acf":{"inherit_intro_image":true,"page_intro_text":"Ce que vous devez faire si vous ne souhaitez plus passer l\u2019EACMC (anciennement EACMC, partie I)."},"aioseo_notices":[],"_links":{"self":[{"href":"https:\/\/mcc.ca\/fr\/wp-json\/wp\/v2\/pages\/13424","targetHints":{"allow":["GET"]}}],"collection":[{"href":"https:\/\/mcc.ca\/fr\/wp-json\/wp\/v2\/pages"}],"about":[{"href":"https:\/\/mcc.ca\/fr\/wp-json\/wp\/v2\/types\/page"}],"author":[{"embeddable":true,"href":"https:\/\/mcc.ca\/fr\/wp-json\/wp\/v2\/users\/28"}],"replies":[{"embeddable":true,"href":"https:\/\/mcc.ca\/fr\/wp-json\/wp\/v2\/comments?post=13424"}],"version-history":[{"count":4,"href":"https:\/\/mcc.ca\/fr\/wp-json\/wp\/v2\/pages\/13424\/revisions"}],"predecessor-version":[{"id":29807,"href":"https:\/\/mcc.ca\/fr\/wp-json\/wp\/v2\/pages\/13424\/revisions\/29807"}],"up":[{"embeddable":true,"href":"https:\/\/mcc.ca\/fr\/wp-json\/wp\/v2\/pages\/10219"}],"wp:attachment":[{"href":"https:\/\/mcc.ca\/fr\/wp-json\/wp\/v2\/media?parent=13424"}],"curies":[{"name":"wp","href":"https:\/\/api.w.org\/{rel}","templated":true}]}}