{"id":13322,"date":"2023-12-07T10:05:06","date_gmt":"2023-12-07T15:05:06","guid":{"rendered":"https:\/\/mcc2022.wpengine.com\/?page_id=13322"},"modified":"2026-04-10T10:21:39","modified_gmt":"2026-04-10T14:21:39","slug":"renseignements-pour-les-postulants","status":"publish","type":"page","link":"https:\/\/mcc.ca\/fr\/examens-et-evaluations\/evaluation-de-la-capacite-a-exercer\/renseignements-pour-les-postulants\/","title":{"rendered":"Renseignements pour les postulants"},"content":{"rendered":"\t\t<div data-elementor-type=\"wp-page\" data-elementor-id=\"13322\" class=\"elementor elementor-13322 elementor-12943\" data-elementor-post-type=\"page\">\n\t\t\t\t\t\t<section class=\"elementor-section elementor-top-section elementor-element elementor-element-d26ba17 elementor-section-boxed elementor-section-height-default elementor-section-height-default\" data-id=\"d26ba17\" data-element_type=\"section\" data-e-type=\"section\">\n\t\t\t\t\t\t<div class=\"elementor-container elementor-column-gap-default\">\n\t\t\t\t\t<div class=\"elementor-column elementor-col-100 elementor-top-column elementor-element elementor-element-6543865\" data-id=\"6543865\" data-element_type=\"column\" data-e-type=\"column\">\n\t\t\t<div class=\"elementor-widget-wrap elementor-element-populated\">\n\t\t\t\t\t\t<div class=\"elementor-element elementor-element-e075a46 elementor-widget elementor-widget-text-editor\" data-id=\"e075a46\" data-element_type=\"widget\" data-e-type=\"widget\" data-widget_type=\"text-editor.default\">\n\t\t\t\t<div class=\"elementor-widget-container\">\n\t\t\t\t\t\t\t\t\t<h2>L\u2019\u00e9valuation de la capacit\u00e9 \u00e0 exercer peut vous convenir si :<\/h2><ul><li>Vous d\u00e9tenez une certification d\u00e9livr\u00e9e par un organisme international et vous avez l\u2019intention de vivre et d\u2019exercer la m\u00e9decine au Canada.\u00a0<\/li><li>Vous avez suivi une formation m\u00e9dicale postdoctorale et exerc\u00e9 de fa\u00e7on autonome en milieu clinique \u00e0 l\u2019ext\u00e9rieur du Canada, dans un contexte qui n\u2019est pas connu pour \u00eatre comparable \u00e0 la pratique m\u00e9dicale au Canada. La formation postdoctorale peut comprendre un programme de r\u00e9sidence termin\u00e9 ou un internat acceptable, selon les exigences d\u2019admissibilit\u00e9 sp\u00e9cifiques de la province d\u2019\u00e9valuation.<\/li><\/ul>\t\t\t\t\t\t\t\t<\/div>\n\t\t\t\t<\/div>\n\t\t\t\t<section class=\"elementor-section elementor-inner-section elementor-element elementor-element-8775718 elementor-section-boxed elementor-section-height-default elementor-section-height-default\" data-id=\"8775718\" data-element_type=\"section\" data-e-type=\"section\">\n\t\t\t\t\t\t<div class=\"elementor-container elementor-column-gap-default\">\n\t\t\t\t\t<div class=\"elementor-column elementor-col-50 elementor-inner-column elementor-element elementor-element-46a68d7\" data-id=\"46a68d7\" data-element_type=\"column\" data-e-type=\"column\">\n\t\t\t<div class=\"elementor-widget-wrap elementor-element-populated\">\n\t\t\t\t\t\t<div class=\"elementor-element elementor-element-3aa58df elementor-widget-mobile__width-initial elementor-view-default elementor-widget elementor-widget-icon\" data-id=\"3aa58df\" data-element_type=\"widget\" data-e-type=\"widget\" data-widget_type=\"icon.default\">\n\t\t\t\t<div class=\"elementor-widget-container\">\n\t\t\t\t\t\t\t<div class=\"elementor-icon-wrapper\">\n\t\t\t<div class=\"elementor-icon\">\n\t\t\t<i aria-hidden=\"true\" class=\"fal fa-arrow-circle-right\"><\/i>\t\t\t<\/div>\n\t\t<\/div>\n\t\t\t\t\t\t<\/div>\n\t\t\t\t<\/div>\n\t\t\t\t\t<\/div>\n\t\t<\/div>\n\t\t\t\t<div class=\"elementor-column elementor-col-50 elementor-inner-column elementor-element elementor-element-e94caf2\" data-id=\"e94caf2\" data-element_type=\"column\" data-e-type=\"column\">\n\t\t\t<div class=\"elementor-widget-wrap elementor-element-populated\">\n\t\t\t\t\t\t<div class=\"elementor-element elementor-element-d431da0 elementor-widget elementor-widget-text-editor\" data-id=\"d431da0\" data-element_type=\"widget\" data-e-type=\"widget\" data-widget_type=\"text-editor.default\">\n\t\t\t\t<div class=\"elementor-widget-container\">\n\t\t\t\t\t\t\t\t\t<p>Pour \u00eatre admissible, un internat doit avoir une dur\u00e9e minimale de douze mois et inclure les stages cliniques obligatoires (chacun respectant la dur\u00e9e minimale d\u00e9finie par la province). De plus, il doit avoir \u00e9t\u00e9 effectu\u00e9 dans un \u00e9tablissement d\u2019enseignement jug\u00e9 acceptable par le programme provincial d\u2019ECE. Toute formation postdoctorale doit \u00eatre v\u00e9rifi\u00e9e \u00e0 la source par le CMC dans inscriptionmed.ca avant d\u2019\u00eatre prise en consid\u00e9ration. L\u2019admissibilit\u00e9 d\u00e9pend de chaque programme provincial d\u2019ECE, qui se r\u00e9serve le droit d\u2019accepter ou de refuser une formation sur la base des crit\u00e8res \u00e9tablis.<\/p>\t\t\t\t\t\t\t\t<\/div>\n\t\t\t\t<\/div>\n\t\t\t\t\t<\/div>\n\t\t<\/div>\n\t\t\t\t\t<\/div>\n\t\t<\/section>\n\t\t\t\t\t<\/div>\n\t\t<\/div>\n\t\t\t\t\t<\/div>\n\t\t<\/section>\n\t\t\t\t<section class=\"elementor-section elementor-top-section elementor-element elementor-element-b6c5dd1 elementor-section-boxed elementor-section-height-default elementor-section-height-default\" data-id=\"b6c5dd1\" data-element_type=\"section\" data-e-type=\"section\" data-settings=\"{&quot;background_background&quot;:&quot;classic&quot;}\">\n\t\t\t\t\t\t<div class=\"elementor-container elementor-column-gap-default\">\n\t\t\t\t\t<div class=\"elementor-column elementor-col-100 elementor-top-column elementor-element elementor-element-b7da38c\" data-id=\"b7da38c\" data-element_type=\"column\" data-e-type=\"column\">\n\t\t\t<div class=\"elementor-widget-wrap elementor-element-populated\">\n\t\t\t\t\t\t<div class=\"elementor-element elementor-element-2bbbff5 elementor-widget elementor-widget-text-editor\" data-id=\"2bbbff5\" data-element_type=\"widget\" data-e-type=\"widget\" data-widget_type=\"text-editor.default\">\n\t\t\t\t<div class=\"elementor-widget-container\">\n\t\t\t\t\t\t\t\t\t<h2>Pourquoi choisir la voie de l\u2019\u00e9valuation de la capacit\u00e9 \u00e0 exercer :<\/h2><ul><li>Vous recevrez des conseils pr\u00e9cieux de m\u00e9decins \u00e9valuateurs chevronn\u00e9s tandis que vous vous adaptez \u00e0 l\u2019exercice de la m\u00e9decine au Canada.<\/li><li>Vous offrirez un soutien crucial en mati\u00e8re de soins m\u00e9dicaux dans les r\u00e9gions du Canada o\u00f9 les besoins sont importants.<\/li><li>Vous obtiendrez un emploi dans la province d\u2019\u00e9valuation apr\u00e8s avoir termin\u00e9 le programme avec succ\u00e8s et re\u00e7u un permis d\u2019exercice provisoire. La plupart des m\u00e9decins qui r\u00e9ussissent un programme d\u2019\u00e9valuation de la capacit\u00e9 \u00e0 exercer (ECE) obtiennent un permis d\u2019exercice de la m\u00e9decine sans restriction en l\u2019espace de deux ans.\u00a0<\/li><\/ul>\t\t\t\t\t\t\t\t<\/div>\n\t\t\t\t<\/div>\n\t\t\t\t\t<\/div>\n\t\t<\/div>\n\t\t\t\t\t<\/div>\n\t\t<\/section>\n\t\t\t\t<section class=\"elementor-section elementor-top-section elementor-element elementor-element-ae87b57 elementor-section-boxed elementor-section-height-default elementor-section-height-default\" data-id=\"ae87b57\" data-element_type=\"section\" data-e-type=\"section\">\n\t\t\t\t\t\t<div class=\"elementor-container elementor-column-gap-default\">\n\t\t\t\t\t<div class=\"elementor-column elementor-col-100 elementor-top-column elementor-element elementor-element-1ebe8c2\" data-id=\"1ebe8c2\" data-element_type=\"column\" data-e-type=\"column\">\n\t\t\t<div class=\"elementor-widget-wrap elementor-element-populated\">\n\t\t\t\t\t\t<div class=\"elementor-element elementor-element-4f22310 elementor-widget elementor-widget-text-editor\" data-id=\"4f22310\" data-element_type=\"widget\" data-e-type=\"widget\" data-widget_type=\"text-editor.default\">\n\t\t\t\t<div class=\"elementor-widget-container\">\n\t\t\t\t\t\t\t\t\t<h2>Quel est le processus de s\u00e9lection?<\/h2><p>Les candidats potentiels doivent faire une demande directement aupr\u00e8s du programme provincial d\u2019ECE de leur choix<\/p><p>L\u2019admission aux programmes d\u2019ECE est comp\u00e9titive. Chaque programme a recours \u00e0 un processus de pr\u00e9s\u00e9lection commun pour examiner les titres de comp\u00e9tences, l\u2019exp\u00e9rience et les \u00e9valuations des candidats afin de s\u2019assurer qu\u2019ils r\u00e9pondent aux exigences minimales d\u2019admissibilit\u00e9 et de parrainage pour la voie de la capacit\u00e9 \u00e0 exercer. Certains programmes peuvent ensuite s\u00e9lectionner les candidats au moyen d\u2019un processus de classement r\u00e9gional.<\/p><p>Les crit\u00e8res d\u2019admissibilit\u00e9 sont tir\u00e9s des normes \u00e9tablies par la <a href=\"https:\/\/fmrac.ca\/wp-content\/uploads\/2019\/06\/FMRAC-Model-Standards-June-2018.pdf\">F\u00e9d\u00e9ration des ordres des m\u00e9decins du Canada (FOMC) pour l&rsquo;inscription m\u00e9dicale au Canada<\/a>\u00a0(en anglais seulement).<\/p>\t\t\t\t\t\t\t\t<\/div>\n\t\t\t\t<\/div>\n\t\t\t\t\t<\/div>\n\t\t<\/div>\n\t\t\t\t\t<\/div>\n\t\t<\/section>\n\t\t\t\t<section class=\"elementor-section elementor-top-section elementor-element elementor-element-d4487d7 elementor-section-boxed elementor-section-height-default elementor-section-height-default\" data-id=\"d4487d7\" data-element_type=\"section\" data-e-type=\"section\" data-settings=\"{&quot;background_background&quot;:&quot;classic&quot;}\">\n\t\t\t\t\t\t<div class=\"elementor-container elementor-column-gap-default\">\n\t\t\t\t\t<div class=\"elementor-column elementor-col-100 elementor-top-column elementor-element elementor-element-34c6349\" data-id=\"34c6349\" data-element_type=\"column\" data-e-type=\"column\">\n\t\t\t<div class=\"elementor-widget-wrap elementor-element-populated\">\n\t\t\t\t\t\t<div class=\"elementor-element elementor-element-c04571f elementor-widget elementor-widget-text-editor\" data-id=\"c04571f\" data-element_type=\"widget\" data-e-type=\"widget\" data-widget_type=\"text-editor.default\">\n\t\t\t\t<div class=\"elementor-widget-container\">\n\t\t\t\t\t\t\t\t\t<h2>Crit\u00e8res d\u2019admissibilit\u00e9 communs\u00a0<\/h2><p>Bien que certains programmes d\u2019ECE utilisent des outils de s\u00e9lection ou de classement suppl\u00e9mentaires pour la s\u00e9lection des candidats, aux fins d\u2019admissibilit\u00e9 \u00e0 un programme d\u2019ECE, tout candidat doit r\u00e9pondre \u00e0 certaines exigences en ce qui concerne :<\/p><ul><li>les comp\u00e9tences linguistiques;<\/li><li>la maintien de la pratique;<\/li><li>le champ d\u2019exercice;<\/li><li>la v\u00e9rification des titres de comp\u00e9tences.<\/li><\/ul>\t\t\t\t\t\t\t\t<\/div>\n\t\t\t\t<\/div>\n\t\t\t\t<div class=\"elementor-element elementor-element-e183013 elementor-widget elementor-widget-text-editor\" data-id=\"e183013\" data-element_type=\"widget\" data-e-type=\"widget\" data-widget_type=\"text-editor.default\">\n\t\t\t\t<div class=\"elementor-widget-container\">\n\t\t\t\t\t\t\t\t\t<h3>L\u2019EACMC\u00a0<\/h3><p>L\u2019examen d\u2019aptitude du Conseil m\u00e9dical du Canada (EACMC) fait partie des crit\u00e8res de pr\u00e9s\u00e9lection utilis\u00e9s par la plupart des programmes provinciaux d\u2019ECE.<\/p><p>L\u2019EACMC vise \u00e0 \u00e9valuer les connaissances m\u00e9dicales essentielles et la prise de d\u00e9cisions cliniques d\u2019un candidat par rapport au niveau attendu d\u2019un \u00e9tudiant en m\u00e9decine qui obtient son dipl\u00f4me de m\u00e9decine au Canada. Il s\u2019agit d\u2019un examen informatis\u00e9 d\u2019une journ\u00e9e compos\u00e9 de questions \u00e0 choix multiple.<\/p>\t\t\t\t\t\t\t\t<\/div>\n\t\t\t\t<\/div>\n\t\t\t\t<div class=\"elementor-element elementor-element-bc046c2 elementor-widget elementor-widget-button\" data-id=\"bc046c2\" data-element_type=\"widget\" data-e-type=\"widget\" data-widget_type=\"button.default\">\n\t\t\t\t<div class=\"elementor-widget-container\">\n\t\t\t\t\t\t\t\t\t<div class=\"elementor-button-wrapper\">\n\t\t\t\t\t<a class=\"elementor-button elementor-button-link elementor-size-sm\" href=\"\/fr\/examens-et-evaluations\/eacmc\">\n\t\t\t\t\t\t<span class=\"elementor-button-content-wrapper\">\n\t\t\t\t\t\t\t\t\t<span class=\"elementor-button-text\">En savoir plus sur l'EACMC<\/span>\n\t\t\t\t\t<\/span>\n\t\t\t\t\t<\/a>\n\t\t\t\t<\/div>\n\t\t\t\t\t\t\t\t<\/div>\n\t\t\t\t<\/div>\n\t\t\t\t<div class=\"elementor-element elementor-element-920acf3 elementor-widget elementor-widget-text-editor\" data-id=\"920acf3\" data-element_type=\"widget\" data-e-type=\"widget\" data-widget_type=\"text-editor.default\">\n\t\t\t\t<div class=\"elementor-widget-container\">\n\t\t\t\t\t\t\t\t\t<h3>L\u2019examen de la CNE\u00a0<\/h3><p><span data-contrast=\"auto\">L\u2019examen de la Collaboration nationale en mati\u00e8re d\u2019\u00e9valuation (CNE)\u202ffait partie des crit\u00e8res de pr\u00e9s\u00e9lection utilis\u00e9s par certains programmes provinciaux d\u2019ECE.<\/span><span data-ccp-props=\"{}\">\u00a0<\/span><\/p><p><span data-contrast=\"auto\">L\u2019examen de la CNE vise \u00e0 \u00e9valuer si un dipl\u00f4m\u00e9 international en m\u00e9decine est pr\u00eat \u00e0 int\u00e9grer un programme de r\u00e9sidence au Canada. Il s\u2019agit d\u2019un examen d\u2019une demi-journ\u00e9e au cours duquel les candidats passent par une s\u00e9rie de stations o\u00f9 leur sont pr\u00e9sent\u00e9s des sc\u00e9narios cliniques typiques.\u202f<\/span><span data-ccp-props=\"{}\">\u00a0<\/span><\/p>\t\t\t\t\t\t\t\t<\/div>\n\t\t\t\t<\/div>\n\t\t\t\t<div class=\"elementor-element elementor-element-9522eae elementor-widget elementor-widget-button\" data-id=\"9522eae\" data-element_type=\"widget\" data-e-type=\"widget\" data-widget_type=\"button.default\">\n\t\t\t\t<div class=\"elementor-widget-container\">\n\t\t\t\t\t\t\t\t\t<div class=\"elementor-button-wrapper\">\n\t\t\t\t\t<a class=\"elementor-button elementor-button-link elementor-size-sm\" href=\"\/fr\/examens-et-evaluations\/examen-de-la-cne\/\">\n\t\t\t\t\t\t<span class=\"elementor-button-content-wrapper\">\n\t\t\t\t\t\t\t\t\t<span class=\"elementor-button-text\">En savoir plus sur l'examen de la CNE<\/span>\n\t\t\t\t\t<\/span>\n\t\t\t\t\t<\/a>\n\t\t\t\t<\/div>\n\t\t\t\t\t\t\t\t<\/div>\n\t\t\t\t<\/div>\n\t\t\t\t<div class=\"elementor-element elementor-element-22b60c9 elementor-widget elementor-widget-text-editor\" data-id=\"22b60c9\" data-element_type=\"widget\" data-e-type=\"widget\" data-widget_type=\"text-editor.default\">\n\t\t\t\t<div class=\"elementor-widget-container\">\n\t\t\t\t\t\t\t\t\t<h3>L\u2019examen li\u00e9 \u00e0 la PDT\u00a0<\/h3><p>La plupart des programmes provinciaux d\u2019ECE exigent la r\u00e9ussite \u00e0 l\u2019examen li\u00e9 \u00e0 la prise de d\u00e9cisions th\u00e9rapeutiques (PDT) dans le cadre de leurs crit\u00e8res d\u2019admissibilit\u00e9.<\/p><p>L\u2019examen li\u00e9 \u00e0 la PDT vise \u00e0 \u00e9valuer la comp\u00e9tence des candidats au niveau exig\u00e9 d\u2019un m\u00e9decin de famille exer\u00e7ant de fa\u00e7on autonome et s\u00e9curitaire au Canada. L\u2019examen consiste en sc\u00e9narios ax\u00e9s sur des tableaux et enjeux cliniques communs ou importants que les m\u00e9decins de famille exer\u00e7ant au Canada devraient \u00eatre en mesure de g\u00e9rer de fa\u00e7on comp\u00e9tente au sein des dimensions suivantes des soins m\u00e9dicaux : promotion de la sant\u00e9 et pr\u00e9vention des maladies, affections aigu\u00ebs, affections chroniques, innocuit\u00e9 et effets ind\u00e9sirables.\u202f<\/p>\t\t\t\t\t\t\t\t<\/div>\n\t\t\t\t<\/div>\n\t\t\t\t<div class=\"elementor-element elementor-element-bb3c535 elementor-widget elementor-widget-button\" data-id=\"bb3c535\" data-element_type=\"widget\" data-e-type=\"widget\" data-widget_type=\"button.default\">\n\t\t\t\t<div class=\"elementor-widget-container\">\n\t\t\t\t\t\t\t\t\t<div class=\"elementor-button-wrapper\">\n\t\t\t\t\t<a class=\"elementor-button elementor-button-link elementor-size-sm\" href=\"\/fr\/examens-et-evaluations\/examen-lie-a-la-pdt\/\">\n\t\t\t\t\t\t<span class=\"elementor-button-content-wrapper\">\n\t\t\t\t\t\t\t\t\t<span class=\"elementor-button-text\">En savoir plus sur l'examen li\u00e9 \u00e0 la PDT<\/span>\n\t\t\t\t\t<\/span>\n\t\t\t\t\t<\/a>\n\t\t\t\t<\/div>\n\t\t\t\t\t\t\t\t<\/div>\n\t\t\t\t<\/div>\n\t\t\t\t<section class=\"elementor-section elementor-inner-section elementor-element elementor-element-a5ef3c1 elementor-section-boxed elementor-section-height-default elementor-section-height-default\" data-id=\"a5ef3c1\" data-element_type=\"section\" data-e-type=\"section\">\n\t\t\t\t\t\t<div class=\"elementor-container elementor-column-gap-default\">\n\t\t\t\t\t<div class=\"elementor-column elementor-col-100 elementor-inner-column elementor-element elementor-element-e4bba09\" data-id=\"e4bba09\" data-element_type=\"column\" data-e-type=\"column\">\n\t\t\t<div class=\"elementor-widget-wrap elementor-element-populated\">\n\t\t\t\t\t\t<div class=\"elementor-element elementor-element-46f2374 elementor-widget-divider--view-line_icon elementor-view-default elementor-widget-divider--element-align-center elementor-widget elementor-widget-divider\" data-id=\"46f2374\" data-element_type=\"widget\" data-e-type=\"widget\" data-widget_type=\"divider.default\">\n\t\t\t\t<div class=\"elementor-widget-container\">\n\t\t\t\t\t\t\t<div class=\"elementor-divider\">\n\t\t\t<span class=\"elementor-divider-separator\">\n\t\t\t\t\t\t\t<div class=\"elementor-icon elementor-divider__element\">\n\t\t\t\t\t<i aria-hidden=\"true\" class=\"fas fa-book-open\"><\/i><\/div>\n\t\t\t\t\t\t<\/span>\n\t\t<\/div>\n\t\t\t\t\t\t<\/div>\n\t\t\t\t<\/div>\n\t\t\t\t<div class=\"elementor-element elementor-element-7f26a23 elementor-widget elementor-widget-text-editor\" data-id=\"7f26a23\" data-element_type=\"widget\" data-e-type=\"widget\" data-widget_type=\"text-editor.default\">\n\t\t\t\t<div class=\"elementor-widget-container\">\n\t\t\t\t\t\t\t\t\t<p>Les crit\u00e8res d\u2019admissibilit\u00e9 pour chaque programme d\u2019EDE sont r\u00e9sum\u00e9s dans le livre \u00e9lectronique <a href=\"\/wp-content\/uploads\/Octroi-de-permis-dexercice-au-Canada.pdf\"><em>Octroi de permis d&rsquo;exercice de la m\u00e9decine au Canada<\/em><\/a>, un guide pratique pour mieux comprendre les parcours menant \u00e0 l\u2019obtention d\u2019un permis d\u2019exercer \u00e0 titre d\u2019assistant ou d\u2019associ\u00e9 clinique ainsi que le processus d\u2019\u00e9valuation de la capacit\u00e9 \u00e0 exercer dans l\u2019ensemble du pays.\u202f<\/p>\t\t\t\t\t\t\t\t<\/div>\n\t\t\t\t<\/div>\n\t\t\t\t<div class=\"elementor-element elementor-element-8beafa5 elementor-widget-divider--view-line elementor-widget elementor-widget-divider\" data-id=\"8beafa5\" data-element_type=\"widget\" data-e-type=\"widget\" data-widget_type=\"divider.default\">\n\t\t\t\t<div class=\"elementor-widget-container\">\n\t\t\t\t\t\t\t<div class=\"elementor-divider\">\n\t\t\t<span class=\"elementor-divider-separator\">\n\t\t\t\t\t\t<\/span>\n\t\t<\/div>\n\t\t\t\t\t\t<\/div>\n\t\t\t\t<\/div>\n\t\t\t\t\t<\/div>\n\t\t<\/div>\n\t\t\t\t\t<\/div>\n\t\t<\/section>\n\t\t\t\t\t<\/div>\n\t\t<\/div>\n\t\t\t\t\t<\/div>\n\t\t<\/section>\n\t\t\t\t<\/div>\n\t\t","protected":false},"excerpt":{"rendered":"<p>L\u2019\u00e9valuation de la capacit\u00e9 \u00e0 exercer peut vous convenir si : Vous d\u00e9tenez une certification d\u00e9livr\u00e9e par un organisme international et vous avez l\u2019intention de vivre et d\u2019exercer la m\u00e9decine au Canada.\u00a0 Vous avez suivi une formation m\u00e9dicale postdoctorale et exerc\u00e9 de fa\u00e7on autonome en milieu clinique \u00e0 l\u2019ext\u00e9rieur du Canada, dans un contexte qui [&hellip;]<\/p>\n","protected":false},"author":30,"featured_media":0,"parent":13309,"menu_order":0,"comment_status":"closed","ping_status":"closed","template":"","meta":{"_acf_changed":false,"content-type":"","_relevanssi_hide_post":"","_relevanssi_hide_content":"","_relevanssi_pin_for_all":"","_relevanssi_pin_keywords":"","_relevanssi_unpin_keywords":"","_relevanssi_related_keywords":"","_relevanssi_related_include_ids":"","_relevanssi_related_exclude_ids":"","_relevanssi_related_no_append":"","_relevanssi_related_not_related":"","_relevanssi_related_posts":"3897","_relevanssi_noindex_reason":"","footnotes":""},"class_list":["post-13322","page","type-page","status-publish","hentry"],"acf":{"inherit_intro_image":true,"page_intro_text":"Renseignez-vous sur le processus de s\u00e9lection et les crit\u00e8res d\u2019admissibilit\u00e9 aux programmes d\u2019\u00e9valuation de la capacit\u00e9 \u00e0 exercer. "},"aioseo_notices":[],"_links":{"self":[{"href":"https:\/\/mcc.ca\/fr\/wp-json\/wp\/v2\/pages\/13322","targetHints":{"allow":["GET"]}}],"collection":[{"href":"https:\/\/mcc.ca\/fr\/wp-json\/wp\/v2\/pages"}],"about":[{"href":"https:\/\/mcc.ca\/fr\/wp-json\/wp\/v2\/types\/page"}],"author":[{"embeddable":true,"href":"https:\/\/mcc.ca\/fr\/wp-json\/wp\/v2\/users\/30"}],"replies":[{"embeddable":true,"href":"https:\/\/mcc.ca\/fr\/wp-json\/wp\/v2\/comments?post=13322"}],"version-history":[{"count":5,"href":"https:\/\/mcc.ca\/fr\/wp-json\/wp\/v2\/pages\/13322\/revisions"}],"predecessor-version":[{"id":30348,"href":"https:\/\/mcc.ca\/fr\/wp-json\/wp\/v2\/pages\/13322\/revisions\/30348"}],"up":[{"embeddable":true,"href":"https:\/\/mcc.ca\/fr\/wp-json\/wp\/v2\/pages\/13309"}],"wp:attachment":[{"href":"https:\/\/mcc.ca\/fr\/wp-json\/wp\/v2\/media?parent=13322"}],"curies":[{"name":"wp","href":"https:\/\/api.w.org\/{rel}","templated":true}]}}