{"id":13224,"date":"2023-11-22T10:18:47","date_gmt":"2023-11-22T15:18:47","guid":{"rendered":"https:\/\/mcc2022.wpengine.com\/?page_id=13224"},"modified":"2026-03-31T17:39:38","modified_gmt":"2026-03-31T21:39:38","slug":"achat-de-produits-preparatoires-par-les-organisations","status":"publish","type":"page","link":"https:\/\/mcc.ca\/fr\/examens-et-evaluations\/ressources-pour-aider-a-la-preparation-dun-examen\/produits-preparatoires\/achat-de-produits-preparatoires-par-les-organisations\/","title":{"rendered":"Achat de produits pr\u00e9paratoires par les organisations"},"content":{"rendered":"\t\t<div data-elementor-type=\"wp-page\" data-elementor-id=\"13224\" class=\"elementor elementor-13224 elementor-12356\" data-elementor-post-type=\"page\">\n\t\t\t\t\t\t<section class=\"elementor-section elementor-top-section elementor-element elementor-element-8dc5265 elementor-section-boxed elementor-section-height-default elementor-section-height-default\" data-id=\"8dc5265\" data-element_type=\"section\" data-e-type=\"section\">\n\t\t\t\t\t\t<div class=\"elementor-container elementor-column-gap-default\">\n\t\t\t\t\t<div class=\"elementor-column elementor-col-50 elementor-top-column elementor-element elementor-element-efadae6\" data-id=\"efadae6\" data-element_type=\"column\" data-e-type=\"column\">\n\t\t\t<div class=\"elementor-widget-wrap elementor-element-populated\">\n\t\t\t\t\t\t<div class=\"elementor-element elementor-element-61d86ca elementor-widget elementor-widget-text-editor\" data-id=\"61d86ca\" data-element_type=\"widget\" data-e-type=\"widget\" data-widget_type=\"text-editor.default\">\n\t\t\t\t<div class=\"elementor-widget-container\">\n\t\t\t\t\t\t\t\t\t<p>Les organisations ont la possibilit\u00e9 d\u2019effectuer un achat group\u00e9 de produits pr\u00e9paratoires de l\u2019examen d\u2019aptitude du Conseil m\u00e9dical du Canada (anciennement EACMC, partie I) au nom de leurs candidats. Les produits pr\u00e9paratoires permettent aux candidats de tester leurs connaissances et de se familiariser avec le format de l\u2019EACMC. Partout au Canada et de par le monde, des organisations ont int\u00e9gr\u00e9 les produits pr\u00e9paratoires \u00e0 leur programme d\u2019\u00e9tudes afin d\u2019aider leurs candidats \u00e0 se pr\u00e9parer \u00e0 l\u2019EACMC.<\/p><p>En effectuant un achat group\u00e9 pour leurs candidats, les organisations ont droit \u00e0 :<\/p><ul><li>Un rabais sur tout produit pr\u00e9paratoire, soit 50 $ de rabais pour l\u2019examen pr\u00e9paratoire (EP) et 30 $ de rabais pour l\u2019examen pr\u00e9paratoire court (EP court).<\/li><li>Des codes d\u2019acc\u00e8s pour tous les produits pr\u00e9paratoires achet\u00e9s, que vous pourrez attribuer aux candidats \u00e0 partir de votre profil h\u00e9berg\u00e9 dans le <a href=\"https:\/\/test.mcc.ca\/?language=fr\">Portail de tests de pratique<\/a> afin qu\u2019ils puissent acc\u00e9der aux produits et effectuer leur test de pratique ou leur examen pr\u00e9paratoire.<\/li><li>Un acc\u00e8s aux r\u00e9sultats g\u00e9n\u00e9raux et individuels afin que votre organisation puisse aider les administrateurs \u00e0 \u00e9valuer l\u2019\u00e9tat de pr\u00e9paration des candidats \u00e0 l\u2019EACMC.<\/li><\/ul><p><strong>&gt;<\/strong> <a href=\"\/broken\">Apprenez-en davantage<\/a> sur les diff\u00e9rents produits pr\u00e9paratoires offerts par le CMC.<\/p>\t\t\t\t\t\t\t\t<\/div>\n\t\t\t\t<\/div>\n\t\t\t\t\t<\/div>\n\t\t<\/div>\n\t\t\t\t<div class=\"elementor-column elementor-col-50 elementor-top-column elementor-element elementor-element-9356733\" data-id=\"9356733\" data-element_type=\"column\" data-e-type=\"column\">\n\t\t\t<div class=\"elementor-widget-wrap elementor-element-populated\">\n\t\t\t\t\t\t<div class=\"elementor-element elementor-element-db77020 elementor-widget elementor-widget-image\" data-id=\"db77020\" data-element_type=\"widget\" data-e-type=\"widget\" data-widget_type=\"image.default\">\n\t\t\t\t<div class=\"elementor-widget-container\">\n\t\t\t\t\t\t\t\t\t\t\t\t\t\t\t<img fetchpriority=\"high\" decoding=\"async\" width=\"800\" height=\"533\" src=\"https:\/\/mcc.ca\/wp-content\/uploads\/For-bulk-purchasing-page.jpg\" class=\"attachment-large size-large wp-image-12362\" alt=\"Student working on a laptop in a library setting\" srcset=\"https:\/\/mcc.ca\/wp-content\/uploads\/For-bulk-purchasing-page.jpg 800w, https:\/\/mcc.ca\/wp-content\/uploads\/For-bulk-purchasing-page-300x200.jpg 300w, https:\/\/mcc.ca\/wp-content\/uploads\/For-bulk-purchasing-page-768x512.jpg 768w\" sizes=\"(max-width: 800px) 100vw, 800px\" \/>\t\t\t\t\t\t\t\t\t\t\t\t\t\t\t<\/div>\n\t\t\t\t<\/div>\n\t\t\t\t\t<\/div>\n\t\t<\/div>\n\t\t\t\t\t<\/div>\n\t\t<\/section>\n\t\t\t\t<section class=\"elementor-section elementor-top-section elementor-element elementor-element-3518437 elementor-section-boxed elementor-section-height-default elementor-section-height-default\" data-id=\"3518437\" data-element_type=\"section\" data-e-type=\"section\" data-settings=\"{&quot;background_background&quot;:&quot;classic&quot;}\">\n\t\t\t\t\t\t<div class=\"elementor-container elementor-column-gap-default\">\n\t\t\t\t\t<div class=\"elementor-column elementor-col-100 elementor-top-column elementor-element elementor-element-1e1dd2b\" data-id=\"1e1dd2b\" data-element_type=\"column\" data-e-type=\"column\">\n\t\t\t<div class=\"elementor-widget-wrap elementor-element-populated\">\n\t\t\t\t\t\t<div class=\"elementor-element elementor-element-afa5f96 elementor-widget elementor-widget-text-editor\" data-id=\"afa5f96\" data-element_type=\"widget\" data-e-type=\"widget\" data-widget_type=\"text-editor.default\">\n\t\t\t\t<div class=\"elementor-widget-container\">\n\t\t\t\t\t\t\t\t\t<h2>Comment proc\u00e9der \u00e0 l\u2019achat group\u00e9 de produits pr\u00e9paratoires<\/h2><p>Si votre organisation r\u00e9pond aux crit\u00e8res \u00e9nonc\u00e9s ci-dessous, veuillez remplir le <a href=\"\/media\/Formulaire-de-demande-organisation-portail-tests-de-pratique.pdf\">formulaire de demande<\/a> et l\u2019envoyer \u00e0 <a href=\"mailto:testsdepratique@mcc.ca\">testsdepratique@mcc.ca<\/a>.<\/p><p>Le CMC examinera votre demande \u00e0 l\u2019int\u00e9rieur de 30 jours et pourrait communiquer avec vous durant cette p\u00e9riode. Si votre demande est accept\u00e9e, les renseignements fournis dans ce formulaire serviront \u00e0 la cr\u00e9ation de votre profil d\u2019organisation dans le\u202f<a href=\"https:\/\/test.mcc.ca\/?language=fr\">Portail de tests de pratique<\/a>.<\/p><p>Dans votre profil d\u2019organisation, vous aurez acc\u00e8s aux tarifs r\u00e9duits pour l\u2019achat group\u00e9. Vous pourrez \u00e9galement cr\u00e9er des pages d\u2019administration de tests pour vos participants, leur attribuer des codes d\u2019acc\u00e8s et faire le suivi de leurs r\u00e9sultats.<\/p><p>Toute organisation souhaitant faire une demande d\u2019achat group\u00e9 doit remplir les crit\u00e8res suivants* :<\/p><ul><li>\u00catre enregistr\u00e9e \u00e0 titre d\u2019organisme de bienfaisance, d\u2019organisme sans but lucratif ou d\u2019\u00e9tablissement d\u2019enseignement.<\/li><li>\u00catre en mesure de fournir un num\u00e9ro d\u2019entreprise,\u202fun num\u00e9ro d\u2019enregistrement d\u2019organisme de bienfaisance ou des pi\u00e8ces justificatives du statut d\u2019organisme sans but lucratif ou de bienfaisance.<\/li><li>Se procurer au minimum 25 produits pr\u00e9paratoires.<\/li><\/ul><p><em>*L\u2019approbation de l\u2019admissibilit\u00e9 d\u2019une organisation est \u00e0 l\u2019enti\u00e8re discr\u00e9tion du CMC.<\/em><\/p>\t\t\t\t\t\t\t\t<\/div>\n\t\t\t\t<\/div>\n\t\t\t\t\t<\/div>\n\t\t<\/div>\n\t\t\t\t\t<\/div>\n\t\t<\/section>\n\t\t\t\t<\/div>\n\t\t","protected":false},"excerpt":{"rendered":"<p>Les organisations ont la possibilit\u00e9 d\u2019effectuer un achat group\u00e9 de produits pr\u00e9paratoires de l\u2019examen d\u2019aptitude du Conseil m\u00e9dical du Canada (anciennement EACMC, partie I) au nom de leurs candidats. Les produits pr\u00e9paratoires permettent aux candidats de tester leurs connaissances et de se familiariser avec le format de l\u2019EACMC. Partout au Canada et de par le [&hellip;]<\/p>\n","protected":false},"author":34,"featured_media":0,"parent":13228,"menu_order":0,"comment_status":"closed","ping_status":"closed","template":"","meta":{"_acf_changed":false,"content-type":"","_relevanssi_hide_post":"","_relevanssi_hide_content":"","_relevanssi_pin_for_all":"","_relevanssi_pin_keywords":"","_relevanssi_unpin_keywords":"","_relevanssi_related_keywords":"","_relevanssi_related_include_ids":"","_relevanssi_related_exclude_ids":"","_relevanssi_related_no_append":"","_relevanssi_related_not_related":"","_relevanssi_related_posts":"3897","_relevanssi_noindex_reason":"","footnotes":""},"class_list":["post-13224","page","type-page","status-publish","hentry"],"acf":{"inherit_intro_image":true,"page_intro_text":"Effectuer un achat group\u00e9 de tests de pratique \u00e0 l\u2019intention de candidats"},"aioseo_notices":[],"_links":{"self":[{"href":"https:\/\/mcc.ca\/fr\/wp-json\/wp\/v2\/pages\/13224","targetHints":{"allow":["GET"]}}],"collection":[{"href":"https:\/\/mcc.ca\/fr\/wp-json\/wp\/v2\/pages"}],"about":[{"href":"https:\/\/mcc.ca\/fr\/wp-json\/wp\/v2\/types\/page"}],"author":[{"embeddable":true,"href":"https:\/\/mcc.ca\/fr\/wp-json\/wp\/v2\/users\/34"}],"replies":[{"embeddable":true,"href":"https:\/\/mcc.ca\/fr\/wp-json\/wp\/v2\/comments?post=13224"}],"version-history":[{"count":3,"href":"https:\/\/mcc.ca\/fr\/wp-json\/wp\/v2\/pages\/13224\/revisions"}],"predecessor-version":[{"id":30023,"href":"https:\/\/mcc.ca\/fr\/wp-json\/wp\/v2\/pages\/13224\/revisions\/30023"}],"up":[{"embeddable":true,"href":"https:\/\/mcc.ca\/fr\/wp-json\/wp\/v2\/pages\/13228"}],"wp:attachment":[{"href":"https:\/\/mcc.ca\/fr\/wp-json\/wp\/v2\/media?parent=13224"}],"curies":[{"name":"wp","href":"https:\/\/api.w.org\/{rel}","templated":true}]}}