{"id":13052,"date":"2023-11-17T09:53:54","date_gmt":"2023-11-17T14:53:54","guid":{"rendered":"https:\/\/mcc2022.wpengine.com\/?page_id=13052"},"modified":"2026-03-12T13:26:47","modified_gmt":"2026-03-12T17:26:47","slug":"titres-de-competences-en-medecine-admissibles-aux-fins-de-verification-a-la-source","status":"publish","type":"page","link":"https:\/\/mcc.ca\/fr\/titres-de-competences-et-services\/services\/verification-des-titres-de-competence\/titres-de-competences-en-medecine-admissibles-aux-fins-de-verification-a-la-source\/","title":{"rendered":"Titres de comp\u00e9tences en m\u00e9decine admissibles aux fins de v\u00e9rification \u00e0 la source"},"content":{"rendered":"\t\t<div data-elementor-type=\"wp-page\" data-elementor-id=\"13052\" class=\"elementor elementor-13052 elementor-11354\" data-elementor-post-type=\"page\">\n\t\t\t\t\t\t<section class=\"elementor-section elementor-top-section elementor-element elementor-element-9bcdf15 elementor-section-boxed elementor-section-height-default elementor-section-height-default\" data-id=\"9bcdf15\" data-element_type=\"section\" data-e-type=\"section\">\n\t\t\t\t\t\t<div class=\"elementor-container elementor-column-gap-default\">\n\t\t\t\t\t<div class=\"elementor-column elementor-col-100 elementor-top-column elementor-element elementor-element-916f12f\" data-id=\"916f12f\" data-element_type=\"column\" data-e-type=\"column\">\n\t\t\t<div class=\"elementor-widget-wrap elementor-element-populated\">\n\t\t\t\t\t\t<div class=\"elementor-element elementor-element-4f590dd elementor-widget elementor-widget-text-editor\" data-id=\"4f590dd\" data-element_type=\"widget\" data-e-type=\"widget\" data-widget_type=\"text-editor.default\">\n\t\t\t\t<div class=\"elementor-widget-container\">\n\t\t\t\t\t\t\t\t\t<h2>Titres de comp\u00e9tences internationaux en m\u00e9decine\u00a0<\/h2><p>Seuls certains documents et titres de comp\u00e9tences internationaux en m\u00e9decine sont admissibles aux fins de v\u00e9rification \u00e0 la source. Les titres de comp\u00e9tences en m\u00e9decine canadiens ne sont pas admissibles aux fins de v\u00e9rification \u00e0 la source.\u00a0<\/p>\t\t\t\t\t\t\t\t<\/div>\n\t\t\t\t<\/div>\n\t\t\t\t<section class=\"elementor-section elementor-inner-section elementor-element elementor-element-72303be elementor-section-boxed elementor-section-height-default elementor-section-height-default\" data-id=\"72303be\" data-element_type=\"section\" data-e-type=\"section\">\n\t\t\t\t\t\t<div class=\"elementor-container elementor-column-gap-wider\">\n\t\t\t\t\t<div class=\"elementor-column elementor-col-50 elementor-inner-column elementor-element elementor-element-04a9765\" data-id=\"04a9765\" data-element_type=\"column\" data-e-type=\"column\">\n\t\t\t<div class=\"elementor-widget-wrap elementor-element-populated\">\n\t\t\t\t\t\t<div class=\"elementor-element elementor-element-b28765e elementor-widget elementor-widget-text-editor\" data-id=\"b28765e\" data-element_type=\"widget\" data-e-type=\"widget\" data-widget_type=\"text-editor.default\">\n\t\t\t\t<div class=\"elementor-widget-container\">\n\t\t\t\t\t\t\t\t\t<h3>Titres de comp\u00e9tences internationaux en m\u00e9decine admissibles<\/h3><ul><li>dipl\u00f4me en m\u00e9decine<\/li><li>relev\u00e9 de notes<\/li><li>attestation d\u2019internat<\/li><li>attestation de formation postdoctorale<\/li><li>certificat de sp\u00e9cialit\u00e9<\/li><li>permis d\u2019exercice ou attestation d\u2019inscription<\/li><\/ul>\t\t\t\t\t\t\t\t<\/div>\n\t\t\t\t<\/div>\n\t\t\t\t\t<\/div>\n\t\t<\/div>\n\t\t\t\t<div class=\"elementor-column elementor-col-50 elementor-inner-column elementor-element elementor-element-f938b21\" data-id=\"f938b21\" data-element_type=\"column\" data-e-type=\"column\">\n\t\t\t<div class=\"elementor-widget-wrap elementor-element-populated\">\n\t\t\t\t\t\t<div class=\"elementor-element elementor-element-7b9011b elementor-widget elementor-widget-text-editor\" data-id=\"7b9011b\" data-element_type=\"widget\" data-e-type=\"widget\" data-widget_type=\"text-editor.default\">\n\t\t\t\t<div class=\"elementor-widget-container\">\n\t\t\t\t\t\t\t\t\t<h3>Documents non admissibles<\/h3><ul><li>lettres confirmant un emploi ou une exp\u00e9rience de travail<\/li><li>lettres de recommandation<\/li><li>certificats ou lettres attestant une formation continuep<\/li><li>preuve d\u2019adh\u00e9sion \u00e0 des associations professionnelles<\/li><li>attestation de formation linguistique<\/li><li>relev\u00e9s de r\u00e9sultats \u00e0 des examens<\/li><li>curriculum vit\u04d5<\/li><\/ul>\t\t\t\t\t\t\t\t<\/div>\n\t\t\t\t<\/div>\n\t\t\t\t\t<\/div>\n\t\t<\/div>\n\t\t\t\t\t<\/div>\n\t\t<\/section>\n\t\t\t\t\t<\/div>\n\t\t<\/div>\n\t\t\t\t\t<\/div>\n\t\t<\/section>\n\t\t\t\t<section class=\"elementor-section elementor-top-section elementor-element elementor-element-9fcaf0e elementor-section-boxed elementor-section-height-default elementor-section-height-default\" data-id=\"9fcaf0e\" data-element_type=\"section\" data-e-type=\"section\" data-settings=\"{&quot;background_background&quot;:&quot;classic&quot;}\">\n\t\t\t\t\t\t<div class=\"elementor-container elementor-column-gap-default\">\n\t\t\t\t\t<div class=\"elementor-column elementor-col-100 elementor-top-column elementor-element elementor-element-7b9e4a8\" data-id=\"7b9e4a8\" data-element_type=\"column\" data-e-type=\"column\">\n\t\t\t<div class=\"elementor-widget-wrap elementor-element-populated\">\n\t\t\t\t\t\t<div class=\"elementor-element elementor-element-4874395 elementor-widget elementor-widget-text-editor\" data-id=\"4874395\" data-element_type=\"widget\" data-e-type=\"widget\" data-widget_type=\"text-editor.default\">\n\t\t\t\t<div class=\"elementor-widget-container\">\n\t\t\t\t\t\t\t\t\t<h2>D\u00e9finitions des titres de comp\u00e9tences internationaux en m\u00e9decine admissibles<\/h2>\t\t\t\t\t\t\t\t<\/div>\n\t\t\t\t<\/div>\n\t\t\t\t<div class=\"elementor-element elementor-element-dfa4d0e elementor-widget elementor-widget-text-editor\" data-id=\"dfa4d0e\" data-element_type=\"widget\" data-e-type=\"widget\" data-widget_type=\"text-editor.default\">\n\t\t\t\t<div class=\"elementor-widget-container\">\n\t\t\t\t\t\t\t\t\t<h2><span style=\"color: var( --e-global-color-primary ); font-size: 32px; background-color: var( --e-global-color-bf7e5bf );\">Dipl\u00f4me en m\u00e9decine <br \/><\/span><\/h2><p>Le dipl\u00f4me terminal en m\u00e9decine est un document officiel d\u00e9livr\u00e9 par votre facult\u00e9 de m\u00e9decine ou votre universit\u00e9. Il confirme que vous avez termin\u00e9 avec succ\u00e8s vos \u00e9tudes en m\u00e9decine.<\/p><p>Le <a href=\"\/fr\/titres-de-competences-et-services\/parcours-vers-lobtention-du-permis-dexercice\/facultes-et-diplomes-de-medecine-acceptables\/\">dipl\u00f4me doit \u00eatre d\u00e9cern\u00e9 par une facult\u00e9 de m\u00e9decine acceptable<\/a> figurant dans le <a href=\"https:\/\/wdoms.org\/\" target=\"_blank\" rel=\"noopener\">World Directory of Medical Schools<\/a> avec un \u00ab Canada Sponsor Note. \u00bb La date d&rsquo;obtention du dipl\u00f4me doit se situer dans la fourchette des ann\u00e9es d&rsquo;obtention du dipl\u00f4me indiqu\u00e9e dans le \u00ab ECFMG Sponsor Note \u00bb dans le World Directory. En outre, le titre du dipl\u00f4me doit figurer dans le <a href=\"https:\/\/www.ecfmg.org\/resources\/reference-guide.html\" target=\"_blank\" rel=\"noopener\">Reference Guide for Medical Education Credentials<\/a> (en anglais seulement).<\/p><p>Le dipl\u00f4me soumis doit :<\/p><ul><li>\u00eatre une copie de celui destin\u00e9 \u00e0 \u00eatre encadr\u00e9 et affich\u00e9 (tel que le dipl\u00f4me qui vous a \u00e9t\u00e9 remis lors de la collation des grades);<\/li><li>inclure le nom complet de votre facult\u00e9 ou coll\u00e8ge de m\u00e9decine. Si le nom complet de votre facult\u00e9 de m\u00e9decine n\u2019y est pas indiqu\u00e9, vous devez \u00e9galement soumettre un ou des documents officiels sur lesquels figure clairement le nom de votre facult\u00e9 (p. ex. une attestation d\u2019obtention du dipl\u00f4me, une attestation d\u2019internat, une attestation provisoire ou un relev\u00e9 de notes terminal). Veuillez ne pas cr\u00e9er de nouvelle demande de v\u00e9rification \u00e0 la source pour ce document suppl\u00e9mentaire; t\u00e9l\u00e9chargez-le simplement avec la copie de votre dipl\u00f4me.<\/li><\/ul>\t\t\t\t\t\t\t\t<\/div>\n\t\t\t\t<\/div>\n\t\t\t\t\t<\/div>\n\t\t<\/div>\n\t\t\t\t\t<\/div>\n\t\t<\/section>\n\t\t\t\t<section class=\"elementor-section elementor-top-section elementor-element elementor-element-306e55e elementor-section-boxed elementor-section-height-default elementor-section-height-default\" data-id=\"306e55e\" data-element_type=\"section\" data-e-type=\"section\">\n\t\t\t\t\t\t<div class=\"elementor-container elementor-column-gap-default\">\n\t\t\t\t\t<div class=\"elementor-column elementor-col-100 elementor-top-column elementor-element elementor-element-49195de\" data-id=\"49195de\" data-element_type=\"column\" data-e-type=\"column\">\n\t\t\t<div class=\"elementor-widget-wrap elementor-element-populated\">\n\t\t\t\t\t\t<div class=\"elementor-element elementor-element-dac06d4 elementor-widget elementor-widget-text-editor\" data-id=\"dac06d4\" data-element_type=\"widget\" data-e-type=\"widget\" data-widget_type=\"text-editor.default\">\n\t\t\t\t<div class=\"elementor-widget-container\">\n\t\t\t\t\t\t\t\t\t<h3>Relev\u00e9 de notes du dipl\u00f4me de m\u00e9decine<\/h3><p>Le relev\u00e9 de notes terminal du dipl\u00f4me de m\u00e9decine est le dossier complet officiel de vos \u00e9tudes en m\u00e9decine; il est d\u00e9livr\u00e9 par votre facult\u00e9 de m\u00e9decine. Le relev\u00e9 de notes doit \u00eatre d\u00e9livr\u00e9 par <a href=\"\/fr\/titres-de-competences-et-services\/parcours-vers-lobtention-du-permis-dexercice\/facultes-et-diplomes-de-medecine-acceptables\/\">une facult\u00e9 de m\u00e9decine acceptable pour que le dipl\u00f4me soit acceptable<\/a>.<\/p><p>Le relev\u00e9 de notes doit :\u00a0<\/p><ul><li>\u00eatre d\u00e9livr\u00e9 apr\u00e8s l\u2019obtention de votre dipl\u00f4me;<\/li><li>indiquer le titre du dipl\u00f4me;<\/li><li>confirmer la date d\u2019obtention de votre dipl\u00f4me;<\/li><li>inclure les notes et\/ou les cr\u00e9dits obtenus pour tous les cours suivis en vue de l\u2019obtention de votre dipl\u00f4me en m\u00e9decine;<\/li><li>\u00eatre sign\u00e9 par un repr\u00e9sentant de la facult\u00e9 de m\u00e9decine.<\/li><\/ul>\t\t\t\t\t\t\t\t<\/div>\n\t\t\t\t<\/div>\n\t\t\t\t\t<\/div>\n\t\t<\/div>\n\t\t\t\t\t<\/div>\n\t\t<\/section>\n\t\t\t\t<section class=\"elementor-section elementor-top-section elementor-element elementor-element-64755b2 elementor-section-boxed elementor-section-height-default elementor-section-height-default\" data-id=\"64755b2\" data-element_type=\"section\" data-e-type=\"section\" data-settings=\"{&quot;background_background&quot;:&quot;classic&quot;}\">\n\t\t\t\t\t\t<div class=\"elementor-container elementor-column-gap-default\">\n\t\t\t\t\t<div class=\"elementor-column elementor-col-100 elementor-top-column elementor-element elementor-element-b1e9efd\" data-id=\"b1e9efd\" data-element_type=\"column\" data-e-type=\"column\">\n\t\t\t<div class=\"elementor-widget-wrap elementor-element-populated\">\n\t\t\t\t\t\t<div class=\"elementor-element elementor-element-bee765e elementor-widget elementor-widget-text-editor\" data-id=\"bee765e\" data-element_type=\"widget\" data-e-type=\"widget\" data-widget_type=\"text-editor.default\">\n\t\t\t\t<div class=\"elementor-widget-container\">\n\t\t\t\t\t\t\t\t\t<h3>Attestation d\u2019internat<\/h3><p>L\u2019attestation d\u2019internat est un document officiel confirmant que vous avez suivi avec succ\u00e8s une p\u00e9riode de formation m\u00e9dicale clinique. Cette p\u00e9riode de formation implique la responsabilit\u00e9 directe des soins et du traitement des patients et n\u2019est pas n\u00e9cessairement sp\u00e9cifique \u00e0 une discipline.<\/p><p>L\u2019attestation d\u2019internat doit :<\/p><ul><li>comprendre les dates de d\u00e9but et de fin de la p\u00e9riode de formation achev\u00e9e;<\/li><li>indiquer le nom des disciplines ou des stages ainsi que la p\u00e9riode consacr\u00e9e \u00e0 chacun d\u2019eux;<\/li><li>indiquer la fonction que vous occupiez pendant la p\u00e9riode de formation (p. ex. interne, m\u00e9decin r\u00e9sident);<\/li><li>\u00eatre d\u00e9livr\u00e9e sur du papier en-t\u00eate officiel de la facult\u00e9 de m\u00e9decine, de l\u2019universit\u00e9, de l\u2019h\u00f4pital ou de l\u2019\u00e9tablissement responsable de la formation (l\u2019adresse compl\u00e8te et les coordonn\u00e9es de l\u2019\u00e9tablissement doivent figurer sur le document ou \u00eatre fournies dans un document distinct);<\/li><li>\u00eatre sign\u00e9e et dat\u00e9e par la personne responsable du programme de formation (p. ex. doyen ou directeur de programme).<\/li><\/ul><p><strong>Remarque <\/strong>: Il faut distinguer les externats des internats, car lors d\u2019un externat, c\u2019est le superviseur qui a la responsabilit\u00e9 directe des soins et du traitement des patients. Par cons\u00e9quent, les attestations d\u2019externat ne sont pas admissibles aux fins de v\u00e9rification \u00e0 la source.\u00a0<\/p>\t\t\t\t\t\t\t\t<\/div>\n\t\t\t\t<\/div>\n\t\t\t\t\t<\/div>\n\t\t<\/div>\n\t\t\t\t\t<\/div>\n\t\t<\/section>\n\t\t\t\t<section class=\"elementor-section elementor-top-section elementor-element elementor-element-744d945 elementor-section-boxed elementor-section-height-default elementor-section-height-default\" data-id=\"744d945\" data-element_type=\"section\" data-e-type=\"section\">\n\t\t\t\t\t\t<div class=\"elementor-container elementor-column-gap-default\">\n\t\t\t\t\t<div class=\"elementor-column elementor-col-100 elementor-top-column elementor-element elementor-element-8a8b922\" data-id=\"8a8b922\" data-element_type=\"column\" data-e-type=\"column\">\n\t\t\t<div class=\"elementor-widget-wrap elementor-element-populated\">\n\t\t\t\t\t\t<div class=\"elementor-element elementor-element-4b8f525 elementor-widget elementor-widget-text-editor\" data-id=\"4b8f525\" data-element_type=\"widget\" data-e-type=\"widget\" data-widget_type=\"text-editor.default\">\n\t\t\t\t<div class=\"elementor-widget-container\">\n\t\t\t\t\t\t\t\t\t<h3>Attestation de formation postdoctorale<\/h3><p>L\u2019attestation de formation postdoctorale est un document officiel confirmant que vous avez suivi avec succ\u00e8s une p\u00e9riode de formation m\u00e9dicale clinique postdoctorale. Ce type de formation se fait g\u00e9n\u00e9ralement apr\u00e8s l\u2019obtention du dipl\u00f4me en m\u00e9decine.<\/p><p>L\u2019attestation de formation postdoctorale doit :<\/p><ul><li>comprendre les dates de d\u00e9but et de fin de la p\u00e9riode de formation achev\u00e9e;<\/li><li>indiquer le nom de la discipline;<\/li><li>indiquer la fonction que vous occupiez pendant la p\u00e9riode de formation (p. ex. r\u00e9sident, registraire);<\/li><li>d\u00e9livr\u00e9 sur du papier en-t\u00eate officiel de la facult\u00e9 de m\u00e9decine, de l\u2019universit\u00e9, de l\u2019h\u00f4pital ou de l\u2019\u00e9tablissement responsable de la formation (l\u2019adresse compl\u00e8te et les coordonn\u00e9es de l\u2019\u00e9tablissement doivent figurer sur le document ou \u00eatre fournies dans un document distinct);<\/li><li>\u00eatre sign\u00e9 et dat\u00e9 par la personne responsable du programme de formation (p. ex. doyen ou directeur de programme).<\/li><\/ul><p>Les externats, les bourses de recherche clinique, les affiliations et les postes de travail ou en recherche ne satisfont pas aux exigences d\u2019une formation m\u00e9dicale clinique.<\/p>\t\t\t\t\t\t\t\t<\/div>\n\t\t\t\t<\/div>\n\t\t\t\t\t<\/div>\n\t\t<\/div>\n\t\t\t\t\t<\/div>\n\t\t<\/section>\n\t\t\t\t<section class=\"elementor-section elementor-top-section elementor-element elementor-element-af7ce5a elementor-section-boxed elementor-section-height-default elementor-section-height-default\" data-id=\"af7ce5a\" data-element_type=\"section\" data-e-type=\"section\" data-settings=\"{&quot;background_background&quot;:&quot;classic&quot;}\">\n\t\t\t\t\t\t<div class=\"elementor-container elementor-column-gap-default\">\n\t\t\t\t\t<div class=\"elementor-column elementor-col-100 elementor-top-column elementor-element elementor-element-f36d501\" data-id=\"f36d501\" data-element_type=\"column\" data-e-type=\"column\">\n\t\t\t<div class=\"elementor-widget-wrap elementor-element-populated\">\n\t\t\t\t\t\t<div class=\"elementor-element elementor-element-6fe6c14 elementor-widget elementor-widget-text-editor\" data-id=\"6fe6c14\" data-element_type=\"widget\" data-e-type=\"widget\" data-widget_type=\"text-editor.default\">\n\t\t\t\t<div class=\"elementor-widget-container\">\n\t\t\t\t\t\t\t\t\t<h3>Certificat de sp\u00e9cialit\u00e9<\/h3><p>Le certificat de sp\u00e9cialit\u00e9 est un document officiel confirmant que vous avez obtenu une certification en tant que sp\u00e9cialiste dans une branche particuli\u00e8re de la m\u00e9decine. On obtient ce certificat apr\u00e8s avoir pass\u00e9 les examens de certification dans une sp\u00e9cialit\u00e9 donn\u00e9e.\u00a0<\/p><p>Le certificat de sp\u00e9cialit\u00e9 doit :<\/p><ul><li>\u00eatre d\u00e9livr\u00e9 par l\u2019organisme de certification du pays pour la discipline en question, une facult\u00e9 de m\u00e9decine ou une universit\u00e9;<\/li><li>indiquer la date de d\u00e9livrance du certificat.<\/li><\/ul><p>Nous n\u2019exigeons pas une copie du verso des certificats de sp\u00e9cialit\u00e9.\u00a0<\/p><p>Si votre certificat de sp\u00e9cialit\u00e9 n\u2019indique pas la discipline, on pourrait vous demander de l\u2019information suppl\u00e9mentaire.\u00a0<\/p>\t\t\t\t\t\t\t\t<\/div>\n\t\t\t\t<\/div>\n\t\t\t\t\t<\/div>\n\t\t<\/div>\n\t\t\t\t\t<\/div>\n\t\t<\/section>\n\t\t\t\t<section class=\"elementor-section elementor-top-section elementor-element elementor-element-fc64c09 elementor-section-boxed elementor-section-height-default elementor-section-height-default\" data-id=\"fc64c09\" data-element_type=\"section\" data-e-type=\"section\">\n\t\t\t\t\t\t<div class=\"elementor-container elementor-column-gap-default\">\n\t\t\t\t\t<div class=\"elementor-column elementor-col-100 elementor-top-column elementor-element elementor-element-f110736\" data-id=\"f110736\" data-element_type=\"column\" data-e-type=\"column\">\n\t\t\t<div class=\"elementor-widget-wrap elementor-element-populated\">\n\t\t\t\t\t\t<div class=\"elementor-element elementor-element-fa3effe elementor-widget elementor-widget-text-editor\" data-id=\"fa3effe\" data-element_type=\"widget\" data-e-type=\"widget\" data-widget_type=\"text-editor.default\">\n\t\t\t\t<div class=\"elementor-widget-container\">\n\t\t\t\t\t\t\t\t\t<h3>Permis d\u2019exercice ou attestation d\u2019inscription<\/h3><p>Un permis d\u2019exercice de la m\u00e9decine ou une attestation d\u2019inscription est un document officiel d\u00e9livr\u00e9 par un ordre des m\u00e9decins, qui confirme votre inscription ou votre droit d\u2019exercer la m\u00e9decine.<\/p><p>Le permis d\u2019exercice ou l\u2019attestation d\u2019inscription doit :<\/p><ul><li>indiquer la date d\u2019inscription ou la date d\u2019\u00e9mission du permis;<\/li><li>porter un num\u00e9ro de permis ou d\u2019inscription;<\/li><li>pr\u00e9ciser le type de permis d\u2019exercice ou d\u2019inscription (p. ex. sans restriction, provisoire, d\u2019\u00e9tudes);<\/li><li>comprendre les deux c\u00f4t\u00e9s de la carte si le document se pr\u00e9sente en format carte.<\/li><\/ul>\t\t\t\t\t\t\t\t<\/div>\n\t\t\t\t<\/div>\n\t\t\t\t\t<\/div>\n\t\t<\/div>\n\t\t\t\t\t<\/div>\n\t\t<\/section>\n\t\t\t\t<\/div>\n\t\t","protected":false},"excerpt":{"rendered":"<p>Titres de comp\u00e9tences internationaux en m\u00e9decine\u00a0 Seuls certains documents et titres de comp\u00e9tences internationaux en m\u00e9decine sont admissibles aux fins de v\u00e9rification \u00e0 la source. Les titres de comp\u00e9tences en m\u00e9decine canadiens ne sont pas admissibles aux fins de v\u00e9rification \u00e0 la source.\u00a0 Titres de comp\u00e9tences internationaux en m\u00e9decine admissibles dipl\u00f4me en m\u00e9decine relev\u00e9 de [&hellip;]<\/p>\n","protected":false},"author":30,"featured_media":0,"parent":12938,"menu_order":0,"comment_status":"closed","ping_status":"closed","template":"","meta":{"_acf_changed":false,"content-type":"","_relevanssi_hide_post":"","_relevanssi_hide_content":"","_relevanssi_pin_for_all":"","_relevanssi_pin_keywords":"","_relevanssi_unpin_keywords":"","_relevanssi_related_keywords":"","_relevanssi_related_include_ids":"","_relevanssi_related_exclude_ids":"","_relevanssi_related_no_append":"","_relevanssi_related_not_related":"","_relevanssi_related_posts":"3897","_relevanssi_noindex_reason":"","footnotes":""},"class_list":["post-13052","page","type-page","status-publish","hentry"],"acf":{"inherit_intro_image":true,"page_intro_text":"Les titres de comp\u00e9tences internationaux en m\u00e9decine qui peuvent \u00eatre v\u00e9rifi\u00e9s \u00e0 la source par le CMC. \r\n"},"aioseo_notices":[],"_links":{"self":[{"href":"https:\/\/mcc.ca\/fr\/wp-json\/wp\/v2\/pages\/13052","targetHints":{"allow":["GET"]}}],"collection":[{"href":"https:\/\/mcc.ca\/fr\/wp-json\/wp\/v2\/pages"}],"about":[{"href":"https:\/\/mcc.ca\/fr\/wp-json\/wp\/v2\/types\/page"}],"author":[{"embeddable":true,"href":"https:\/\/mcc.ca\/fr\/wp-json\/wp\/v2\/users\/30"}],"replies":[{"embeddable":true,"href":"https:\/\/mcc.ca\/fr\/wp-json\/wp\/v2\/comments?post=13052"}],"version-history":[{"count":5,"href":"https:\/\/mcc.ca\/fr\/wp-json\/wp\/v2\/pages\/13052\/revisions"}],"predecessor-version":[{"id":29495,"href":"https:\/\/mcc.ca\/fr\/wp-json\/wp\/v2\/pages\/13052\/revisions\/29495"}],"up":[{"embeddable":true,"href":"https:\/\/mcc.ca\/fr\/wp-json\/wp\/v2\/pages\/12938"}],"wp:attachment":[{"href":"https:\/\/mcc.ca\/fr\/wp-json\/wp\/v2\/media?parent=13052"}],"curies":[{"name":"wp","href":"https:\/\/api.w.org\/{rel}","templated":true}]}}