{"id":13049,"date":"2024-04-17T15:45:00","date_gmt":"2024-04-17T19:45:00","guid":{"rendered":"https:\/\/mcc2022.wpengine.com\/?page_id=13049"},"modified":"2025-06-13T09:37:28","modified_gmt":"2025-06-13T13:37:28","slug":"pieces-didentite-acceptees","status":"publish","type":"page","link":"https:\/\/mcc.ca\/fr\/titres-de-competences-et-services\/services\/verification-des-titres-de-competence\/pieces-didentite-acceptees\/","title":{"rendered":"Pi\u00e8ces d\u2019identit\u00e9 accept\u00e9es"},"content":{"rendered":"\t\t<div data-elementor-type=\"wp-page\" data-elementor-id=\"13049\" class=\"elementor elementor-13049 elementor-11390\" data-elementor-post-type=\"page\">\n\t\t\t\t\t\t<section class=\"elementor-section elementor-top-section elementor-element elementor-element-226b1fb elementor-section-boxed elementor-section-height-default elementor-section-height-default\" data-id=\"226b1fb\" data-element_type=\"section\" data-e-type=\"section\">\n\t\t\t\t\t\t<div class=\"elementor-container elementor-column-gap-default\">\n\t\t\t\t\t<div class=\"elementor-column elementor-col-100 elementor-top-column elementor-element elementor-element-344cb6b\" data-id=\"344cb6b\" data-element_type=\"column\" data-e-type=\"column\">\n\t\t\t<div class=\"elementor-widget-wrap elementor-element-populated\">\n\t\t\t\t\t\t<div class=\"elementor-element elementor-element-4a1db4f elementor-widget elementor-widget-text-editor\" data-id=\"4a1db4f\" data-element_type=\"widget\" data-e-type=\"widget\" data-widget_type=\"text-editor.default\">\n\t\t\t\t<div class=\"elementor-widget-container\">\n\t\t\t\t\t\t\t\t\t<h2>Confirmation de votre identit\u00e9<\/h2><p>Nous devons confirmer votre identit\u00e9 avant de pouvoir traiter toute demande de v\u00e9rification \u00e0 la source, de candidature \u00e0 un examen ou d\u2019autres services. Vous devez fournir :<\/p><ul><li>une copie <a href=\"\/media\/exigences-de-certification.pdf\">certifi\u00e9e<\/a> de pi\u00e8ces d\u2019identit\u00e9 principales;<\/li><li>une photo;<\/li><li>une signature.<\/li><\/ul><p>*Vous devez faire certifier votre ou vos pi\u00e8ces d\u2019identit\u00e9 par un agent de certification reconnu, qui atteste l\u00e9galement de votre identit\u00e9 apr\u00e8s vous avoir vu en personne ainsi que votre ou vos pi\u00e8ces d\u2019identit\u00e9. Cette exigence est en place afin de pr\u00e9server l\u2019int\u00e9grit\u00e9 et la s\u00e9curit\u00e9 de nos services, et de garantir que les copies des pi\u00e8ces d\u2019identit\u00e9 soumises sont authentiques et vous appartiennent.<\/p><h2>P\u00e9riode de validit\u00e9 de l\u2019identit\u00e9<\/h2><p>Une fois que ces pi\u00e8ces d\u2019identit\u00e9 auront \u00e9t\u00e9 examin\u00e9es et accept\u00e9es, la p\u00e9riode de validit\u00e9 de l\u2019identit\u00e9 d\u00e9butera dans votre compte inscriptionmed.ca. Elle expirera au m\u00eame moment que votre pi\u00e8ce d\u2019identit\u00e9 principale, ou apr\u00e8s 10 ans si votre pi\u00e8ce d\u2019identit\u00e9 principale ne poss\u00e8de pas de date d\u2019expiration.<\/p><p>Vous pouvez visualiser la date d\u2019expiration de la p\u00e9riode de validit\u00e9 de l\u2019identit\u00e9 dans votre compte inscriptionmed.ca en cliquant sur <strong>Documents<\/strong>. La <strong>date d\u2019expiration de l\u2019identit\u00e9<\/strong> sera affich\u00e9e en haut du panneau central.<\/p><p>Si la p\u00e9riode de validit\u00e9 de l\u2019identit\u00e9 a expir\u00e9, on vous demandera de soumettre de nouveaux documents (une pi\u00e8ce d\u2019identit\u00e9 principale, une photo et une signature) lorsque vous soumettrez une demande de v\u00e9rification \u00e0 la source ou que vous pr\u00e9senterez une demande d\u2019examen.<\/p><p>Le CMC se r\u00e9serve en tout temps le droit de demander des pi\u00e8ces d\u2019identit\u00e9 suppl\u00e9mentaires, au besoin. N\u2019envoyez pas vos documents originaux par la poste au CMC.<\/p>\t\t\t\t\t\t\t\t<\/div>\n\t\t\t\t<\/div>\n\t\t\t\t\t<\/div>\n\t\t<\/div>\n\t\t\t\t\t<\/div>\n\t\t<\/section>\n\t\t\t\t<section class=\"elementor-section elementor-top-section elementor-element elementor-element-a3bab2a elementor-section-boxed elementor-section-height-default elementor-section-height-default\" data-id=\"a3bab2a\" data-element_type=\"section\" data-e-type=\"section\" data-settings=\"{&quot;background_background&quot;:&quot;classic&quot;}\">\n\t\t\t\t\t\t<div class=\"elementor-container elementor-column-gap-default\">\n\t\t\t\t\t<div class=\"elementor-column elementor-col-100 elementor-top-column elementor-element elementor-element-8ed002b\" data-id=\"8ed002b\" data-element_type=\"column\" data-e-type=\"column\">\n\t\t\t<div class=\"elementor-widget-wrap elementor-element-populated\">\n\t\t\t\t\t\t<section class=\"elementor-section elementor-inner-section elementor-element elementor-element-b2d3495 elementor-section-boxed elementor-section-height-default elementor-section-height-default\" data-id=\"b2d3495\" data-element_type=\"section\" data-e-type=\"section\">\n\t\t\t\t\t\t<div class=\"elementor-container elementor-column-gap-default\">\n\t\t\t\t\t<div class=\"elementor-column elementor-col-100 elementor-inner-column elementor-element elementor-element-0d28cf3\" data-id=\"0d28cf3\" data-element_type=\"column\" data-e-type=\"column\">\n\t\t\t<div class=\"elementor-widget-wrap elementor-element-populated\">\n\t\t\t\t\t\t<div class=\"elementor-element elementor-element-6f229d1 elementor-widget elementor-widget-text-editor\" data-id=\"6f229d1\" data-element_type=\"widget\" data-e-type=\"widget\" data-widget_type=\"text-editor.default\">\n\t\t\t\t<div class=\"elementor-widget-container\">\n\t\t\t\t\t\t\t\t\t<h2>Pi\u00e8ces d\u2019identit\u00e9 principales<\/h2><h3>Passeport<\/h3><p>Vous pouvez utiliser un passeport valide (qui n\u2019est pas expir\u00e9) comme pi\u00e8ce d\u2019identit\u00e9 principale. Vous devez soumettre une <a href=\"https:\/\/mcc.ca\/wp-content\/uploads\/exigences-de-certification.pdf\">copie certifi\u00e9e<\/a> des pages de votre passeport qui contiennent l\u2019information suivante :<\/p><ul><li>nom;<\/li><li>photo;<\/li><li>signature (peut se trouver sur une page diff\u00e9rente);<\/li><li>date de naissance<\/li><li>date d\u2019expiration du passeport (peut se trouver sur une page diff\u00e9rente)<\/li><\/ul><p>Nous n\u2019avons pas besoin de copies de pages blanches ni des pages o\u00f9 figurent vos visas.<\/p><h3>Carte de citoyennet\u00e9 canadienne<\/h3><p>Vous pouvez soumettre une <a href=\"\/media\/exigences-de-certification.pdf\">copie certifi\u00e9e<\/a> de votre carte de citoyennet\u00e9 canadienne (recto et verso) comme pi\u00e8ce d\u2019identit\u00e9 principale.<\/p><p>Une carte de citoyennet\u00e9 canadienne est une pi\u00e8ce d\u2019identit\u00e9 officielle d\u00e9livr\u00e9e par le gouvernement sur laquelle figurent votre photo, votre signature et votre date de naissance. Veuillez noter que le gouvernement du Canada <span style=\"text-decoration: underline\">ne d\u00e9livre plus<\/span> de cartes de citoyennet\u00e9 depuis f\u00e9vrier 2012.<\/p><h3>Permis de conduire canadien ou am\u00e9ricain accompagn\u00e9 d\u2019un autre document d\u00e9livr\u00e9 par le gouvernement<\/h3><p>Si vous \u00eates un r\u00e9sident du Canada ou des \u00c9tats-Unis et que vous n\u2019avez pas de passeport valide, vous devrez soumettre 2 pi\u00e8ces d\u2019identit\u00e9 principales, puisque nous exigeons des documents d\u00e9livr\u00e9s par le gouvernement qui contiennent votre photo, votre signature et votre date de naissance.<\/p><p>Vous pouvez soumettre des <a href=\"https:\/\/mcc.ca\/wp-content\/uploads\/exigences-de-certification.pdf\">copies certifi\u00e9es<\/a> de l\u2019une des combinaisons suivantes :<\/p><ul><li>un permis de conduire canadien ou am\u00e9ricain valide <strong>et<\/strong> un certificat de citoyennet\u00e9 canadienne (sans photo);<\/li><li>un permis de conduire canadien ou am\u00e9ricain valide <strong>et<\/strong> une carte de r\u00e9sidence permanente canadienne (recto et verso);<\/li><li>un permis de conduire canadien ou am\u00e9ricain valide <strong>et<\/strong> un certificat de naissance canadien ou am\u00e9ricain.<\/li><\/ul><p>Votre permis de conduire doit montrer votre nom l\u00e9gal actuel.<\/p><p>Les baptistaires et les cartes d\u2019assurance maladie ne sont pas accept\u00e9s.<\/p><h3>Photo<\/h3><p>Vous devrez t\u00e9l\u00e9charger une photo de vous-m\u00eame.<\/p><p>La photo doit respecter les exigences suivantes :<\/p><ul><li>\u00eatre en format JPG;<\/li><li>\u00eatre de qualit\u00e9 passeport (prise de face et tr\u00e8s claire sur fond contrastant);<\/li><li>\u00eatre en couleurs;<\/li><li>avoir \u00e9t\u00e9 prise dans les 6 derniers mois.<\/li><\/ul><p>Cette photo, qui sera visible pour les organisations avec lesquelles vous partagez votre identit\u00e9, devrait avoir une apparence professionnelle. Les \u00e9goportraits ou les photos de groupe recadr\u00e9es ne seront pas accept\u00e9s.<\/p><h3>Signature<\/h3><p>Vous aurez besoin de t\u00e9l\u00e9charger une photo de votre signature en signant un morceau de papier blanc que vous devrez prendre en photo.<\/p><p>La signature doit :<\/p><ul><li>\u00eatre<strong> faite \u00e0 la main<\/strong> (au stylo noir ou bleu);<\/li><li>\u00eatre en format JPG.<\/li><\/ul>\t\t\t\t\t\t\t\t<\/div>\n\t\t\t\t<\/div>\n\t\t\t\t\t<\/div>\n\t\t<\/div>\n\t\t\t\t\t<\/div>\n\t\t<\/section>\n\t\t\t\t\t<\/div>\n\t\t<\/div>\n\t\t\t\t\t<\/div>\n\t\t<\/section>\n\t\t\t\t<section class=\"elementor-section elementor-top-section elementor-element elementor-element-683c71e elementor-section-boxed elementor-section-height-default elementor-section-height-default\" data-id=\"683c71e\" data-element_type=\"section\" data-e-type=\"section\">\n\t\t\t\t\t\t<div class=\"elementor-container elementor-column-gap-default\">\n\t\t\t\t\t<div class=\"elementor-column elementor-col-100 elementor-top-column elementor-element elementor-element-6c3d9e2\" data-id=\"6c3d9e2\" data-element_type=\"column\" data-e-type=\"column\">\n\t\t\t<div class=\"elementor-widget-wrap elementor-element-populated\">\n\t\t\t\t\t\t<div class=\"elementor-element elementor-element-5a5c470 elementor-widget elementor-widget-text-editor\" data-id=\"5a5c470\" data-element_type=\"widget\" data-e-type=\"widget\" data-widget_type=\"text-editor.default\">\n\t\t\t\t<div class=\"elementor-widget-container\">\n\t\t\t\t\t\t\t\t\t<h2>Que se passe-t-il si je soumets une copie non certifi\u00e9e de ma pi\u00e8ce d\u2019identit\u00e9?<\/h2><p>Vos titres de comp\u00e9tence, votre demande de service ou votre candidature \u00e0 un examen ne pourront pas \u00eatre examin\u00e9s tant que votre identit\u00e9 n\u2019aura pas \u00e9t\u00e9 confirm\u00e9e. Vous devrez soumettre une nouvelle copie certifi\u00e9e, ce qui retardera le traitement de votre demande.<\/p><h2>Que dois-je faire si mon passeport actuel n\u2019a pas expir\u00e9 mais que je poss\u00e8de un nouveau passeport?<\/h2><p>Si l\u2019une des <a href=\"https:\/\/mcc.ca\/fr\/a-propos-de-nous\/organisations-partenaires\/organisations-pouvant-recevoir-des-titres-de-competences-en-medecine\/\"><span style=\"text-decoration: underline;\">organisations inscrites aupr\u00e8s du CMC<\/span><\/a> a demand\u00e9 que vous fournissiez un nouveau passeport, vous pouvez soumettre une <a href=\"\/media\/exigences-de-certification.pdf\">copie certifi\u00e9e<\/a> par le biais de votre compte inscriptionmed.ca. Cliquez sur <strong>Documents<\/strong> dans le panneau de gauche, puis sur <strong>Mettre \u00e0 jour les documents d\u2019identification<\/strong> dans le panneau central and suivez les directives.<\/p><h2>Que dois-je faire si mon nom a chang\u00e9?<\/h2><p>Si votre nom a chang\u00e9 depuis que vous avez cr\u00e9\u00e9 votre compte inscriptionmed.ca et que vous souhaitez que votre nouveau nom apparaisse dans votre compte, veuillez suivre les directives pour faire une <a href=\"\/fr\/titres-de-competences-et-services\/services\/demandes-de-changement-de-nom\/\">demande de changement de nom<\/a>.<\/p><h2>Que dois-je faire si je suis r\u00e9fugi\u00e9 et que j\u2019ai d\u00fb remettre mon passeport?<\/h2><p>Si, en tant que r\u00e9fugi\u00e9 au Canada, vous n\u2019\u00eates plus en possession de votre passeport physique, vous pouvez soumettre d\u2019autres documents qui nous permettront de confirmer votre identit\u00e9.<\/p><p>Dans la plupart des cas, nous pouvons accepter une photocopie de votre passeport valide (non expir\u00e9) qui a \u00e9t\u00e9 estampill\u00e9e par l\u2019Agence des services frontaliers du Canada ou par Immigration, R\u00e9fugi\u00e9s et Citoyennet\u00e9 Canada. La photocopie du passeport doit \u00eatre certifi\u00e9e conform\u00e9ment \u00e0 nos <a href=\"https:\/\/mcc.ca\/wp-content\/uploads\/exigences-de-certification.pdf\" target=\"_blank\" rel=\"noopener\">exigences<\/a>, ce qui pourrait n\u00e9cessiter une nouvelle certification.<\/p><p>Le passeport doit contenir les renseignements suivants :<\/p><ul><li>le nom;<\/li><li>la photographie;<\/li><li>la signature du titulaire (peut se trouver sur une page distincte);<\/li><li>la date de naissance;<\/li><li>la date d\u2019expiration du passeport (peut se trouver sur une page distincte).<\/li><\/ul><p>Pour d\u00e9terminer quels autres documents pourraient \u00eatre accept\u00e9s, veuillez <a href=\"\/fr\/pour-nous-joindre\/\" target=\"_blank\" rel=\"noopener\">communiquer avec nous<\/a> pour que nous puissions vous conseiller en fonction de votre situation personnelle.<\/p>\t\t\t\t\t\t\t\t<\/div>\n\t\t\t\t<\/div>\n\t\t\t\t\t<\/div>\n\t\t<\/div>\n\t\t\t\t\t<\/div>\n\t\t<\/section>\n\t\t\t\t<\/div>\n\t\t","protected":false},"excerpt":{"rendered":"<p>Confirmation de votre identit\u00e9 Nous devons confirmer votre identit\u00e9 avant de pouvoir traiter toute demande de v\u00e9rification \u00e0 la source, de candidature \u00e0 un examen ou d\u2019autres services. Vous devez fournir : une copie certifi\u00e9e de pi\u00e8ces d\u2019identit\u00e9 principales; une photo; une signature. *Vous devez faire certifier votre ou vos pi\u00e8ces d\u2019identit\u00e9 par un agent [&hellip;]<\/p>\n","protected":false},"author":30,"featured_media":0,"parent":12938,"menu_order":0,"comment_status":"closed","ping_status":"closed","template":"","meta":{"_acf_changed":false,"content-type":"","_relevanssi_hide_post":"","_relevanssi_hide_content":"","_relevanssi_pin_for_all":"","_relevanssi_pin_keywords":"","_relevanssi_unpin_keywords":"","_relevanssi_related_keywords":"","_relevanssi_related_include_ids":"","_relevanssi_related_exclude_ids":"","_relevanssi_related_no_append":"","_relevanssi_related_not_related":"","_relevanssi_related_posts":"3897","_relevanssi_noindex_reason":"","footnotes":""},"class_list":["post-13049","page","type-page","status-publish","hentry"],"acf":{"inherit_intro_image":true,"page_intro_text":"Exigences de confirmation de votre identit\u00e9 pour acc\u00e9der aux examens et services du CMC. \r\n"},"aioseo_notices":[],"_links":{"self":[{"href":"https:\/\/mcc.ca\/fr\/wp-json\/wp\/v2\/pages\/13049","targetHints":{"allow":["GET"]}}],"collection":[{"href":"https:\/\/mcc.ca\/fr\/wp-json\/wp\/v2\/pages"}],"about":[{"href":"https:\/\/mcc.ca\/fr\/wp-json\/wp\/v2\/types\/page"}],"author":[{"embeddable":true,"href":"https:\/\/mcc.ca\/fr\/wp-json\/wp\/v2\/users\/30"}],"replies":[{"embeddable":true,"href":"https:\/\/mcc.ca\/fr\/wp-json\/wp\/v2\/comments?post=13049"}],"version-history":[{"count":0,"href":"https:\/\/mcc.ca\/fr\/wp-json\/wp\/v2\/pages\/13049\/revisions"}],"up":[{"embeddable":true,"href":"https:\/\/mcc.ca\/fr\/wp-json\/wp\/v2\/pages\/12938"}],"wp:attachment":[{"href":"https:\/\/mcc.ca\/fr\/wp-json\/wp\/v2\/media?parent=13049"}],"curies":[{"name":"wp","href":"https:\/\/api.w.org\/{rel}","templated":true}]}}