{"id":13043,"date":"2023-11-17T13:27:21","date_gmt":"2023-11-17T18:27:21","guid":{"rendered":"https:\/\/mcc2022.wpengine.com\/?page_id=13043"},"modified":"2024-12-18T09:33:33","modified_gmt":"2024-12-18T14:33:33","slug":"demande-de-service-de-messagerie","status":"publish","type":"page","link":"https:\/\/mcc.ca\/fr\/titres-de-competences-et-services\/services\/verification-des-titres-de-competence\/demande-de-service-de-messagerie\/","title":{"rendered":"Demande de service de messagerie"},"content":{"rendered":"\t\t<div data-elementor-type=\"wp-page\" data-elementor-id=\"13043\" class=\"elementor elementor-13043 elementor-11394\" data-elementor-post-type=\"page\">\n\t\t\t\t\t\t<section class=\"elementor-section elementor-top-section elementor-element elementor-element-d86cd58 elementor-section-boxed elementor-section-height-default elementor-section-height-default\" data-id=\"d86cd58\" data-element_type=\"section\" data-e-type=\"section\">\n\t\t\t\t\t\t<div class=\"elementor-container elementor-column-gap-default\">\n\t\t\t\t\t<div class=\"elementor-column elementor-col-100 elementor-top-column elementor-element elementor-element-0c9afe3\" data-id=\"0c9afe3\" data-element_type=\"column\" data-e-type=\"column\">\n\t\t\t<div class=\"elementor-widget-wrap elementor-element-populated\">\n\t\t\t\t\t\t<div class=\"elementor-element elementor-element-2cc5e92 elementor-widget elementor-widget-text-editor\" data-id=\"2cc5e92\" data-element_type=\"widget\" data-e-type=\"widget\" data-widget_type=\"text-editor.default\">\n\t\t\t\t<div class=\"elementor-widget-container\">\n\t\t\t\t\t\t\t\t\t<p>Dans le cadre du processus de v\u00e9rification \u00e0 la source du Conseil m\u00e9dical du Canada (CMC), l\u2019Educational Commission for Foreign Medical Graduates (ECFMG), une division d\u2019Intealth, envoie une demande \u00e0 l\u2019\u00e9tablissement qui a d\u00e9livr\u00e9 vos titres de comp\u00e9tences en m\u00e9decine. Si aucune r\u00e9ponse n\u2019est re\u00e7ue 60 jours apr\u00e8s la demande de v\u00e9rification \u00e0 la source, vous pouvez choisir de faire envoyer vos titres de comp\u00e9tences directement \u00e0 l\u2019\u00e9tablissement par service de messagerie. Vous devrez alors assumer tous les frais connexes.<\/p><p>Pour ce faire, veuillez suivre les \u00e9tapes ci-dessous\u00a0:<\/p><ol><li>\u00c9tablissez un compte personnel avec FedEx ou DHL. Assurez-vous de confirmer les renseignements suivants avec votre entreprise de service de messagerie :<ul><li style=\"list-style-type: none\">Les documents seront envoy\u00e9s par l\u2019ECFMG (d\u2019une adresse postale aux \u00c9tats-Unis).<\/li><li>L\u2019entreprise de service de messagerie peut livrer les documents dans le pays demand\u00e9 (ne comprend pas les pays sous embargo).<\/li><li>Vous \u00eates en mesure de fournir un compte de tiers valide ou un num\u00e9ro de facturation.<\/li><\/ul><\/li><li>Envoyez un message par le biais de votre compte inscriptionmed.ca qui comprend ce qui suit :<ul><li style=\"list-style-type: none\">les noms des documents \u00e0 envoyer par service de messagerie<\/li><li>une d\u00e9claration \u00e9crite permettant au CMC et \u00e0 l\u2019ECFMG d\u2019utiliser votre compte de service de messagerie personnel<\/li><li>une confirmation que vous comprenez que vous assumerez la responsabilit\u00e9 pour tous les frais associ\u00e9s \u00e0 l\u2019utilisation de votre compte de service de messagerie personnel<\/li><li>le nom de l\u2019entreprise de service de messagerie<\/li><li>votre num\u00e9ro de compte de service de messagerie personnel<\/li><\/ul><\/li><\/ol><p>Une fois que le CMC a re\u00e7u le message, il peut falloir jusqu\u2019\u00e0 21 jours ouvrables pour que les documents soient envoy\u00e9s \u00e0 l\u2019\u00e9tablissement par service de messagerie. Un message vous indiquant votre num\u00e9ro de suivi vous sera envoy\u00e9 dans votre compte <a href=\"https:\/\/portail.inscriptionmed.ca\/Account\/InitialLogin\">inscriptionmed.ca<\/a><\/p><p>Remarque : Si vous souhaitez que l\u2019\u00e9tablissement retourne vos documents \u00e0 l\u2019ECFMG par service de messagerie, vous \u00eates responsable de prendre les dispositions n\u00e9cessaires avec l\u2019\u00e9tablissement. Les documents doivent toujours \u00eatre envoy\u00e9s directement par l\u2019\u00e9tablissement. Toute participation d\u2019un tiers annulera la v\u00e9rification, et celle-ci ne sera pas accept\u00e9e.<\/p>\t\t\t\t\t\t\t\t<\/div>\n\t\t\t\t<\/div>\n\t\t\t\t\t<\/div>\n\t\t<\/div>\n\t\t\t\t\t<\/div>\n\t\t<\/section>\n\t\t\t\t<\/div>\n\t\t","protected":false},"excerpt":{"rendered":"<p>Dans le cadre du processus de v\u00e9rification \u00e0 la source du Conseil m\u00e9dical du Canada (CMC), l\u2019Educational Commission for Foreign Medical Graduates (ECFMG), une division d\u2019Intealth, envoie une demande \u00e0 l\u2019\u00e9tablissement qui a d\u00e9livr\u00e9 vos titres de comp\u00e9tences en m\u00e9decine. Si aucune r\u00e9ponse n\u2019est re\u00e7ue 60 jours apr\u00e8s la demande de v\u00e9rification \u00e0 la source, [&hellip;]<\/p>\n","protected":false},"author":30,"featured_media":0,"parent":12938,"menu_order":0,"comment_status":"closed","ping_status":"closed","template":"","meta":{"_acf_changed":false,"content-type":"","_relevanssi_hide_post":"","_relevanssi_hide_content":"","_relevanssi_pin_for_all":"","_relevanssi_pin_keywords":"","_relevanssi_unpin_keywords":"","_relevanssi_related_keywords":"","_relevanssi_related_include_ids":"","_relevanssi_related_exclude_ids":"","_relevanssi_related_no_append":"","_relevanssi_related_not_related":"","_relevanssi_related_posts":"3897","_relevanssi_noindex_reason":"","footnotes":""},"class_list":["post-13043","page","type-page","status-publish","hentry"],"acf":{"inherit_intro_image":true,"page_intro_text":"Comment utiliser un service de messagerie pour envoyer vos documents aux fins de votre demande de v\u00e9rification \u00e0 la source. \r\n"},"aioseo_notices":[],"_links":{"self":[{"href":"https:\/\/mcc.ca\/fr\/wp-json\/wp\/v2\/pages\/13043","targetHints":{"allow":["GET"]}}],"collection":[{"href":"https:\/\/mcc.ca\/fr\/wp-json\/wp\/v2\/pages"}],"about":[{"href":"https:\/\/mcc.ca\/fr\/wp-json\/wp\/v2\/types\/page"}],"author":[{"embeddable":true,"href":"https:\/\/mcc.ca\/fr\/wp-json\/wp\/v2\/users\/30"}],"replies":[{"embeddable":true,"href":"https:\/\/mcc.ca\/fr\/wp-json\/wp\/v2\/comments?post=13043"}],"version-history":[{"count":0,"href":"https:\/\/mcc.ca\/fr\/wp-json\/wp\/v2\/pages\/13043\/revisions"}],"up":[{"embeddable":true,"href":"https:\/\/mcc.ca\/fr\/wp-json\/wp\/v2\/pages\/12938"}],"wp:attachment":[{"href":"https:\/\/mcc.ca\/fr\/wp-json\/wp\/v2\/media?parent=13043"}],"curies":[{"name":"wp","href":"https:\/\/api.w.org\/{rel}","templated":true}]}}