{"id":12887,"date":"2023-11-16T14:25:25","date_gmt":"2023-11-16T19:25:25","guid":{"rendered":"https:\/\/mcc2022.wpengine.com\/?page_id=12887"},"modified":"2026-02-19T11:50:00","modified_gmt":"2026-02-19T16:50:00","slug":"demandes-de-changement-de-nom","status":"publish","type":"page","link":"https:\/\/mcc.ca\/fr\/titres-de-competences-et-services\/services\/demandes-de-changement-de-nom\/","title":{"rendered":"Demandes de changement de nom"},"content":{"rendered":"\t\t<div data-elementor-type=\"wp-page\" data-elementor-id=\"12887\" class=\"elementor elementor-12887 elementor-10589\" data-elementor-post-type=\"page\">\n\t\t\t\t\t\t<section class=\"elementor-section elementor-top-section elementor-element elementor-element-4d2e91e elementor-section-boxed elementor-section-height-default elementor-section-height-default\" data-id=\"4d2e91e\" data-element_type=\"section\" data-e-type=\"section\">\n\t\t\t\t\t\t<div class=\"elementor-container elementor-column-gap-default\">\n\t\t\t\t\t<div class=\"elementor-column elementor-col-100 elementor-top-column elementor-element elementor-element-f830c4f\" data-id=\"f830c4f\" data-element_type=\"column\" data-e-type=\"column\">\n\t\t\t<div class=\"elementor-widget-wrap elementor-element-populated\">\n\t\t\t\t\t\t<div class=\"elementor-element elementor-element-492567d elementor-widget elementor-widget-text-editor\" data-id=\"492567d\" data-element_type=\"widget\" data-e-type=\"widget\" data-widget_type=\"text-editor.default\">\n\t\t\t\t<div class=\"elementor-widget-container\">\n\t\t\t\t\t\t\t\t\t<h2>Aper\u00e7u<\/h2><p>Vous pouvez demander au Conseil m\u00e9dical du Canada (CMC) de mettre \u00e0 jour votre nom et\/ou votre signature l\u00e0 o\u00f9 ils apparaissent dans les endroits\u00a0 suivants\u00a0:<\/p><ul><li>votre compte <a href=\"https:\/\/portal.physiciansapply.ca\/Account\/Login\">inscriptionmed.ca<\/a>;<\/li><li>vos documents de Licenci\u00e9 du Conseil m\u00e9dical du Canada (LCMC).<\/li><\/ul>\t\t\t\t\t\t\t\t<\/div>\n\t\t\t\t<\/div>\n\t\t\t\t\t<\/div>\n\t\t<\/div>\n\t\t\t\t\t<\/div>\n\t\t<\/section>\n\t\t\t\t<section class=\"elementor-section elementor-top-section elementor-element elementor-element-983dd31 elementor-section-boxed elementor-section-height-default elementor-section-height-default\" data-id=\"983dd31\" data-element_type=\"section\" data-e-type=\"section\" data-settings=\"{&quot;background_background&quot;:&quot;classic&quot;}\">\n\t\t\t\t\t\t<div class=\"elementor-container elementor-column-gap-default\">\n\t\t\t\t\t<div class=\"elementor-column elementor-col-100 elementor-top-column elementor-element elementor-element-2b4f73f\" data-id=\"2b4f73f\" data-element_type=\"column\" data-e-type=\"column\">\n\t\t\t<div class=\"elementor-widget-wrap elementor-element-populated\">\n\t\t\t\t\t\t<div class=\"elementor-element elementor-element-0622f2f elementor-widget elementor-widget-text-editor\" data-id=\"0622f2f\" data-element_type=\"widget\" data-e-type=\"widget\" data-widget_type=\"text-editor.default\">\n\t\t\t\t<div class=\"elementor-widget-container\">\n\t\t\t\t\t\t\t\t\t<h2>Modifier votre nom dans inscriptionmed.ca<\/h2><ol><li style=\"list-style-type: none;\"><ol><li>T\u00e9l\u00e9chargez et remplissez le <a href=\"\/media\/Examens-formulaire-changement-de-nom.pdf\">formulaire de demande de changement de nom<\/a>. Si votre signature a chang\u00e9, vous devrez soumettre un \u00e9chantillon de votre nouvelle signature sur le formulaire.<\/li><li>Suivez les directives fournies sur le formulaire pour assembler et joindre la documentation requise.<\/li><li>Envoyez le formulaire de demande de changement de nom et la documentation connexe au CMC par courriel.<\/li><\/ol><\/li><\/ol>\t\t\t\t\t\t\t\t<\/div>\n\t\t\t\t<\/div>\n\t\t\t\t\t<\/div>\n\t\t<\/div>\n\t\t\t\t\t<\/div>\n\t\t<\/section>\n\t\t\t\t<section class=\"elementor-section elementor-top-section elementor-element elementor-element-212c24c elementor-section-boxed elementor-section-height-default elementor-section-height-default\" data-id=\"212c24c\" data-element_type=\"section\" data-e-type=\"section\" data-settings=\"{&quot;background_background&quot;:&quot;classic&quot;}\">\n\t\t\t\t\t\t<div class=\"elementor-container elementor-column-gap-default\">\n\t\t\t\t\t<div class=\"elementor-column elementor-col-100 elementor-top-column elementor-element elementor-element-cfcc67a\" data-id=\"cfcc67a\" data-element_type=\"column\" data-e-type=\"column\">\n\t\t\t<div class=\"elementor-widget-wrap elementor-element-populated\">\n\t\t\t\t\t\t<div class=\"elementor-element elementor-element-7157c33 elementor-widget elementor-widget-text-editor\" data-id=\"7157c33\" data-element_type=\"widget\" data-e-type=\"widget\" data-widget_type=\"text-editor.default\">\n\t\t\t\t<div class=\"elementor-widget-container\">\n\t\t\t\t\t\t\t\t\t<h2>Modifier votre nom dans vos documents de LCMC<\/h2><ol><li>T\u00e9l\u00e9chargez et remplissez le formulaire de <a href=\"\/media\/Examens-formulaire-changement-de-nom.pdf\">demande de changement de nom<\/a>. Si votre signature a chang\u00e9, vous devrez soumettre un \u00e9chantillon de votre nouvelle signature sur le formulaire.<\/li><li>Soumettez une demande dans votre compte inscriptionmed.ca<\/li><li>Lorsque nous aurons re\u00e7u votre demande, nous appliquerons des <a href=\"\/fr\/frais-relies-aux-examens-et-aux-services\/\">frais de service pour le remplacement de votre \u00ab testamur \u00bb et de votre Certificat d&rsquo;enregistrement du LCMC <\/a>dans votre compte inscriptionmed.ca. Une fois le paiement re\u00e7u, nous commencerons le traitemement de votre demande.<\/li><\/ol><p>Le CMC se r\u00e9serve le droit d\u2019exiger des documents additionnels s\u2019il y a lieu.<\/p><p>Veuillez prendre note que tous les documents de remplacement de LCMC produits en raison d\u2019un changement de nom sont \u00e9mis avec la mention \u00ab duplicata modifi\u00e9 \u00bb, alors que les documents produits pour d\u2019autres raisons sont \u00e9mis avec la mention \u00ab duplicata \u00bb.<\/p>\t\t\t\t\t\t\t\t<\/div>\n\t\t\t\t<\/div>\n\t\t\t\t<section class=\"elementor-section elementor-inner-section elementor-element elementor-element-e8705f6 elementor-section-boxed elementor-section-height-default elementor-section-height-default\" data-id=\"e8705f6\" data-element_type=\"section\" data-e-type=\"section\">\n\t\t\t\t\t\t<div class=\"elementor-container elementor-column-gap-default\">\n\t\t\t\t\t<div class=\"elementor-column elementor-col-50 elementor-inner-column elementor-element elementor-element-c56b140\" data-id=\"c56b140\" data-element_type=\"column\" data-e-type=\"column\">\n\t\t\t<div class=\"elementor-widget-wrap\">\n\t\t\t\t\t\t\t<\/div>\n\t\t<\/div>\n\t\t\t\t<div class=\"elementor-column elementor-col-50 elementor-inner-column elementor-element elementor-element-1cc6d7e\" data-id=\"1cc6d7e\" data-element_type=\"column\" data-e-type=\"column\">\n\t\t\t<div class=\"elementor-widget-wrap\">\n\t\t\t\t\t\t\t<\/div>\n\t\t<\/div>\n\t\t\t\t\t<\/div>\n\t\t<\/section>\n\t\t\t\t\t<\/div>\n\t\t<\/div>\n\t\t\t\t\t<\/div>\n\t\t<\/section>\n\t\t\t\t<\/div>\n\t\t","protected":false},"excerpt":{"rendered":"<p>Aper\u00e7u Vous pouvez demander au Conseil m\u00e9dical du Canada (CMC) de mettre \u00e0 jour votre nom et\/ou votre signature l\u00e0 o\u00f9 ils apparaissent dans les endroits\u00a0 suivants\u00a0: votre compte inscriptionmed.ca; vos documents de Licenci\u00e9 du Conseil m\u00e9dical du Canada (LCMC). Modifier votre nom dans inscriptionmed.ca T\u00e9l\u00e9chargez et remplissez le formulaire de demande de changement de [&hellip;]<\/p>\n","protected":false},"author":30,"featured_media":0,"parent":12812,"menu_order":0,"comment_status":"closed","ping_status":"closed","template":"","meta":{"_acf_changed":false,"content-type":"","_relevanssi_hide_post":"","_relevanssi_hide_content":"","_relevanssi_pin_for_all":"","_relevanssi_pin_keywords":"","_relevanssi_unpin_keywords":"","_relevanssi_related_keywords":"","_relevanssi_related_include_ids":"","_relevanssi_related_exclude_ids":"","_relevanssi_related_no_append":"","_relevanssi_related_not_related":"","_relevanssi_related_posts":"3897","_relevanssi_noindex_reason":"","footnotes":""},"class_list":["post-12887","page","type-page","status-publish","hentry"],"acf":{"inherit_intro_image":true,"page_intro_text":"Comment demander une mise \u00e0 jour de votre nom dans votre compte inscriptionmed.ca ou dans vos documents de LCMC. \r\n"},"aioseo_notices":[],"_links":{"self":[{"href":"https:\/\/mcc.ca\/fr\/wp-json\/wp\/v2\/pages\/12887","targetHints":{"allow":["GET"]}}],"collection":[{"href":"https:\/\/mcc.ca\/fr\/wp-json\/wp\/v2\/pages"}],"about":[{"href":"https:\/\/mcc.ca\/fr\/wp-json\/wp\/v2\/types\/page"}],"author":[{"embeddable":true,"href":"https:\/\/mcc.ca\/fr\/wp-json\/wp\/v2\/users\/30"}],"replies":[{"embeddable":true,"href":"https:\/\/mcc.ca\/fr\/wp-json\/wp\/v2\/comments?post=12887"}],"version-history":[{"count":3,"href":"https:\/\/mcc.ca\/fr\/wp-json\/wp\/v2\/pages\/12887\/revisions"}],"predecessor-version":[{"id":29254,"href":"https:\/\/mcc.ca\/fr\/wp-json\/wp\/v2\/pages\/12887\/revisions\/29254"}],"up":[{"embeddable":true,"href":"https:\/\/mcc.ca\/fr\/wp-json\/wp\/v2\/pages\/12812"}],"wp:attachment":[{"href":"https:\/\/mcc.ca\/fr\/wp-json\/wp\/v2\/media?parent=12887"}],"curies":[{"name":"wp","href":"https:\/\/api.w.org\/{rel}","templated":true}]}}