{"id":12820,"date":"2023-07-19T11:24:03","date_gmt":"2023-07-19T15:24:03","guid":{"rendered":"https:\/\/mcc2022.wpengine.com\/?page_id=12820"},"modified":"2024-10-09T11:37:32","modified_gmt":"2024-10-09T15:37:32","slug":"prix-et-subventions-de-recherche","status":"publish","type":"page","link":"https:\/\/mcc.ca\/fr\/a-propos-de-nous\/prix-et-subventions-de-recherche\/","title":{"rendered":"Prix et subventions de recherche"},"content":{"rendered":"\t\t<div data-elementor-type=\"wp-page\" data-elementor-id=\"12820\" class=\"elementor elementor-12820 elementor-8762\" data-elementor-post-type=\"page\">\n\t\t\t\t\t\t<section class=\"elementor-section elementor-top-section elementor-element elementor-element-09b40db elementor-section-boxed elementor-section-height-default elementor-section-height-default\" data-id=\"09b40db\" data-element_type=\"section\" data-e-type=\"section\">\n\t\t\t\t\t\t<div class=\"elementor-container elementor-column-gap-default\">\n\t\t\t\t\t<div class=\"elementor-column elementor-col-100 elementor-top-column elementor-element elementor-element-f7874ff\" data-id=\"f7874ff\" data-element_type=\"column\" data-e-type=\"column\">\n\t\t\t<div class=\"elementor-widget-wrap elementor-element-populated\">\n\t\t\t\t\t\t<div class=\"elementor-element elementor-element-6f96923 elementor-widget elementor-widget-heading\" data-id=\"6f96923\" data-element_type=\"widget\" data-e-type=\"widget\" data-widget_type=\"heading.default\">\n\t\t\t\t<div class=\"elementor-widget-container\">\n\t\t\t\t\t<h2 class=\"elementor-heading-title elementor-size-default\">Prix d\u00e9cern\u00e9s aux apprenants<\/h2>\t\t\t\t<\/div>\n\t\t\t\t<\/div>\n\t\t\t\t<section class=\"elementor-section elementor-inner-section elementor-element elementor-element-2abe814 elementor-section-boxed elementor-section-height-default elementor-section-height-default\" data-id=\"2abe814\" data-element_type=\"section\" data-e-type=\"section\">\n\t\t\t\t\t\t<div class=\"elementor-container elementor-column-gap-default\">\n\t\t\t\t\t<div class=\"elementor-column elementor-col-50 elementor-inner-column elementor-element elementor-element-2edf714\" data-id=\"2edf714\" data-element_type=\"column\" data-e-type=\"column\" data-settings=\"{&quot;background_background&quot;:&quot;classic&quot;}\">\n\t\t\t<div class=\"elementor-widget-wrap elementor-element-populated\">\n\t\t\t\t\t\t<div class=\"elementor-element elementor-element-92865f2 listing-heading elementor-widget elementor-widget-heading\" data-id=\"92865f2\" data-element_type=\"widget\" data-e-type=\"widget\" data-widget_type=\"heading.default\">\n\t\t\t\t<div class=\"elementor-widget-container\">\n\t\t\t\t\t<h3 class=\"elementor-heading-title elementor-size-default\"><a href=\"\/fr\/a-propos-de-nous\/prix-et-subventions-de-recherche\/prix-de-leadership-en-responsabilite-sociale-dr-m-ian-bowmer\/\">Prix du leadership en responsabilit\u00e9 sociale D<sup>r<\/sup> M. Ian Bowmer  <i class=\"fas fa-chevron-right\" aria-hidden=\"true\"><\/i><\/a><\/h3>\t\t\t\t<\/div>\n\t\t\t\t<\/div>\n\t\t\t\t<div class=\"elementor-element elementor-element-95f4fc5 elementor-widget elementor-widget-text-editor\" data-id=\"95f4fc5\" data-element_type=\"widget\" data-e-type=\"widget\" data-widget_type=\"text-editor.default\">\n\t\t\t\t<div class=\"elementor-widget-container\">\n\t\t\t\t\t\t\t\t\t<p>Dans l\u2019esprit du travail de d\u00e9fense des droits du D<sup>r\u00a0<\/sup>Bowmer, ce prix est remis \u00e0 un \u00e9tudiant en m\u00e9decine et \u00e0 un r\u00e9sident ayant fait preuve de leadership en mati\u00e8re de responsabilit\u00e9 sociale au sein des facult\u00e9s de m\u00e9decine du Canada.<\/p>\t\t\t\t\t\t\t\t<\/div>\n\t\t\t\t<\/div>\n\t\t\t\t\t<\/div>\n\t\t<\/div>\n\t\t\t\t<div class=\"elementor-column elementor-col-50 elementor-inner-column elementor-element elementor-element-740366e\" data-id=\"740366e\" data-element_type=\"column\" data-e-type=\"column\" data-settings=\"{&quot;background_background&quot;:&quot;classic&quot;}\">\n\t\t\t<div class=\"elementor-widget-wrap elementor-element-populated\">\n\t\t\t\t\t\t<div class=\"elementor-element elementor-element-d3a7d86 listing-heading elementor-widget elementor-widget-heading\" data-id=\"d3a7d86\" data-element_type=\"widget\" data-e-type=\"widget\" data-widget_type=\"heading.default\">\n\t\t\t\t<div class=\"elementor-widget-container\">\n\t\t\t\t\t<h3 class=\"elementor-heading-title elementor-size-default\"><a href=\"\/fr\/a-propos-de-nous\/prix-et-subventions-de-recherche\/prix-pour-lexcellence-en-education-medicale-et-en-evaluation-dr-w-dale-dauphinee\/\">Prix pour l\u2019excellence en \u00e9ducation m\u00e9dicale D<sup>r<\/sup> W. Dale Dauphinee <i class=\"fas fa-chevron-right\" aria-hidden=\"true\"><\/i><\/a><\/h3>\t\t\t\t<\/div>\n\t\t\t\t<\/div>\n\t\t\t\t<div class=\"elementor-element elementor-element-11cefb6 elementor-widget elementor-widget-text-editor\" data-id=\"11cefb6\" data-element_type=\"widget\" data-e-type=\"widget\" data-widget_type=\"text-editor.default\">\n\t\t\t\t<div class=\"elementor-widget-container\">\n\t\t\t\t\t\t\t\t\t<p>\u00c0 l\u2019appui de l\u2019engagement du D<sup>r&nbsp;<\/sup>Dauphinee envers l\u2019apprentissage, ce prix est remis \u00e0 un \u00e9tudiant en m\u00e9decine et \u00e0 un r\u00e9sident ayant fait preuve d\u2019excellence en \u00e9ducation m\u00e9dicale au sein des facult\u00e9s de m\u00e9decine du Canada.<\/p>\t\t\t\t\t\t\t\t<\/div>\n\t\t\t\t<\/div>\n\t\t\t\t\t<\/div>\n\t\t<\/div>\n\t\t\t\t\t<\/div>\n\t\t<\/section>\n\t\t\t\t\t<\/div>\n\t\t<\/div>\n\t\t\t\t\t<\/div>\n\t\t<\/section>\n\t\t\t\t<section class=\"elementor-section elementor-top-section elementor-element elementor-element-37ce3e2 elementor-section-boxed elementor-section-height-default elementor-section-height-default\" data-id=\"37ce3e2\" data-element_type=\"section\" data-e-type=\"section\" data-settings=\"{&quot;background_background&quot;:&quot;classic&quot;}\">\n\t\t\t\t\t\t<div class=\"elementor-container elementor-column-gap-default\">\n\t\t\t\t\t<div class=\"elementor-column elementor-col-100 elementor-top-column elementor-element elementor-element-8407908\" data-id=\"8407908\" data-element_type=\"column\" data-e-type=\"column\">\n\t\t\t<div class=\"elementor-widget-wrap elementor-element-populated\">\n\t\t\t\t\t\t<div class=\"elementor-element elementor-element-bffd641 elementor-widget elementor-widget-heading\" data-id=\"bffd641\" data-element_type=\"widget\" data-e-type=\"widget\" data-widget_type=\"heading.default\">\n\t\t\t\t<div class=\"elementor-widget-container\">\n\t\t\t\t\t<h2 class=\"elementor-heading-title elementor-size-default\">Prix de r\u00e9alisations et de service distingu\u00e9<\/h2>\t\t\t\t<\/div>\n\t\t\t\t<\/div>\n\t\t\t\t<section class=\"elementor-section elementor-inner-section elementor-element elementor-element-b0e4ad1 elementor-section-boxed elementor-section-height-default elementor-section-height-default\" data-id=\"b0e4ad1\" data-element_type=\"section\" data-e-type=\"section\">\n\t\t\t\t\t\t<div class=\"elementor-container elementor-column-gap-default\">\n\t\t\t\t\t<div class=\"elementor-column elementor-col-50 elementor-inner-column elementor-element elementor-element-ccb4678\" data-id=\"ccb4678\" data-element_type=\"column\" data-e-type=\"column\" data-settings=\"{&quot;background_background&quot;:&quot;classic&quot;}\">\n\t\t\t<div class=\"elementor-widget-wrap elementor-element-populated\">\n\t\t\t\t\t\t<div class=\"elementor-element elementor-element-b9f4f78 listing-heading elementor-widget elementor-widget-heading\" data-id=\"b9f4f78\" data-element_type=\"widget\" data-e-type=\"widget\" data-widget_type=\"heading.default\">\n\t\t\t\t<div class=\"elementor-widget-container\">\n\t\t\t\t\t<h3 class=\"elementor-heading-title elementor-size-default\"><a href=\"\/fr\/a-propos-de-nous\/prix-et-subventions-de-recherche\/prix-de-realisations-exceptionnelles-dans-levaluation-des-competences-cliniques\/\">Prix de r\u00e9alisations exceptionnelles dans l\u2019\u00e9valuation des comp\u00e9tences cliniques <br>D<sup>re<\/sup> Maureen Topps <i class=\"fas fa-chevron-right\" aria-hidden=\"true\"><\/i><\/a><\/h3>\t\t\t\t<\/div>\n\t\t\t\t<\/div>\n\t\t\t\t<div class=\"elementor-element elementor-element-1fd8bed elementor-widget elementor-widget-text-editor\" data-id=\"1fd8bed\" data-element_type=\"widget\" data-e-type=\"widget\" data-widget_type=\"text-editor.default\">\n\t\t\t\t<div class=\"elementor-widget-container\">\n\t\t\t\t\t\t\t\t\t<p>Ce prix est d\u00e9cern\u00e9 \u00e0 une personne ou \u00e0 un groupe qui fait preuve d\u2019excellence continue dans la recherche en soins de sant\u00e9 ou en soins de sant\u00e9 au Canada. Cette distinction prestigieuse rev\u00eat un caract\u00e8re unique puisque les candidats \u00e0 ce prix, tout autant que ses laur\u00e9ats, proviennent d\u2019une vaste gamme de disciplines en sant\u00e9.<\/p>\t\t\t\t\t\t\t\t<\/div>\n\t\t\t\t<\/div>\n\t\t\t\t\t<\/div>\n\t\t<\/div>\n\t\t\t\t<div class=\"elementor-column elementor-col-50 elementor-inner-column elementor-element elementor-element-37e3892\" data-id=\"37e3892\" data-element_type=\"column\" data-e-type=\"column\" data-settings=\"{&quot;background_background&quot;:&quot;classic&quot;}\">\n\t\t\t<div class=\"elementor-widget-wrap elementor-element-populated\">\n\t\t\t\t\t\t<div class=\"elementor-element elementor-element-2cd1440 listing-heading elementor-widget elementor-widget-heading\" data-id=\"2cd1440\" data-element_type=\"widget\" data-e-type=\"widget\" data-widget_type=\"heading.default\">\n\t\t\t\t<div class=\"elementor-widget-container\">\n\t\t\t\t\t<h3 class=\"elementor-heading-title elementor-size-default\"><a href=\"\/fr\/a-propos-de-nous\/prix-et-subventions-de-recherche\/prix-de-service-distingue-dr-louis-levasseur\/\">Prix de service distingu\u00e9 <br>D<sup>r<\/sup> Louis Levasseur <i class=\"fas fa-chevron-right\" aria-hidden=\"true\"><\/i><\/a><\/h3>\t\t\t\t<\/div>\n\t\t\t\t<\/div>\n\t\t\t\t<div class=\"elementor-element elementor-element-f824e0b elementor-widget__width-initial elementor-widget elementor-widget-text-editor\" data-id=\"f824e0b\" data-element_type=\"widget\" data-e-type=\"widget\" data-widget_type=\"text-editor.default\">\n\t\t\t\t<div class=\"elementor-widget-container\">\n\t\t\t\t\t\t\t\t\t<p>Le prix est d\u00e9cern\u00e9 chaque ann\u00e9e \u00e0 un ancien membre ou un membre actuel du conseil, \u00e0 un membre du personnel ou d\u2019un comit\u00e9 du Conseil m\u00e9dical du Canada (CMC), ou \u00e0 une personne dont la collaboration a contribu\u00e9 de fa\u00e7on extraordinaire \u00e0 l\u2019accomplissement de la vision et de la mission du CMC. Les r\u00e9alisations et les activit\u00e9s du candidat font la promotion des objectifs et principes du CMC.<\/p>\t\t\t\t\t\t\t\t<\/div>\n\t\t\t\t<\/div>\n\t\t\t\t\t<\/div>\n\t\t<\/div>\n\t\t\t\t\t<\/div>\n\t\t<\/section>\n\t\t\t\t\t<\/div>\n\t\t<\/div>\n\t\t\t\t\t<\/div>\n\t\t<\/section>\n\t\t\t\t<section class=\"elementor-section elementor-top-section elementor-element elementor-element-7d487ad elementor-section-boxed elementor-section-height-default elementor-section-height-default\" data-id=\"7d487ad\" data-element_type=\"section\" data-e-type=\"section\">\n\t\t\t\t\t\t<div class=\"elementor-container elementor-column-gap-default\">\n\t\t\t\t\t<div class=\"elementor-column elementor-col-100 elementor-top-column elementor-element elementor-element-b022d40\" data-id=\"b022d40\" data-element_type=\"column\" data-e-type=\"column\">\n\t\t\t<div class=\"elementor-widget-wrap elementor-element-populated\">\n\t\t\t\t\t\t<div class=\"elementor-element elementor-element-a68e21c elementor-widget elementor-widget-heading\" data-id=\"a68e21c\" data-element_type=\"widget\" data-e-type=\"widget\" data-widget_type=\"heading.default\">\n\t\t\t\t<div class=\"elementor-widget-container\">\n\t\t\t\t\t<h2 class=\"elementor-heading-title elementor-size-default\"><h2>Subventions de recherche<\/h2><\/h2>\t\t\t\t<\/div>\n\t\t\t\t<\/div>\n\t\t\t\t\t<\/div>\n\t\t<\/div>\n\t\t\t\t\t<\/div>\n\t\t<\/section>\n\t\t\t\t<section class=\"elementor-section elementor-top-section elementor-element elementor-element-e5cb7d4 elementor-section-boxed elementor-section-height-default elementor-section-height-default\" data-id=\"e5cb7d4\" data-element_type=\"section\" data-e-type=\"section\">\n\t\t\t\t\t\t<div class=\"elementor-container elementor-column-gap-default\">\n\t\t\t\t\t<div class=\"elementor-column elementor-col-100 elementor-top-column elementor-element elementor-element-d4a6498\" data-id=\"d4a6498\" data-element_type=\"column\" data-e-type=\"column\" data-settings=\"{&quot;background_background&quot;:&quot;classic&quot;}\">\n\t\t\t<div class=\"elementor-widget-wrap elementor-element-populated\">\n\t\t\t\t\t\t<div class=\"elementor-element elementor-element-429188e listing-heading elementor-widget elementor-widget-heading\" data-id=\"429188e\" data-element_type=\"widget\" data-e-type=\"widget\" data-widget_type=\"heading.default\">\n\t\t\t\t<div class=\"elementor-widget-container\">\n\t\t\t\t\t<h3 class=\"elementor-heading-title elementor-size-default\"><a href=\"\/fr\/a-propos-de-nous\/prix-et-subventions-de-recherche\/recherche-en-evaluation-clinique\/\">Subvention de recherche en \u00e9valuation clinique  <i class=\"fas fa-chevron-right\" aria-hidden=\"true\"><\/i><\/a><\/h3>\t\t\t\t<\/div>\n\t\t\t\t<\/div>\n\t\t\t\t<div class=\"elementor-element elementor-element-9129040 elementor-widget elementor-widget-text-editor\" data-id=\"9129040\" data-element_type=\"widget\" data-e-type=\"widget\" data-widget_type=\"text-editor.default\">\n\t\t\t\t<div class=\"elementor-widget-container\">\n\t\t\t\t\t\t\t\t\t<p>La subvention a pour but d\u2019aider les chercheurs principaux en leur fournissant les ressources financi\u00e8res n\u00e9cessaires pour mener \u00e0 bien leurs recherches, et de promouvoir la vision du CMC, c\u2019est-\u00e0-dire de veiller \u00e0 ce que les m\u00e9decins aient les comp\u00e9tences requises pour assurer la prestation de soins s\u00e9curitaires et accessibles dans tout le pays. La subvention de Recherche en \u00e9valuation clinique, qui peut atteindre 37 500 $, est une subvention annuelle pour des recherches suscit\u00e9es par la curiosit\u00e9.<\/p>\t\t\t\t\t\t\t\t<\/div>\n\t\t\t\t<\/div>\n\t\t\t\t\t<\/div>\n\t\t<\/div>\n\t\t\t\t\t<\/div>\n\t\t<\/section>\n\t\t\t\t<\/div>\n\t\t","protected":false},"excerpt":{"rendered":"<p>Prix d\u00e9cern\u00e9s aux apprenants Prix du leadership en responsabilit\u00e9 sociale Dr M. Ian Bowmer Dans l\u2019esprit du travail de d\u00e9fense des droits du Dr\u00a0Bowmer, ce prix est remis \u00e0 un \u00e9tudiant en m\u00e9decine et \u00e0 un r\u00e9sident ayant fait preuve de leadership en mati\u00e8re de responsabilit\u00e9 sociale au sein des facult\u00e9s de m\u00e9decine du Canada. [&hellip;]<\/p>\n","protected":false},"author":13,"featured_media":0,"parent":10160,"menu_order":35,"comment_status":"closed","ping_status":"closed","template":"","meta":{"_acf_changed":false,"content-type":"","_relevanssi_hide_post":"","_relevanssi_hide_content":"","_relevanssi_pin_for_all":"","_relevanssi_pin_keywords":"","_relevanssi_unpin_keywords":"","_relevanssi_related_keywords":"","_relevanssi_related_include_ids":"","_relevanssi_related_exclude_ids":"","_relevanssi_related_no_append":"","_relevanssi_related_not_related":"","_relevanssi_related_posts":"3897","_relevanssi_noindex_reason":"","footnotes":""},"class_list":["post-12820","page","type-page","status-publish","hentry"],"acf":{"inherit_intro_image":true,"page_intro_text":"\u00c0 l\u2019appui et en reconnaissance des contributions dans le domaine de l\u2019\u00e9ducation m\u00e9dicale et l\u2019\u00e9valuation des comp\u00e9tences cliniques. ","page_intro_image":{"ID":14060,"id":14060,"title":"Image de la banni\u00e8re des prix","filename":"Awards-banner-image-1200x600-2.jpg","filesize":59583,"url":"https:\/\/mcc.ca\/wp-content\/uploads\/Awards-banner-image-1200x600-2.jpg","link":"https:\/\/mcc.ca\/fr\/a-propos-de-nous\/prix-et-subventions-de-recherche\/customer-service-executives-working-8\/","alt":"","author":"26","description":"","caption":"","name":"customer-service-executives-working-8","status":"inherit","uploaded_to":12820,"date":"2024-01-10 14:28:32","modified":"2024-01-26 18:52:26","menu_order":0,"mime_type":"image\/jpeg","type":"image","subtype":"jpeg","icon":"https:\/\/mcc.ca\/wp-includes\/images\/media\/default.png","width":1200,"height":600,"sizes":{"thumbnail":"https:\/\/mcc.ca\/wp-content\/uploads\/Awards-banner-image-1200x600-2-150x150.jpg","thumbnail-width":150,"thumbnail-height":150,"medium":"https:\/\/mcc.ca\/wp-content\/uploads\/Awards-banner-image-1200x600-2-300x150.jpg","medium-width":300,"medium-height":150,"medium_large":"https:\/\/mcc.ca\/wp-content\/uploads\/Awards-banner-image-1200x600-2-768x384.jpg","medium_large-width":768,"medium_large-height":384,"large":"https:\/\/mcc.ca\/wp-content\/uploads\/Awards-banner-image-1200x600-2-1024x512.jpg","large-width":800,"large-height":400,"1536x1536":"https:\/\/mcc.ca\/wp-content\/uploads\/Awards-banner-image-1200x600-2.jpg","1536x1536-width":1200,"1536x1536-height":600,"2048x2048":"https:\/\/mcc.ca\/wp-content\/uploads\/Awards-banner-image-1200x600-2.jpg","2048x2048-width":1200,"2048x2048-height":600,"gform-image-choice-sm":"https:\/\/mcc.ca\/wp-content\/uploads\/Awards-banner-image-1200x600-2.jpg","gform-image-choice-sm-width":300,"gform-image-choice-sm-height":150,"gform-image-choice-md":"https:\/\/mcc.ca\/wp-content\/uploads\/Awards-banner-image-1200x600-2.jpg","gform-image-choice-md-width":400,"gform-image-choice-md-height":200,"gform-image-choice-lg":"https:\/\/mcc.ca\/wp-content\/uploads\/Awards-banner-image-1200x600-2.jpg","gform-image-choice-lg-width":600,"gform-image-choice-lg-height":300}}},"aioseo_notices":[],"_links":{"self":[{"href":"https:\/\/mcc.ca\/fr\/wp-json\/wp\/v2\/pages\/12820","targetHints":{"allow":["GET"]}}],"collection":[{"href":"https:\/\/mcc.ca\/fr\/wp-json\/wp\/v2\/pages"}],"about":[{"href":"https:\/\/mcc.ca\/fr\/wp-json\/wp\/v2\/types\/page"}],"author":[{"embeddable":true,"href":"https:\/\/mcc.ca\/fr\/wp-json\/wp\/v2\/users\/13"}],"replies":[{"embeddable":true,"href":"https:\/\/mcc.ca\/fr\/wp-json\/wp\/v2\/comments?post=12820"}],"version-history":[{"count":0,"href":"https:\/\/mcc.ca\/fr\/wp-json\/wp\/v2\/pages\/12820\/revisions"}],"up":[{"embeddable":true,"href":"https:\/\/mcc.ca\/fr\/wp-json\/wp\/v2\/pages\/10160"}],"wp:attachment":[{"href":"https:\/\/mcc.ca\/fr\/wp-json\/wp\/v2\/media?parent=12820"}],"curies":[{"name":"wp","href":"https:\/\/api.w.org\/{rel}","templated":true}]}}