{"id":10486,"date":"2023-10-31T12:48:14","date_gmt":"2023-10-31T16:48:14","guid":{"rendered":"https:\/\/mcc2022.wpengine.com\/?page_id=10486"},"modified":"2024-01-08T11:37:47","modified_gmt":"2024-01-08T16:37:47","slug":"promoteur-de-la-sante","status":"publish","type":"page","link":"https:\/\/mcc.ca\/fr\/objectifs\/promoteur-de-la-sante\/","title":{"rendered":"Promoteur de la sant\u00e9"},"content":{"rendered":"\t\t<div data-elementor-type=\"wp-page\" data-elementor-id=\"10486\" class=\"elementor elementor-10486 elementor-10485\" data-elementor-post-type=\"page\">\n\t\t\t\t\t\t<section class=\"elementor-section elementor-top-section elementor-element elementor-element-84990ba elementor-section-boxed elementor-section-height-default elementor-section-height-default\" data-id=\"84990ba\" data-element_type=\"section\" data-e-type=\"section\">\n\t\t\t\t\t\t<div class=\"elementor-container elementor-column-gap-default\">\n\t\t\t\t\t<div class=\"elementor-column elementor-col-100 elementor-top-column elementor-element elementor-element-2cab2c8\" data-id=\"2cab2c8\" data-element_type=\"column\" data-e-type=\"column\">\n\t\t\t<div class=\"elementor-widget-wrap elementor-element-populated\">\n\t\t\t\t\t\t<div class=\"elementor-element elementor-element-cb03735 elementor-widget elementor-widget-mwpagemenu\" data-id=\"cb03735\" data-element_type=\"widget\" data-e-type=\"widget\" data-widget_type=\"mwpagemenu.default\">\n\t\t\t\t<div class=\"elementor-widget-container\">\n\t\t\t\t\t<div class=\"collapsible-menu\"><div class=\"icon-container\"><div class=\"icon\"><p>Menu de section<\/p><i class=\"menu-icon fas fa-chevron-down\"><\/i><\/div><\/div><div class=\"menu-content\"><div class=\"mw-pagemenu\"><div class=\"link-block\"><a class=\"inactive\" href=\"https:\/\/mcc.ca\/fr\/objectifs\/\"><span class=\"link-title\">Objectifs d\u2019examen du CMC<\/span><div class=\"block-border\"><\/div><\/a><\/div><div class=\"link-block\"><a class=\"inactive\" href=\"https:\/\/mcc.ca\/fr\/objectifs\/expert-medical\/\"><span class=\"link-title\">Expert m\u00e9dical<\/span><div class=\"block-border\"><\/div><\/a><\/div><div class=\"link-block\"><a class=\"inactive\" href=\"https:\/\/mcc.ca\/fr\/objectifs\/collaborateur\/\"><span class=\"link-title\">Collaborateur<\/span><div class=\"block-border\"><\/div><\/a><\/div><div class=\"link-block\"><a class=\"inactive\" href=\"https:\/\/mcc.ca\/fr\/objectifs\/communicateur\/\"><span class=\"link-title\">Communicateur<\/span><div class=\"block-border\"><\/div><\/a><\/div><div class=\"link-block\"><a class=\"active\" href=\"https:\/\/mcc.ca\/fr\/objectifs\/promoteur-de-la-sante\/\"><span class=\"link-title\">Promoteur de la sant\u00e9<\/span><div class=\"block-border\"><\/div><\/a><\/div><div class=\"link-block\"><a class=\"inactive\" href=\"https:\/\/mcc.ca\/fr\/objectifs\/leader-et-gestionnaire\/\"><span class=\"link-title\">Leader et gestionnaire<\/span><div class=\"block-border\"><\/div><\/a><\/div><div class=\"link-block\"><a class=\"inactive\" href=\"https:\/\/mcc.ca\/fr\/objectifs\/professionnel\/\"><span class=\"link-title\">Professionnel<\/span><div class=\"block-border\"><\/div><\/a><\/div><div class=\"link-block\"><a class=\"inactive\" href=\"https:\/\/mcc.ca\/fr\/objectifs\/erudit\/\"><span class=\"link-title\">\u00c9rudit<\/span><div class=\"block-border\"><\/div><\/a><\/div><\/div><\/div><\/div>\t\t\t\t<\/div>\n\t\t\t\t<\/div>\n\t\t\t\t<div class=\"elementor-element elementor-element-09e37f8 elementor-widget elementor-widget-text-editor\" data-id=\"09e37f8\" data-element_type=\"widget\" data-e-type=\"widget\" data-widget_type=\"text-editor.default\">\n\t\t\t\t<div class=\"elementor-widget-container\">\n\t\t\t\t\t\t\t\t\t<h2>Description<\/h2><p>Les m\u00e9decins jouent un r\u00f4le important dans la pr\u00e9vention des maladies ainsi que dans la protection et la promotion de la sant\u00e9 des individus, des collectivit\u00e9s et des populations qu\u2019ils servent. L\u2019objectif principal en mati\u00e8re de promotion de la sant\u00e9 est d\u2019offrir soutien et collaboration aux patients, aux collectivit\u00e9s ou \u00e0 la population concern\u00e9e. Les m\u00e9decins peuvent promouvoir la sant\u00e9 sur une base individuelle ou en \u00e9quipe. La promotion de la sant\u00e9 peut influencer les soins aux patients, la sant\u00e9 publique et les politiques en mati\u00e8re de sant\u00e9.<\/p><p>Les principes \u00e9thiques doivent \u00eatre au c\u0153ur de la promotion de la sant\u00e9 par les m\u00e9decins gr\u00e2ce \u00e0 l\u2019\u00e9tablissement d\u2019un juste \u00e9quilibre entre les besoins des patients et des collectivit\u00e9s et la r\u00e9partition \u00e9quitable des ressources limit\u00e9es en soins de sant\u00e9.<\/p><p>Pour y arriver, les m\u00e9decins doivent comprendre les d\u00e9terminants sous-jacents de la sant\u00e9 ainsi que les principes sur lesquels repose le syst\u00e8me de soins de sant\u00e9 et leurs fondements \u00e9conomiques et l\u00e9gislatifs.<\/p>\t\t\t\t\t\t\t\t<\/div>\n\t\t\t\t<\/div>\n\t\t\t\t\t<\/div>\n\t\t<\/div>\n\t\t\t\t\t<\/div>\n\t\t<\/section>\n\t\t\t\t<section class=\"elementor-section elementor-top-section elementor-element elementor-element-61ad2fe elementor-section-boxed elementor-section-height-default elementor-section-height-default\" data-id=\"61ad2fe\" data-element_type=\"section\" data-e-type=\"section\" data-settings=\"{&quot;background_background&quot;:&quot;classic&quot;}\">\n\t\t\t\t\t\t<div class=\"elementor-container elementor-column-gap-default\">\n\t\t\t\t\t<div class=\"elementor-column elementor-col-100 elementor-top-column elementor-element elementor-element-25be98b\" data-id=\"25be98b\" data-element_type=\"column\" data-e-type=\"column\">\n\t\t\t<div class=\"elementor-widget-wrap elementor-element-populated\">\n\t\t\t\t\t\t<div class=\"elementor-element elementor-element-165665e elementor-widget elementor-widget-text-editor\" data-id=\"165665e\" data-element_type=\"widget\" data-e-type=\"widget\" data-widget_type=\"text-editor.default\">\n\t\t\t\t<div class=\"elementor-widget-container\">\n\t\t\t\t\t\t\t\t\t<h2>Consid\u00e9rations contextuelles<\/h2><p>(liste non exhaustive)<\/p><ol class=\"continuousCount1\"><li>D\u00e9terminants de la sant\u00e9, notamment :<br \/><ol class=\"continuousCount2\"><li>Facteurs socio\u00e9conomiques<br \/><ol class=\"continuousCount3\"><li>Revenu<\/li><li>Statut social<\/li><li>Scolarit\u00e9 et litt\u00e9ratie<\/li><li>R\u00e9seau de soutien social<\/li><li>Oppression et discrimination (p. ex. racisme, sexisme)<\/li><\/ol><\/li><li>Facteurs physiques et environnementaux<br \/><ol class=\"continuousCount3\"><li>Emploi et conditions de travail<\/li><li>S\u00e9curit\u00e9 alimentaire<\/li><li>Logement<\/li><li>Acc\u00e8s aux soins de sant\u00e9<\/li><\/ol><\/li><li>Facteurs personnels<br \/><ol class=\"continuousCount3\"><li>Hygi\u00e8ne de vie et capacit\u00e9 d\u2019adaptation<\/li><li>Exp\u00e9riences v\u00e9cues pendant l\u2019enfance<\/li><li>Identit\u00e9 de genre<\/li><li>Patrimoine biologique et g\u00e9n\u00e9tique<\/li><\/ol><\/li><\/ol><\/li><li>Politiques gouvernementales<\/li><\/ol>\t\t\t\t\t\t\t\t<\/div>\n\t\t\t\t<\/div>\n\t\t\t\t\t<\/div>\n\t\t<\/div>\n\t\t\t\t\t<\/div>\n\t\t<\/section>\n\t\t\t\t<section class=\"elementor-section elementor-top-section elementor-element elementor-element-d06a4a5 elementor-section-boxed elementor-section-height-default elementor-section-height-default\" data-id=\"d06a4a5\" data-element_type=\"section\" data-e-type=\"section\">\n\t\t\t\t\t\t<div class=\"elementor-container elementor-column-gap-default\">\n\t\t\t\t\t<div class=\"elementor-column elementor-col-100 elementor-top-column elementor-element elementor-element-cba13e1\" data-id=\"cba13e1\" data-element_type=\"column\" data-e-type=\"column\">\n\t\t\t<div class=\"elementor-widget-wrap elementor-element-populated\">\n\t\t\t\t\t\t<div class=\"elementor-element elementor-element-2109aab elementor-widget elementor-widget-text-editor\" data-id=\"2109aab\" data-element_type=\"widget\" data-e-type=\"widget\" data-widget_type=\"text-editor.default\">\n\t\t\t\t<div class=\"elementor-widget-container\">\n\t\t\t\t\t\t\t\t\t<h2>Objectifs principaux<\/h2><p>Face aux iniquit\u00e9s en sant\u00e9 \u00e0 l\u2019\u00e9chelle des individus, de la collectivit\u00e9 ou de la population concern\u00e9e, le candidat devra<\/p><ol class=\"continuousCount1\"><li>D\u00e9terminer les facteurs sociaux et structurels ayant une incidence sur la sant\u00e9;<\/li><li>D\u00e9crire l\u2019incidence de ces facteurs;<\/li><li>Proposer des mesures d\u2019intervention visant \u00e0 combattre ce probl\u00e8me par le biais de la promotion de la sant\u00e9;<\/li><\/ol>\t\t\t\t\t\t\t\t<\/div>\n\t\t\t\t<\/div>\n\t\t\t\t\t<\/div>\n\t\t<\/div>\n\t\t\t\t\t<\/div>\n\t\t<\/section>\n\t\t\t\t<section class=\"elementor-section elementor-top-section elementor-element elementor-element-42221be elementor-section-boxed elementor-section-height-default elementor-section-height-default\" data-id=\"42221be\" data-element_type=\"section\" data-e-type=\"section\" data-settings=\"{&quot;background_background&quot;:&quot;classic&quot;}\">\n\t\t\t\t\t\t<div class=\"elementor-container elementor-column-gap-default\">\n\t\t\t\t\t<div class=\"elementor-column elementor-col-100 elementor-top-column elementor-element elementor-element-a09f82e\" data-id=\"a09f82e\" data-element_type=\"column\" data-e-type=\"column\">\n\t\t\t<div class=\"elementor-widget-wrap elementor-element-populated\">\n\t\t\t\t\t\t<div class=\"elementor-element elementor-element-b6b35ca elementor-widget elementor-widget-text-editor\" data-id=\"b6b35ca\" data-element_type=\"widget\" data-e-type=\"widget\" data-widget_type=\"text-editor.default\">\n\t\t\t\t<div class=\"elementor-widget-container\">\n\t\t\t\t\t\t\t\t\t<h2>Objectifs sp\u00e9cifiques<\/h2><p>Face aux iniquit\u00e9s en sant\u00e9 \u00e0 l\u2019\u00e9chelle des individus, de la collectivit\u00e9 ou de la population concern\u00e9e, le candidat devra<\/p><ol class=\"continuousCount1\"><li>Offrir soutien et collaboration aux patients, \u00e0 la collectivit\u00e9 ou \u00e0 la population concern\u00e9e;<\/li><li>D\u00e9terminer et d\u00e9crire l\u2019incidence des facteurs d\u00e9terminants de la sant\u00e9 dans les sph\u00e8res priv\u00e9es, professionnelles et communautaires, notamment :<br \/><ol class=\"continuousCount2\"><li>les facteurs de risque personnels, physiques et socio\u00e9conomiques sur le plan de la sant\u00e9;<\/li><li>les conflits potentiels entre l\u2019acc\u00e8s \u00e9quitable aux ressources et les aspects \u00e9thiques, m\u00e9dicol\u00e9gaux et professionnels (p. ex. gestion de ressources limit\u00e9es, contraintes \u00e9conomiques, commercialisation des soins de sant\u00e9 et progr\u00e8s scientifiques);<\/li><li>toute tendance, loi gouvernementale ou politique publique ou institutionnelle favorisant les iniquit\u00e9s \u00e0 l\u2019\u00e9chelon local, national et\/ou mondial;<\/li><li>les obstacles courants \u00e0 la sant\u00e9 des populations m\u00e9ritant l\u2019\u00e9quit\u00e9, notamment l\u2019acc\u00e8s aux soins de sant\u00e9 (p. ex. personnes handicap\u00e9es, marginalis\u00e9es ou mal desservies);<\/li><li>les obstacles \u00e0 l\u2019acc\u00e8s aux produits pharmaceutiques (p. ex. crit\u00e8res d\u2019autorisation sp\u00e9ciale, p\u00e9nuries de production, disponibilit\u00e9 limit\u00e9e);<\/li><\/ol><\/li><li>D\u00e9crire les moyens de d\u00e9fendre les int\u00e9r\u00eats des patients, des collectivit\u00e9s et des populations, dans le contexte des ressources disponibles, dans le but de surmonter les facteurs faisant obstacle \u00e0 des soins optimaux (p. ex. en travaillant avec un partenaire, d\u2019autres travailleurs de la sant\u00e9 ou avec des organismes communautaires).<\/li><\/ol>\t\t\t\t\t\t\t\t<\/div>\n\t\t\t\t<\/div>\n\t\t\t\t\t<\/div>\n\t\t<\/div>\n\t\t\t\t\t<\/div>\n\t\t<\/section>\n\t\t\t\t<\/div>\n\t\t","protected":false},"excerpt":{"rendered":"<p>Section menu Objectifs d\u2019examen du CMCMedical expertCollaborateurCommunicateurPromoteur de la Sant\u00e9Leader et GestionnaireProfessionnel\u00c9rudit Description Les m\u00e9decins jouent un r\u00f4le important dans la pr\u00e9vention des maladies ainsi que dans la protection et la promotion de la sant\u00e9 des individus, des collectivit\u00e9s et des populations qu\u2019ils servent. L\u2019objectif principal en mati\u00e8re de promotion de la sant\u00e9 est d\u2019offrir [&hellip;]<\/p>\n","protected":false},"author":13,"featured_media":0,"parent":10233,"menu_order":0,"comment_status":"closed","ping_status":"closed","template":"","meta":{"_acf_changed":false,"content-type":"","_relevanssi_hide_post":"","_relevanssi_hide_content":"","_relevanssi_pin_for_all":"","_relevanssi_pin_keywords":"","_relevanssi_unpin_keywords":"","_relevanssi_related_keywords":"","_relevanssi_related_include_ids":"","_relevanssi_related_exclude_ids":"","_relevanssi_related_no_append":"","_relevanssi_related_not_related":"","_relevanssi_related_posts":"3897","_relevanssi_noindex_reason":"","footnotes":""},"class_list":["post-10486","page","type-page","status-publish","hentry"],"acf":{"inherit_intro_image":true},"aioseo_notices":[],"_links":{"self":[{"href":"https:\/\/mcc.ca\/fr\/wp-json\/wp\/v2\/pages\/10486","targetHints":{"allow":["GET"]}}],"collection":[{"href":"https:\/\/mcc.ca\/fr\/wp-json\/wp\/v2\/pages"}],"about":[{"href":"https:\/\/mcc.ca\/fr\/wp-json\/wp\/v2\/types\/page"}],"author":[{"embeddable":true,"href":"https:\/\/mcc.ca\/fr\/wp-json\/wp\/v2\/users\/13"}],"replies":[{"embeddable":true,"href":"https:\/\/mcc.ca\/fr\/wp-json\/wp\/v2\/comments?post=10486"}],"version-history":[{"count":0,"href":"https:\/\/mcc.ca\/fr\/wp-json\/wp\/v2\/pages\/10486\/revisions"}],"up":[{"embeddable":true,"href":"https:\/\/mcc.ca\/fr\/wp-json\/wp\/v2\/pages\/10233"}],"wp:attachment":[{"href":"https:\/\/mcc.ca\/fr\/wp-json\/wp\/v2\/media?parent=10486"}],"curies":[{"name":"wp","href":"https:\/\/api.w.org\/{rel}","templated":true}]}}