{"id":10221,"date":"2023-09-26T13:16:23","date_gmt":"2023-09-26T17:16:23","guid":{"rendered":"https:\/\/mcc2022.wpengine.com\/a-propos\/comites\/test-committee-resources\/"},"modified":"2024-12-15T13:58:28","modified_gmt":"2024-12-15T18:58:28","slug":"ressources-comites-epreuves","status":"publish","type":"page","link":"https:\/\/mcc.ca\/fr\/a-propos-de-nous\/comites\/ressources-comites-epreuves\/","title":{"rendered":"Ressources pour les comit\u00e9s d&rsquo;\u00e9preuves"},"content":{"rendered":"\t\t<div data-elementor-type=\"wp-page\" data-elementor-id=\"10221\" class=\"elementor elementor-10221 elementor-10197\" data-elementor-post-type=\"page\">\n\t\t\t\t\t\t<section class=\"elementor-section elementor-top-section elementor-element elementor-element-e03e34a elementor-section-boxed elementor-section-height-default elementor-section-height-default\" data-id=\"e03e34a\" data-element_type=\"section\" data-e-type=\"section\">\n\t\t\t\t\t\t<div class=\"elementor-container elementor-column-gap-default\">\n\t\t\t\t\t<div class=\"elementor-column elementor-col-100 elementor-top-column elementor-element elementor-element-bdeffe7\" data-id=\"bdeffe7\" data-element_type=\"column\" data-e-type=\"column\">\n\t\t\t<div class=\"elementor-widget-wrap elementor-element-populated\">\n\t\t\t\t\t\t<div class=\"elementor-element elementor-element-cd24c66 elementor-widget elementor-widget-text-editor\" data-id=\"cd24c66\" data-element_type=\"widget\" data-e-type=\"widget\" data-widget_type=\"text-editor.default\">\n\t\t\t\t<div class=\"elementor-widget-container\">\n\t\t\t\t\t\t\t\t\t<h2>Guides \u00e0 l\u2019intention des membres des comit\u00e9s d\u2019\u00e9preuves<\/h2><p><span style=\"font-weight: 400;\">Ces guides pratiques d\u00e9crivent le r\u00f4le des membres des comit\u00e9s d\u2019\u00e9preuves, offrent un aper\u00e7u g\u00e9n\u00e9ral des examens du Conseil m\u00e9dical du Canada (CMC) et fournissent de l\u2019information et des ressources aux membres des comit\u00e9s d\u2019\u00e9preuves pour l\u2019\u00e9laboration de contenu. <\/span><\/p>\t\t\t\t\t\t\t\t<\/div>\n\t\t\t\t<\/div>\n\t\t\t\t<section class=\"elementor-section elementor-inner-section elementor-element elementor-element-e874ae9 elementor-section-boxed elementor-section-height-default elementor-section-height-default\" data-id=\"e874ae9\" data-element_type=\"section\" data-e-type=\"section\">\n\t\t\t\t\t\t<div class=\"elementor-container elementor-column-gap-wider\">\n\t\t\t\t\t<div class=\"elementor-column elementor-col-50 elementor-inner-column elementor-element elementor-element-5261ec0\" data-id=\"5261ec0\" data-element_type=\"column\" data-e-type=\"column\">\n\t\t\t<div class=\"elementor-widget-wrap elementor-element-populated\">\n\t\t\t\t\t\t<div class=\"elementor-element elementor-element-0e5c716 elementor-view-default elementor-widget elementor-widget-icon\" data-id=\"0e5c716\" data-element_type=\"widget\" data-e-type=\"widget\" data-widget_type=\"icon.default\">\n\t\t\t\t<div class=\"elementor-widget-container\">\n\t\t\t\t\t\t\t<div class=\"elementor-icon-wrapper\">\n\t\t\t<div class=\"elementor-icon\">\n\t\t\t<i aria-hidden=\"true\" class=\"fal fa-bookmark\"><\/i>\t\t\t<\/div>\n\t\t<\/div>\n\t\t\t\t\t\t<\/div>\n\t\t\t\t<\/div>\n\t\t\t\t<div class=\"elementor-element elementor-element-2e773ae listing-heading elementor-widget elementor-widget-heading\" data-id=\"2e773ae\" data-element_type=\"widget\" data-e-type=\"widget\" data-widget_type=\"heading.default\">\n\t\t\t\t<div class=\"elementor-widget-container\">\n\t\t\t\t\t<h3 class=\"elementor-heading-title elementor-size-default\"><a href=\"https:\/\/mcc.ca\/wp-content\/uploads\/Guidebook-for-TDM-Exam-Test-Committee-members-1.pdf\" target=\"_blank\">Guide \u00e0 l\u2019intention des membres du comit\u00e9 d\u2019\u00e9preuve de l\u2019examen li\u00e9 \u00e0 la prise de d\u00e9cisions th\u00e9rapeutiques<\/a><\/h3>\t\t\t\t<\/div>\n\t\t\t\t<\/div>\n\t\t\t\t<div class=\"elementor-element elementor-element-05414c4 listing-heading elementor-widget elementor-widget-heading\" data-id=\"05414c4\" data-element_type=\"widget\" data-e-type=\"widget\" data-widget_type=\"heading.default\">\n\t\t\t\t<div class=\"elementor-widget-container\">\n\t\t\t\t\t<h4 class=\"elementor-heading-title elementor-size-default\">(en anglais seulement)<\/h4>\t\t\t\t<\/div>\n\t\t\t\t<\/div>\n\t\t\t\t\t<\/div>\n\t\t<\/div>\n\t\t\t\t<div class=\"elementor-column elementor-col-50 elementor-inner-column elementor-element elementor-element-0b73540\" data-id=\"0b73540\" data-element_type=\"column\" data-e-type=\"column\">\n\t\t\t<div class=\"elementor-widget-wrap elementor-element-populated\">\n\t\t\t\t\t\t<div class=\"elementor-element elementor-element-3ded437 elementor-view-default elementor-widget elementor-widget-icon\" data-id=\"3ded437\" data-element_type=\"widget\" data-e-type=\"widget\" data-widget_type=\"icon.default\">\n\t\t\t\t<div class=\"elementor-widget-container\">\n\t\t\t\t\t\t\t<div class=\"elementor-icon-wrapper\">\n\t\t\t<div class=\"elementor-icon\">\n\t\t\t<i aria-hidden=\"true\" class=\"fal fa-bookmark\"><\/i>\t\t\t<\/div>\n\t\t<\/div>\n\t\t\t\t\t\t<\/div>\n\t\t\t\t<\/div>\n\t\t\t\t<div class=\"elementor-element elementor-element-0adc0a7 listing-heading elementor-widget elementor-widget-heading\" data-id=\"0adc0a7\" data-element_type=\"widget\" data-e-type=\"widget\" data-widget_type=\"heading.default\">\n\t\t\t\t<div class=\"elementor-widget-container\">\n\t\t\t\t\t<h3 class=\"elementor-heading-title elementor-size-default\"><a href=\"\/wp-content\/uploads\/Guidebook-for-NAC-Content-Authors_2023.pdf\" target=\"_blank\">Guide \u00e0 l\u2019intention des auteurs de contenu de l\u2019examen de la Collaboration nationale en mati\u00e8re d\u2019\u00e9valuation\n<\/a><\/h3>\t\t\t\t<\/div>\n\t\t\t\t<\/div>\n\t\t\t\t<div class=\"elementor-element elementor-element-0493369 listing-heading elementor-widget elementor-widget-heading\" data-id=\"0493369\" data-element_type=\"widget\" data-e-type=\"widget\" data-widget_type=\"heading.default\">\n\t\t\t\t<div class=\"elementor-widget-container\">\n\t\t\t\t\t<h4 class=\"elementor-heading-title elementor-size-default\">(en anglais seulement)<\/h4>\t\t\t\t<\/div>\n\t\t\t\t<\/div>\n\t\t\t\t\t<\/div>\n\t\t<\/div>\n\t\t\t\t\t<\/div>\n\t\t<\/section>\n\t\t\t\t\t<\/div>\n\t\t<\/div>\n\t\t\t\t\t<\/div>\n\t\t<\/section>\n\t\t\t\t<section class=\"elementor-section elementor-top-section elementor-element elementor-element-280b484 elementor-section-boxed elementor-section-height-default elementor-section-height-default\" data-id=\"280b484\" data-element_type=\"section\" data-e-type=\"section\" data-settings=\"{&quot;background_background&quot;:&quot;classic&quot;}\">\n\t\t\t\t\t\t<div class=\"elementor-container elementor-column-gap-default\">\n\t\t\t\t\t<div class=\"elementor-column elementor-col-100 elementor-top-column elementor-element elementor-element-81e7ea6\" data-id=\"81e7ea6\" data-element_type=\"column\" data-e-type=\"column\">\n\t\t\t<div class=\"elementor-widget-wrap elementor-element-populated\">\n\t\t\t\t\t\t<div class=\"elementor-element elementor-element-c314ec5 elementor-widget elementor-widget-text-editor\" data-id=\"c314ec5\" data-element_type=\"widget\" data-e-type=\"widget\" data-widget_type=\"text-editor.default\">\n\t\t\t\t<div class=\"elementor-widget-container\">\n\t\t\t\t\t\t\t\t\t<h2><span style=\"font-weight: 400;\">Ressources pour les comit\u00e9s d\u2019\u00e9preuves<\/span><\/h2><p><span style=\"font-weight: 400;\">Les comit\u00e9s d\u2019\u00e9preuves du CMC se servent aussi des ressources suivantes, portant sur les objectifs d\u2019examen, l\u2019\u00e9laboration de questions d\u2019examen, les cadres de comp\u00e9tences, ainsi que de mat\u00e9riel de r\u00e9f\u00e9rence suppl\u00e9mentaire pour cr\u00e9er et valider le contenu d\u2019examen. <\/span><\/p>\t\t\t\t\t\t\t\t<\/div>\n\t\t\t\t<\/div>\n\t\t\t\t<section class=\"elementor-section elementor-inner-section elementor-element elementor-element-3f1d49d elementor-section-boxed elementor-section-height-default elementor-section-height-default\" data-id=\"3f1d49d\" data-element_type=\"section\" data-e-type=\"section\">\n\t\t\t\t\t\t<div class=\"elementor-container elementor-column-gap-wide\">\n\t\t\t\t\t<div class=\"elementor-column elementor-col-50 elementor-inner-column elementor-element elementor-element-d5f6731\" data-id=\"d5f6731\" data-element_type=\"column\" data-e-type=\"column\">\n\t\t\t<div class=\"elementor-widget-wrap elementor-element-populated\">\n\t\t\t\t\t\t<div class=\"elementor-element elementor-element-ecc4b32 elementor-widget elementor-widget-text-editor\" data-id=\"ecc4b32\" data-element_type=\"widget\" data-e-type=\"widget\" data-widget_type=\"text-editor.default\">\n\t\t\t\t<div class=\"elementor-widget-container\">\n\t\t\t\t\t\t\t\t\t<h3>Lignes directrices pour les Objectifs du CMC\u00a0\u00a0<\/h3><p><span style=\"font-weight: 400;\">Les Objectifs du CMC d\u00e9finissent les qualit\u00e9s que devraient poss\u00e9der les dipl\u00f4m\u00e9s en m\u00e9decine qui s\u2019appr\u00eatent \u00e0 commencer leur pratique autonome sous supervision au Canada. Les objectifs s\u2019adressent aux experts m\u00e9dicaux qui cr\u00e9ent les questions d\u2019examen, aux candidats qui se pr\u00e9parent \u00e0 effectuer les examens du CMC, aux \u00e9ducateurs et aux organisations d\u2019\u00e9valuation m\u00e9dicale partout dans le monde. Les lignes directrices concernant l\u2019\u00e9tablissement des objectifs d\u2019\u00e9valuation du CMC fournissent de l\u2019information sur l\u2019\u00e9laboration d\u2019objectifs et de questions d\u2019examen.<\/span><\/p>\t\t\t\t\t\t\t\t<\/div>\n\t\t\t\t<\/div>\n\t\t\t\t<div class=\"elementor-element elementor-element-a8e6a78 elementor-widget__width-initial elementor-widget elementor-widget-button\" data-id=\"a8e6a78\" data-element_type=\"widget\" data-e-type=\"widget\" data-widget_type=\"button.default\">\n\t\t\t\t<div class=\"elementor-widget-container\">\n\t\t\t\t\t\t\t\t\t<div class=\"elementor-button-wrapper\">\n\t\t\t\t\t<a class=\"elementor-button elementor-button-link elementor-size-sm\" href=\"\/media\/Etablissement-objectifs-evaluation.pdf\">\n\t\t\t\t\t\t<span class=\"elementor-button-content-wrapper\">\n\t\t\t\t\t\t\t\t\t<span class=\"elementor-button-text\">Lignes directrices concernant l\u2019\u00e9tablissement des objectifs d\u2019\u00e9valuation du CMC<\/span>\n\t\t\t\t\t<\/span>\n\t\t\t\t\t<\/a>\n\t\t\t\t<\/div>\n\t\t\t\t\t\t\t\t<\/div>\n\t\t\t\t<\/div>\n\t\t\t\t\t<\/div>\n\t\t<\/div>\n\t\t\t\t<div class=\"elementor-column elementor-col-50 elementor-inner-column elementor-element elementor-element-09fb3c9\" data-id=\"09fb3c9\" data-element_type=\"column\" data-e-type=\"column\">\n\t\t\t<div class=\"elementor-widget-wrap elementor-element-populated\">\n\t\t\t\t\t\t<div class=\"elementor-element elementor-element-71c5729 elementor-widget elementor-widget-text-editor\" data-id=\"71c5729\" data-element_type=\"widget\" data-e-type=\"widget\" data-widget_type=\"text-editor.default\">\n\t\t\t\t<div class=\"elementor-widget-container\">\n\t\t\t\t\t\t\t\t\t<h3>Cadre des comp\u00e9tences li\u00e9es \u00e0 la s\u00e9curit\u00e9 des patients de l\u2019Institut canadien pour la s\u00e9curit\u00e9 des patients<\/h3><p><span style=\"font-weight: 400;\">La s\u00e9curit\u00e9 des patients, d\u00e9finie comme la r\u00e9duction et l\u2019att\u00e9nuation des effets des actes dangereux pos\u00e9s dans le syst\u00e8me de sant\u00e9 et l\u2019utilisation de pratiques exemplaires donnant des r\u00e9sultats optimaux, est un aspect crucial de la prestation de soins de sant\u00e9 de qualit\u00e9.<\/span><\/p><p><span style=\"font-weight: 400;\">Le Cadre des comp\u00e9tences li\u00e9es \u00e0 la s\u00e9curit\u00e9 des patients, con\u00e7u par l\u2019Institut canadien pour la s\u00e9curit\u00e9 des patients\u00a0(ICSP), fournit un cadre de six domaines essentiels d\u2019aptitudes qui sont communs \u00e0 tous les professionnels de la sant\u00e9. En contribuant \u00e0 la formation des professionnels de la sant\u00e9 en mati\u00e8re de s\u00e9curit\u00e9 des patients, les comp\u00e9tences li\u00e9es \u00e0 la s\u00e9curit\u00e9 des patients peuvent mener \u00e0 des soins de sant\u00e9 plus s\u00e9curitaires.<\/span><\/p>\t\t\t\t\t\t\t\t<\/div>\n\t\t\t\t<\/div>\n\t\t\t\t<div class=\"elementor-element elementor-element-5b5b2eb elementor-widget__width-initial elementor-widget-laptop__width-initial elementor-widget elementor-widget-button\" data-id=\"5b5b2eb\" data-element_type=\"widget\" data-e-type=\"widget\" data-widget_type=\"button.default\">\n\t\t\t\t<div class=\"elementor-widget-container\">\n\t\t\t\t\t\t\t\t\t<div class=\"elementor-button-wrapper\">\n\t\t\t\t\t<a class=\"elementor-button elementor-button-link elementor-size-sm\" href=\"https:\/\/www.healthcareexcellence.ca\/media\/3oydkq2w\/cpsi-safetycompetencies_fr_digital-final-ua.pdf\" target=\"_blank\">\n\t\t\t\t\t\t<span class=\"elementor-button-content-wrapper\">\n\t\t\t\t\t\t\t\t\t<span class=\"elementor-button-text\">Cadre des comp\u00e9tences li\u00e9es \u00e0 la s\u00e9curit\u00e9 des patients de l\u2019ICSP<\/span>\n\t\t\t\t\t<\/span>\n\t\t\t\t\t<\/a>\n\t\t\t\t<\/div>\n\t\t\t\t\t\t\t\t<\/div>\n\t\t\t\t<\/div>\n\t\t\t\t\t<\/div>\n\t\t<\/div>\n\t\t\t\t\t<\/div>\n\t\t<\/section>\n\t\t\t\t<section class=\"elementor-section elementor-inner-section elementor-element elementor-element-168127f elementor-section-boxed elementor-section-height-default elementor-section-height-default\" data-id=\"168127f\" data-element_type=\"section\" data-e-type=\"section\">\n\t\t\t\t\t\t<div class=\"elementor-container elementor-column-gap-wide\">\n\t\t\t\t\t<div class=\"elementor-column elementor-col-50 elementor-inner-column elementor-element elementor-element-3d8a9b6\" data-id=\"3d8a9b6\" data-element_type=\"column\" data-e-type=\"column\">\n\t\t\t<div class=\"elementor-widget-wrap elementor-element-populated\">\n\t\t\t\t\t\t<div class=\"elementor-element elementor-element-6c6de48 elementor-widget elementor-widget-text-editor\" data-id=\"6c6de48\" data-element_type=\"widget\" data-e-type=\"widget\" data-widget_type=\"text-editor.default\">\n\t\t\t\t<div class=\"elementor-widget-container\">\n\t\t\t\t\t\t\t\t\t<h3>Objectifs sur la sant\u00e9 des populations<\/h3><p>En ce qui concerne les objectifs sur la sant\u00e9 des populations, les comit\u00e9s d\u2019\u00e9preuves utilisent \u00e9galement deux autres ressources pour l\u2019\u00e9laboration de contenu.<\/p>\t\t\t\t\t\t\t\t<\/div>\n\t\t\t\t<\/div>\n\t\t\t\t<div class=\"elementor-element elementor-element-d1cadef elementor-widget elementor-widget-button\" data-id=\"d1cadef\" data-element_type=\"widget\" data-e-type=\"widget\" data-widget_type=\"button.default\">\n\t\t\t\t<div class=\"elementor-widget-container\">\n\t\t\t\t\t\t\t\t\t<div class=\"elementor-button-wrapper\">\n\t\t\t\t\t<a class=\"elementor-button elementor-button-link elementor-size-sm\" href=\"http:\/\/www.phac-aspc.gc.ca\/ph-sp\/docs\/charter-chartre\/index-fra.php\" target=\"_blank\">\n\t\t\t\t\t\t<span class=\"elementor-button-content-wrapper\">\n\t\t\t\t\t\t\t\t\t<span class=\"elementor-button-text\">Charte d\u2019Ottawa pour la promotion de la sant\u00e9<\/span>\n\t\t\t\t\t<\/span>\n\t\t\t\t\t<\/a>\n\t\t\t\t<\/div>\n\t\t\t\t\t\t\t\t<\/div>\n\t\t\t\t<\/div>\n\t\t\t\t<div class=\"elementor-element elementor-element-afa7d1f elementor-widget elementor-widget-text-editor\" data-id=\"afa7d1f\" data-element_type=\"widget\" data-e-type=\"widget\" data-widget_type=\"text-editor.default\">\n\t\t\t\t<div class=\"elementor-widget-container\">\n\t\t\t\t\t\t\t\t\t<p>\u00a0<\/p><p>L&rsquo; Association des facult\u00e9s de m\u00e9decine du Canada :<\/p>\t\t\t\t\t\t\t\t<\/div>\n\t\t\t\t<\/div>\n\t\t\t\t<div class=\"elementor-element elementor-element-a722703 elementor-widget elementor-widget-button\" data-id=\"a722703\" data-element_type=\"widget\" data-e-type=\"widget\" data-widget_type=\"button.default\">\n\t\t\t\t<div class=\"elementor-widget-container\">\n\t\t\t\t\t\t\t\t\t<div class=\"elementor-button-wrapper\">\n\t\t\t\t\t<a class=\"elementor-button elementor-button-link elementor-size-sm\" href=\"https:\/\/phprimer.afmc.ca\/fr\/\" target=\"_blank\">\n\t\t\t\t\t\t<span class=\"elementor-button-content-wrapper\">\n\t\t\t\t\t\t\t\t\t<span class=\"elementor-button-text\">AFMC Notions de sant\u00e9 des populations<\/span>\n\t\t\t\t\t<\/span>\n\t\t\t\t\t<\/a>\n\t\t\t\t<\/div>\n\t\t\t\t\t\t\t\t<\/div>\n\t\t\t\t<\/div>\n\t\t\t\t\t<\/div>\n\t\t<\/div>\n\t\t\t\t<div class=\"elementor-column elementor-col-50 elementor-inner-column elementor-element elementor-element-8fc43db\" data-id=\"8fc43db\" data-element_type=\"column\" data-e-type=\"column\">\n\t\t\t<div class=\"elementor-widget-wrap elementor-element-populated\">\n\t\t\t\t\t\t<div class=\"elementor-element elementor-element-7e21b93 elementor-widget elementor-widget-text-editor\" data-id=\"7e21b93\" data-element_type=\"widget\" data-e-type=\"widget\" data-widget_type=\"text-editor.default\">\n\t\t\t\t<div class=\"elementor-widget-container\">\n\t\t\t\t\t\t\t\t\t<h3>Projet sur le plan directeur des examens<\/h3><p><span style=\"font-weight: 400;\">En s\u2019assurant que l\u2019examen d\u2019aptitude du CMC refl\u00e8te le plan directeur des examens approuv\u00e9, les comit\u00e9s d\u2019\u00e9preuves joueront un r\u00f4le crucial pour que l\u2019\u00e9valuation des dipl\u00f4m\u00e9s en m\u00e9decine qui pratiquent au Canada continue de refl\u00e9ter la pratique m\u00e9dicale et les besoins en mati\u00e8re de soins de sant\u00e9 de la soci\u00e9t\u00e9 d\u2019aujourd\u2019hui. Nous avons pr\u00e9par\u00e9 des ressources qui aideront les membres des comit\u00e9s d\u2019\u00e9preuves du CMC \u00e0 comprendre leur r\u00f4le dans le cadre du nouveau plan directeur des examens et \u00e0 s\u2019en acquitter.<\/span><\/p>\t\t\t\t\t\t\t\t<\/div>\n\t\t\t\t<\/div>\n\t\t\t\t<div class=\"elementor-element elementor-element-36faa4a elementor-widget elementor-widget-button\" data-id=\"36faa4a\" data-element_type=\"widget\" data-e-type=\"widget\" data-widget_type=\"button.default\">\n\t\t\t\t<div class=\"elementor-widget-container\">\n\t\t\t\t\t\t\t\t\t<div class=\"elementor-button-wrapper\">\n\t\t\t\t\t<a class=\"elementor-button elementor-button-link elementor-size-sm\" href=\"\/wp-content\/uploads\/Plan-directeur.pdf\">\n\t\t\t\t\t\t<span class=\"elementor-button-content-wrapper\">\n\t\t\t\t\t\t\t\t\t<span class=\"elementor-button-text\">Projet sur le plan directeur des examens<\/span>\n\t\t\t\t\t<\/span>\n\t\t\t\t\t<\/a>\n\t\t\t\t<\/div>\n\t\t\t\t\t\t\t\t<\/div>\n\t\t\t\t<\/div>\n\t\t\t\t\t<\/div>\n\t\t<\/div>\n\t\t\t\t\t<\/div>\n\t\t<\/section>\n\t\t\t\t\t<\/div>\n\t\t<\/div>\n\t\t\t\t\t<\/div>\n\t\t<\/section>\n\t\t\t\t<\/div>\n\t\t","protected":false},"excerpt":{"rendered":"<p>Guides \u00e0 l\u2019intention des membres des comit\u00e9s d\u2019\u00e9preuves Ces guides pratiques d\u00e9crivent le r\u00f4le des membres des comit\u00e9s d\u2019\u00e9preuves, offrent un aper\u00e7u g\u00e9n\u00e9ral des examens du Conseil m\u00e9dical du Canada (CMC) et fournissent de l\u2019information et des ressources aux membres des comit\u00e9s d\u2019\u00e9preuves pour l\u2019\u00e9laboration de contenu. Guide \u00e0 l\u2019intention des membres du comit\u00e9 d\u2019\u00e9preuve [&hellip;]<\/p>\n","protected":false},"author":11,"featured_media":0,"parent":4713,"menu_order":25,"comment_status":"closed","ping_status":"closed","template":"","meta":{"_acf_changed":false,"content-type":"","_relevanssi_hide_post":"","_relevanssi_hide_content":"","_relevanssi_pin_for_all":"","_relevanssi_pin_keywords":"","_relevanssi_unpin_keywords":"","_relevanssi_related_keywords":"","_relevanssi_related_include_ids":"","_relevanssi_related_exclude_ids":"","_relevanssi_related_no_append":"","_relevanssi_related_not_related":"","_relevanssi_related_posts":"3895","_relevanssi_noindex_reason":"","footnotes":""},"class_list":["post-10221","page","type-page","status-publish","hentry"],"acf":{"inherit_intro_image":true,"page_intro_text":"<span style=\"font-weight: 400;\">Ressources et guides utilis\u00e9s par les membres des comit\u00e9s d\u2019\u00e9preuves du CMC afin de cr\u00e9er et de valider le contenu d\u2019examen.<\/span>"},"aioseo_notices":[],"_links":{"self":[{"href":"https:\/\/mcc.ca\/fr\/wp-json\/wp\/v2\/pages\/10221","targetHints":{"allow":["GET"]}}],"collection":[{"href":"https:\/\/mcc.ca\/fr\/wp-json\/wp\/v2\/pages"}],"about":[{"href":"https:\/\/mcc.ca\/fr\/wp-json\/wp\/v2\/types\/page"}],"author":[{"embeddable":true,"href":"https:\/\/mcc.ca\/fr\/wp-json\/wp\/v2\/users\/11"}],"replies":[{"embeddable":true,"href":"https:\/\/mcc.ca\/fr\/wp-json\/wp\/v2\/comments?post=10221"}],"version-history":[{"count":0,"href":"https:\/\/mcc.ca\/fr\/wp-json\/wp\/v2\/pages\/10221\/revisions"}],"up":[{"embeddable":true,"href":"https:\/\/mcc.ca\/fr\/wp-json\/wp\/v2\/pages\/4713"}],"wp:attachment":[{"href":"https:\/\/mcc.ca\/fr\/wp-json\/wp\/v2\/media?parent=10221"}],"curies":[{"name":"wp","href":"https:\/\/api.w.org\/{rel}","templated":true}]}}